{"id":7492,"date":"2024-04-24T13:53:38","date_gmt":"2024-04-24T13:53:38","guid":{"rendered":"https:\/\/www.therapmedic.com\/product\/plasma-platform-cold-plasma-and-fractional-plasma-technlology\/"},"modified":"2026-04-30T17:05:11","modified_gmt":"2026-04-30T17:05:11","slug":"plasma-platform-cold-plasma-and-fractional-plasma-technlology","status":"publish","type":"product","link":"https:\/\/www.therapmedic.com\/es\/producto\/plasma-platform-cold-plasma-and-fractional-plasma-technlology\/","title":{"rendered":"Plataforma de Plasma (Tecnologia de Plasma Frio y Plasma Fraccionado)"},"content":{"rendered":"<p>El plasma es uno de los cuatro estados fundamentales de la materia, cuyo car\u00e1cter es alta temperatura, alta conductividad y alta actividad. Este equipo es el primer equipo de plasma fraccionado, que supone un m\u00e9todo revolucionario para un perfecto rejuvenecimiento facial y corporal.<\/p>\n<p>Principio de funcionamiento<br \/>\nDe forma controlable, la columna de plasma en forma de aguja se libera a la piel de forma fraccionada y punto por punto. El principio es ionizar el gas en el aire para crear arcos el\u00e9ctricos m\u00e1s peque\u00f1os, los tejidos se tratan para \u201csublimarlos\u201d y evitar la propagaci\u00f3n de calor no deseado a las zonas circundantes. El calor se expande y posteriormente se transfiere a la epidermis hasta la capa papilar que contiene c\u00e9lulas de fibroblastos. El resultado es la contracci\u00f3n y tensado de las c\u00e9lulas de la piel, provocando en la piel una remodelaci\u00f3n y mejora de diversos signos de envejecimiento, cicatrices, etc.<\/p>\n<p>Tenga en cuenta que este equipo no est\u00e1 en stock y tenemos que pedirlo. Suele tardar unos 15 d\u00edas en llegar a su destino. Para m\u00e1s informaci\u00f3n ll\u00e1manos a nuestro whatsapp. \u00a1Gracias!<\/p>\n","protected":false},"excerpt":{"rendered":"<p>El plasma es uno de los cuatro estados fundamentales de la materia, cuyo car\u00e1cter es alta temperatura, alta conductividad y alta actividad. Este equipo es el primer equipo de plasma fraccionado, que supone un m\u00e9todo revolucionario para un perfecto rejuvenecimiento facial y corporal. Principio de funcionamiento De forma controlable, la columna de plasma en forma [&hellip;]<\/p>\n","protected":false},"featured_media":7226,"template":"","meta":[],"product_brand":[],"product_cat":[1466,1467,1468,1469,1470,926,1471,1025,1065,1097,1102,1104,1108,1130,1132,1142,1158],"product_tag":[],"class_list":{"0":"post-7492","1":"product","2":"type-product","3":"status-publish","4":"has-post-thumbnail","6":"product_cat-scars-body-es","7":"product_cat-scars-es","8":"product_cat-polyp-es","9":"product_cat-warts-es","10":"product_cat-moles-es","11":"product_cat-equipos","12":"product_cat-plasma-es","13":"product_cat-areas-de-tratamientos-vs-produtos-tratamentos-con-equipos","14":"product_cat-estrias-es","15":"product_cat-rostro","16":"product_cat-piel-enviejecida","17":"product_cat-bolsas-en-los-ojos","18":"product_cat-rejuvenescimiento-facial-completo","19":"product_cat-poca-elasticidad-es-2","20":"product_cat-melasmas-manchas-marrones-hiperpigmentacion","21":"product_cat-piel-flacida-es-3","22":"product_cat-arrugas-al-redor-de-los-ojos","24":"first","25":"instock","26":"taxable","27":"shipping-taxable","28":"purchasable","29":"product-type-simple"},"acf":{"short_name":"","display":[],"display_equipment_products":[],"short_name_equipment_products":"","confidential_information":{"text_block":false,"download_file":false}},"_links":{"self":[{"href":"https:\/\/www.therapmedic.com\/es\/wp-json\/wp\/v2\/product\/7492","targetHints":{"allow":["GET"]}}],"collection":[{"href":"https:\/\/www.therapmedic.com\/es\/wp-json\/wp\/v2\/product"}],"about":[{"href":"https:\/\/www.therapmedic.com\/es\/wp-json\/wp\/v2\/types\/product"}],"wp:featuredmedia":[{"embeddable":true,"href":"https:\/\/www.therapmedic.com\/es\/wp-json\/wp\/v2\/media\/7226"}],"wp:attachment":[{"href":"https:\/\/www.therapmedic.com\/es\/wp-json\/wp\/v2\/media?parent=7492"}],"wp:term":[{"taxonomy":"product_brand","embeddable":true,"href":"https:\/\/www.therapmedic.com\/es\/wp-json\/wp\/v2\/product_brand?post=7492"},{"taxonomy":"product_cat","embeddable":true,"href":"https:\/\/www.therapmedic.com\/es\/wp-json\/wp\/v2\/product_cat?post=7492"},{"taxonomy":"product_tag","embeddable":true,"href":"https:\/\/www.therapmedic.com\/es\/wp-json\/wp\/v2\/product_tag?post=7492"}],"curies":[{"name":"wp","href":"https:\/\/api.w.org\/{rel}","templated":true}]}}