{"id":7033,"date":"2024-04-18T18:29:32","date_gmt":"2024-04-18T18:29:32","guid":{"rendered":"https:\/\/www.therapmedic.com\/product\/next-generation-ipl-k2-with-dpl-technology\/"},"modified":"2024-04-19T12:06:58","modified_gmt":"2024-04-19T12:06:58","slug":"next-generation-ipl-k2-with-dpl-technology","status":"publish","type":"product","link":"https:\/\/www.therapmedic.com\/es\/producto\/next-generation-ipl-k2-with-dpl-technology\/","title":{"rendered":"IPL &#8211; K2 con Tecnologia DPL &#8211; Ultima generaci\u00f3n"},"content":{"rendered":"<p>\u00daltima generaci\u00f3n de IPL &#8211; IPL &#8211; K2 &#8211; Cuando el dise\u00f1o y la tecnolog\u00eda se encuentran<\/p>\n<p>La luz pulsada intensa (IPL) describe el uso de pulsos de luz intensos no coherentes distribuidos en un rango de longitud de onda de 400 nm a 1200 nm. La tecnolog\u00eda utiliza pistas de longitud de onda espec\u00edficas para alcanzar m\u00faltiples crom\u00f3foros en la piel. Esto permite un tratamiento efectivo de un amplio espectro de afecciones, incluidas lesiones vasculares y pigmentos, tratamientos envejecidos para fotos de la piel y depilaci\u00f3n no deseada.<br \/>\nEste equipo ofrece una soluci\u00f3n \u00fanica con eficiencia, seguridad y facilidad de operaci\u00f3n ideal.<br \/>\n* Nuevos filtros de tecnolog\u00eda de luz de espectro estrecho (DPL) que proporcionan excelentes resultados, tratamientos m\u00e1s seguros, m\u00e1s r\u00e1pidos y c\u00f3modos.<br \/>\n* El mango de mano universal con once filtros, incluidos dos filtros DPL, permite una gran cantidad de condiciones con un solo mango de mano, vers\u00e1til y extremadamente rentable para usted<\/p>\n","protected":false},"excerpt":{"rendered":"<p>\u00daltima generaci\u00f3n de IPL &#8211; IPL &#8211; K2 &#8211; Cuando el dise\u00f1o y la tecnolog\u00eda se encuentran La luz pulsada intensa (IPL) describe el uso de pulsos de luz intensos no coherentes distribuidos en un rango de longitud de onda de 400 nm a 1200 nm. La tecnolog\u00eda utiliza pistas de longitud de onda espec\u00edficas [&hellip;]<\/p>\n","protected":false},"featured_media":7007,"template":"","meta":[],"product_brand":[],"product_cat":[1102,1178,1244,926,1114,1196,1248,931,1120,1202,1250,1025,1124,1204,1252,1027,1130,1208,1258,1029,1132,1210,1264,1035,1134,1214,1278,1037,1136,1220,1041,1142,1224,1055,1152,1226,1069,1158,1228,1085,1160,1230,1091,1162,1232,1093,1164,1234,1097,1166,1236,1098,1172,1242],"product_tag":[],"class_list":{"0":"post-7033","1":"product","2":"type-product","3":"status-publish","4":"has-post-thumbnail","6":"product_cat-piel-enviejecida","7":"product_cat-arrugas","8":"product_cat-peil-flacida","9":"product_cat-equipos","10":"product_cat-diferentes-tonos-de-piel-es","11":"product_cat-areas-intimas-es-2","12":"product_cat-arrugas-es","13":"product_cat-ipl-es","14":"product_cat-piel-opaca-sin-brillo","15":"product_cat-hiper-pigmentacion","16":"product_cat-escote","17":"product_cat-areas-de-tratamientos-vs-produtos-tratamentos-con-equipos","18":"product_cat-arrugas-en-la-frente","19":"product_cat-rejuvenescimiento-y-blanqueamiento-de-lapiel-en-zonas-delicadas","20":"product_cat-piel-enviejecida-es-3","21":"product_cat-brazos","22":"product_cat-poca-elasticidad-es-2","23":"product_cat-rodillas","24":"product_cat-melasmas-manchas-castanhas-es-2","25":"product_cat-pele-envelhecida-es","26":"product_cat-melasmas-manchas-marrones-hiperpigmentacion","27":"product_cat-rejuvenescimiento-y-blanqueamiento-de-la-piel-en-zonas-delicadas","28":"product_cat-arrugas-es-2","29":"product_cat-poca-elasticidad","30":"product_cat-p","31":"product_cat-piernas","32":"product_cat-general-productos-equipos","33":"product_cat-melasmas-manchas-marrones","34":"product_cat-poros-abiertos","35":"product_cat-melasmas-manchas-marrones-es-3","36":"product_cat-cuerpo","37":"product_cat-piel-flacida-es-3","38":"product_cat-aranas-vasculares","39":"product_cat-melasmas-manchas-marrones-es","40":"product_cat-depilacion-de-pelos-no-deseados","41":"product_cat-cabello-no-deseado","42":"product_cat-gluteos-es","43":"product_cat-arrugas-al-redor-de-los-ojos","44":"product_cat-venas-varicosas","45":"product_cat-melasmas-manchas-castanhas-es","46":"product_cat-pies","47":"product_cat-unas","48":"product_cat-codos","49":"product_cat-hongos","50":"product_cat-hongos-es","51":"product_cat-rejuvenescimiento-y-branqueamiento-de-la-piel-de-zonas-delicadas","52":"product_cat-manos-es","53":"product_cat-cuello","54":"product_cat-rostro","55":"product_cat-piel-enviejecida-es","56":"product_cat-piel-enviejecida-es-2","57":"product_cat-acne-es","58":"product_cat-melasmas-manchas-marrones-es-2","59":"product_cat-melasmas-manchas-marrones-es-4","61":"first","62":"instock","63":"taxable","64":"shipping-taxable","65":"purchasable","66":"product-type-simple"},"acf":{"short_name":"","display":[],"display_equipment_products":[],"short_name_equipment_products":"","confidential_information":{"text_block":false,"download_file":false}},"_links":{"self":[{"href":"https:\/\/www.therapmedic.com\/es\/wp-json\/wp\/v2\/product\/7033","targetHints":{"allow":["GET"]}}],"collection":[{"href":"https:\/\/www.therapmedic.com\/es\/wp-json\/wp\/v2\/product"}],"about":[{"href":"https:\/\/www.therapmedic.com\/es\/wp-json\/wp\/v2\/types\/product"}],"wp:featuredmedia":[{"embeddable":true,"href":"https:\/\/www.therapmedic.com\/es\/wp-json\/wp\/v2\/media\/7007"}],"wp:attachment":[{"href":"https:\/\/www.therapmedic.com\/es\/wp-json\/wp\/v2\/media?parent=7033"}],"wp:term":[{"taxonomy":"product_brand","embeddable":true,"href":"https:\/\/www.therapmedic.com\/es\/wp-json\/wp\/v2\/product_brand?post=7033"},{"taxonomy":"product_cat","embeddable":true,"href":"https:\/\/www.therapmedic.com\/es\/wp-json\/wp\/v2\/product_cat?post=7033"},{"taxonomy":"product_tag","embeddable":true,"href":"https:\/\/www.therapmedic.com\/es\/wp-json\/wp\/v2\/product_tag?post=7033"}],"curies":[{"name":"wp","href":"https:\/\/api.w.org\/{rel}","templated":true}]}}