{"id":6931,"date":"2024-04-18T14:50:16","date_gmt":"2024-04-18T14:50:16","guid":{"rendered":"https:\/\/www.therapmedic.com\/product\/laser-q-switched-ndyag-k6\/"},"modified":"2024-04-18T17:11:05","modified_gmt":"2024-04-18T17:11:05","slug":"laser-q-switched-ndyag-k6","status":"publish","type":"product","link":"https:\/\/www.therapmedic.com\/es\/producto\/laser-q-switched-ndyag-k6\/","title":{"rendered":"Laser Q-Switched ND:YAG &#8211; K6"},"content":{"rendered":"<p>El Q-Swittched ND:YAG es un tipo de l\u00e1ser utilizado en procedimientos m\u00e9dicos y est\u00e9ticos que genera pulsos muy ultracortos (nanosegundos 10 ^ -9)) y de alta intensidad de alta potencia m\u00e1xima para apuntar selectivamente a las lesiones pigmentarias y la tinta de los tatuajes sin da\u00f1ar el tejido circundante, t\u00edpicamente en longitudes de onda de 532 nm y 2064 nm<br \/>\nEl l\u00e1ser funciona energizando un cristal con una l\u00e1mpara de destello o un diodo, emitiendo longitudes de onda de luz espec\u00edficas. Este rayo l\u00e1ser enfocado calienta y descompone el tejido objetivo, liberando pigmentos y sustancias que el cuerpo elimina de forma natural.<\/p>\n","protected":false},"excerpt":{"rendered":"<p>El Q-Swittched ND:YAG es un tipo de l\u00e1ser utilizado en procedimientos m\u00e9dicos y est\u00e9ticos que genera pulsos muy ultracortos (nanosegundos 10 ^ -9)) y de alta intensidad de alta potencia m\u00e1xima para apuntar selectivamente a las lesiones pigmentarias y la tinta de los tatuajes sin da\u00f1ar el tejido circundante, t\u00edpicamente en longitudes de onda de [&hellip;]<\/p>\n","protected":false},"featured_media":6928,"template":"","meta":[],"product_brand":[],"product_cat":[1041,1242,1055,1250,1069,1258,1085,1278,1097,1380,1098,1433,1102,1434,1108,1132,1164,1172,1196,926,1202,1025,1214,1027,1220,1037,1234],"product_tag":[],"class_list":{"0":"post-6931","1":"product","2":"type-product","3":"status-publish","4":"has-post-thumbnail","6":"product_cat-cuerpo","7":"product_cat-melasmas-manchas-marrones-es-4","8":"product_cat-melasmas-manchas-marrones-es","9":"product_cat-escote","10":"product_cat-gluteos-es","11":"product_cat-melasmas-manchas-castanhas-es-2","12":"product_cat-melasmas-manchas-castanhas-es","13":"product_cat-general-productos-equipos","14":"product_cat-rostro","15":"product_cat-tatuajes","16":"product_cat-acne-es","17":"product_cat-q-switched-ngyag-es","18":"product_cat-piel-enviejecida","19":"product_cat-q-switched-ndyag","20":"product_cat-rejuvenescimiento-facial-completo","21":"product_cat-melasmas-manchas-marrones-hiperpigmentacion","22":"product_cat-manos-es","23":"product_cat-melasmas-manchas-marrones-es-2","24":"product_cat-areas-intimas-es-2","25":"product_cat-equipos","26":"product_cat-hiper-pigmentacion","27":"product_cat-areas-de-tratamientos-vs-produtos-tratamentos-con-equipos","28":"product_cat-piernas","29":"product_cat-brazos","30":"product_cat-melasmas-manchas-marrones-es-3","31":"product_cat-melasmas-manchas-marrones","32":"product_cat-cuello","34":"first","35":"instock","36":"taxable","37":"shipping-taxable","38":"purchasable","39":"product-type-simple"},"acf":{"short_name":"","display":[],"display_equipment_products":[],"short_name_equipment_products":"","confidential_information":{"text_block":false,"download_file":false}},"_links":{"self":[{"href":"https:\/\/www.therapmedic.com\/es\/wp-json\/wp\/v2\/product\/6931","targetHints":{"allow":["GET"]}}],"collection":[{"href":"https:\/\/www.therapmedic.com\/es\/wp-json\/wp\/v2\/product"}],"about":[{"href":"https:\/\/www.therapmedic.com\/es\/wp-json\/wp\/v2\/types\/product"}],"wp:featuredmedia":[{"embeddable":true,"href":"https:\/\/www.therapmedic.com\/es\/wp-json\/wp\/v2\/media\/6928"}],"wp:attachment":[{"href":"https:\/\/www.therapmedic.com\/es\/wp-json\/wp\/v2\/media?parent=6931"}],"wp:term":[{"taxonomy":"product_brand","embeddable":true,"href":"https:\/\/www.therapmedic.com\/es\/wp-json\/wp\/v2\/product_brand?post=6931"},{"taxonomy":"product_cat","embeddable":true,"href":"https:\/\/www.therapmedic.com\/es\/wp-json\/wp\/v2\/product_cat?post=6931"},{"taxonomy":"product_tag","embeddable":true,"href":"https:\/\/www.therapmedic.com\/es\/wp-json\/wp\/v2\/product_tag?post=6931"}],"curies":[{"name":"wp","href":"https:\/\/api.w.org\/{rel}","templated":true}]}}