{"id":6476,"date":"2023-06-12T15:24:12","date_gmt":"2023-06-12T15:24:12","guid":{"rendered":"https:\/\/www.therapmedic.com\/product\/genital-intimate-peel\/"},"modified":"2024-01-01T00:00:09","modified_gmt":"2024-01-01T00:00:09","slug":"genital-intimate-peel","status":"publish","type":"product","link":"https:\/\/www.therapmedic.com\/es\/producto\/genital-intimate-peel\/","title":{"rendered":"Genital Intimate Peel"},"content":{"rendered":"<p><strong>Genital Intimate Solution<\/strong>\u00a0 es un peeling especial para la zona genital externa.<\/p>\n<p>Este producto especial est\u00e1 dise\u00f1ado para cuidar una de las partes de nuestra piel m\u00e1s maltratadas: la zona genital externa.<\/p>\n<p>Presentaci\u00f3n: botella de 30 ml<\/p>\n<p>El precio mostrado es por botella.<\/p>\n","protected":false},"excerpt":{"rendered":"<p>Genital Intimate Solution\u00a0 es un peeling especial para la zona genital externa. Este producto especial est\u00e1 dise\u00f1ado para cuidar una de las partes de nuestra piel m\u00e1s maltratadas: la zona genital externa. Presentaci\u00f3n: botella de 30 ml El precio mostrado es por botella.<\/p>\n","protected":false},"featured_media":0,"template":"","meta":[],"product_brand":[],"product_cat":[1206,1278,998,1000,1002,1004,1006,1009,1011,1025,1196,1198,1200,1202,1204],"product_tag":[],"class_list":{"0":"post-6476","1":"product","2":"type-product","3":"status-publish","5":"product_cat-blanqueamiento-es","6":"product_cat-general-productos-equipos","7":"product_cat-areas-intimas-es","8":"product_cat-peelings-de-areas-intimas-es","9":"product_cat-exfoliacion-de-celulas-muertas-en-zonas-delicadas","10":"product_cat-hiperpigmentacion","11":"product_cat-rejuvenescimiento-y-blanqueo-de-la-piel-en-zonas-delicadas","12":"product_cat-blanqueo","13":"product_cat-blanqueamiento-de-areas-genitales","14":"product_cat-areas-de-tratamientos-vs-produtos-tratamentos-con-equipos","15":"product_cat-areas-intimas-es-2","16":"product_cat-exfoliacion-de-celulas-muertas-en-zonas-delicadas-es","17":"product_cat-area-genital-es","18":"product_cat-hiper-pigmentacion","19":"product_cat-rejuvenescimiento-y-blanqueamiento-de-lapiel-en-zonas-delicadas","21":"first","22":"instock","23":"taxable","24":"shipping-taxable","25":"purchasable","26":"product-type-simple"},"acf":{"short_name":"","display":[],"display_equipment_products":[],"short_name_equipment_products":"","confidential_information":{"text_block":false,"download_file":false}},"_links":{"self":[{"href":"https:\/\/www.therapmedic.com\/es\/wp-json\/wp\/v2\/product\/6476","targetHints":{"allow":["GET"]}}],"collection":[{"href":"https:\/\/www.therapmedic.com\/es\/wp-json\/wp\/v2\/product"}],"about":[{"href":"https:\/\/www.therapmedic.com\/es\/wp-json\/wp\/v2\/types\/product"}],"wp:attachment":[{"href":"https:\/\/www.therapmedic.com\/es\/wp-json\/wp\/v2\/media?parent=6476"}],"wp:term":[{"taxonomy":"product_brand","embeddable":true,"href":"https:\/\/www.therapmedic.com\/es\/wp-json\/wp\/v2\/product_brand?post=6476"},{"taxonomy":"product_cat","embeddable":true,"href":"https:\/\/www.therapmedic.com\/es\/wp-json\/wp\/v2\/product_cat?post=6476"},{"taxonomy":"product_tag","embeddable":true,"href":"https:\/\/www.therapmedic.com\/es\/wp-json\/wp\/v2\/product_tag?post=6476"}],"curies":[{"name":"wp","href":"https:\/\/api.w.org\/{rel}","templated":true}]}}