{"id":3505,"date":"2022-12-16T14:19:49","date_gmt":"2022-12-16T14:19:49","guid":{"rendered":"https:\/\/www.therapmedic.com\/product\/active-body-shape-rf-311-com-micro-agulhas-com-rf-fracionada\/"},"modified":"2024-01-01T00:00:28","modified_gmt":"2024-01-01T00:00:28","slug":"active-body-shape-rf-311-com-micro-agulhas-com-rf-fracionada","status":"publish","type":"product","link":"https:\/\/www.therapmedic.com\/es\/producto\/active-body-shape-rf-311-com-micro-agulhas-com-rf-fracionada\/","title":{"rendered":"Active Body Shape RF 311 con microagujas de RF fraccional"},"content":{"rendered":"<p id=\"tw-target-text\" class=\"tw-data-text tw-text-large tw-ta\" dir=\"ltr\" data-placeholder=\"Tradu\u00e7\u00e3o\"><span class=\"Y2IQFc\" lang=\"es\"><strong>Active Body Shape 311 RF<\/strong> \u2013 para contorno facial y corporal<\/span><\/p>\n<p>Body Shape &#8211; RF Quadro-Polar es un dispositivo innovador utilizado para una variedad de tratamientos de revitalizaci\u00f3n corporal que ayudan al paciente a recuperar una forma corporal m\u00e1s juvenil como tratamiento complementario para la obesidad. Se utiliza para el contorno corporal, estiramiento y estiramiento de la piel, reducci\u00f3n de la celulitis y rejuvenecimiento de la piel. Todos contribuyen a una mejor apariencia y sensaci\u00f3n del paciente.<\/p>\n<p>El Active Body Shape 311 permite total seguridad para el paciente y el operador ya que cuenta con sistemas de seguridad que previenen cualquier tipo de quemadura. La preprogramaci\u00f3n del equipo basada en estudios de m\u00e1s de 200.000 personas permite el tratamiento correcto y seguro del paciente.<\/p>\n<p>Sus microagujas con Radiofrecuencia fraccionada permiten aumentar significativamente el resultado de cualquier mesoterapia que se quiera aplicar al paciente.<\/p>\n<p>Tecnolog\u00eda israel\u00ed con m\u00e1s de 40 a\u00f1os de experiencia en el mercado y \u00e9xito comprobado en los mercados m\u00e1s exigentes del mundo.<\/p>\n","protected":false},"excerpt":{"rendered":"<p>Active Body Shape 311 RF \u2013 para contorno facial y corporal Body Shape &#8211; RF Quadro-Polar es un dispositivo innovador utilizado para una variedad de tratamientos de revitalizaci\u00f3n corporal que ayudan al paciente a recuperar una forma corporal m\u00e1s juvenil como tratamiento complementario para la obesidad. Se utiliza para el contorno corporal, estiramiento y estiramiento [&hellip;]<\/p>\n","protected":false},"featured_media":9109,"template":"","meta":[],"product_brand":[],"product_cat":[1069,1140,1244,1071,1142,1248,926,1075,1154,1250,941,1077,1156,1252,1025,1081,1164,1256,1027,1083,1166,1260,1029,1087,1170,1264,1031,1097,1174,1278,1033,1102,1178,1035,1108,1214,1039,1112,1216,1041,1116,1218,1043,1122,1222,1051,1124,1234,1059,1128,1236,1063,1130,1240],"product_tag":[],"class_list":{"0":"post-3505","1":"product","2":"type-product","3":"status-publish","4":"has-post-thumbnail","6":"product_cat-gluteos-es","7":"product_cat-piel-aspera-es","8":"product_cat-peil-flacida","9":"product_cat-adiposidad-en-los-gluteos","10":"product_cat-piel-flacida-es-3","11":"product_cat-arrugas-es","12":"product_cat-equipos","13":"product_cat-tonificacion-de-los-gluteos","14":"product_cat-labios-arrugados","15":"product_cat-escote","16":"product_cat-radiofrecuencia","17":"product_cat-celulite-es","18":"product_cat-arrugas-por-encima-del-labio-superior-codigo-de-barras","19":"product_cat-piel-enviejecida-es-3","20":"product_cat-areas-de-tratamientos-vs-produtos-tratamentos-con-equipos","21":"product_cat-gluteos-flacidos-y-caidos","22":"product_cat-manos-es","23":"product_cat-poca-elasticidad-es-5","24":"product_cat-brazos","25":"product_cat-poca-elasticidad-es","26":"product_cat-piel-enviejecida-es","27":"product_cat-piel-flacida-es-6","28":"product_cat-pele-envelhecida-es","29":"product_cat-piel-flacida-es-2","30":"product_cat-poca-elasticidad-es-3","31":"product_cat-arrugas-es-2","32":"product_cat-celulitis","33":"product_cat-rostro","34":"product_cat-piel-flacida-es-4","35":"product_cat-general-productos-equipos","36":"product_cat-diposidad-en-los-antebrazos","37":"product_cat-piel-enviejecida","38":"product_cat-arrugas","39":"product_cat-poca-elasticidad","40":"product_cat-rejuvenescimiento-facial-completo","41":"product_cat-piernas","42":"product_cat-piel-flacida","43":"product_cat-arrugas-profundas","44":"product_cat-adiposidad-entre-las-piernas","45":"product_cat-cuerpo","46":"product_cat-papada","47":"product_cat-celulite-es-2","48":"product_cat-celulitis-es","49":"product_cat-estiramiento-de-la-piel-del-rostro-lifting-facial","50":"product_cat-piel-flacida-es-5","51":"product_cat-adiposidad-localizada","52":"product_cat-arrugas-en-la-frente","53":"product_cat-cuello","54":"product_cat-remodelacion-de-la-silueta","55":"product_cat-mejora-del-contorno-facial","56":"product_cat-piel-enviejecida-es-2","57":"product_cat-piel-flacida-es","58":"product_cat-poca-elasticidad-es-2","59":"product_cat-poca-elasticidad-es-4","61":"first","62":"instock","63":"taxable","64":"shipping-taxable","65":"purchasable","66":"product-type-simple"},"acf":{"display":[],"short_name":"","display_equipment_products":[],"short_name_equipment_products":"","confidential_information":{"text_block":false,"download_file":false}},"_links":{"self":[{"href":"https:\/\/www.therapmedic.com\/es\/wp-json\/wp\/v2\/product\/3505","targetHints":{"allow":["GET"]}}],"collection":[{"href":"https:\/\/www.therapmedic.com\/es\/wp-json\/wp\/v2\/product"}],"about":[{"href":"https:\/\/www.therapmedic.com\/es\/wp-json\/wp\/v2\/types\/product"}],"wp:featuredmedia":[{"embeddable":true,"href":"https:\/\/www.therapmedic.com\/es\/wp-json\/wp\/v2\/media\/9109"}],"wp:attachment":[{"href":"https:\/\/www.therapmedic.com\/es\/wp-json\/wp\/v2\/media?parent=3505"}],"wp:term":[{"taxonomy":"product_brand","embeddable":true,"href":"https:\/\/www.therapmedic.com\/es\/wp-json\/wp\/v2\/product_brand?post=3505"},{"taxonomy":"product_cat","embeddable":true,"href":"https:\/\/www.therapmedic.com\/es\/wp-json\/wp\/v2\/product_cat?post=3505"},{"taxonomy":"product_tag","embeddable":true,"href":"https:\/\/www.therapmedic.com\/es\/wp-json\/wp\/v2\/product_tag?post=3505"}],"curies":[{"name":"wp","href":"https:\/\/api.w.org\/{rel}","templated":true}]}}