{"id":3502,"date":"2022-12-16T11:16:58","date_gmt":"2022-12-16T11:16:58","guid":{"rendered":"https:\/\/www.therapmedic.com\/product\/ipl-active-extra-618-portatil\/"},"modified":"2026-05-09T16:12:16","modified_gmt":"2026-05-09T16:12:16","slug":"ipl-active-extra-618-portatil","status":"publish","type":"product","link":"https:\/\/www.therapmedic.com\/es\/producto\/ipl-active-extra-618-portatil\/","title":{"rendered":"IPL &#8211; Active Extra 618 Port\u00e1til"},"content":{"rendered":"<p id=\"tw-target-text\" class=\"tw-data-text tw-text-large tw-ta\" dir=\"ltr\" data-placeholder=\"Tradu\u00e7\u00e3o\"><span class=\"Y2IQFc\" lang=\"es\"><strong>Extra &#8211; 618 (Crystal)<\/strong> &#8211; es una unidad de sobremesa port\u00e1til y liviana adecuada para un f\u00e1cil transporte entre cl\u00ednicas. Es muy adecuado para tratamientos est\u00e9ticos d\u00e9rmicos como acn\u00e9, rejuvenecimiento de la piel, depilaci\u00f3n y m\u00e1s.<\/span><\/p>\n<p>Extra-618 es el resultado de m\u00e1s de una d\u00e9cada de tratamientos y miles de dispositivos operados en todo el mundo. Basado en la tecnolog\u00eda GEM-PL de Active, establece un patr\u00f3n de pulso espec\u00edfico seg\u00fan el tipo de tratamiento seleccionado, el color de la piel, la fotosensibilidad de la piel y la profundidad del tratamiento. Contiene caracter\u00edsticas \u00fanicas:<\/p>\n<p>Control de pantalla t\u00e1ctil contempor\u00e1neo.<\/p>\n<p>Procedimiento de prueba de parche incorporado para examinar el nivel de potencia \u00f3ptimo.<\/p>\n<p>Impresionantes 450.000 flashes<\/p>\n<p>La pieza de mano grande tiene un bot\u00f3n pulsador adem\u00e1s del pedal, lo que facilita y agiliza el trabajo del terapeuta.<\/p>\n","protected":false},"excerpt":{"rendered":"<p>Extra &#8211; 618 (Crystal) &#8211; es una unidad de sobremesa port\u00e1til y liviana adecuada para un f\u00e1cil transporte entre cl\u00ednicas. Es muy adecuado para tratamientos est\u00e9ticos d\u00e9rmicos como acn\u00e9, rejuvenecimiento de la piel, depilaci\u00f3n y m\u00e1s. Extra-618 es el resultado de m\u00e1s de una d\u00e9cada de tratamientos y miles de dispositivos operados en todo el [&hellip;]<\/p>\n","protected":false},"featured_media":8517,"template":"","meta":[],"product_brand":[],"product_cat":[1063,1162,1232,1069,1164,1234,1081,1166,1236,1083,1170,1240,1085,1172,1242,1087,1174,1244,1097,1196,1250,1098,1202,1252,1025,1102,1204,1256,1027,1108,1214,1258,1029,1122,1220,1260,1035,1132,1222,1278,1037,1136,1224,1380,1039,1142,1226,1041,1152,1228,1055,1160,1230],"product_tag":[],"class_list":{"0":"post-3502","1":"product","2":"type-product","3":"status-publish","4":"has-post-thumbnail","6":"product_cat-piel-flacida-es","7":"product_cat-hongos","8":"product_cat-hongos-es","9":"product_cat-gluteos-es","10":"product_cat-manos-es","11":"product_cat-cuello","12":"product_cat-gluteos-flacidos-y-caidos","13":"product_cat-piel-enviejecida-es","14":"product_cat-piel-enviejecida-es-2","15":"product_cat-poca-elasticidad-es","16":"product_cat-poca-elasticidad-es-3","17":"product_cat-poca-elasticidad-es-4","18":"product_cat-melasmas-manchas-castanhas-es","19":"product_cat-melasmas-manchas-marrones-es-2","20":"product_cat-melasmas-manchas-marrones-es-4","21":"product_cat-piel-flacida-es-2","22":"product_cat-piel-flacida-es-4","23":"product_cat-peil-flacida","24":"product_cat-rostro","25":"product_cat-areas-intimas-es-2","26":"product_cat-escote","27":"product_cat-acne-es","28":"product_cat-hiper-pigmentacion","29":"product_cat-piel-enviejecida-es-3","30":"product_cat-areas-de-tratamientos-vs-produtos-tratamentos-con-equipos","31":"product_cat-piel-enviejecida","32":"product_cat-rejuvenescimiento-y-blanqueamiento-de-lapiel-en-zonas-delicadas","33":"product_cat-poca-elasticidad-es-5","34":"product_cat-brazos","35":"product_cat-rejuvenescimiento-facial-completo","36":"product_cat-piernas","37":"product_cat-melasmas-manchas-castanhas-es-2","38":"product_cat-pele-envelhecida-es","39":"product_cat-estiramiento-de-la-piel-del-rostro-lifting-facial","40":"product_cat-melasmas-manchas-marrones-es-3","41":"product_cat-piel-flacida-es-6","42":"product_cat-poca-elasticidad","43":"product_cat-melasmas-manchas-marrones-hiperpigmentacion","44":"product_cat-piel-flacida-es-5","45":"product_cat-general-productos-equipos","46":"product_cat-melasmas-manchas-marrones","47":"product_cat-poros-abiertos","48":"product_cat-aranas-vasculares","49":"product_cat-tatuajes","50":"product_cat-piel-flacida","51":"product_cat-piel-flacida-es-3","52":"product_cat-cabello-no-deseado","53":"product_cat-cuerpo","54":"product_cat-depilacion-de-pelos-no-deseados","55":"product_cat-venas-varicosas","56":"product_cat-melasmas-manchas-marrones-es","57":"product_cat-pies","58":"product_cat-unas","60":"first","61":"instock","62":"taxable","63":"shipping-taxable","64":"purchasable","65":"product-type-simple"},"acf":{"display":[],"short_name":"","display_equipment_products":[],"short_name_equipment_products":"","confidential_information":{"text_block":false,"download_file":false}},"_links":{"self":[{"href":"https:\/\/www.therapmedic.com\/es\/wp-json\/wp\/v2\/product\/3502","targetHints":{"allow":["GET"]}}],"collection":[{"href":"https:\/\/www.therapmedic.com\/es\/wp-json\/wp\/v2\/product"}],"about":[{"href":"https:\/\/www.therapmedic.com\/es\/wp-json\/wp\/v2\/types\/product"}],"wp:featuredmedia":[{"embeddable":true,"href":"https:\/\/www.therapmedic.com\/es\/wp-json\/wp\/v2\/media\/8517"}],"wp:attachment":[{"href":"https:\/\/www.therapmedic.com\/es\/wp-json\/wp\/v2\/media?parent=3502"}],"wp:term":[{"taxonomy":"product_brand","embeddable":true,"href":"https:\/\/www.therapmedic.com\/es\/wp-json\/wp\/v2\/product_brand?post=3502"},{"taxonomy":"product_cat","embeddable":true,"href":"https:\/\/www.therapmedic.com\/es\/wp-json\/wp\/v2\/product_cat?post=3502"},{"taxonomy":"product_tag","embeddable":true,"href":"https:\/\/www.therapmedic.com\/es\/wp-json\/wp\/v2\/product_tag?post=3502"}],"curies":[{"name":"wp","href":"https:\/\/api.w.org\/{rel}","templated":true}]}}