{"id":3491,"date":"2023-03-24T17:00:32","date_gmt":"2023-03-24T17:00:32","guid":{"rendered":"https:\/\/www.therapmedic.com\/product\/hidratante-de-acido-hialuronico-pos-peeling\/"},"modified":"2026-05-11T19:03:55","modified_gmt":"2026-05-11T19:03:55","slug":"hidratante-de-acido-hialuronico-pos-peeling","status":"publish","type":"product","link":"https:\/\/www.therapmedic.com\/es\/producto\/hidratante-de-acido-hialuronico-pos-peeling\/","title":{"rendered":"Hidratante post-peeling de \u00e1cido hialur\u00f3nico"},"content":{"rendered":"<p id=\"tw-target-text\" class=\"tw-data-text tw-text-large tw-ta\" dir=\"ltr\" data-placeholder=\"Tradu\u00e7\u00e3o\"><span class=\"Y2IQFc\" lang=\"es\"><strong>Hidratante post-peeling de \u00e1cido hialur\u00f3nico<\/strong> &#8211; Hidrata, recupera la piel despu\u00e9s del peeling, con extracto de caviar<\/span><\/p>\n<p>S\u00e9rum enriquecido con antioxidantes, \u00e1cido hialur\u00f3nico de bajo peso molecular y una mezcla de ingredientes con capacidad para aumentar la hidrataci\u00f3n celular, estimulando la formaci\u00f3n de acuaporina y nuestro extracto de caviar.<\/p>\n<p>Presentaci\u00f3n: Tama\u00f1o: 100 mL<\/p>\n<p>El precio mostrado es por botella.<\/p>\n","protected":false},"excerpt":{"rendered":"<p>Hidratante post-peeling de \u00e1cido hialur\u00f3nico &#8211; Hidrata, recupera la piel despu\u00e9s del peeling, con extracto de caviar S\u00e9rum enriquecido con antioxidantes, \u00e1cido hialur\u00f3nico de bajo peso molecular y una mezcla de ingredientes con capacidad para aumentar la hidrataci\u00f3n celular, estimulando la formaci\u00f3n de acuaporina y nuestro extracto de caviar. Presentaci\u00f3n: Tama\u00f1o: 100 mL El precio [&hellip;]<\/p>\n","protected":false},"featured_media":9035,"template":"","meta":[],"product_brand":[],"product_cat":[1278,1429,1630],"product_tag":[],"class_list":{"0":"post-3491","1":"product","2":"type-product","3":"status-publish","4":"has-post-thumbnail","6":"product_cat-general-productos-equipos","7":"product_cat-cuidados-de-la-piel-es","8":"product_cat-peelings-2-es","10":"first","11":"instock","12":"taxable","13":"shipping-taxable","14":"purchasable","15":"product-type-simple"},"acf":{"display":[],"short_name":"","display_equipment_products":[],"short_name_equipment_products":"","confidential_information":{"text_block":false,"download_file":false}},"_links":{"self":[{"href":"https:\/\/www.therapmedic.com\/es\/wp-json\/wp\/v2\/product\/3491","targetHints":{"allow":["GET"]}}],"collection":[{"href":"https:\/\/www.therapmedic.com\/es\/wp-json\/wp\/v2\/product"}],"about":[{"href":"https:\/\/www.therapmedic.com\/es\/wp-json\/wp\/v2\/types\/product"}],"wp:featuredmedia":[{"embeddable":true,"href":"https:\/\/www.therapmedic.com\/es\/wp-json\/wp\/v2\/media\/9035"}],"wp:attachment":[{"href":"https:\/\/www.therapmedic.com\/es\/wp-json\/wp\/v2\/media?parent=3491"}],"wp:term":[{"taxonomy":"product_brand","embeddable":true,"href":"https:\/\/www.therapmedic.com\/es\/wp-json\/wp\/v2\/product_brand?post=3491"},{"taxonomy":"product_cat","embeddable":true,"href":"https:\/\/www.therapmedic.com\/es\/wp-json\/wp\/v2\/product_cat?post=3491"},{"taxonomy":"product_tag","embeddable":true,"href":"https:\/\/www.therapmedic.com\/es\/wp-json\/wp\/v2\/product_tag?post=3491"}],"curies":[{"name":"wp","href":"https:\/\/api.w.org\/{rel}","templated":true}]}}