{"id":3459,"date":"2023-03-24T16:26:25","date_gmt":"2023-03-24T16:26:25","guid":{"rendered":"https:\/\/www.therapmedic.com\/product\/pha-gluconolactone-acid-peel\/"},"modified":"2024-01-01T00:00:15","modified_gmt":"2024-01-01T00:00:15","slug":"pha-gluconolactone-acid-peel","status":"publish","type":"product","link":"https:\/\/www.therapmedic.com\/es\/producto\/pha-gluconolactone-acid-peel\/","title":{"rendered":"PHA &#8211; Peeling de Acido GLUCONOLACTONA"},"content":{"rendered":"<p id=\"tw-target-text\" class=\"tw-data-text tw-text-large tw-ta\" dir=\"ltr\" data-placeholder=\"Tradu\u00e7\u00e3o\"><span class=\"Y2IQFc\" lang=\"es\">Peelings <strong>PHA GLUCONOLACTONE ACID PEEL<\/strong> &#8211; Efectos antiinflamatorios y antioxidantes. Mejora la hidrataci\u00f3n de la piel, suaviza las l\u00edneas finas y las arrugas, aumenta la elasticidad de la piel.<\/p>\n<p>La gluconolactona es un ingrediente activo que trata suavemente la piel sin afectar las capas m\u00e1s profundas. El efecto es muy similar al de los AHA (\u00e1cidos de frutas como el \u00e1cido glic\u00f3lico o l\u00e1ctico), pero como un tipo de polihidroxi\u00e1cido, la gluconolactona es m\u00e1s beneficiosa. Como contiene cinco grupos hidroxilo, tiene m\u00e1s propiedades hidratantes en comparaci\u00f3n con el \u00e1cido alfa hidroxilo con un solo grupo hidroxilo. Por ser una mol\u00e9cula de mayor tama\u00f1o (con una mol\u00e9cula tridimensional de 178 Da), la gluconolactona penetra en la piel lentamente, sin quemarla, como s\u00ed lo hacen otros peelings qu\u00edmicos con principios activos alternativos. Es por eso que la gluconolactona no irritante es perfecta incluso para pieles secas e hipersensibles.<\/p>\n<p>Presentaci\u00f3n: 1 vial de 5 mL<\/p>\n<p>El precio mostrado es por botella.<\/span><\/p>\n","protected":false},"excerpt":{"rendered":"<p>Peelings PHA GLUCONOLACTONE ACID PEEL &#8211; Efectos antiinflamatorios y antioxidantes. Mejora la hidrataci\u00f3n de la piel, suaviza las l\u00edneas finas y las arrugas, aumenta la elasticidad de la piel. La gluconolactona es un ingrediente activo que trata suavemente la piel sin afectar las capas m\u00e1s profundas. El efecto es muy similar al de los AHA [&hellip;]<\/p>\n","protected":false},"featured_media":3456,"template":"","meta":[],"product_brand":[],"product_cat":[1069,1248,1081,1250,1083,1252,1087,1254,1097,1256,1130,1260,1142,1264,1164,1278,967,1170,1014,1178,1016,1214,1025,1222,1027,1234,1039,1238,1041,1240,1063,1244],"product_tag":[],"class_list":{"0":"post-3459","1":"product","2":"type-product","3":"status-publish","4":"has-post-thumbnail","6":"product_cat-gluteos-es","7":"product_cat-arrugas-es","8":"product_cat-gluteos-flacidos-y-caidos","9":"product_cat-escote","10":"product_cat-poca-elasticidad-es","11":"product_cat-piel-enviejecida-es-3","12":"product_cat-piel-flacida-es-2","13":"product_cat-sequedad-piel-deshidratada-es-4","14":"product_cat-rostro","15":"product_cat-poca-elasticidad-es-5","16":"product_cat-poca-elasticidad-es-2","17":"product_cat-piel-flacida-es-6","18":"product_cat-piel-flacida-es-3","19":"product_cat-arrugas-es-2","20":"product_cat-manos-es","21":"product_cat-general-productos-equipos","22":"product_cat-peelings-es","23":"product_cat-poca-elasticidad-es-3","24":"product_cat-pha-es","25":"product_cat-arrugas","26":"product_cat-peeling-de-acido-de-gluconaloctona","27":"product_cat-piernas","28":"product_cat-areas-de-tratamientos-vs-produtos-tratamentos-con-equipos","29":"product_cat-piel-flacida-es-5","30":"product_cat-brazos","31":"product_cat-cuello","32":"product_cat-piel-flacida","33":"product_cat-sequedad-piel-deshidratada-es-3","34":"product_cat-cuerpo","35":"product_cat-poca-elasticidad-es-4","36":"product_cat-piel-flacida-es","37":"product_cat-peil-flacida","39":"first","40":"instock","41":"taxable","42":"shipping-taxable","43":"purchasable","44":"product-type-simple"},"acf":{"display":[],"short_name":"","display_equipment_products":[],"short_name_equipment_products":"","confidential_information":{"text_block":false,"download_file":false}},"_links":{"self":[{"href":"https:\/\/www.therapmedic.com\/es\/wp-json\/wp\/v2\/product\/3459","targetHints":{"allow":["GET"]}}],"collection":[{"href":"https:\/\/www.therapmedic.com\/es\/wp-json\/wp\/v2\/product"}],"about":[{"href":"https:\/\/www.therapmedic.com\/es\/wp-json\/wp\/v2\/types\/product"}],"wp:featuredmedia":[{"embeddable":true,"href":"https:\/\/www.therapmedic.com\/es\/wp-json\/wp\/v2\/media\/3456"}],"wp:attachment":[{"href":"https:\/\/www.therapmedic.com\/es\/wp-json\/wp\/v2\/media?parent=3459"}],"wp:term":[{"taxonomy":"product_brand","embeddable":true,"href":"https:\/\/www.therapmedic.com\/es\/wp-json\/wp\/v2\/product_brand?post=3459"},{"taxonomy":"product_cat","embeddable":true,"href":"https:\/\/www.therapmedic.com\/es\/wp-json\/wp\/v2\/product_cat?post=3459"},{"taxonomy":"product_tag","embeddable":true,"href":"https:\/\/www.therapmedic.com\/es\/wp-json\/wp\/v2\/product_tag?post=3459"}],"curies":[{"name":"wp","href":"https:\/\/api.w.org\/{rel}","templated":true}]}}