{"id":3434,"date":"2023-03-24T15:42:10","date_gmt":"2023-03-24T15:42:10","guid":{"rendered":"https:\/\/www.therapmedic.com\/product\/peeling-pr360-nf-peel\/"},"modified":"2024-01-01T00:00:16","modified_gmt":"2024-01-01T00:00:16","slug":"peeling-pr360-nf-peel","status":"publish","type":"product","link":"https:\/\/www.therapmedic.com\/es\/producto\/peeling-pr360-nf-peel\/","title":{"rendered":"Peeling PR360 \/ NF Peel"},"content":{"rendered":"<p id=\"tw-target-text\" class=\"tw-data-text tw-text-large tw-ta\" dir=\"ltr\" data-placeholder=\"Tradu\u00e7\u00e3o\"><span class=\"Y2IQFc\" lang=\"es\"><strong>Peeling AHA \u2013 PR360 Peeling \u2013 NF Peel<\/strong> &#8211; Radicales libres, antioxidantes, biorevitalizaci\u00f3n, Ayuda a rejuvenecer y levantar la piel, elimina incluso las arrugas profundas, elimina estr\u00edas, cicatrices causadas por varicela, acn\u00e9 y melasma.<\/span><\/p>\n<p>PR360 (NF Peel) es un c\u00f3ctel de gel peeling capaz de estimular y remodelar la dermis profunda. Su formulaci\u00f3n le permite penetrar en la piel de forma gradual, capa a capa. Por tanto, su uso en tratamientos de peeling no provoca sensaci\u00f3n de ardor ni irritaci\u00f3n cut\u00e1nea.<\/p>\n<p>Ayuda a rejuvenecer y levantar la piel, elimina incluso las arrugas profundas, elimina las estr\u00edas y las cicatrices causadas por la varicela, el acn\u00e9 y el melasma.<\/p>\n<p>Presentaci\u00f3n: Frasco de 5 mL, Exclusivamente para uso externo.<\/p>\n<p>El precio mostrado es por botella.<\/p>\n","protected":false},"excerpt":{"rendered":"<p>Peeling AHA \u2013 PR360 Peeling \u2013 NF Peel &#8211; Radicales libres, antioxidantes, biorevitalizaci\u00f3n, Ayuda a rejuvenecer y levantar la piel, elimina incluso las arrugas profundas, elimina estr\u00edas, cicatrices causadas por varicela, acn\u00e9 y melasma. PR360 (NF Peel) es un c\u00f3ctel de gel peeling capaz de estimular y remodelar la dermis profunda. Su formulaci\u00f3n le permite [&hellip;]<\/p>\n","protected":false},"featured_media":9007,"template":"","meta":[],"product_brand":[],"product_cat":[1089,1097,1108,1278,967,993,995,1025,1041,1065,1069],"product_tag":[],"class_list":{"0":"post-3434","1":"product","2":"type-product","3":"status-publish","4":"has-post-thumbnail","6":"product_cat-estrias-en-los-gluteos","7":"product_cat-rostro","8":"product_cat-rejuvenescimiento-facial-completo","9":"product_cat-general-productos-equipos","10":"product_cat-peelings-es","11":"product_cat-bio-revitalizacion","12":"product_cat-pr-360-nf-peel-es","13":"product_cat-areas-de-tratamientos-vs-produtos-tratamentos-con-equipos","14":"product_cat-cuerpo","15":"product_cat-estrias-es","16":"product_cat-gluteos-es","18":"first","19":"instock","20":"taxable","21":"shipping-taxable","22":"purchasable","23":"product-type-simple"},"acf":{"display":[],"short_name":"","display_equipment_products":[],"short_name_equipment_products":"","confidential_information":{"text_block":false,"download_file":false}},"_links":{"self":[{"href":"https:\/\/www.therapmedic.com\/es\/wp-json\/wp\/v2\/product\/3434","targetHints":{"allow":["GET"]}}],"collection":[{"href":"https:\/\/www.therapmedic.com\/es\/wp-json\/wp\/v2\/product"}],"about":[{"href":"https:\/\/www.therapmedic.com\/es\/wp-json\/wp\/v2\/types\/product"}],"wp:featuredmedia":[{"embeddable":true,"href":"https:\/\/www.therapmedic.com\/es\/wp-json\/wp\/v2\/media\/9007"}],"wp:attachment":[{"href":"https:\/\/www.therapmedic.com\/es\/wp-json\/wp\/v2\/media?parent=3434"}],"wp:term":[{"taxonomy":"product_brand","embeddable":true,"href":"https:\/\/www.therapmedic.com\/es\/wp-json\/wp\/v2\/product_brand?post=3434"},{"taxonomy":"product_cat","embeddable":true,"href":"https:\/\/www.therapmedic.com\/es\/wp-json\/wp\/v2\/product_cat?post=3434"},{"taxonomy":"product_tag","embeddable":true,"href":"https:\/\/www.therapmedic.com\/es\/wp-json\/wp\/v2\/product_tag?post=3434"}],"curies":[{"name":"wp","href":"https:\/\/api.w.org\/{rel}","templated":true}]}}