{"id":3417,"date":"2023-03-24T15:19:55","date_gmt":"2023-03-24T15:19:55","guid":{"rendered":"https:\/\/www.therapmedic.com\/product\/peeling-tca\/"},"modified":"2024-01-01T00:00:18","modified_gmt":"2024-01-01T00:00:18","slug":"peeling-tca","status":"publish","type":"product","link":"https:\/\/www.therapmedic.com\/es\/producto\/peeling-tca\/","title":{"rendered":"Peeling TCA 30%"},"content":{"rendered":"<p id=\"tw-target-text\" class=\"tw-data-text tw-text-large tw-ta\" dir=\"ltr\" data-placeholder=\"Tradu\u00e7\u00e3o\"><span class=\"Y2IQFc\" lang=\"es\"><strong>AHA Peeling TCA 30%<\/strong> &#8211; potente soluci\u00f3n exfoliante para una tez joven<\/span><\/p>\n<p>El \u00e1cido tricloroac\u00e9tico TCA se ha utilizado como agente exfoliante durante mucho tiempo y sigue siendo el agente m\u00e1s seguro y eficaz para las exfoliaciones medias, especialmente cuando se combina con la soluci\u00f3n de Jessner.<\/p>\n<p>No usar en verano.<\/p>\n<p>Presentaci\u00f3n: Peeling TCA 30% 50 mL<\/p>\n<p>El precio mostrado es por botella.<\/p>\n","protected":false},"excerpt":{"rendered":"<p>AHA Peeling TCA 30% &#8211; potente soluci\u00f3n exfoliante para una tez joven El \u00e1cido tricloroac\u00e9tico TCA se ha utilizado como agente exfoliante durante mucho tiempo y sigue siendo el agente m\u00e1s seguro y eficaz para las exfoliaciones medias, especialmente cuando se combina con la soluci\u00f3n de Jessner. No usar en verano. Presentaci\u00f3n: Peeling TCA 30% [&hellip;]<\/p>\n","protected":false},"featured_media":6069,"template":"","meta":[],"product_brand":[],"product_cat":[1041,1258,1055,1264,1061,1278,1069,1085,1097,1098,1140,1164,1172,1214,967,1220,1023,1234,1025,1242,1027,1248,1037,1250],"product_tag":[],"class_list":{"0":"post-3417","1":"product","2":"type-product","3":"status-publish","4":"has-post-thumbnail","6":"product_cat-cuerpo","7":"product_cat-melasmas-manchas-castanhas-es-2","8":"product_cat-melasmas-manchas-marrones-es","9":"product_cat-arrugas-es-2","10":"product_cat-piel-aspera","11":"product_cat-general-productos-equipos","12":"product_cat-gluteos-es","13":"product_cat-melasmas-manchas-castanhas-es","14":"product_cat-rostro","15":"product_cat-acne-es","16":"product_cat-piel-aspera-es","17":"product_cat-manos-es","18":"product_cat-melasmas-manchas-marrones-es-2","19":"product_cat-piernas","20":"product_cat-peelings-es","21":"product_cat-melasmas-manchas-marrones-es-3","22":"product_cat-tca-es","23":"product_cat-cuello","24":"product_cat-areas-de-tratamientos-vs-produtos-tratamentos-con-equipos","25":"product_cat-melasmas-manchas-marrones-es-4","26":"product_cat-brazos","27":"product_cat-arrugas-es","28":"product_cat-melasmas-manchas-marrones","29":"product_cat-escote","31":"first","32":"instock","33":"taxable","34":"shipping-taxable","35":"purchasable","36":"product-type-simple"},"acf":{"display":[],"short_name":"","display_equipment_products":[],"short_name_equipment_products":"","confidential_information":{"text_block":false,"download_file":false}},"_links":{"self":[{"href":"https:\/\/www.therapmedic.com\/es\/wp-json\/wp\/v2\/product\/3417","targetHints":{"allow":["GET"]}}],"collection":[{"href":"https:\/\/www.therapmedic.com\/es\/wp-json\/wp\/v2\/product"}],"about":[{"href":"https:\/\/www.therapmedic.com\/es\/wp-json\/wp\/v2\/types\/product"}],"wp:featuredmedia":[{"embeddable":true,"href":"https:\/\/www.therapmedic.com\/es\/wp-json\/wp\/v2\/media\/6069"}],"wp:attachment":[{"href":"https:\/\/www.therapmedic.com\/es\/wp-json\/wp\/v2\/media?parent=3417"}],"wp:term":[{"taxonomy":"product_brand","embeddable":true,"href":"https:\/\/www.therapmedic.com\/es\/wp-json\/wp\/v2\/product_brand?post=3417"},{"taxonomy":"product_cat","embeddable":true,"href":"https:\/\/www.therapmedic.com\/es\/wp-json\/wp\/v2\/product_cat?post=3417"},{"taxonomy":"product_tag","embeddable":true,"href":"https:\/\/www.therapmedic.com\/es\/wp-json\/wp\/v2\/product_tag?post=3417"}],"curies":[{"name":"wp","href":"https:\/\/api.w.org\/{rel}","templated":true}]}}