{"id":3406,"date":"2023-03-24T12:04:24","date_gmt":"2023-03-24T12:04:24","guid":{"rendered":"https:\/\/www.therapmedic.com\/product\/biorevital-detox\/"},"modified":"2023-04-21T16:27:07","modified_gmt":"2023-04-21T16:27:07","slug":"biorevital-detox","status":"publish","type":"product","link":"https:\/\/www.therapmedic.com\/es\/producto\/biorevital-detox\/","title":{"rendered":"Biorevital Detox"},"content":{"rendered":"<p id=\"tw-target-text\" class=\"tw-data-text tw-text-large tw-ta\" dir=\"ltr\" data-placeholder=\"Tradu\u00e7\u00e3o\"><span class=\"Y2IQFc\" lang=\"es\"><strong>Bio Revital Detox:<\/strong> desintoxicaci\u00f3n de las c\u00e9lulas de la piel. F\u00f3rmula antioxidante y antirradicales para restaurar el metabolismo celular<\/span><\/p>\n<p>Bio Revital Detox es una completa f\u00f3rmula antioxidante y antirradicales para restaurar el metabolismo celular. Estimula las defensas naturales de la piel. Adem\u00e1s de la actividad antioxidante de los diferentes componentes de la f\u00f3rmula, incluimos sustancias b\u00e1sicas de origen caviar que ayudan a restaurar el metabolismo celular y la inmunidad de la piel. F\u00f3rmula de mesoterapia de desintoxicaci\u00f3n celular antioxidante y antirradical. F\u00f3rmula para ayudar a restaurar el metabolismo celular. Anticontaminaci\u00f3n. Con extracto de caviar y vitamina C. Bio Revital Detox es una completa f\u00f3rmula antioxidante y antirradicales para restaurar el metabolismo celular. Estimula las defensas naturales de la piel. El humo t\u00f3xico puede ser la principal causa del envejecimiento de la piel en las ciudades contaminadas. La contaminaci\u00f3n del aire est\u00e1 envejeciendo prematuramente los rostros de los habitantes de las ciudades, acelerando las arrugas y las manchas de la edad.<\/p>\n<p>Para mujeres y hombres de todas las edades.<\/p>\n<p>Presentaci\u00f3n: Caja con 5 viales de 5 mL<\/p>\n<p>El precio mostrado es por caja de 5 viales.<\/p>\n","protected":false},"excerpt":{"rendered":"<p>Bio Revital Detox: desintoxicaci\u00f3n de las c\u00e9lulas de la piel. F\u00f3rmula antioxidante y antirradicales para restaurar el metabolismo celular Bio Revital Detox es una completa f\u00f3rmula antioxidante y antirradicales para restaurar el metabolismo celular. Estimula las defensas naturales de la piel. Adem\u00e1s de la actividad antioxidante de los diferentes componentes de la f\u00f3rmula, incluimos sustancias [&hellip;]<\/p>\n","protected":false},"featured_media":8794,"template":"","meta":[],"product_brand":[],"product_cat":[1025,1278,1041,1049,1061,1067,1097,1126,1136,1140,1150,1164,1176,1234,1246,945,1250,953,1262],"product_tag":[],"class_list":{"0":"post-3406","1":"product","2":"type-product","3":"status-publish","4":"has-post-thumbnail","6":"product_cat-areas-de-tratamientos-vs-produtos-tratamentos-con-equipos","7":"product_cat-general-productos-equipos","8":"product_cat-cuerpo","9":"product_cat-gris-piel-oxidada","10":"product_cat-piel-aspera","11":"product_cat-piel-cansada-toxificada","12":"product_cat-rostro","13":"product_cat-piel-gris-oxidada","14":"product_cat-poros-abiertos","15":"product_cat-piel-aspera-es","16":"product_cat-piel-cansada-entoxicada","17":"product_cat-manos-es","18":"product_cat-piel-cansada-entoxicada-es","19":"product_cat-cuello","20":"product_cat-piel-cansada-entoxicada-es-2","21":"product_cat-productos-de-mesoterapia","22":"product_cat-escote","23":"product_cat-detox-es","24":"product_cat-piel-cansada-entoxicada-es-3","26":"first","27":"instock","28":"taxable","29":"shipping-taxable","30":"purchasable","31":"product-type-simple"},"acf":{"display":[],"short_name":"","display_equipment_products":[],"short_name_equipment_products":"","confidential_information":{"text_block":[{"title":"Ingredientes activos","textarea":"<p id=\"tw-target-text\" class=\"tw-data-text tw-text-large tw-ta\" dir=\"ltr\" data-placeholder=\"Tradu\u00e7\u00e3o\"><span class=\"Y2IQFc\" lang=\"es\"><strong>\u00c1cido Asc\u00f3rbico, Vitamina C<\/strong> &#8211; Potente antioxidante que se puede utilizar para tratar y prevenir los cambios asociados con el fotoenvejecimiento. Tambi\u00e9n se puede utilizar en el tratamiento de la hiperpigmentaci\u00f3n. Inhibe la actividad tirosinasa provocando Cu2+ e impidiendo la s\u00edntesis de melanina. <\/span><\/p>\n<p>Acetato de tocoferilo, vitamina E &#8211; o acetato de tocoferilo es una forma de vitamina E. Antioxidante; Agente acondicionador del cuero. Protege las membranas celulares del da\u00f1o causado por los radicales libres de ox\u00edgeno.<\/p>\n<p>Taurina: puede actuar como un antioxidante directo que elimina o apaga los radicales libres de ox\u00edgeno intracelular para bloquear la muerte celular mediada por ROS. Los efectos beneficiosos de la capacidad de eliminaci\u00f3n de ROS de la l-taurina incluyen la atenuaci\u00f3n de la peroxidaci\u00f3n lip\u00eddica, la reducci\u00f3n de la permeabilidad de la membrana y la inhibici\u00f3n de la oxidaci\u00f3n intracelular en diferentes c\u00e9lulas.<\/p>\n"},{"title":"Possibles mezclas","textarea":"<p><strong>Posibles mezclas:<\/strong> 3,5 % de soluci\u00f3n de baja viscosidad hy-ac, 3,5 % de soluci\u00f3n de baja viscosidad hy-ac ULTRA, 2 % de soluci\u00f3n de baja viscosidad hy-ac<\/p>\n"},{"title":"Protocolos de tratamientos","textarea":"<p id=\"tw-target-text\" class=\"tw-data-text tw-text-large tw-ta\" dir=\"ltr\" data-placeholder=\"Tradu\u00e7\u00e3o\"><span class=\"Y2IQFc\" lang=\"es\"><strong>Reglas generales<\/strong><\/span><\/p>\n<p>Paso 1: Lavar la piel con un gel limpiador transparente y secar. No utilice cremas, lociones o limpiadores nacarados, ya que pueden dejar residuos.<\/p>\n<p>Paso 2: Desinfectar la zona con clorhexidina o similar<\/p>\n<p>Paso 3: Aplique una peque\u00f1a cantidad del producto en una gasa y exti\u00e9ndala sobre el \u00e1rea deseada (o use un cepillo de abanico) si est\u00e1 usando mesoterapia virtual o llene la jeringa con el producto si est\u00e1 usando mesoterapia cl\u00e1sica.<\/p>\n<p>Paso 4: Recorrer la zona con el instrumento siguiendo las instrucciones del fabricante<\/p>\n<p>Paso 5: Vuelva a aplicar la soluci\u00f3n seg\u00fan sea necesario para cubrir toda el \u00e1rea hasta que la piel est\u00e9 ligeramente h\u00fameda (en caso de mesoterapia virtual)<\/p>\n<p>Paso 6: Repite el paso 4.<\/p>\n<p>Paso 7: Enjuague la soluci\u00f3n restante con agua fr\u00eda durante 30 segundos. Seque suavemente la piel y aplique el suero hialur\u00f3nico hidratante post-peeling\/24 para nutrir la piel con ingredientes antienvejecimiento.<\/p>\n<p>PROTOCOLO MESO:<\/p>\n<p class=\"tw-data-text tw-text-large tw-ta\" dir=\"ltr\" data-placeholder=\"Tradu\u00e7\u00e3o\"><span class=\"Y2IQFc\" lang=\"es\"><strong>Profundidad recomendada por \u00e1rea:<\/strong> <\/span><\/p>\n<p class=\"tw-data-text tw-text-large tw-ta\" dir=\"ltr\" data-placeholder=\"Tradu\u00e7\u00e3o\"><span class=\"Y2IQFc\" lang=\"es\">Frente &#8230;&#8230;&#8230;&#8230;&#8230;&#8230;&#8230;&#8230;&#8230;.. 1-1,5 mm <\/span><\/p>\n<p class=\"tw-data-text tw-text-large tw-ta\" dir=\"ltr\" data-placeholder=\"Tradu\u00e7\u00e3o\"><span class=\"Y2IQFc\" lang=\"es\">Mejillas &#8230;&#8230;&#8230;&#8230;&#8230;&#8230;&#8230;.. 1,5-2,5 mm <\/span><\/p>\n<p class=\"tw-data-text tw-text-large tw-ta\" dir=\"ltr\" data-placeholder=\"Tradu\u00e7\u00e3o\"><span class=\"Y2IQFc\" lang=\"es\">L\u00ednea de la mand\u00edbula y el ment\u00f3n 0,1-1,5 mm <\/span><\/p>\n<p class=\"tw-data-text tw-text-large tw-ta\" dir=\"ltr\" data-placeholder=\"Tradu\u00e7\u00e3o\"><span class=\"Y2IQFc\" lang=\"es\">Manos &#8230;&#8230;&#8230;&#8230;&#8230;&#8230;&#8230;&#8230;&#8230;.. 1-2 mm <\/span><\/p>\n<p class=\"tw-data-text tw-text-large tw-ta\" dir=\"ltr\" data-placeholder=\"Tradu\u00e7\u00e3o\"><span class=\"Y2IQFc\" lang=\"es\"><strong>Tiempo recomendado por \u00e1rea<\/strong> utilizando sistemas de administraci\u00f3n transd\u00e9rmica (electroporaci\u00f3n, iontoforesis, ultrasonido, corrientes galv\u00e1nicas, corrientes continuas, radiofrecuencia, termoterapia) Rostro, ment\u00f3n y escote &#8230;&#8230;&#8230;.. 5 minutos Manos &#8230;&#8230;&#8230;&#8230;&#8230;&#8230;&#8230;&#8230;&#8230;&#8230;&#8230;&#8230;&#8230;&#8230;&#8230;&#8230; 5 minutos <\/span><\/p>\n<p class=\"tw-data-text tw-text-large tw-ta\" dir=\"ltr\" data-placeholder=\"Tradu\u00e7\u00e3o\"><span class=\"Y2IQFc\" lang=\"es\"><strong>Tiempo recomendado entre sesiones<\/strong> <\/span><\/p>\n<p class=\"tw-data-text tw-text-large tw-ta\" dir=\"ltr\" data-placeholder=\"Tradu\u00e7\u00e3o\"><span class=\"Y2IQFc\" lang=\"es\">Uso de TDS &#8230;&#8230;&#8230;&#8230;&#8230;&#8230;&#8230;&#8230;&#8230;&#8230;&#8230;&#8230;&#8230;&#8230;&#8230;&#8230;.. &#8230;&#8230;&#8230;&#8230;&#8230;&#8230;&#8230; Intervalos de 6 a 7 d\u00edas <\/span><\/p>\n<p class=\"tw-data-text tw-text-large tw-ta\" dir=\"ltr\" data-placeholder=\"Tradu\u00e7\u00e3o\"><span class=\"Y2IQFc\" lang=\"es\">Usando meso-pen o meso-roller &#8230;&#8230;&#8230;.. Intervalo de 7 a 10 d\u00edas <\/span><\/p>\n<p class=\"tw-data-text tw-text-large tw-ta\" dir=\"ltr\" data-placeholder=\"Tradu\u00e7\u00e3o\"><span class=\"Y2IQFc\" lang=\"es\">Tradicional &#8230;&#8230;&#8230;&#8230;&#8230;&#8230;&#8230;&#8230;&#8230;&#8230;&#8230;&#8230;&#8230;&#8230;&#8230;&#8230;. &#8230;&#8230;&#8230;&#8230;&#8230;&#8230;&#8230; .intervalo de 7 a 10 d\u00edas <\/span><\/p>\n<p class=\"tw-data-text tw-text-large tw-ta\" dir=\"ltr\" data-placeholder=\"Tradu\u00e7\u00e3o\"><span class=\"Y2IQFc\" lang=\"es\"><strong>n\u00famero de sesiones<\/strong> Inicio del tratamiento &#8230;&#8230;&#8230;&#8230;&#8230;&#8230;&#8230;&#8230;. 4-5 Mantenimiento &#8230;&#8230;&#8230;&#8230;&#8230;&#8230;&#8230;&#8230;&#8230;&#8230;&#8230;&#8230;&#8230; cada 3-4 meses<\/span><\/p>\n"}],"download_file":false}},"_links":{"self":[{"href":"https:\/\/www.therapmedic.com\/es\/wp-json\/wp\/v2\/product\/3406","targetHints":{"allow":["GET"]}}],"collection":[{"href":"https:\/\/www.therapmedic.com\/es\/wp-json\/wp\/v2\/product"}],"about":[{"href":"https:\/\/www.therapmedic.com\/es\/wp-json\/wp\/v2\/types\/product"}],"wp:featuredmedia":[{"embeddable":true,"href":"https:\/\/www.therapmedic.com\/es\/wp-json\/wp\/v2\/media\/8794"}],"wp:attachment":[{"href":"https:\/\/www.therapmedic.com\/es\/wp-json\/wp\/v2\/media?parent=3406"}],"wp:term":[{"taxonomy":"product_brand","embeddable":true,"href":"https:\/\/www.therapmedic.com\/es\/wp-json\/wp\/v2\/product_brand?post=3406"},{"taxonomy":"product_cat","embeddable":true,"href":"https:\/\/www.therapmedic.com\/es\/wp-json\/wp\/v2\/product_cat?post=3406"},{"taxonomy":"product_tag","embeddable":true,"href":"https:\/\/www.therapmedic.com\/es\/wp-json\/wp\/v2\/product_tag?post=3406"}],"curies":[{"name":"wp","href":"https:\/\/api.w.org\/{rel}","templated":true}]}}