{"id":3386,"date":"2019-04-25T18:28:12","date_gmt":"2019-04-25T18:28:12","guid":{"rendered":"https:\/\/www.therapmedic.com\/product\/multitox\/"},"modified":"2023-04-11T09:18:54","modified_gmt":"2023-04-11T09:18:54","slug":"multitox","status":"publish","type":"product","link":"https:\/\/www.therapmedic.com\/es\/producto\/multitox\/","title":{"rendered":"Multitox"},"content":{"rendered":"<p id=\"tw-target-text\" class=\"tw-data-text tw-text-large tw-ta\" dir=\"ltr\" data-placeholder=\"Tradu\u00e7\u00e3o\"><span class=\"Y2IQFc\" lang=\"es\">Dispositivo de dosificaci\u00f3n autom\u00e1tica de jeringas: garantiza que solo inyecte 1, 2 o 3 unidades a la vez. Extremadamente \u00fatil, por ejemplo, para aplicaciones de Toxina Botul\u00ednica <\/span><\/p>\n<p class=\"tw-data-text tw-text-large tw-ta\" dir=\"ltr\" data-placeholder=\"Tradu\u00e7\u00e3o\"><span class=\"Y2IQFc\" lang=\"es\">\u00a1El precio mostrado es por dispositivo!<\/span><\/p>\n","protected":false},"excerpt":{"rendered":"<p>Automatis serynge dosage device &#8211; Ensures that you only inject 1, 2 or 3 units at the time. Extremely useful for example for Botulinum Toxin applications.<br \/>\nThis is a must have device for someone who does not want to make any mistakes when injecting any type of product.<\/p>\n","protected":false},"featured_media":8525,"template":"","meta":[],"product_brand":[],"product_cat":[1278],"product_tag":[],"class_list":{"0":"post-3386","1":"product","2":"type-product","3":"status-publish","4":"has-post-thumbnail","6":"product_cat-general-productos-equipos","8":"first","9":"instock","10":"taxable","11":"shipping-taxable","12":"purchasable","13":"product-type-simple"},"acf":{"display":[],"short_name":"","display_equipment_products":[],"short_name_equipment_products":"","confidential_information":{"text_block":false,"download_file":false}},"_links":{"self":[{"href":"https:\/\/www.therapmedic.com\/es\/wp-json\/wp\/v2\/product\/3386","targetHints":{"allow":["GET"]}}],"collection":[{"href":"https:\/\/www.therapmedic.com\/es\/wp-json\/wp\/v2\/product"}],"about":[{"href":"https:\/\/www.therapmedic.com\/es\/wp-json\/wp\/v2\/types\/product"}],"wp:featuredmedia":[{"embeddable":true,"href":"https:\/\/www.therapmedic.com\/es\/wp-json\/wp\/v2\/media\/8525"}],"wp:attachment":[{"href":"https:\/\/www.therapmedic.com\/es\/wp-json\/wp\/v2\/media?parent=3386"}],"wp:term":[{"taxonomy":"product_brand","embeddable":true,"href":"https:\/\/www.therapmedic.com\/es\/wp-json\/wp\/v2\/product_brand?post=3386"},{"taxonomy":"product_cat","embeddable":true,"href":"https:\/\/www.therapmedic.com\/es\/wp-json\/wp\/v2\/product_cat?post=3386"},{"taxonomy":"product_tag","embeddable":true,"href":"https:\/\/www.therapmedic.com\/es\/wp-json\/wp\/v2\/product_tag?post=3386"}],"curies":[{"name":"wp","href":"https:\/\/api.w.org\/{rel}","templated":true}]}}