{"id":3383,"date":"2022-11-11T10:52:25","date_gmt":"2022-11-11T10:52:25","guid":{"rendered":"https:\/\/www.therapmedic.com\/product\/no-wrinkles\/"},"modified":"2026-03-25T17:46:05","modified_gmt":"2026-03-25T17:46:05","slug":"no-wrinkles","status":"publish","type":"product","link":"https:\/\/www.therapmedic.com\/es\/producto\/no-wrinkles\/","title":{"rendered":"No Wrinkles"},"content":{"rendered":"<p id=\"tw-target-text\" class=\"tw-data-text tw-text-large tw-ta\" dir=\"ltr\" data-placeholder=\"Tradu\u00e7\u00e3o\"><span class=\"Y2IQFc\" lang=\"es\"><strong>No Wrinkles<\/strong> es una soluci\u00f3n antiedad dise\u00f1ada para corregir en profundidad los primeros signos del envejecimiento de la piel, devolvi\u00e9ndole su aspecto joven y saludable. El aporte especial de p\u00e9ptidos, as\u00ed como de amino\u00e1cidos y oligoelementos del caviar obtenidos en un procedimiento privado, aumenta los resultados visibles de la primera sesi\u00f3n. <\/span><\/p>\n<p dir=\"ltr\" data-placeholder=\"Tradu\u00e7\u00e3o\">\u00a1Descubre la magia de la mesoterapia facial! Nuestra f\u00f3rmula innovadora mejora la elasticidad de la piel, reduce visiblemente las arrugas y revitaliza cada c\u00e9lula. \u00a1Desintoxica tu piel para un brillo radiante y ralentiza el reloj del envejecimiento! Estimula tus c\u00e9lulas d\u00e9rmicas y epid\u00e9rmicas para una apariencia rejuvenecida y un tono uniforme con un brillo luminoso. \u00a1Haz que tu piel luzca m\u00e1s joven y saludable que nunca!<\/p>\n<p class=\"tw-data-text tw-text-large tw-ta\" dir=\"ltr\" data-placeholder=\"Tradu\u00e7\u00e3o\"><span class=\"Y2IQFc\" lang=\"es\">Para mujeres y hombres de todas las edades.<\/span><\/p>\n<p>Presentaci\u00f3n: Caja de 5 viales de 5ml cada uno<\/p>\n<p>El precio mostrado es por caja de 5 viales.<\/p>\n<p>&nbsp;<\/p>\n<p>Para comprar viales individualmente, por favor contacte por WhatsApp (bot\u00f3n verde de WhatsApp en la p\u00e1gina web).<\/p>\n","protected":false},"excerpt":{"rendered":"<p>No Wrinkles es una soluci\u00f3n antiedad dise\u00f1ada para corregir en profundidad los primeros signos del envejecimiento de la piel, devolvi\u00e9ndole su aspecto joven y saludable. El aporte especial de p\u00e9ptidos, as\u00ed como de amino\u00e1cidos y oligoelementos del caviar obtenidos en un procedimiento privado, aumenta los resultados visibles de la primera sesi\u00f3n. \u00a1Descubre la magia de [&hellip;]<\/p>\n","protected":false},"featured_media":8682,"template":"","meta":[],"product_brand":[],"product_cat":[1236,1244,1250,945,1260,947,1278,1025,1027,1029,1097,1102,1124,1128,1164,1166,1178,1234],"product_tag":[],"class_list":{"0":"post-3383","1":"product","2":"type-product","3":"status-publish","4":"has-post-thumbnail","6":"product_cat-piel-enviejecida-es-2","7":"product_cat-peil-flacida","8":"product_cat-escote","9":"product_cat-productos-de-mesoterapia","10":"product_cat-piel-flacida-es-6","11":"product_cat-anti-envejecimiento","12":"product_cat-general-productos-equipos","13":"product_cat-areas-de-tratamientos-vs-produtos-tratamentos-con-equipos","14":"product_cat-brazos","15":"product_cat-pele-envelhecida-es","16":"product_cat-rostro","17":"product_cat-piel-enviejecida","18":"product_cat-arrugas-en-la-frente","19":"product_cat-mejora-del-contorno-facial","20":"product_cat-manos-es","21":"product_cat-piel-enviejecida-es","22":"product_cat-arrugas","23":"product_cat-cuello","25":"first","26":"instock","27":"taxable","28":"shipping-taxable","29":"purchasable","30":"product-type-simple"},"acf":{"display":[],"short_name":"","display_equipment_products":[],"short_name_equipment_products":"","confidential_information":{"text_block":[{"title":"Ingredientes Activos","textarea":"<p id=\"tw-target-text\" class=\"tw-data-text tw-text-large tw-ta\" dir=\"ltr\" data-placeholder=\"Tradu\u00e7\u00e3o\"><span class=\"Y2IQFc\" lang=\"es\"><strong>Glutati\u00f3n<\/strong> Potente antioxidante. Antioxidante no enzim\u00e1tico, sirve para ayudar a defender la piel de los efectos visibles del da\u00f1o ambiental. El glutati\u00f3n reducido tiene un efecto aclarador de la piel en humanos a trav\u00e9s de su actividad inhibidora de la tirosinasa. <\/span><\/p>\n<p>Pantenol, Pro-vitamina B5 &#8211; Lubricante, emoliente y humectante. Humectante &#8211; Atrae y retiene la humedad. Proporciona cicatrizaci\u00f3n de heridas y tiene acci\u00f3n antiinflamatoria.<\/p>\n<p>Extracto de Piscum Ovum \u2013 Caviar &#8211; El extracto de huevo de pescado es un producto rico en prote\u00ednas que contiene principalmente amino\u00e1cidos: arginina, histidina, isoleucina, lisina y metionina, los l\u00edpidos incluyen principalmente colesterol (25%) y lecitina (75%), grandes cantidades de vitamina A, vitaminas B2, B6, B12, niacina, \u00e1cido pantot\u00e9nico y \u00e1cido f\u00f3lico y altas proporciones de calcio, magnesio, f\u00f3sforo, potasio y sodio,<\/p>\n<p>Acetato de tocoferilo. Vitamina E &#8211; El acetato de tocoferilo es una forma de vitamina E. Antioxidante; Agente acondicionador de la piel. Protege las membranas celulares del da\u00f1o de los radicales libres de ox\u00edgeno.<\/p>\n<p>Urea Aumento de la absorci\u00f3n cut\u00e1nea. es uno de los ingredientes humectantes m\u00e1s efectivos en la qu\u00edmica cosm\u00e9tica. El papel de la urea en la piel es mantener un equilibrio saludable de humedad, manteni\u00e9ndola suave, flexible y juvenil, brindando el alivio que tanto necesita la piel seca. Es un componente natural de los tejidos de nuestra piel y constituye el 7% de nuestro factor de humedad natural, que disminuye con la edad.<\/p>\n<p>&nbsp;<\/p>\n<h1 data-section-id=\"1q2iu5i\" data-start=\"3282\" data-end=\"3338\"><span role=\"text\"><strong data-start=\"3289\" data-end=\"3338\">NO WRINKLES \u2013 Ingredientes Activos y Sinergia<\/strong><\/span><\/h1>\n<h2 data-section-id=\"18ab092\" data-start=\"3340\" data-end=\"3372\">\ud83d\udd2c Ingredientes y sus efectos<\/h2>\n<h3 data-section-id=\"6qvd05\" data-start=\"3374\" data-end=\"3421\"><span role=\"text\">\ud83d\udfe1 <strong data-start=\"3381\" data-end=\"3421\">Extracto de \u00f3vulo de Piscum (Caviar)<\/strong><\/span><\/h3>\n<ul data-start=\"3422\" data-end=\"3643\">\n<li data-section-id=\"1ypiaca\" data-start=\"3422\" data-end=\"3474\">Rico en <strong data-start=\"3432\" data-end=\"3474\">amino\u00e1cidos, p\u00e9ptidos y oligoelementos<\/strong><\/li>\n<li data-section-id=\"ksu9i9\" data-start=\"3475\" data-end=\"3513\">Estimula la <strong data-start=\"3489\" data-end=\"3513\">regeneraci\u00f3n celular<\/strong><\/li>\n<li data-section-id=\"1kl8m9o\" data-start=\"3514\" data-end=\"3549\">Mejora el <strong data-start=\"3526\" data-end=\"3549\">metabolismo cut\u00e1neo<\/strong><\/li>\n<li data-section-id=\"14xt8pp\" data-start=\"3550\" data-end=\"3598\">Aumenta la <strong data-start=\"3563\" data-end=\"3598\">densidad y vitalidad de la piel<\/strong><\/li>\n<li data-section-id=\"1gikdmy\" data-start=\"3599\" data-end=\"3643\">Aporta efecto <strong data-start=\"3615\" data-end=\"3643\">revitalizante y luminoso<\/strong><\/li>\n<\/ul>\n<p data-start=\"3645\" data-end=\"3688\">\ud83d\udc49 <em data-start=\"3648\" data-end=\"3658\">Funci\u00f3n:<\/em> Activaci\u00f3n biol\u00f3gica profunda<\/p>\n<hr data-start=\"3690\" data-end=\"3693\" \/>\n<h3 data-section-id=\"x10p32\" data-start=\"3695\" data-end=\"3716\"><span role=\"text\">\ud83d\udfe1 <strong data-start=\"3702\" data-end=\"3716\">Vitamina E<\/strong><\/span><\/h3>\n<ul data-start=\"3717\" data-end=\"3864\">\n<li data-section-id=\"1h7pbzj\" data-start=\"3717\" data-end=\"3743\">Potente <strong data-start=\"3727\" data-end=\"3743\">antioxidante<\/strong><\/li>\n<li data-section-id=\"1ya2oxg\" data-start=\"3744\" data-end=\"3802\">Protege contra <strong data-start=\"3761\" data-end=\"3802\">radicales libres y fotoenvejecimiento<\/strong><\/li>\n<li data-section-id=\"uhilw1\" data-start=\"3803\" data-end=\"3836\">Refuerza la <strong data-start=\"3817\" data-end=\"3836\">barrera cut\u00e1nea<\/strong><\/li>\n<li data-section-id=\"1sya71u\" data-start=\"3837\" data-end=\"3864\">Reduce la <strong data-start=\"3849\" data-end=\"3864\">inflamaci\u00f3n<\/strong><\/li>\n<\/ul>\n<p data-start=\"3866\" data-end=\"3922\">\ud83d\udc49 <em data-start=\"3869\" data-end=\"3879\">Funci\u00f3n:<\/em> Protecci\u00f3n + prevenci\u00f3n del envejecimiento<\/p>\n<hr data-start=\"3924\" data-end=\"3927\" \/>\n<h3 data-section-id=\"169oe1j\" data-start=\"3929\" data-end=\"3969\"><span role=\"text\">\ud83d\udfe1 <strong data-start=\"3936\" data-end=\"3969\">Dexpantenol (Pro-vitamina B5)<\/strong><\/span><\/h3>\n<ul data-start=\"3970\" data-end=\"4103\">\n<li data-section-id=\"1i207xl\" data-start=\"3970\" data-end=\"3992\">Hidrataci\u00f3n profunda<\/li>\n<li data-section-id=\"1jyqepg\" data-start=\"3993\" data-end=\"4032\">Favorece la <strong data-start=\"4007\" data-end=\"4032\">reparaci\u00f3n de la piel<\/strong><\/li>\n<li data-section-id=\"1dwx8gm\" data-start=\"4033\" data-end=\"4060\">Mejora la <strong data-start=\"4045\" data-end=\"4060\">elasticidad<\/strong><\/li>\n<li data-section-id=\"1ht67nh\" data-start=\"4061\" data-end=\"4103\">Efecto calmante (ideal contorno de ojos)<\/li>\n<\/ul>\n<p data-start=\"4105\" data-end=\"4153\">\ud83d\udc49 <em data-start=\"4108\" data-end=\"4118\">Funci\u00f3n:<\/em> Reparaci\u00f3n + hidrataci\u00f3n + confort<\/p>\n<hr data-start=\"4155\" data-end=\"4158\" \/>\n<h3 data-section-id=\"1eofrqx\" data-start=\"4160\" data-end=\"4175\"><span role=\"text\">\ud83d\udfe1 <strong data-start=\"4167\" data-end=\"4175\">Urea<\/strong><\/span><\/h3>\n<ul data-start=\"4176\" data-end=\"4291\">\n<li data-section-id=\"tuckqt\" data-start=\"4176\" data-end=\"4196\">Hidratante potente<\/li>\n<li data-section-id=\"14mc3z5\" data-start=\"4197\" data-end=\"4235\">Mejora la <strong data-start=\"4209\" data-end=\"4235\">penetraci\u00f3n de activos<\/strong><\/li>\n<li data-section-id=\"1mli38i\" data-start=\"4236\" data-end=\"4258\">Suaviza la piel seca<\/li>\n<li data-section-id=\"dui5bx\" data-start=\"4259\" data-end=\"4291\">Mantiene el equilibrio h\u00eddrico<\/li>\n<\/ul>\n<p data-start=\"4293\" data-end=\"4335\">\ud83d\udc49 <em data-start=\"4296\" data-end=\"4306\">Funci\u00f3n:<\/em> Vehiculizaci\u00f3n + hidrataci\u00f3n<\/p>\n<hr data-start=\"4337\" data-end=\"4340\" \/>\n<h3 data-section-id=\"123thkh\" data-start=\"4342\" data-end=\"4362\"><span role=\"text\">\ud83d\udfe1 <strong data-start=\"4349\" data-end=\"4362\">Glutati\u00f3n<\/strong><\/span><\/h3>\n<ul data-start=\"4363\" data-end=\"4474\">\n<li data-section-id=\"1u4s6bx\" data-start=\"4363\" data-end=\"4385\">Antioxidante maestro<\/li>\n<li data-section-id=\"1ttip18\" data-start=\"4386\" data-end=\"4414\">Ilumina el tono de la piel<\/li>\n<li data-section-id=\"1rv7q5l\" data-start=\"4415\" data-end=\"4458\">Reduce <strong data-start=\"4424\" data-end=\"4458\">pigmentaci\u00f3n y aspecto apagado<\/strong><\/li>\n<li data-section-id=\"1ihhxu2\" data-start=\"4459\" data-end=\"4474\">Detox celular<\/li>\n<\/ul>\n<p data-start=\"4476\" data-end=\"4522\">\ud83d\udc49 <em data-start=\"4479\" data-end=\"4489\">Funci\u00f3n:<\/em> Iluminaci\u00f3n + detox + anti-aging<\/p>\n<hr data-start=\"4524\" data-end=\"4527\" \/>\n<h1 data-section-id=\"bz09e4\" data-start=\"4529\" data-end=\"4577\"><span role=\"text\">\u26a1 <strong data-start=\"4533\" data-end=\"4577\">Efecto Sin\u00e9rgico (La clave del producto)<\/strong><\/span><\/h1>\n<h3 data-section-id=\"1ijflvi\" data-start=\"4579\" data-end=\"4618\"><span role=\"text\">\ud83d\udd39 1. <strong data-start=\"4589\" data-end=\"4618\">Acci\u00f3n Anti-Edad Completa<\/strong><\/span><\/h3>\n<ul data-start=\"4619\" data-end=\"4704\">\n<li data-section-id=\"sppe7e\" data-start=\"4619\" data-end=\"4638\">Regenera (caviar)<\/li>\n<li data-section-id=\"11mb8l4\" data-start=\"4639\" data-end=\"4669\">Hidrata (urea + dexpantenol)<\/li>\n<li data-section-id=\"1vugsr7\" data-start=\"4670\" data-end=\"4704\">Protege (vitamina E + glutati\u00f3n)<\/li>\n<\/ul>\n<p data-start=\"4706\" data-end=\"4751\">\ud83d\udc49 Resultado: <strong data-start=\"4720\" data-end=\"4751\">Tratamiento global antiedad<\/strong><\/p>\n<hr data-start=\"4753\" data-end=\"4756\" \/>\n<h3 data-section-id=\"1v5iy6w\" data-start=\"4758\" data-end=\"4789\"><span role=\"text\">\ud83d\udd39 2. <strong data-start=\"4768\" data-end=\"4789\">Mayor Penetraci\u00f3n<\/strong><\/span><\/h3>\n<ul data-start=\"4790\" data-end=\"4876\">\n<li data-section-id=\"14pchpo\" data-start=\"4790\" data-end=\"4823\">La urea facilita la absorci\u00f3n<\/li>\n<li data-section-id=\"ylc5w0\" data-start=\"4824\" data-end=\"4876\">La hidrataci\u00f3n optimiza la acci\u00f3n de los activos<\/li>\n<\/ul>\n<p data-start=\"4878\" data-end=\"4927\">\ud83d\udc49 Resultado: <strong data-start=\"4892\" data-end=\"4927\">Resultados visibles m\u00e1s r\u00e1pidos<\/strong><\/p>\n<hr data-start=\"4929\" data-end=\"4932\" \/>\n<h3 data-section-id=\"1dwvk6k\" data-start=\"4934\" data-end=\"4977\"><span role=\"text\">\ud83d\udd39 3. <strong data-start=\"4944\" data-end=\"4977\">Efecto Inmediato + Progresivo<\/strong><\/span><\/h3>\n<ul data-start=\"4978\" data-end=\"5063\">\n<li data-section-id=\"116qtyt\" data-start=\"4978\" data-end=\"5017\">Inmediato: hidrataci\u00f3n, luminosidad<\/li>\n<li data-section-id=\"11qet18\" data-start=\"5018\" data-end=\"5063\">Progresivo: firmeza, reducci\u00f3n de arrugas<\/li>\n<\/ul>\n<p data-start=\"5065\" data-end=\"5117\">\ud83d\udc49 Resultado:<br data-start=\"5078\" data-end=\"5081\" \/>\u2714 Efecto flash<br data-start=\"5095\" data-end=\"5098\" \/>\u2714 Mejora continua<\/p>\n<hr data-start=\"5119\" data-end=\"5122\" \/>\n<h3 data-section-id=\"flzpwk\" data-start=\"5124\" data-end=\"5168\"><span role=\"text\">\ud83d\udd39 4. <strong data-start=\"5134\" data-end=\"5168\">Ideal para el Contorno de Ojos<\/strong><\/span><\/h3>\n<ul data-start=\"5169\" data-end=\"5225\">\n<li data-section-id=\"1o1bt46\" data-start=\"5169\" data-end=\"5190\">Suave pero eficaz<\/li>\n<li data-section-id=\"1d9qs0u\" data-start=\"5191\" data-end=\"5225\">Acci\u00f3n calmante + regeneradora<\/li>\n<\/ul>\n<p data-start=\"5227\" data-end=\"5244\">\ud83d\udc49 Indicado para:<\/p>\n<ul data-start=\"5245\" data-end=\"5298\">\n<li data-section-id=\"1f7t4uv\" data-start=\"5245\" data-end=\"5263\">Patas de gallo<\/li>\n<li data-section-id=\"nig2qr\" data-start=\"5264\" data-end=\"5280\">L\u00edneas finas<\/li>\n<li data-section-id=\"pg7ybb\" data-start=\"5281\" data-end=\"5298\">Ojos cansados<\/li>\n<\/ul>\n<hr data-start=\"5300\" data-end=\"5303\" \/>\n<h3 data-section-id=\"1smenof\" data-start=\"5305\" data-end=\"5344\"><span role=\"text\">\ud83d\udd39 5. <strong data-start=\"5315\" data-end=\"5344\">Transformaci\u00f3n de la piel<\/strong><\/span><\/h3>\n<ul data-start=\"5345\" data-end=\"5410\">\n<li data-section-id=\"j8yxj6\" data-start=\"5345\" data-end=\"5358\">M\u00e1s firme<\/li>\n<li data-section-id=\"zmrr6h\" data-start=\"5359\" data-end=\"5375\">M\u00e1s luminosa<\/li>\n<li data-section-id=\"1r73ohf\" data-start=\"5376\" data-end=\"5392\">M\u00e1s el\u00e1stica<\/li>\n<li data-section-id=\"116gnoz\" data-start=\"5393\" data-end=\"5410\">Menos arrugas<\/li>\n<\/ul>\n<p data-start=\"5412\" data-end=\"5474\">\ud83d\udc49 Resultado: <strong data-start=\"5426\" data-end=\"5474\">Rejuvenecimiento visible del contorno ocular<\/strong><\/p>\n<hr data-start=\"5476\" data-end=\"5479\" \/>\n<h2 data-section-id=\"upr09m\" data-start=\"5481\" data-end=\"5514\">\ud83d\udca1 En resumen<\/h2>\n<p data-start=\"5516\" data-end=\"5628\">\ud83d\udc49 \u201cSoluci\u00f3n espec\u00edfica para l\u00edneas finas y patas de gallo con resultados visibles desde las primeras sesiones.\u201d<\/p>\n<p data-start=\"5630\" data-end=\"5712\">\ud83d\udc49 \u201cCombina regeneraci\u00f3n celular, hidrataci\u00f3n profunda y protecci\u00f3n antioxidante.\u201d<\/p>\n"},{"title":"Mezclas Posibles","textarea":"<p><i>Miami Skin<\/i><\/p>\n<p><i>3,5% <\/i><i>hy<\/i><i>-ac low viscosity solution<\/i><\/p>\n<p><i>2% <\/i><i>hy<\/i><i>-ac low viscosity solution<\/i><\/p>\n"},{"title":"Protocolos de tratamientos","textarea":"<p id=\"tw-target-text\" class=\"tw-data-text tw-text-large tw-ta\" dir=\"ltr\" data-placeholder=\"Tradu\u00e7\u00e3o\"><span class=\"Y2IQFc\" lang=\"es\"><strong>PROTOCOLO MESO:<\/strong><\/span><\/p>\n<p><strong>Profundidad recomendada por \u00e1rea<\/strong><br \/>\nFrente &#8230;&#8230;&#8230;&#8230;&#8230;&#8230;&#8230;&#8230;&#8230;&#8230;&#8230;. 1-1,5 mm<br \/>\nMejillas &#8230;&#8230;&#8230;&#8230;&#8230;&#8230;&#8230;&#8230;&#8230;&#8230;.. 1,5-2,5 mm<br \/>\nMand\u00edbula y barbilla &#8230;&#8230;&#8230;.. 1-1,5 mm<br \/>\nManos &#8230;&#8230;&#8230;&#8230;&#8230;&#8230;&#8230;&#8230;&#8230;&#8230;&#8230;. 1-2 mm<\/p>\n<p><strong>Tiempo recomendado por \u00e1rea<\/strong> utilizando sistemas de administraci\u00f3n transd\u00e9rmica (electroporaci\u00f3n, iontoforesis, ultrasonido, corrientes galv\u00e1nicas, corrientes continuas, radiofrecuencia, termoterapia) en<br \/>\nRostro, ment\u00f3n y escote&#8230;&#8230;&#8230;&#8230;&#8230;.. 5 minutos<br \/>\nManos &#8230;&#8230;&#8230;&#8230;&#8230;&#8230;&#8230;&#8230;&#8230;&#8230;&#8230;&#8230;&#8230;&#8230;&#8230; 5 minutos<\/p>\n<p><em>Recuerde que debajo de los ojos la piel tiene un grosor de solo 0,25 mm, el \u00abc\u00f3digo de barras\u00bb (sobre el labio superior debajo de la nariz) es de 0,4-0,5 mm, la frente es de 0,5 a 0,7 y el resto de la cara es de solo 0,7 a 1,5 mm. grueso <\/em><\/p>\n<p><strong>Tiempo recomendado entre sesiones<\/strong><br \/>\nUso de TDS &#8230;&#8230;&#8230;&#8230;&#8230;&#8230;&#8230;&#8230;&#8230;&#8230;&#8230;&#8230;&#8230;&#8230;&#8230;&#8230;&#8230;&#8230;&#8230;&#8230;&#8230;. Intervalos de 6 a 7 d\u00edas<br \/>\nUsando meso-pen o meso-roller &#8230;&#8230;&#8230;&#8230;&#8230;&#8230;&#8230;&#8230;&#8230;&#8230;. Intervalo de 7 a 10 d\u00edas<br \/>\nTradicional &#8230;&#8230;&#8230;&#8230;&#8230;&#8230;&#8230;&#8230;&#8230;&#8230;&#8230;&#8230;&#8230;&#8230;&#8230;&#8230;. &#8230;&#8230;&#8230;&#8230;&#8230;.intervalo de 7 a 10 d\u00edas<\/p>\n<p><strong>N\u00famero de sesiones:<\/strong><br \/>\nInicio del tratamiento &#8230;&#8230;&#8230;&#8230;&#8230;&#8230;&#8230;&#8230;.. 4-6;<br \/>\nMantenimiento &#8230;&#8230;&#8230;&#8230;&#8230;&#8230;&#8230;&#8230;&#8230;&#8230;&#8230;&#8230;. cada 3-4 meses<\/p>\n"}],"download_file":false}},"_links":{"self":[{"href":"https:\/\/www.therapmedic.com\/es\/wp-json\/wp\/v2\/product\/3383","targetHints":{"allow":["GET"]}}],"collection":[{"href":"https:\/\/www.therapmedic.com\/es\/wp-json\/wp\/v2\/product"}],"about":[{"href":"https:\/\/www.therapmedic.com\/es\/wp-json\/wp\/v2\/types\/product"}],"wp:featuredmedia":[{"embeddable":true,"href":"https:\/\/www.therapmedic.com\/es\/wp-json\/wp\/v2\/media\/8682"}],"wp:attachment":[{"href":"https:\/\/www.therapmedic.com\/es\/wp-json\/wp\/v2\/media?parent=3383"}],"wp:term":[{"taxonomy":"product_brand","embeddable":true,"href":"https:\/\/www.therapmedic.com\/es\/wp-json\/wp\/v2\/product_brand?post=3383"},{"taxonomy":"product_cat","embeddable":true,"href":"https:\/\/www.therapmedic.com\/es\/wp-json\/wp\/v2\/product_cat?post=3383"},{"taxonomy":"product_tag","embeddable":true,"href":"https:\/\/www.therapmedic.com\/es\/wp-json\/wp\/v2\/product_tag?post=3383"}],"curies":[{"name":"wp","href":"https:\/\/api.w.org\/{rel}","templated":true}]}}