{"id":3380,"date":"2022-11-21T14:34:27","date_gmt":"2022-11-21T14:34:27","guid":{"rendered":"https:\/\/www.therapmedic.com\/product\/forever-young\/"},"modified":"2026-03-25T18:06:56","modified_gmt":"2026-03-25T18:06:56","slug":"forever-young","status":"publish","type":"product","link":"https:\/\/www.therapmedic.com\/es\/producto\/forever-young\/","title":{"rendered":"Forever Young"},"content":{"rendered":"<p id=\"tw-target-text\" class=\"tw-data-text tw-text-large tw-ta\" dir=\"ltr\" data-placeholder=\"Tradu\u00e7\u00e3o\"><span class=\"Y2IQFc\" lang=\"es\"><strong>Forever Young<\/strong> &#8211; Arrugas profundas de la primera edad. Estimula el metabolismo de la piel<\/span><\/p>\n<p>Transforma tu piel con nuestra avanzada mesoterapia facial. Con una potente f\u00f3rmula que combate las arrugas profundas y estimula la s\u00edntesis de col\u00e1geno, revela un aspecto rejuvenecido y radiante. Esta innovadora soluci\u00f3n no solo desintoxica tus c\u00e9lulas de la piel, sino que tambi\u00e9n ralentiza el proceso de envejecimiento y proporciona una hidrataci\u00f3n intensa. Experimenta una piel m\u00e1s suave, m\u00e1s el\u00e1stica y con un tono unificado y radiante. \u00a1Es hora de mostrar la mejor versi\u00f3n de ti mismo!<\/p>\n<p>Para mujeres y hombres de todas las edades.<br \/>\nPresentaci\u00f3n: Caja de 5 viales de 5 ml cada uno<br \/>\nEl precio presentado es por caja de 5 frascos.<br \/>\nPara comprar frascos individualmente, por favor, p\u00f3ngase en contacto por WhatsApp (bot\u00f3n verde de WhatsApp en la p\u00e1gina).<\/p>\n","protected":false},"excerpt":{"rendered":"<p>Forever Young &#8211; Arrugas profundas de la primera edad. Estimula el metabolismo de la piel Transforma tu piel con nuestra avanzada mesoterapia facial. Con una potente f\u00f3rmula que combate las arrugas profundas y estimula la s\u00edntesis de col\u00e1geno, revela un aspecto rejuvenecido y radiante. Esta innovadora soluci\u00f3n no solo desintoxica tus c\u00e9lulas de la piel, [&hellip;]<\/p>\n","protected":false},"featured_media":8290,"template":"","meta":[],"product_brand":[],"product_cat":[1087,1264,1097,1278,1102,1112,1118,1142,945,1164,947,1168,1025,1174,1027,1178,1029,1214,1039,1222,1041,1234,1047,1238,1063,1250,1069,1254],"product_tag":[],"class_list":{"0":"post-3380","1":"product","2":"type-product","3":"status-publish","4":"has-post-thumbnail","6":"product_cat-piel-flacida-es-2","7":"product_cat-arrugas-es-2","8":"product_cat-rostro","9":"product_cat-general-productos-equipos","10":"product_cat-piel-enviejecida","11":"product_cat-arrugas-profundas","12":"product_cat-sequedad-piel-deshidratada-es","13":"product_cat-piel-flacida-es-3","14":"product_cat-productos-de-mesoterapia","15":"product_cat-manos-es","16":"product_cat-anti-envejecimiento","17":"product_cat-sequedad-piel-deshidratada-es-2","18":"product_cat-areas-de-tratamientos-vs-produtos-tratamentos-con-equipos","19":"product_cat-piel-flacida-es-4","20":"product_cat-brazos","21":"product_cat-arrugas","22":"product_cat-pele-envelhecida-es","23":"product_cat-piernas","24":"product_cat-piel-flacida","25":"product_cat-piel-flacida-es-5","26":"product_cat-cuerpo","27":"product_cat-cuello","28":"product_cat-sequedad-piel-deshidratada","29":"product_cat-sequedad-piel-deshidratada-es-3","30":"product_cat-piel-flacida-es","31":"product_cat-escote","32":"product_cat-gluteos-es","33":"product_cat-sequedad-piel-deshidratada-es-4","35":"first","36":"instock","37":"taxable","38":"shipping-taxable","39":"purchasable","40":"product-type-simple"},"acf":{"display":[],"short_name":"","display_equipment_products":[],"short_name_equipment_products":"","confidential_information":{"text_block":[{"title":"Ingredientes Activos","textarea":"<p id=\"tw-target-text\" class=\"tw-data-text tw-text-large tw-ta\" dir=\"ltr\" data-placeholder=\"Tradu\u00e7\u00e3o\"><span class=\"Y2IQFc\" lang=\"es\"><strong>Pantenol Pro-vitamina B5<\/strong> &#8211; Lubricante, emoliente y humectante. Humectante &#8211; Atrae y retiene la humedad. Proporciona cicatrizaci\u00f3n de heridas y tiene acci\u00f3n antiinflamatoria. <\/span><\/p>\n<p>Palmitato de retinilo, forma de vitamina A &#8211; Es un agente acondicionador de la piel. Reduce la descamaci\u00f3n y restaura la elasticidad, mejorando as\u00ed la apariencia de la piel seca y da\u00f1ada. Tambi\u00e9n es un antioxidante eficaz, mejora la producci\u00f3n de col\u00e1geno y hace que la piel se \u201cllene\u201d, lo que ayuda a suavizar las l\u00edneas finas.<\/p>\n<p>Cloruro de Tiamina, Vitamina B1 &#8211; Agente acondicionador de la piel. Esencial para el metabolismo aer\u00f3bico y el crecimiento celular. Tras la hidr\u00f3lisis, es una coenzima para muchas actividades enzim\u00e1ticas que involucran el metabolismo de \u00e1cidos grasos, amino\u00e1cidos y carbohidratos.<\/p>\n<p>Acetato de tocoferilo, vitamina E &#8211; El acetato de tocoferilo es una forma de vitamina E. Antioxidante; Agente acondicionador de la piel. Protege las membranas celulares del da\u00f1o causado por los radicales libres de ox\u00edgeno.<\/p>\n<p>Urea &#8211; Mayor absorci\u00f3n cut\u00e1nea. es uno de los ingredientes humectantes m\u00e1s efectivos en la qu\u00edmica cosm\u00e9tica. Su funci\u00f3n en la piel es mantener un equilibrio de humedad saludable, manteni\u00e9ndola suave, flexible y juvenil, brindando el alivio que tanto necesita la piel seca. Es un componente natural de los tejidos de nuestra piel y constituye el 7% de nuestro factor de humedad natural, que disminuye con la edad.<\/p>\n<p>&nbsp;<\/p>\n<h1 data-section-id=\"brhvb5\" data-start=\"2698\" data-end=\"2756\"><span role=\"text\"><strong data-start=\"2705\" data-end=\"2756\">FOREVER YOUNG \u2013 Ingredientes Activos y Sinergia<\/strong><\/span><\/h1>\n<h2 data-section-id=\"18ab092\" data-start=\"2758\" data-end=\"2790\">\ud83d\udd2c Ingredientes y sus efectos<\/h2>\n<h3 data-section-id=\"x10lq2\" data-start=\"2792\" data-end=\"2813\"><span role=\"text\">\ud83d\udfe1 <strong data-start=\"2799\" data-end=\"2813\">Vitamina A<\/strong><\/span><\/h3>\n<ul data-start=\"2814\" data-end=\"2942\">\n<li data-section-id=\"xenbbh\" data-start=\"2814\" data-end=\"2850\">Estimula la <strong data-start=\"2828\" data-end=\"2850\">renovaci\u00f3n celular<\/strong><\/li>\n<li data-section-id=\"1saupgp\" data-start=\"2851\" data-end=\"2890\">Aumenta la <strong data-start=\"2864\" data-end=\"2890\">producci\u00f3n de col\u00e1geno<\/strong><\/li>\n<li data-section-id=\"924na4\" data-start=\"2891\" data-end=\"2925\">Mejora la <strong data-start=\"2903\" data-end=\"2925\">textura de la piel<\/strong><\/li>\n<li data-section-id=\"tr3lt5\" data-start=\"2926\" data-end=\"2942\">Reduce arrugas<\/li>\n<\/ul>\n<p data-start=\"2944\" data-end=\"2981\">\ud83d\udc49 <em data-start=\"2947\" data-end=\"2957\">Funci\u00f3n:<\/em> Renovaci\u00f3n + anti-aging<\/p>\n<hr data-start=\"2983\" data-end=\"2986\" \/>\n<h3 data-section-id=\"x10p32\" data-start=\"2988\" data-end=\"3009\"><span role=\"text\">\ud83d\udfe1 <strong data-start=\"2995\" data-end=\"3009\">Vitamina E<\/strong><\/span><\/h3>\n<ul data-start=\"3010\" data-end=\"3104\">\n<li data-section-id=\"1seipov\" data-start=\"3010\" data-end=\"3032\">Antioxidante potente<\/li>\n<li data-section-id=\"abzrep\" data-start=\"3033\" data-end=\"3075\">Protege contra el <strong data-start=\"3053\" data-end=\"3075\">fotoenvejecimiento<\/strong><\/li>\n<li data-section-id=\"ieappw\" data-start=\"3076\" data-end=\"3104\">Reduce el estr\u00e9s oxidativo<\/li>\n<\/ul>\n<p data-start=\"3106\" data-end=\"3130\">\ud83d\udc49 <em data-start=\"3109\" data-end=\"3119\">Funci\u00f3n:<\/em> Protecci\u00f3n<\/p>\n<hr data-start=\"3132\" data-end=\"3135\" \/>\n<h3 data-section-id=\"1uvsori\" data-start=\"3137\" data-end=\"3169\"><span role=\"text\">\ud83d\udfe1 <strong data-start=\"3144\" data-end=\"3169\">Tiamina (Vitamina B1)<\/strong><\/span><\/h3>\n<ul data-start=\"3170\" data-end=\"3261\">\n<li data-section-id=\"17bhz1p\" data-start=\"3170\" data-end=\"3205\">Activa el <strong data-start=\"3182\" data-end=\"3205\">metabolismo celular<\/strong><\/li>\n<li data-section-id=\"rpxxdg\" data-start=\"3206\" data-end=\"3236\">Aporta energ\u00eda a las c\u00e9lulas<\/li>\n<li data-section-id=\"11ssc81\" data-start=\"3237\" data-end=\"3261\">Mejora la regeneraci\u00f3n<\/li>\n<\/ul>\n<p data-start=\"3263\" data-end=\"3295\">\ud83d\udc49 <em data-start=\"3266\" data-end=\"3276\">Funci\u00f3n:<\/em> Activaci\u00f3n celular<\/p>\n<hr data-start=\"3297\" data-end=\"3300\" \/>\n<h3 data-section-id=\"1guajfm\" data-start=\"3302\" data-end=\"3344\"><span role=\"text\">\ud83d\udfe1 <strong data-start=\"3309\" data-end=\"3344\">Extracto de caviar (Piscum Egg)<\/strong><\/span><\/h3>\n<ul data-start=\"3345\" data-end=\"3432\">\n<li data-section-id=\"1d2sj06\" data-start=\"3345\" data-end=\"3377\">Rico en p\u00e9ptidos y amino\u00e1cidos<\/li>\n<li data-section-id=\"18qjrvh\" data-start=\"3378\" data-end=\"3400\">Estimula el col\u00e1geno<\/li>\n<li data-section-id=\"187n49j\" data-start=\"3401\" data-end=\"3432\">Repara la piel en profundidad<\/li>\n<\/ul>\n<p data-start=\"3434\" data-end=\"3469\">\ud83d\udc49 <em data-start=\"3437\" data-end=\"3447\">Funci\u00f3n:<\/em> Regeneraci\u00f3n profunda<\/p>\n<hr data-start=\"3471\" data-end=\"3474\" \/>\n<h1 data-section-id=\"p2qf4k\" data-start=\"3476\" data-end=\"3500\"><span role=\"text\">\u26a1 <strong data-start=\"3480\" data-end=\"3500\">Efecto Sin\u00e9rgico<\/strong><\/span><\/h1>\n<hr data-start=\"3502\" data-end=\"3505\" \/>\n<h3 data-section-id=\"3p0ofd\" data-start=\"3507\" data-end=\"3544\"><span role=\"text\">\ud83d\udd39 1. <strong data-start=\"3517\" data-end=\"3544\">Reactivaci\u00f3n de la piel<\/strong><\/span><\/h3>\n<p data-start=\"3545\" data-end=\"3589\">\ud83d\udc49 Resultado: piel m\u00e1s activa y rejuvenecida<\/p>\n<hr data-start=\"3591\" data-end=\"3594\" \/>\n<h3 data-section-id=\"lo3fq0\" data-start=\"3596\" data-end=\"3635\"><span role=\"text\">\ud83d\udd39 2. <strong data-start=\"3606\" data-end=\"3635\">Estimulaci\u00f3n del col\u00e1geno<\/strong><\/span><\/h3>\n<p data-start=\"3636\" data-end=\"3679\">\ud83d\udc49 Resultado: piel m\u00e1s firme y estructurada<\/p>\n<hr data-start=\"3681\" data-end=\"3684\" \/>\n<h3 data-section-id=\"35btrg\" data-start=\"3686\" data-end=\"3729\"><span role=\"text\">\ud83d\udd39 3. <strong data-start=\"3696\" data-end=\"3729\">Efecto inmediato + progresivo<\/strong><\/span><\/h3>\n<p data-start=\"3730\" data-end=\"3776\">\ud83d\udc49 Resultado: glow inmediato + mejora continua<\/p>\n<hr data-start=\"3778\" data-end=\"3781\" \/>\n<h3 data-section-id=\"1v2y3j1\" data-start=\"3783\" data-end=\"3820\"><span role=\"text\">\ud83d\udd39 4. <strong data-start=\"3793\" data-end=\"3820\">Acci\u00f3n anti-edad global<\/strong><\/span><\/h3>\n<p data-start=\"3821\" data-end=\"3855\">\ud83d\udc49 Resultado: tratamiento completo<\/p>\n<hr data-start=\"3857\" data-end=\"3860\" \/>\n<h3 data-section-id=\"1smenof\" data-start=\"3862\" data-end=\"3901\"><span role=\"text\">\ud83d\udd39 5. <strong data-start=\"3872\" data-end=\"3901\">Transformaci\u00f3n de la piel<\/strong><\/span><\/h3>\n<p data-start=\"3902\" data-end=\"3948\">\ud83d\udc49 Resultado: piel m\u00e1s firme, luminosa y joven<\/p>\n<hr data-start=\"3950\" data-end=\"3953\" \/>\n<h2 data-section-id=\"m7stoi\" data-start=\"3955\" data-end=\"3976\">\ud83d\udca1 En Resumen<\/h2>\n<p data-start=\"3978\" data-end=\"4046\">\ud83d\udc49 \u201cSoluci\u00f3n bio-revitalizante para las primeras arrugas profundas.\u201d<\/p>\n<p data-start=\"4048\" data-end=\"4134\">\ud83d\udc49 \u201cEstimula el metabolismo celular y rejuvenece la piel desde las primeras sesiones.\u201d<\/p>\n"},{"title":"Mezclas Posibles","textarea":"<p><i>Miami Skin, Fitness Body, <\/i><i>3.5% <\/i><i>hy<\/i><i>-ac low viscosity solution, 3.5% <\/i><i>hy<\/i><i>-ac Ultra low viscosity solution, <\/i><\/p>\n<p><i>DMAE solution<\/i><\/p>\n"},{"title":"Protocolos de tratamientos","textarea":"<p><b>General rules<\/b><\/p>\n<p>&nbsp;<\/p>\n<p>Step 1: Wash the skin with a transparent gel cleanser and pat dry. Do not use a cream, lotion or pearlescent cleanser, which may leave residue.<\/p>\n<p>Step 2: Desinfect the area using chlorhexidine or similar<\/p>\n<p>Step 3: Apply a small amount of the product to a gauze pad and smooth it over the desired area (or use a fan brush) if you are using virtual mesotherapy or fill the syringe with the product if you are using clasical mesotherapy.<\/p>\n<p>Step 4: Go through the area with the instrument following the manufacturer&#8217;s instructions<\/p>\n<p>Step 5: Re-apply the solution as needed to cover the entire area until the skin is slightly damp (in case of virtual mesotherapy)<\/p>\n<p>Step 6: Repit step 4.<\/p>\n<p>Step 7:\u00a0 Rinse the remaining solution with cool water for 30 seconds. Gently pat the skin dry and apply the post-peel moisturizing hyaluronic serum\/24 to nourish the skin with anti-aging ingredients.<\/p>\n<p><b>\u00a0<\/b><\/p>\n<p>&nbsp;<\/p>\n<p><strong>PROTOCOLO MESO:<\/strong><\/p>\n<p><strong>Profundidad recomendada por \u00e1rea:<\/strong><br \/>\nFrente &#8230;&#8230;&#8230;&#8230;&#8230;&#8230;&#8230;&#8230;&#8230;&#8230;&#8230;&#8230;&#8230;&#8230;&#8230;&#8230;&#8230;&#8230;&#8230; 1-1,5 mm<br \/>\nMejillas &#8230;&#8230;&#8230;&#8230;&#8230;&#8230;&#8230;&#8230;&#8230;&#8230;&#8230;&#8230;&#8230;&#8230;&#8230;&#8230;&#8230;&#8230; 1,5-2,5 mm<br \/>\nL\u00ednea de la mand\u00edbula y el ment\u00f3n&#8230;&#8230;&#8230;&#8230;. 1-1,5 mm<br \/>\nManos &#8230;&#8230;&#8230;&#8230;&#8230;&#8230;&#8230;&#8230;&#8230;&#8230;&#8230;&#8230;&#8230;&#8230;&#8230;&#8230;&#8230;&#8230;.. 1-2 mm<\/p>\n<p><strong>Tiempo recomendado por \u00e1rea<\/strong> utilizando sistemas de administraci\u00f3n transd\u00e9rmica (electroporaci\u00f3n, iontoforesis, ultrasonido, corrientes galv\u00e1nicas, corrientes continuas, radiofrecuencia, termoterapia)<br \/>\nRostro, ment\u00f3n y escote &#8230;&#8230;&#8230;&#8230;&#8230;&#8230;. 5 minutos<br \/>\nManos &#8230;&#8230;&#8230;&#8230;&#8230;&#8230;&#8230;&#8230;&#8230;&#8230;&#8230;&#8230;&#8230;&#8230;&#8230;&#8230; 5 minutos<\/p>\n<p><strong>Tiempo recomendado entre sesiones<\/strong><br \/>\nUso de TDS &#8230;&#8230;&#8230;&#8230;&#8230;&#8230;&#8230;&#8230;&#8230;&#8230;&#8230;&#8230;&#8230;&#8230;&#8230;&#8230;&#8230;&#8230;&#8230;&#8230;&#8230; Intervalos de 6 a 7 d\u00edas<br \/>\nUsando meso-pen o meso-roller &#8230;&#8230;&#8230;&#8230;&#8230;&#8230;&#8230;&#8230;&#8230;.. Intervalo de 8 a 10 d\u00edas<br \/>\nTradicional &#8230;&#8230;&#8230;&#8230;&#8230;&#8230;&#8230;&#8230;&#8230;&#8230;&#8230;&#8230;&#8230;&#8230;&#8230;&#8230;&#8230;&#8230;&#8230;&#8230;&#8230; .intervalo de 7 a 10 d\u00edas<\/p>\n<p><strong>n\u00famero de sesiones<\/strong><br \/>\nInicio del tratamiento &#8230;&#8230;&#8230;&#8230;&#8230;&#8230;&#8230;&#8230;&#8230;&#8230; 5-6<br \/>\nMantenimiento &#8230;&#8230;&#8230;&#8230;&#8230;&#8230;&#8230;&#8230;&#8230;&#8230;&#8230;&#8230;&#8230; a cada 4-5 meses 2 sesiones<\/p>\n"}],"download_file":false}},"_links":{"self":[{"href":"https:\/\/www.therapmedic.com\/es\/wp-json\/wp\/v2\/product\/3380","targetHints":{"allow":["GET"]}}],"collection":[{"href":"https:\/\/www.therapmedic.com\/es\/wp-json\/wp\/v2\/product"}],"about":[{"href":"https:\/\/www.therapmedic.com\/es\/wp-json\/wp\/v2\/types\/product"}],"wp:featuredmedia":[{"embeddable":true,"href":"https:\/\/www.therapmedic.com\/es\/wp-json\/wp\/v2\/media\/8290"}],"wp:attachment":[{"href":"https:\/\/www.therapmedic.com\/es\/wp-json\/wp\/v2\/media?parent=3380"}],"wp:term":[{"taxonomy":"product_brand","embeddable":true,"href":"https:\/\/www.therapmedic.com\/es\/wp-json\/wp\/v2\/product_brand?post=3380"},{"taxonomy":"product_cat","embeddable":true,"href":"https:\/\/www.therapmedic.com\/es\/wp-json\/wp\/v2\/product_cat?post=3380"},{"taxonomy":"product_tag","embeddable":true,"href":"https:\/\/www.therapmedic.com\/es\/wp-json\/wp\/v2\/product_tag?post=3380"}],"curies":[{"name":"wp","href":"https:\/\/api.w.org\/{rel}","templated":true}]}}