{"id":3377,"date":"2022-11-21T14:50:35","date_gmt":"2022-11-21T14:50:35","guid":{"rendered":"https:\/\/www.therapmedic.com\/product\/mesolifting\/"},"modified":"2026-03-26T11:52:30","modified_gmt":"2026-03-26T11:52:30","slug":"mesolifting","status":"publish","type":"product","link":"https:\/\/www.therapmedic.com\/es\/producto\/mesolifting\/","title":{"rendered":"Mesolifting"},"content":{"rendered":"<p id=\"tw-target-text\" class=\"tw-data-text tw-text-large tw-ta\" dir=\"ltr\" data-placeholder=\"Tradu\u00e7\u00e3o\"><span class=\"Y2IQFc\" lang=\"es\"><strong>Mesolifting<\/strong> es una soluci\u00f3n dise\u00f1ada para ayudar a reducir los signos de flacidez de la piel, estimulando la renovaci\u00f3n epid\u00e9rmica. Los amino\u00e1cidos bioactivos del extracto de caviar obtenidos por un procedimiento original, as\u00ed como el col\u00e1geno y los dem\u00e1s componentes de la f\u00f3rmula, nos permiten aportar a los fibroblastos los elementos b\u00e1sicos para incrementar su formaci\u00f3n de col\u00e1geno y su actividad antioxidante.<\/span><\/p>\n<p dir=\"ltr\" data-placeholder=\"Tradu\u00e7\u00e3o\">Experimenta el poder de la bio-revitalizaci\u00f3n mientras insufla nueva vida a tu piel, ralentizando el proceso de envejecimiento y disminuyendo las arrugas. Con su capacidad \u00fanica de desintoxicar las c\u00e9lulas de la piel y estimular las c\u00e9lulas d\u00e9rmicas y epid\u00e9rmicas, mejora la elasticidad y la firmeza, dej\u00e1ndote con un cutis juvenil y radiante. \u00a1Di adi\u00f3s a los radicales libres y hola a una piel rejuvenecida y vibrante!<\/p>\n<p>Para mujeres y hombres de todas las edades.<br \/>\nPresentaci\u00f3n: Caja de 5 viales de 5 ml cada uno<br \/>\nEl precio presentado es por caja de 5 frascos.<br \/>\nPara comprar frascos individualmente, por favor, p\u00f3ngase en contacto por WhatsApp (bot\u00f3n verde de WhatsApp en la p\u00e1gina).<\/p>\n","protected":false},"excerpt":{"rendered":"<p>Mesolifting es una soluci\u00f3n dise\u00f1ada para ayudar a reducir los signos de flacidez de la piel, estimulando la renovaci\u00f3n epid\u00e9rmica. Los amino\u00e1cidos bioactivos del extracto de caviar obtenidos por un procedimiento original, as\u00ed como el col\u00e1geno y los dem\u00e1s componentes de la f\u00f3rmula, nos permiten aportar a los fibroblastos los elementos b\u00e1sicos para incrementar su [&hellip;]<\/p>\n","protected":false},"featured_media":8495,"template":"","meta":[],"product_brand":[],"product_cat":[1087,1240,1097,1250,1102,1252,1122,1256,1128,1260,1130,1278,945,1142,947,1164,1025,1166,1027,1170,1029,1174,1039,1178,1041,1214,1063,1222,1069,1234,1083,1236],"product_tag":[],"class_list":{"0":"post-3377","1":"product","2":"type-product","3":"status-publish","4":"has-post-thumbnail","6":"product_cat-piel-flacida-es-2","7":"product_cat-poca-elasticidad-es-4","8":"product_cat-rostro","9":"product_cat-escote","10":"product_cat-piel-enviejecida","11":"product_cat-piel-enviejecida-es-3","12":"product_cat-estiramiento-de-la-piel-del-rostro-lifting-facial","13":"product_cat-poca-elasticidad-es-5","14":"product_cat-mejora-del-contorno-facial","15":"product_cat-piel-flacida-es-6","16":"product_cat-poca-elasticidad-es-2","17":"product_cat-general-productos-equipos","18":"product_cat-productos-de-mesoterapia","19":"product_cat-piel-flacida-es-3","20":"product_cat-anti-envejecimiento","21":"product_cat-manos-es","22":"product_cat-areas-de-tratamientos-vs-produtos-tratamentos-con-equipos","23":"product_cat-piel-enviejecida-es","24":"product_cat-brazos","25":"product_cat-poca-elasticidad-es-3","26":"product_cat-pele-envelhecida-es","27":"product_cat-piel-flacida-es-4","28":"product_cat-piel-flacida","29":"product_cat-arrugas","30":"product_cat-cuerpo","31":"product_cat-piernas","32":"product_cat-piel-flacida-es","33":"product_cat-piel-flacida-es-5","34":"product_cat-gluteos-es","35":"product_cat-cuello","36":"product_cat-poca-elasticidad-es","37":"product_cat-piel-enviejecida-es-2","39":"first","40":"instock","41":"taxable","42":"shipping-taxable","43":"purchasable","44":"product-type-simple"},"acf":{"display":[],"short_name":"","display_equipment_products":[],"short_name_equipment_products":"","confidential_information":{"text_block":[{"title":"Ingredientes Activos","textarea":"<p id=\"tw-target-text\" class=\"tw-data-text tw-text-large tw-ta\" dir=\"ltr\" data-placeholder=\"Tradu\u00e7\u00e3o\"><span class=\"Y2IQFc\" lang=\"es\"><strong>\u00c1cido asc\u00f3rbico, Vitamina C<\/strong> &#8211; Potente antioxidante que puede utilizarse para tratar y prevenir los cambios asociados al fotoenvejecimiento. Tambi\u00e9n se puede utilizar en el tratamiento de la hiperpigmentaci\u00f3n. Puede inhibir la actividad de la tirosinasa al actuar sobre Cu2+ y prevenir la s\u00edntesis de melanina. <\/span><\/p>\n<p>Col\u00e1geno &#8211; Buena capacidad de retenci\u00f3n de agua. Hidratante. Mejora la apariencia de la piel seca o da\u00f1ada al reducir la descamaci\u00f3n y restaurar la elasticidad.<\/p>\n<p>Dimetil MEA, DMAE: induce un aumento en el grosor de la fibra de col\u00e1geno. Tiene hermosos efectos reafirmantes de la piel. Es un agente antiinflamatorio moderadamente activo.<\/p>\n<p>Elastina (extracto de algas) &#8211; Efecto antienvejecimiento de la piel. Tiene un efecto protector, nutritivo e hidratante. Ayuda a mantener los niveles de hidrataci\u00f3n y tambi\u00e9n mejora la elasticidad general de la piel.<\/p>\n<p>&nbsp;<\/p>\n<h1 data-section-id=\"xw4cjm\" data-start=\"2673\" data-end=\"2715\"><span role=\"text\"><strong data-start=\"2680\" data-end=\"2715\">MESOLIFTING \u2014 AN\u00c1LISIS COMPLETO<\/strong><\/span><\/h1>\n<h2 data-section-id=\"pg7a36\" data-start=\"2717\" data-end=\"2731\">\ud83d\udd2c OBJETIVO<\/h2>\n<p data-start=\"2732\" data-end=\"2833\">Soluci\u00f3n de mesoterapia dise\u00f1ada para <strong data-start=\"2770\" data-end=\"2832\">reafirmar, revitalizar y mejorar la elasticidad de la piel<\/strong>.<\/p>\n<hr data-start=\"2835\" data-end=\"2838\" \/>\n<h2 data-section-id=\"dmbjj0\" data-start=\"2840\" data-end=\"2867\">\ud83e\uddea COMPONENTES Y EFECTOS<\/h2>\n<h3 data-section-id=\"x4fct2\" data-start=\"2869\" data-end=\"2884\">\ud83e\uddec Col\u00e1geno<\/h3>\n<ul data-start=\"2885\" data-end=\"2967\">\n<li data-section-id=\"m37luo\" data-start=\"2885\" data-end=\"2919\">Refuerza la estructura d\u00e9rmica<\/li>\n<li data-section-id=\"175hh29\" data-start=\"2920\" data-end=\"2967\">Aumenta firmeza<br data-start=\"2937\" data-end=\"2940\" \/>\ud83d\udc49 Piel m\u00e1s densa y firme<\/li>\n<\/ul>\n<hr data-start=\"2969\" data-end=\"2972\" \/>\n<h3 data-section-id=\"vhprii\" data-start=\"2974\" data-end=\"2984\">\u26a1 DMAE<\/h3>\n<ul data-start=\"2985\" data-end=\"3085\">\n<li data-section-id=\"8mpshl\" data-start=\"2985\" data-end=\"3013\">Efecto lifting inmediato<\/li>\n<li data-section-id=\"1of2dlm\" data-start=\"3014\" data-end=\"3085\">Mejora el tono cut\u00e1neo<br data-start=\"3038\" data-end=\"3041\" \/>\ud83d\udc49 Lifting visible desde la primera sesi\u00f3n<\/li>\n<\/ul>\n<hr data-start=\"3087\" data-end=\"3090\" \/>\n<h3 data-section-id=\"1i1d7g2\" data-start=\"3092\" data-end=\"3109\">\ud83c\udf4a Vitamina C<\/h3>\n<ul data-start=\"3110\" data-end=\"3178\">\n<li data-section-id=\"1xwmchg\" data-start=\"3110\" data-end=\"3131\">Estimula col\u00e1geno<\/li>\n<li data-section-id=\"1ideayu\" data-start=\"3132\" data-end=\"3178\">Antioxidante<br data-start=\"3146\" data-end=\"3149\" \/>\ud83d\udc49 Piel luminosa y uniforme<\/li>\n<\/ul>\n<hr data-start=\"3180\" data-end=\"3183\" \/>\n<h3 data-section-id=\"1tpyodx\" data-start=\"3185\" data-end=\"3200\">\ud83d\udca7 Elastina<\/h3>\n<ul data-start=\"3201\" data-end=\"3250\">\n<li data-section-id=\"o3tbu5\" data-start=\"3201\" data-end=\"3250\">Mejora elasticidad<br data-start=\"3221\" data-end=\"3224\" \/>\ud83d\udc49 Piel flexible y suave<\/li>\n<\/ul>\n<hr data-start=\"3252\" data-end=\"3255\" \/>\n<h3 data-section-id=\"18i8n82\" data-start=\"3257\" data-end=\"3277\">\u2696\ufe0f \u00c1cido c\u00edtrico<\/h3>\n<ul data-start=\"3278\" data-end=\"3322\">\n<li data-section-id=\"93so9w\" data-start=\"3278\" data-end=\"3322\">Renovaci\u00f3n celular<br data-start=\"3298\" data-end=\"3301\" \/>\ud83d\udc49 Textura m\u00e1s fina<\/li>\n<\/ul>\n<hr data-start=\"3324\" data-end=\"3327\" \/>\n<h3 data-section-id=\"1q1ea5b\" data-start=\"3329\" data-end=\"3354\">\u2697\ufe0f Hidr\u00f3xido de sodio<\/h3>\n<ul data-start=\"3355\" data-end=\"3399\">\n<li data-section-id=\"1bcowdu\" data-start=\"3355\" data-end=\"3399\">Equilibra el pH<br data-start=\"3372\" data-end=\"3375\" \/>\ud83d\udc49 Mejora la absorci\u00f3n<\/li>\n<\/ul>\n<hr data-start=\"3401\" data-end=\"3404\" \/>\n<h2 data-section-id=\"kf445t\" data-start=\"3406\" data-end=\"3420\">\ud83d\udd25 SINERGIA<\/h2>\n<p data-start=\"3422\" data-end=\"3571\">\u2714 Efecto inmediato (DMAE)<br data-start=\"3447\" data-end=\"3450\" \/>\u2714 Regeneraci\u00f3n profunda (Col\u00e1geno + Vit C)<br data-start=\"3492\" data-end=\"3495\" \/>\u2714 Mejora de elasticidad (Elastina)<br data-start=\"3529\" data-end=\"3532\" \/>\u2714 Renovaci\u00f3n de la piel (\u00c1cido c\u00edtrico)<\/p>\n<p data-start=\"3573\" data-end=\"3586\">\ud83d\udc49 Resultado:<\/p>\n<ul data-start=\"3587\" data-end=\"3650\">\n<li data-section-id=\"9gv1rs\" data-start=\"3587\" data-end=\"3603\">Reafirmaci\u00f3n<\/li>\n<li data-section-id=\"s2rziy\" data-start=\"3604\" data-end=\"3628\">Reducci\u00f3n de arrugas<\/li>\n<li data-section-id=\"1fox5pj\" data-start=\"3629\" data-end=\"3650\">Piel rejuvenecida<\/li>\n<\/ul>\n<hr data-start=\"3652\" data-end=\"3655\" \/>\n<h2 data-section-id=\"bf7v5u\" data-start=\"3657\" data-end=\"3672\">\ud83d\udcc8 EVOLUCI\u00d3N<\/h2>\n<ul data-start=\"3674\" data-end=\"3786\">\n<li data-section-id=\"1jszet1\" data-start=\"3674\" data-end=\"3706\">Sesi\u00f3n 1 \u2192 lifting inmediato<\/li>\n<li data-section-id=\"1heeao3\" data-start=\"3707\" data-end=\"3740\">Sesiones 2\u20133 \u2192 mejora visible<\/li>\n<li data-section-id=\"1fsxw4q\" data-start=\"3741\" data-end=\"3786\">Sesiones 4\u20135 \u2192 firmeza y rejuvenecimiento<\/li>\n<\/ul>\n<p>&nbsp;<\/p>\n<p>&nbsp;<\/p>\n"},{"title":"Mezclas Posibles","textarea":"<p><i>Miam Skin, <\/i><i>3.5% <\/i><i>hy<\/i><i>-ac low viscosity solution, 3.5% <\/i><i>hy<\/i><i>-ac Ultra low viscosity solution, DMAE solution<\/i><\/p>\n"},{"title":"Protocolos de tratamientos","textarea":"<p><strong>Reglas generales<\/strong><\/p>\n<p>Paso 1: Lavar la piel con un gel limpiador transparente y secar. No utilice cremas, lociones o limpiadores nacarados, ya que pueden dejar residuos.<\/p>\n<p>Paso 2: Desinfectar la zona con clorhexidina o similar<\/p>\n<p>Paso 3: Aplique una peque\u00f1a cantidad del producto en una gasa y exti\u00e9ndala sobre el \u00e1rea deseada (o use un cepillo de abanico) si est\u00e1 usando mesoterapia virtual o llene la jeringa con el producto si est\u00e1 usando mesoterapia cl\u00e1sica.<\/p>\n<p>Paso 4: Recorrer la zona con el instrumento siguiendo las instrucciones del fabricante<\/p>\n<p>Paso 5: Vuelva a aplicar la soluci\u00f3n seg\u00fan sea necesario para cubrir toda el \u00e1rea hasta que la piel est\u00e9 ligeramente h\u00fameda (en caso de mesoterapia virtual)<\/p>\n<p>Paso 6: Repite el paso 4.<\/p>\n<p>Paso 7: Enjuague la soluci\u00f3n restante con agua fr\u00eda durante 30 segundos. Seque suavemente la piel y aplique el suero hialur\u00f3nico hidratante post-peeling\/24 para nutrir la piel con ingredientes antienvejecimiento.<\/p>\n<p>&nbsp;<\/p>\n<p><strong>PROTOCOLO MESO:<\/strong><\/p>\n<p><strong>Profundidad recomendada por \u00e1rea:<\/strong><br \/>\nFrente &#8230;&#8230;&#8230;&#8230;&#8230;&#8230;&#8230;&#8230;&#8230;&#8230;&#8230;&#8230;&#8230;&#8230;&#8230;&#8230;&#8230;&#8230;&#8230; 1-1,5 mm<br \/>\nMejillas &#8230;&#8230;&#8230;&#8230;&#8230;&#8230;&#8230;&#8230;&#8230;&#8230;&#8230;&#8230;&#8230;&#8230;&#8230;&#8230;&#8230;&#8230; 1,5-2,5 mm<br \/>\nL\u00ednea de la mand\u00edbula y el ment\u00f3n&#8230;&#8230;&#8230;&#8230;. 1-1,5 mm<br \/>\nManos &#8230;&#8230;&#8230;&#8230;&#8230;&#8230;&#8230;&#8230;&#8230;&#8230;&#8230;&#8230;&#8230;&#8230;&#8230;&#8230;&#8230;&#8230;.. 1-2 mm<\/p>\n<p><strong>Tiempo recomendado por \u00e1rea<\/strong> utilizando sistemas de administraci\u00f3n transd\u00e9rmica (electroporaci\u00f3n, iontoforesis, ultrasonido, corrientes galv\u00e1nicas, corrientes continuas, radiofrecuencia, termoterapia)<br \/>\nRostro, ment\u00f3n y escote &#8230;&#8230;&#8230;&#8230;&#8230;&#8230;. 5 minutos<br \/>\nManos &#8230;&#8230;&#8230;&#8230;&#8230;&#8230;&#8230;&#8230;&#8230;&#8230;&#8230;&#8230;&#8230;&#8230;&#8230;&#8230; 5 minutos<\/p>\n<p><strong>Tiempo recomendado entre sesiones<\/strong><br \/>\nUso de TDS &#8230;&#8230;&#8230;&#8230;&#8230;&#8230;&#8230;&#8230;&#8230;&#8230;&#8230;&#8230;&#8230;&#8230;&#8230;&#8230;&#8230;&#8230;&#8230;&#8230;&#8230; Intervalos de 6 a 7 d\u00edas<br \/>\nUsando meso-pen o meso-roller &#8230;&#8230;&#8230;&#8230;&#8230;&#8230;&#8230;&#8230;&#8230;.. Intervalo de 8 a 10 d\u00edas<br \/>\nTradicional &#8230;&#8230;&#8230;&#8230;&#8230;&#8230;&#8230;&#8230;&#8230;&#8230;&#8230;&#8230;&#8230;&#8230;&#8230;&#8230;&#8230;&#8230;&#8230;&#8230;&#8230; .intervalo de 7 a 10 d\u00edas<\/p>\n<p><strong>n\u00famero de sesiones<\/strong><br \/>\nInicio del tratamiento &#8230;&#8230;&#8230;&#8230;&#8230;&#8230;&#8230;&#8230;&#8230;&#8230; 4-6<br \/>\nMantenimiento &#8230;&#8230;&#8230;&#8230;&#8230;&#8230;&#8230;&#8230;&#8230;&#8230;&#8230;&#8230;&#8230; a cada 5-6 meses 2 sesiones<\/p>\n"}],"download_file":false}},"_links":{"self":[{"href":"https:\/\/www.therapmedic.com\/es\/wp-json\/wp\/v2\/product\/3377","targetHints":{"allow":["GET"]}}],"collection":[{"href":"https:\/\/www.therapmedic.com\/es\/wp-json\/wp\/v2\/product"}],"about":[{"href":"https:\/\/www.therapmedic.com\/es\/wp-json\/wp\/v2\/types\/product"}],"wp:featuredmedia":[{"embeddable":true,"href":"https:\/\/www.therapmedic.com\/es\/wp-json\/wp\/v2\/media\/8495"}],"wp:attachment":[{"href":"https:\/\/www.therapmedic.com\/es\/wp-json\/wp\/v2\/media?parent=3377"}],"wp:term":[{"taxonomy":"product_brand","embeddable":true,"href":"https:\/\/www.therapmedic.com\/es\/wp-json\/wp\/v2\/product_brand?post=3377"},{"taxonomy":"product_cat","embeddable":true,"href":"https:\/\/www.therapmedic.com\/es\/wp-json\/wp\/v2\/product_cat?post=3377"},{"taxonomy":"product_tag","embeddable":true,"href":"https:\/\/www.therapmedic.com\/es\/wp-json\/wp\/v2\/product_tag?post=3377"}],"curies":[{"name":"wp","href":"https:\/\/api.w.org\/{rel}","templated":true}]}}