{"id":3368,"date":"2022-11-21T15:25:08","date_gmt":"2022-11-21T15:25:08","guid":{"rendered":"https:\/\/www.therapmedic.com\/product\/miami-skin\/"},"modified":"2023-04-22T16:48:49","modified_gmt":"2023-04-22T16:48:49","slug":"miami-skin","status":"publish","type":"product","link":"https:\/\/www.therapmedic.com\/es\/producto\/miami-skin\/","title":{"rendered":"Miami Skin"},"content":{"rendered":"<p id=\"tw-target-text\" class=\"tw-data-text tw-text-large tw-ta\" dir=\"ltr\" data-placeholder=\"Tradu\u00e7\u00e3o\"><span class=\"Y2IQFc\" lang=\"es\"><strong>Miami Skin<\/strong> &#8211; Antioxidante. Anti-radicales libres. coctel de vitaminas<\/span><\/p>\n<p>Soluci\u00f3n de mesoterapia con vitaminas, antioxidantes, radicales libres. Miami Skin contiene un c\u00f3ctel de vitaminas A, B, C y E es el tratamiento definitivo contra: el envejecimiento de la piel, los radicales libres, la pigmentaci\u00f3n y para aclarar la piel.<\/p>\n<p>Presentaci\u00f3n: Caja de 5 viales de 5 mL<\/p>\n<p>El precio mostrado es por caja de 5 viales.<\/p>\n","protected":false},"excerpt":{"rendered":"<p>Miami Skin &#8211; Antioxidante. Anti-radicales libres. coctel de vitaminas Soluci\u00f3n de mesoterapia con vitaminas, antioxidantes, radicales libres. Miami Skin contiene un c\u00f3ctel de vitaminas A, B, C y E es el tratamiento definitivo contra: el envejecimiento de la piel, los radicales libres, la pigmentaci\u00f3n y para aclarar la piel. Presentaci\u00f3n: Caja de 5 viales de [&hellip;]<\/p>\n","protected":false},"featured_media":8678,"template":"","meta":[],"product_brand":[],"product_cat":[1035,1236,1041,1250,1065,1258,1069,1278,1083,1089,1097,1098,1102,1120,1130,945,1134,947,1164,1025,1166,1027,1170,1029,1234],"product_tag":[],"class_list":{"0":"post-3368","1":"product","2":"type-product","3":"status-publish","4":"has-post-thumbnail","6":"product_cat-poca-elasticidad","7":"product_cat-piel-enviejecida-es-2","8":"product_cat-cuerpo","9":"product_cat-escote","10":"product_cat-estrias-es","11":"product_cat-melasmas-manchas-castanhas-es-2","12":"product_cat-gluteos-es","13":"product_cat-general-productos-equipos","14":"product_cat-poca-elasticidad-es","15":"product_cat-estrias-en-los-gluteos","16":"product_cat-rostro","17":"product_cat-acne-es","18":"product_cat-piel-enviejecida","19":"product_cat-piel-opaca-sin-brillo","20":"product_cat-poca-elasticidad-es-2","21":"product_cat-productos-de-mesoterapia","22":"product_cat-p","23":"product_cat-anti-envejecimiento","24":"product_cat-manos-es","25":"product_cat-areas-de-tratamientos-vs-produtos-tratamentos-con-equipos","26":"product_cat-piel-enviejecida-es","27":"product_cat-brazos","28":"product_cat-poca-elasticidad-es-3","29":"product_cat-pele-envelhecida-es","30":"product_cat-cuello","32":"first","33":"instock","34":"taxable","35":"shipping-taxable","36":"purchasable","37":"product-type-simple"},"acf":{"display":[],"short_name":"","display_equipment_products":[],"short_name_equipment_products":"","confidential_information":{"text_block":[{"title":"Ingredientes activos","textarea":"<p id=\"tw-target-text\" class=\"tw-data-text tw-text-large tw-ta\" dir=\"ltr\" data-placeholder=\"Tradu\u00e7\u00e3o\"><span class=\"Y2IQFc\" lang=\"es\"><strong>\u00c1cido asc\u00f3rbico, Vitamina C<\/strong> &#8211; Potente antioxidante que puede utilizarse para tratar y prevenir los cambios asociados al fotoenvejecimiento. Tambi\u00e9n se puede utilizar en el tratamiento de la hiperpigmentaci\u00f3n. Inhibe la actividad de la Tirosinasa actuando sobre el Cu2+ e impide la s\u00edntesis de melanina. <\/span><\/p>\n<p>Colecalciferol, vitamina D3: influye en el proceso de diferenciaci\u00f3n y crecimiento de los queratinocitos. Participa en el correcto mantenimiento de los gradientes c\u00e1lcicos cut\u00e1neos. Estimula la formaci\u00f3n de p\u00e9ptidos antimicrobianos eficaces como las defensinas y las catelicidinas. Prolonga la autoprotecci\u00f3n de la piel durante la exposici\u00f3n a las radiaciones UVB. Estimula las prote\u00ednas de choque t\u00e9rmico.<\/p>\n<p>Niacinamida, forma de vitamina B3 &#8211; Agente acondicionador de la piel. Agente antienvejecimiento, calmante y antiinflamatorio. Aumenta la inmunidad de la piel. Mejora el rendimiento de la barrera epid\u00e9rmica. Mejora las rojeces y las manchas de la piel. Mantiene el flujo de aceite de la piel regulado. Minimiza l\u00edneas y arrugas. Reduce la pigmentaci\u00f3n desigual al ralentizar la transferencia de melanina.<\/p>\n<p>Pantenol, Pro-vitamina B5 &#8211; Lubricante, emoliente y humectante. Humectante &#8211; Atrae y retiene la humedad. Proporciona cicatrizaci\u00f3n de heridas y tiene acci\u00f3n antiinflamatoria.<\/p>\n<p>Piridoxina ClH, Vitamina B6 &#8211; Antioxidante. agente acondicionador de la piel y el cabello.<\/p>\n<p>Palmitato de retinilo, forma de vitamina A &#8211; Es un agente acondicionador de la piel. Reduce la descamaci\u00f3n y restaura la elasticidad, mejorando as\u00ed la apariencia de la piel seca y da\u00f1ada. Tambi\u00e9n es un antioxidante eficaz: mejora la producci\u00f3n de col\u00e1geno y rellena la piel, ayudando a suavizar las l\u00edneas finas.<\/p>\n<p>Cloruro de Tiamina, Vitamina B1 &#8211; Agente acondicionador de la piel. Esencial para el metabolismo aer\u00f3bico y el crecimiento celular. Tras la hidr\u00f3lisis, es una coenzima para muchas actividades enzim\u00e1ticas que involucran el metabolismo de \u00e1cidos grasos, amino\u00e1cidos y carbohidratos.<\/p>\n<p>Acetato de tocoferilo, vitamina E &#8211; El acetato de tocoferilo es una forma de vitamina E. Antioxidante; Agente acondicionador de la piel. Protege las membranas celulares del da\u00f1o causado por los radicales libres de ox\u00edgeno.<\/p>\n"},{"title":"Mezclas Posibles","textarea":"<p><i>General Alopecia, No Wrinkles, <\/i><i>Mesolifting<\/i><i>, <\/i><i>Muraxin<\/i><i> Gold, <\/i><i>Revital<\/i><i> Mix, 3.5% <\/i><i>hy<\/i><i>-ac low viscosity solution, 3.5% <\/i><i>hy<\/i><i>-ac U-low viscosity solution<\/i><\/p>\n"},{"title":"Protocolo de tratamientos","textarea":"<p><strong>Reglas generales<\/strong><\/p>\n<p>Paso 1: Lavar la piel con un gel limpiador transparente y secar. No utilice cremas, lociones o limpiadores nacarados, ya que pueden dejar residuos.<\/p>\n<p>Paso 2: Desinfectar la zona con clorhexidina o similar<\/p>\n<p>Paso 3: Aplique una peque\u00f1a cantidad del producto en una gasa y exti\u00e9ndala sobre el \u00e1rea deseada (o use un cepillo de abanico) si est\u00e1 usando mesoterapia virtual o llene la jeringa con el producto si est\u00e1 usando mesoterapia cl\u00e1sica.<\/p>\n<p>Paso 4: Recorrer la zona con el instrumento siguiendo las instrucciones del fabricante<\/p>\n<p>Paso 5: Vuelva a aplicar la soluci\u00f3n seg\u00fan sea necesario para cubrir toda el \u00e1rea hasta que la piel est\u00e9 ligeramente h\u00fameda (en caso de mesoterapia virtual)<\/p>\n<p>Paso 6: Repite el paso 4.<\/p>\n<p>Paso 7: Enjuague la soluci\u00f3n restante con agua fr\u00eda durante 30 segundos. Seque suavemente la piel y aplique el suero hialur\u00f3nico hidratante post-peeling\/24 para nutrir la piel con ingredientes antienvejecimiento.<\/p>\n<p id=\"tw-target-text\" class=\"tw-data-text tw-text-large tw-ta\" dir=\"ltr\" data-placeholder=\"Tradu\u00e7\u00e3o\"><span class=\"Y2IQFc\" lang=\"es\"><strong>PROTOCOLO MESO:<\/strong><\/span><\/p>\n<p><strong>Profundidad recomendada por \u00e1rea<\/strong><br \/>\nAlrededor de los ojos &#8230;&#8230;&#8230;&#8230;&#8230;&#8230;&#8230;&#8230;&#8230; menos de 0,5 mm<br \/>\nFrente &#8230;&#8230;&#8230;&#8230;&#8230;&#8230;&#8230;&#8230;&#8230;&#8230;&#8230;&#8230;&#8230;&#8230;&#8230;&#8230;&#8230; 1-1,5 mm<br \/>\nMejillas &#8230;&#8230;&#8230;&#8230;&#8230;&#8230;&#8230;&#8230;&#8230;&#8230;&#8230;&#8230;&#8230;&#8230;&#8230;&#8230;. 1,5-2,5 mm<br \/>\nL\u00ednea de la mand\u00edbula y la barbilla &#8230;&#8230; 1-1,5 mm<br \/>\nManos &#8230;&#8230;&#8230;&#8230;&#8230;&#8230;&#8230;&#8230;&#8230;&#8230;&#8230;&#8230;&#8230;&#8230;&#8230;&#8230;&#8230;. 1-2 mm<\/p>\n<p><strong>Tiempo recomendado por \u00e1rea<\/strong> utilizando sistemas de administraci\u00f3n transd\u00e9rmica (electroporaci\u00f3n, iontoforesis, ultrasonido, corrientes galv\u00e1nicas, corrientes continuas, radiofrecuencia, termoterapia)<br \/>\nRostro, ment\u00f3n y escote &#8230;&#8230;&#8230;&#8230;&#8230;&#8230;. 5 minutos<br \/>\nManos &#8230;&#8230;&#8230;&#8230;&#8230;&#8230;&#8230;&#8230;&#8230;&#8230;&#8230;&#8230;&#8230;&#8230;&#8230;&#8230; 5 minutos<\/p>\n<p><strong>Tiempo recomendado entre sesiones:<\/strong><br \/>\nUso de TDS &#8230;&#8230;&#8230;&#8230;&#8230;&#8230;&#8230;&#8230;&#8230;&#8230;&#8230;&#8230;&#8230;&#8230;&#8230;&#8230;&#8230;&#8230;&#8230;&#8230;&#8230;. Intervalos de 6 a 7 d\u00edas<br \/>\nUsando meso-pen o meso-roller &#8230;&#8230;&#8230;&#8230;&#8230;&#8230;&#8230;&#8230;&#8230;&#8230;..intervalo de 8 a 10 d\u00edas<br \/>\nTradicional &#8230;&#8230;&#8230;&#8230;&#8230;&#8230;&#8230;&#8230;&#8230;&#8230;&#8230;&#8230;&#8230;&#8230;&#8230;&#8230;&#8230;&#8230;&#8230;&#8230;&#8230;..intervalo de 7 a 10 d\u00edas<\/p>\n<p><strong>N\u00famero de sesiones:<\/strong><br \/>\nInicio del tratamiento &#8230;&#8230;&#8230;&#8230;&#8230;&#8230;&#8230;&#8230;&#8230;.. 5-6;<br \/>\nMantenimiento &#8230;&#8230;&#8230;&#8230;&#8230;&#8230;&#8230;&#8230;&#8230;&#8230;&#8230;&#8230;&#8230; cada 3-5 meses<\/p>\n"}],"download_file":false}},"_links":{"self":[{"href":"https:\/\/www.therapmedic.com\/es\/wp-json\/wp\/v2\/product\/3368","targetHints":{"allow":["GET"]}}],"collection":[{"href":"https:\/\/www.therapmedic.com\/es\/wp-json\/wp\/v2\/product"}],"about":[{"href":"https:\/\/www.therapmedic.com\/es\/wp-json\/wp\/v2\/types\/product"}],"wp:featuredmedia":[{"embeddable":true,"href":"https:\/\/www.therapmedic.com\/es\/wp-json\/wp\/v2\/media\/8678"}],"wp:attachment":[{"href":"https:\/\/www.therapmedic.com\/es\/wp-json\/wp\/v2\/media?parent=3368"}],"wp:term":[{"taxonomy":"product_brand","embeddable":true,"href":"https:\/\/www.therapmedic.com\/es\/wp-json\/wp\/v2\/product_brand?post=3368"},{"taxonomy":"product_cat","embeddable":true,"href":"https:\/\/www.therapmedic.com\/es\/wp-json\/wp\/v2\/product_cat?post=3368"},{"taxonomy":"product_tag","embeddable":true,"href":"https:\/\/www.therapmedic.com\/es\/wp-json\/wp\/v2\/product_tag?post=3368"}],"curies":[{"name":"wp","href":"https:\/\/api.w.org\/{rel}","templated":true}]}}