{"id":3365,"date":"2022-11-22T16:54:03","date_gmt":"2022-11-22T16:54:03","guid":{"rendered":"https:\/\/www.therapmedic.com\/product\/dmae-3\/"},"modified":"2023-04-22T16:46:09","modified_gmt":"2023-04-22T16:46:09","slug":"dmae-3","status":"publish","type":"product","link":"https:\/\/www.therapmedic.com\/es\/producto\/dmae-3\/","title":{"rendered":"DMAE 3%"},"content":{"rendered":"<p id=\"tw-target-text\" class=\"tw-data-text tw-text-large tw-ta\" dir=\"ltr\" data-placeholder=\"Tradu\u00e7\u00e3o\"><span class=\"Y2IQFc\" lang=\"es\"><strong>DMAE 3%<\/strong> &#8211; soluci\u00f3n reafirmante. Protege la elastina y el col\u00e1geno &#8211; Anti-radicales libres. Rejuvenecimiento de la piel de cuello y escote<\/span><\/p>\n<p>Mesoterapia especial para ayudar a mejorar el rejuvenecimiento de la piel de cuello y escote, soluci\u00f3n reafirmante. DMAE act\u00faa como una soluci\u00f3n reafirmante para mejorar la apariencia de la piel fl\u00e1cida y fl\u00e1cida.<\/p>\n<p>Presentaci\u00f3n: Caja de 5 viales de 5 mL<\/p>\n<p>El precio mostrado es por caja de 5 viales.<\/p>\n","protected":false},"excerpt":{"rendered":"<p>DMAE 3% &#8211; soluci\u00f3n reafirmante. Protege la elastina y el col\u00e1geno &#8211; Anti-radicales libres. Rejuvenecimiento de la piel de cuello y escote Mesoterapia especial para ayudar a mejorar el rejuvenecimiento de la piel de cuello y escote, soluci\u00f3n reafirmante. DMAE act\u00faa como una soluci\u00f3n reafirmante para mejorar la apariencia de la piel fl\u00e1cida y fl\u00e1cida. [&hellip;]<\/p>\n","protected":false},"featured_media":2577,"template":"","meta":[],"product_brand":[],"product_cat":[1087,1097,1142,1214,1222,1278,945,947,1025,1027,1039,1041,1063,1069,1081],"product_tag":[],"class_list":{"0":"post-3365","1":"product","2":"type-product","3":"status-publish","4":"has-post-thumbnail","6":"product_cat-piel-flacida-es-2","7":"product_cat-rostro","8":"product_cat-piel-flacida-es-3","9":"product_cat-piernas","10":"product_cat-piel-flacida-es-5","11":"product_cat-general-productos-equipos","12":"product_cat-productos-de-mesoterapia","13":"product_cat-anti-envejecimiento","14":"product_cat-areas-de-tratamientos-vs-produtos-tratamentos-con-equipos","15":"product_cat-brazos","16":"product_cat-piel-flacida","17":"product_cat-cuerpo","18":"product_cat-piel-flacida-es","19":"product_cat-gluteos-es","20":"product_cat-gluteos-flacidos-y-caidos","22":"first","23":"instock","24":"taxable","25":"shipping-taxable","26":"purchasable","27":"product-type-simple"},"acf":{"display":[],"short_name":"","display_equipment_products":[],"short_name_equipment_products":"","confidential_information":{"text_block":[{"title":"Ingredientes Activos","textarea":"<p id=\"tw-target-text\" class=\"tw-data-text tw-text-large tw-ta\" dir=\"ltr\" data-placeholder=\"Tradu\u00e7\u00e3o\"><span class=\"Y2IQFc\" lang=\"es\"><strong>Dimetilaminoetanol<\/strong> &#8211; aumenta la firmeza de la piel y reduce la inflamaci\u00f3n de la piel. puede ayudar a disminuir las arrugas finas en la frente y alrededor de los ojos y mejorar la apariencia general de la piel envejecida. Adem\u00e1s, no parece causar efectos secundarios comunes como enrojecimiento, descamaci\u00f3n y sequedad. <\/span><\/p>\n<p>\u00c1cido l\u00e1ctico: se encuentra de forma natural en la leche, aunque el \u00e1cido l\u00e1ctico de los productos actuales para el cuidado de la piel se produce de forma sint\u00e9tica. El \u00e1cido l\u00e1ctico se usa para exfoliar la piel, aclarar las manchas oscuras y mejorar la apariencia de las l\u00edneas finas y las arrugas. Cleopatra, cuenta la leyenda, se ba\u00f1aba regularmente en leche para mantener su piel hermosa. Y probablemente funcion\u00f3, gracias al \u00e1cido l\u00e1ctico.<\/p>\n"},{"title":"Mezclas Posibles","textarea":"<p><i>3.5% <\/i><i>hy<\/i><i>-ac low viscosity solution, 3.5% <\/i><i>hy<\/i><i>-ac Ultra low viscosity solution, <\/i><i>Mesolifting<\/i><i>, No Wrinkles, Forever Young<\/i><\/p>\n"},{"title":"Protocolos de tratamientos","textarea":"<p><strong>Reglas generales<\/strong><\/p>\n<p>Paso 1: Lavar la piel con un gel limpiador transparente y secar. No utilice cremas, lociones o limpiadores nacarados, ya que pueden dejar residuos.<\/p>\n<p>Paso 2: Desinfectar la zona con clorhexidina o similar<\/p>\n<p>Paso 3: Aplique una peque\u00f1a cantidad del producto en una gasa y exti\u00e9ndala sobre el \u00e1rea deseada (o use un cepillo de abanico) si est\u00e1 usando mesoterapia virtual o llene la jeringa con el producto si est\u00e1 usando mesoterapia cl\u00e1sica.<\/p>\n<p>Paso 4: Recorrer la zona con el instrumento siguiendo las instrucciones del fabricante<\/p>\n<p>Paso 5: Vuelva a aplicar la soluci\u00f3n seg\u00fan sea necesario para cubrir toda el \u00e1rea hasta que la piel est\u00e9 ligeramente h\u00fameda (en caso de mesoterapia virtual)<\/p>\n<p>Paso 6: Repite el paso 4.<\/p>\n<p>Paso 7: Enjuague la soluci\u00f3n restante con agua fr\u00eda durante 30 segundos. Seque suavemente la piel y aplique el suero hialur\u00f3nico hidratante post-peeling\/24 para nutrir la piel con ingredientes antienvejecimiento.<\/p>\n<p id=\"tw-target-text\" class=\"tw-data-text tw-text-large tw-ta\" dir=\"ltr\" data-placeholder=\"Tradu\u00e7\u00e3o\"><span class=\"Y2IQFc\" lang=\"es\"><strong>PROTOCOLO MESO<\/strong>:<\/span><\/p>\n<p><strong>Profundidad recomendada por \u00e1rea<\/strong><br \/>\nAlrededor de los ojos &#8230;&#8230;&#8230;&#8230;&#8230;&#8230;&#8230;&#8230;&#8230;&#8230;&#8230; menos de 0,5 mm<br \/>\nFrente &#8230;&#8230;&#8230;&#8230;&#8230;&#8230;&#8230;&#8230;&#8230;&#8230;&#8230;&#8230;&#8230;&#8230;&#8230;&#8230;&#8230;&#8230;&#8230; 1-1,5 mm<br \/>\nMejillas &#8230;&#8230;&#8230;&#8230;&#8230;&#8230;&#8230;&#8230;&#8230;&#8230;&#8230;&#8230;&#8230;&#8230;&#8230;&#8230;&#8230;&#8230;. 1,5-2,5 mm<br \/>\nL\u00ednea de la mand\u00edbula y la barbilla &#8230;&#8230;&#8230;&#8230; 1-1,5 mm<br \/>\nManos &#8230;&#8230;&#8230;&#8230;&#8230;&#8230;&#8230;&#8230;&#8230;&#8230;&#8230;&#8230;&#8230;&#8230;&#8230;&#8230;&#8230;&#8230;&#8230; 1-2 mm<\/p>\n<p><strong>Tiempo recomendado por \u00e1rea<\/strong> utilizando sistemas de administraci\u00f3n transd\u00e9rmica (electroporaci\u00f3n, iontoforesis, ultrasonido, corrientes galv\u00e1nicas, corrientes continuas, radiofrecuencia, termoterapia)<br \/>\nRostro, ment\u00f3n y escote &#8230;&#8230;&#8230;&#8230;&#8230;&#8230;. 5 minutos<br \/>\nManos &#8230;&#8230;&#8230;&#8230;&#8230;&#8230;&#8230;&#8230;&#8230;&#8230;&#8230;&#8230;&#8230;&#8230;&#8230;&#8230; 5 minutos<\/p>\n<p><strong>Tiempo recomendado entre sesiones:<\/strong><br \/>\nUso de TDS &#8230;&#8230;&#8230;&#8230;&#8230;&#8230;&#8230;&#8230;&#8230;&#8230;&#8230;&#8230;&#8230;&#8230;&#8230;&#8230;&#8230;&#8230;&#8230;&#8230;&#8230;. Intervalos de 6 a 7 d\u00edas<br \/>\nUsando meso-pen o meso-roller &#8230;&#8230;&#8230;&#8230;&#8230;&#8230;&#8230;&#8230;&#8230;&#8230;..intervalo de 8 a 10 d\u00edas<br \/>\nTradicional &#8230;&#8230;&#8230;&#8230;&#8230;&#8230;&#8230;&#8230;&#8230;&#8230;&#8230;&#8230;&#8230;&#8230;&#8230;&#8230;&#8230;&#8230;&#8230;&#8230;&#8230;&#8230;intervalo de 7 a 10 d\u00edas<\/p>\n<p><strong>N\u00famero de sesiones:<\/strong><br \/>\nInicio del tratamiento &#8230;&#8230;&#8230;&#8230;&#8230;&#8230;&#8230;&#8230;&#8230;.. 5-6;<br \/>\nMantenimiento &#8230;&#8230;&#8230;&#8230;&#8230;&#8230;&#8230;&#8230;&#8230;&#8230;&#8230;&#8230;&#8230; cada 3-5 meses<\/p>\n"}],"download_file":false}},"_links":{"self":[{"href":"https:\/\/www.therapmedic.com\/es\/wp-json\/wp\/v2\/product\/3365","targetHints":{"allow":["GET"]}}],"collection":[{"href":"https:\/\/www.therapmedic.com\/es\/wp-json\/wp\/v2\/product"}],"about":[{"href":"https:\/\/www.therapmedic.com\/es\/wp-json\/wp\/v2\/types\/product"}],"wp:featuredmedia":[{"embeddable":true,"href":"https:\/\/www.therapmedic.com\/es\/wp-json\/wp\/v2\/media\/2577"}],"wp:attachment":[{"href":"https:\/\/www.therapmedic.com\/es\/wp-json\/wp\/v2\/media?parent=3365"}],"wp:term":[{"taxonomy":"product_brand","embeddable":true,"href":"https:\/\/www.therapmedic.com\/es\/wp-json\/wp\/v2\/product_brand?post=3365"},{"taxonomy":"product_cat","embeddable":true,"href":"https:\/\/www.therapmedic.com\/es\/wp-json\/wp\/v2\/product_cat?post=3365"},{"taxonomy":"product_tag","embeddable":true,"href":"https:\/\/www.therapmedic.com\/es\/wp-json\/wp\/v2\/product_tag?post=3365"}],"curies":[{"name":"wp","href":"https:\/\/api.w.org\/{rel}","templated":true}]}}