{"id":3362,"date":"2022-11-22T17:01:39","date_gmt":"2022-11-22T17:01:39","guid":{"rendered":"https:\/\/www.therapmedic.com\/product\/young-lift-face\/"},"modified":"2026-04-29T18:28:05","modified_gmt":"2026-04-29T18:28:05","slug":"young-lift-face","status":"publish","type":"product","link":"https:\/\/www.therapmedic.com\/es\/producto\/young-lift-face\/","title":{"rendered":"Baby Face"},"content":{"rendered":"<p id=\"tw-target-text\" class=\"tw-data-text tw-text-large tw-ta\" dir=\"ltr\" data-placeholder=\"Tradu\u00e7\u00e3o\"><span class=\"Y2IQFc\" lang=\"es\"><strong>Baby Face<\/strong>&#8211; Anti-arrugas, anti-radicales libres. Booster de col\u00e1geno, estimula las c\u00e9lulas madre y activa el tono muscular. hidrata la piel<\/span><\/p>\n<p>Young &amp; lift face es un c\u00f3ctel cuya acci\u00f3n principal es recuperar y reforzar la matriz. En la piel, el silicio juega un papel importante para la s\u00edntesis \u00f3ptima de col\u00e1geno y la activaci\u00f3n de enzimas hidroxilantes, mejorando la fuerza y \u200b\u200belasticidad de la piel y, al mismo tiempo y actuando sin\u00e9rgicamente, se produce un efecto hidratante debido al \u00e1cido hialur\u00f3nico y un efecto lifting del DMAE junto con la actividad antioxidante de las vitaminas A y E.<\/p>\n<p>Presentaci\u00f3n: Caja de 5 viales de 5 mL<\/p>\n<p>El precio mostrado es por caja de 5 viales.<\/p>\n","protected":false},"excerpt":{"rendered":"<p>Baby Face&#8211; Anti-arrugas, anti-radicales libres. Booster de col\u00e1geno, estimula las c\u00e9lulas madre y activa el tono muscular. hidrata la piel Young &amp; lift face es un c\u00f3ctel cuya acci\u00f3n principal es recuperar y reforzar la matriz. En la piel, el silicio juega un papel importante para la s\u00edntesis \u00f3ptima de col\u00e1geno y la activaci\u00f3n de [&hellip;]<\/p>\n","protected":false},"featured_media":8534,"template":"","meta":[],"product_brand":[],"product_cat":[945,947,1025,1069,1083,1097,1128,1130,1164,1170,1278],"product_tag":[],"class_list":{"0":"post-3362","1":"product","2":"type-product","3":"status-publish","4":"has-post-thumbnail","6":"product_cat-productos-de-mesoterapia","7":"product_cat-anti-envejecimiento","8":"product_cat-areas-de-tratamientos-vs-produtos-tratamentos-con-equipos","9":"product_cat-gluteos-es","10":"product_cat-poca-elasticidad-es","11":"product_cat-rostro","12":"product_cat-mejora-del-contorno-facial","13":"product_cat-poca-elasticidad-es-2","14":"product_cat-manos-es","15":"product_cat-poca-elasticidad-es-3","16":"product_cat-general-productos-equipos","18":"first","19":"instock","20":"taxable","21":"shipping-taxable","22":"purchasable","23":"product-type-simple"},"acf":{"display":[],"short_name":"","display_equipment_products":[],"short_name_equipment_products":"","confidential_information":{"text_block":[{"title":"Ingredientes activos","textarea":"<p id=\"tw-target-text\" class=\"tw-data-text tw-text-large tw-ta\" dir=\"ltr\" data-placeholder=\"Tradu\u00e7\u00e3o\"><span class=\"Y2IQFc\" lang=\"es\"><strong>Manuronato de metilsilanol<\/strong> &#8211; es un derivado org\u00e1nico del silicio. El silicio es importante para la salud de las u\u00f1as, el cabello, los huesos y la piel de los seres humanos. Es necesario para la s\u00edntesis de col\u00e1geno y elastina, que son prote\u00ednas que ayudan a mantener la apariencia juvenil de la piel. El manuronato de metilsilanol se usa principalmente como ingrediente antienvejecimiento porque tiene la capacidad de proteger la piel de los radicales libres, proteger el col\u00e1geno y la elastina contra la glicaci\u00f3n, estimular la producci\u00f3n de col\u00e1geno, reducir la inflamaci\u00f3n y promover la lip\u00f3lisis. Es un antienvejecimiento, protegiendo la piel contra los radicales libres aumentando la resistencia de la membrana celular. El resultado es una piel m\u00e1s firme, suave y de aspecto m\u00e1s joven. El manuronato de metilsilanol induce la liberaci\u00f3n del exceso de \u00e1cidos grasos contenidos en los adipocitos (c\u00e9lulas grasas), lo que produce un efecto adelgazante en el cuerpo. Esto hace que el manuronato de metilsilanol sea un ingrediente \u00fatil en los productos para el cuidado de la piel contra la celulitis. <\/span><\/p>\n<p>Acetato de tocoferilo, vitamina E &#8211; El acetato de tocoferilo es una forma de vitamina E. Antioxidante; Agente acondicionador de la piel. Protege las membranas celulares del da\u00f1o causado por los radicales libres de ox\u00edgeno.<\/p>\n<p>Dimetil MEA, DMAE: induce un aumento en el grosor de la fibra de col\u00e1geno. Tiene hermosos efectos reafirmantes de la piel. Es un agente antiinflamatorio moderadamente activo.<\/p>\n<p>\u00c1cido Hialur\u00f3nico Ultra-Bajo m.w. 8 Kd &#8211; \u00c1cido hialur\u00f3nico 8 Kd. Aumenta la producci\u00f3n de elastina, as\u00ed como de fibronectina, glucosaminoglicanos y col\u00e1geno. Efecto hidratante.<\/p>\n<p>Palmitato de retinilo, forma de vitamina A &#8211; Es un agente acondicionador de la piel. Reduce la descamaci\u00f3n y restaura la elasticidad, mejorando as\u00ed la apariencia de la piel seca y da\u00f1ada. Tambi\u00e9n es un antioxidante eficaz: mejora la producci\u00f3n de col\u00e1geno y rellena la piel, ayudando a suavizar las l\u00edneas finas.<\/p>\n"},{"title":"MEzclas Posibles","textarea":"<p><i>General Alopecia, <\/i><i>Revital<\/i> <i>Mix<\/i><i>, <\/i><i>3.5% <\/i><i>hy<\/i><i>-ac low viscosity solution, 3.5% <\/i><i>hy<\/i><i>-ac U-low viscosity solution, Miami Skin<\/i><\/p>\n"},{"title":"Protocolos de tratamientos","textarea":"<p><strong>Reglas generales<\/strong><\/p>\n<p>Paso 1: Lavar la piel con un gel limpiador transparente y secar. No utilice cremas, lociones o limpiadores nacarados, ya que pueden dejar residuos.<\/p>\n<p>Paso 2: Desinfectar la zona con clorhexidina o similar<\/p>\n<p>Paso 3: Aplique una peque\u00f1a cantidad del producto en una gasa y exti\u00e9ndala sobre el \u00e1rea deseada (o use un cepillo de abanico) si est\u00e1 usando mesoterapia virtual o llene la jeringa con el producto si est\u00e1 usando mesoterapia cl\u00e1sica.<\/p>\n<p>Paso 4: Recorrer la zona con el instrumento siguiendo las instrucciones del fabricante<\/p>\n<p>Paso 5: Vuelva a aplicar la soluci\u00f3n seg\u00fan sea necesario para cubrir toda el \u00e1rea hasta que la piel est\u00e9 ligeramente h\u00fameda (en caso de mesoterapia virtual)<\/p>\n<p>Paso 6: Repite el paso 4.<\/p>\n<p>Paso 7: Enjuague la soluci\u00f3n restante con agua fr\u00eda durante 30 segundos. Seque suavemente la piel y aplique el suero hialur\u00f3nico hidratante post-peeling\/24 para nutrir la piel con ingredientes antienvejecimiento.<\/p>\n<p id=\"tw-target-text\" class=\"tw-data-text tw-text-large tw-ta\" dir=\"ltr\" data-placeholder=\"Tradu\u00e7\u00e3o\"><span class=\"Y2IQFc\" lang=\"es\"><strong>PROTOCOLO MESO<\/strong>: <\/span><\/p>\n<p class=\"tw-data-text tw-text-large tw-ta\" dir=\"ltr\" data-placeholder=\"Tradu\u00e7\u00e3o\"><span class=\"Y2IQFc\" lang=\"es\"><strong>Profundidad recomendada por \u00e1rea<\/strong> <\/span><\/p>\n<p class=\"tw-data-text tw-text-large tw-ta\" dir=\"ltr\" data-placeholder=\"Tradu\u00e7\u00e3o\"><span class=\"Y2IQFc\" lang=\"es\">Alrededor de los ojos &#8230;&#8230;&#8230;&#8230;. menos de 0,5 mm <\/span><\/p>\n<p class=\"tw-data-text tw-text-large tw-ta\" dir=\"ltr\" data-placeholder=\"Tradu\u00e7\u00e3o\"><span class=\"Y2IQFc\" lang=\"es\">Frente &#8230;&#8230;&#8230;&#8230;&#8230;&#8230;&#8230;&#8230;&#8230;&#8230;&#8230;&#8230; 1-1,5 mm <\/span><\/p>\n<p class=\"tw-data-text tw-text-large tw-ta\" dir=\"ltr\" data-placeholder=\"Tradu\u00e7\u00e3o\"><span class=\"Y2IQFc\" lang=\"es\">Mejillas &#8230;&#8230;&#8230;&#8230;&#8230;&#8230;&#8230;&#8230;&#8230;.. 1,5-2,5 mm <\/span><\/p>\n<p class=\"tw-data-text tw-text-large tw-ta\" dir=\"ltr\" data-placeholder=\"Tradu\u00e7\u00e3o\"><span class=\"Y2IQFc\" lang=\"es\">L\u00ednea de la mand\u00edbula y la barbilla &#8230;&#8230; 1-1,5 mm <\/span><\/p>\n<p class=\"tw-data-text tw-text-large tw-ta\" dir=\"ltr\" data-placeholder=\"Tradu\u00e7\u00e3o\"><span class=\"Y2IQFc\" lang=\"es\">Manos &#8230;&#8230;&#8230;&#8230;&#8230;&#8230;&#8230;&#8230;&#8230;&#8230;&#8230;&#8230;&#8230;&#8230;&#8230; 1-2 mm <\/span><\/p>\n<p class=\"tw-data-text tw-text-large tw-ta\" dir=\"ltr\" data-placeholder=\"Tradu\u00e7\u00e3o\"><span class=\"Y2IQFc\" lang=\"es\"><strong>Tiempo recomendado por \u00e1rea<\/strong> utilizando sistemas de administraci\u00f3n transd\u00e9rmica (electroporaci\u00f3n, iontoforesis, ultrasonido, corrientes galv\u00e1nicas, corrientes continuas, radiofrecuencia, termoterapia) <\/span><\/p>\n<p class=\"tw-data-text tw-text-large tw-ta\" dir=\"ltr\" data-placeholder=\"Tradu\u00e7\u00e3o\"><span class=\"Y2IQFc\" lang=\"es\">Rostro, ment\u00f3n y escote &#8230;&#8230;&#8230;.. 5 minutos <\/span><\/p>\n<p class=\"tw-data-text tw-text-large tw-ta\" dir=\"ltr\" data-placeholder=\"Tradu\u00e7\u00e3o\"><span class=\"Y2IQFc\" lang=\"es\">Manos &#8230;&#8230;&#8230;&#8230;&#8230;&#8230;&#8230;&#8230;&#8230;&#8230;&#8230;&#8230;&#8230;&#8230;&#8230;&#8230; 5 minutos <\/span><\/p>\n<p class=\"tw-data-text tw-text-large tw-ta\" dir=\"ltr\" data-placeholder=\"Tradu\u00e7\u00e3o\"><span class=\"Y2IQFc\" lang=\"es\"><strong>Tiempo recomendado entre sesiones:<\/strong> <\/span><\/p>\n<p class=\"tw-data-text tw-text-large tw-ta\" dir=\"ltr\" data-placeholder=\"Tradu\u00e7\u00e3o\"><span class=\"Y2IQFc\" lang=\"es\">Uso de TDS &#8230;&#8230;&#8230;&#8230;&#8230;&#8230;&#8230;&#8230;&#8230;&#8230;&#8230;&#8230;&#8230;&#8230;&#8230;&#8230;.. &#8230;&#8230;&#8230;&#8230;&#8230;&#8230;&#8230; Intervalos de 6 a 7 d\u00edas <\/span><\/p>\n<p class=\"tw-data-text tw-text-large tw-ta\" dir=\"ltr\" data-placeholder=\"Tradu\u00e7\u00e3o\"><span class=\"Y2IQFc\" lang=\"es\">Usando meso-pen o meso-roller &#8230;&#8230;&#8230;..intervalo de 8 a 10 d\u00edas <\/span><\/p>\n<p class=\"tw-data-text tw-text-large tw-ta\" dir=\"ltr\" data-placeholder=\"Tradu\u00e7\u00e3o\"><span class=\"Y2IQFc\" lang=\"es\">Tradicional &#8230;&#8230;&#8230;&#8230;&#8230;&#8230;&#8230;&#8230;&#8230;&#8230;&#8230;&#8230;&#8230;&#8230;&#8230;&#8230;. &#8230;&#8230;&#8230;&#8230;&#8230;&#8230;&#8230; .intervalo de 7 a 10 d\u00edas <\/span><\/p>\n<p class=\"tw-data-text tw-text-large tw-ta\" dir=\"ltr\" data-placeholder=\"Tradu\u00e7\u00e3o\"><span class=\"Y2IQFc\" lang=\"es\"><strong>N\u00famero de sesiones:<\/strong> <\/span><\/p>\n<p class=\"tw-data-text tw-text-large tw-ta\" dir=\"ltr\" data-placeholder=\"Tradu\u00e7\u00e3o\"><span class=\"Y2IQFc\" lang=\"es\">Inicio del tratamiento &#8230;&#8230;&#8230;&#8230;&#8230;&#8230;&#8230;&#8230;&#8230;.. 5-6; <\/span><\/p>\n<p class=\"tw-data-text tw-text-large tw-ta\" dir=\"ltr\" data-placeholder=\"Tradu\u00e7\u00e3o\"><span class=\"Y2IQFc\" lang=\"es\">Mantenimiento &#8230;&#8230;&#8230;.. cada 3-5 meses<\/span><\/p>\n"}],"download_file":false}},"_links":{"self":[{"href":"https:\/\/www.therapmedic.com\/es\/wp-json\/wp\/v2\/product\/3362","targetHints":{"allow":["GET"]}}],"collection":[{"href":"https:\/\/www.therapmedic.com\/es\/wp-json\/wp\/v2\/product"}],"about":[{"href":"https:\/\/www.therapmedic.com\/es\/wp-json\/wp\/v2\/types\/product"}],"wp:featuredmedia":[{"embeddable":true,"href":"https:\/\/www.therapmedic.com\/es\/wp-json\/wp\/v2\/media\/8534"}],"wp:attachment":[{"href":"https:\/\/www.therapmedic.com\/es\/wp-json\/wp\/v2\/media?parent=3362"}],"wp:term":[{"taxonomy":"product_brand","embeddable":true,"href":"https:\/\/www.therapmedic.com\/es\/wp-json\/wp\/v2\/product_brand?post=3362"},{"taxonomy":"product_cat","embeddable":true,"href":"https:\/\/www.therapmedic.com\/es\/wp-json\/wp\/v2\/product_cat?post=3362"},{"taxonomy":"product_tag","embeddable":true,"href":"https:\/\/www.therapmedic.com\/es\/wp-json\/wp\/v2\/product_tag?post=3362"}],"curies":[{"name":"wp","href":"https:\/\/api.w.org\/{rel}","templated":true}]}}