{"id":3359,"date":"2022-11-22T17:09:12","date_gmt":"2022-11-22T17:09:12","guid":{"rendered":"https:\/\/www.therapmedic.com\/product\/revital-mix\/"},"modified":"2023-04-22T16:43:37","modified_gmt":"2023-04-22T16:43:37","slug":"revital-mix","status":"publish","type":"product","link":"https:\/\/www.therapmedic.com\/es\/producto\/revital-mix\/","title":{"rendered":"Revital Mix"},"content":{"rendered":"<p id=\"tw-target-text\" class=\"tw-data-text tw-text-large tw-ta\" dir=\"ltr\" data-placeholder=\"Tradu\u00e7\u00e3o\"><span class=\"Y2IQFc\" lang=\"es\"><strong>Revital Mix:<\/strong> limita la extensi\u00f3n de la hiperpigmentaci\u00f3n. Reduce la decoloraci\u00f3n de la piel.<\/span><\/p>\n<p>Soluci\u00f3n de mesoterapia para ayudar a limitar la hiperpigmentaci\u00f3n, reduce la decoloraci\u00f3n de la piel. Las manchas de la edad son el resultado de una producci\u00f3n excesiva de melanina. El envejecimiento de la piel, la exposici\u00f3n al sol u otras formas de exposici\u00f3n a la luz ultravioleta (UV), como las camas de bronceado, son todas causas posibles. Por lo general, ocurren en \u00e1reas de la piel expuestas al sol. Revital Mix es una soluci\u00f3n dise\u00f1ada para limitar el grado de hiperpigmentaci\u00f3n u oscurecimiento de la piel que est\u00e1 presente en el embarazo.<\/p>\n<p>Presentaci\u00f3n: Caja de 5 viales de 5 mL<\/p>\n<p>El precio mostrado es por caja de 5 viales.<\/p>\n","protected":false},"excerpt":{"rendered":"<p>Revital Mix: limita la extensi\u00f3n de la hiperpigmentaci\u00f3n. Reduce la decoloraci\u00f3n de la piel. Soluci\u00f3n de mesoterapia para ayudar a limitar la hiperpigmentaci\u00f3n, reduce la decoloraci\u00f3n de la piel. Las manchas de la edad son el resultado de una producci\u00f3n excesiva de melanina. El envejecimiento de la piel, la exposici\u00f3n al sol u otras formas [&hellip;]<\/p>\n","protected":false},"featured_media":8706,"template":"","meta":[],"product_brand":[],"product_cat":[1114,1128,1132,945,1164,949,1172,1025,1174,1027,1214,1037,1220,1041,1234,1045,1242,1055,1278,1065,1069,1085,1089,1097],"product_tag":[],"class_list":{"0":"post-3359","1":"product","2":"type-product","3":"status-publish","4":"has-post-thumbnail","6":"product_cat-diferentes-tonos-de-piel-es","7":"product_cat-mejora-del-contorno-facial","8":"product_cat-melasmas-manchas-marrones-hiperpigmentacion","9":"product_cat-productos-de-mesoterapia","10":"product_cat-manos-es","11":"product_cat-anti-manchas-marrones-melasmas","12":"product_cat-melasmas-manchas-marrones-es-2","13":"product_cat-areas-de-tratamientos-vs-produtos-tratamentos-con-equipos","14":"product_cat-piel-flacida-es-4","15":"product_cat-brazos","16":"product_cat-piernas","17":"product_cat-melasmas-manchas-marrones","18":"product_cat-melasmas-manchas-marrones-es-3","19":"product_cat-cuerpo","20":"product_cat-cuello","21":"product_cat-diferentes-tonos-de-piel","22":"product_cat-melasmas-manchas-marrones-es-4","23":"product_cat-melasmas-manchas-marrones-es","24":"product_cat-general-productos-equipos","25":"product_cat-estrias-es","26":"product_cat-gluteos-es","27":"product_cat-melasmas-manchas-castanhas-es","28":"product_cat-estrias-en-los-gluteos","29":"product_cat-rostro","31":"first","32":"instock","33":"taxable","34":"shipping-taxable","35":"purchasable","36":"product-type-simple"},"acf":{"display":[],"short_name":"","display_equipment_products":[],"short_name_equipment_products":"","confidential_information":{"text_block":[{"title":"Ingredientes Activos","textarea":"<p id=\"tw-target-text\" class=\"tw-data-text tw-text-large tw-ta\" dir=\"ltr\" data-placeholder=\"Tradu\u00e7\u00e3o\"><span class=\"Y2IQFc\" lang=\"es\"><strong>Arbutina<\/strong>: bloquea la actividad de la tirosinasa y reduce la producci\u00f3n de melanina de la piel. Actividad antibacterial. Actividad antioxidante y antiinflamatoria. <\/span><\/p>\n<p>\u00c1cido asc\u00f3rbico, Vitamina C &#8211; Potente antioxidante que puede utilizarse para tratar y prevenir los cambios asociados al fotoenvejecimiento. Tambi\u00e9n se puede utilizar en el tratamiento de la hiperpigmentaci\u00f3n. Inhibe la actividad de la tirosinasa actuando sobre el Cu2+ y evitando la s\u00edntesis de melanina.<\/p>\n<p>\u00c1cido azelaico: antibacteriano que lo convierte en un excelente tratamiento para el acn\u00e9. Ayuda con la hiperpigmentaci\u00f3n debido a la inhibici\u00f3n parcial de la tirosinasa. Disminuye las imperfecciones de la piel, ayuda a desvanecer la apariencia de las marcas rojas posteriores al acn\u00e9 y otras decoloraciones, refina la superficie de la piel y revela un tono de piel m\u00e1s uniforme.<\/p>\n<p>\u00c1cido k\u00f3jico: eficaz para iluminar el tono desigual de la piel. Inhibidor moderado de la formaci\u00f3n de melanina en tejidos animales. Tiene propiedades antibacterianas y antif\u00fangicas. Antioxidante.<\/p>\n<p>Acetato de tocoferilo, vitamina E &#8211; El acetato de tocoferilo es una forma de vitamina E. Antioxidante; Agente acondicionador de la piel. Protege las membranas celulares del da\u00f1o causado por los radicales libres de ox\u00edgeno.<\/p>\n<p>Urea &#8211; Mayor absorci\u00f3n de la piel. es uno de los ingredientes humectantes m\u00e1s efectivos en la qu\u00edmica cosm\u00e9tica. El papel de la urea en la piel es mantener un equilibrio saludable de humedad, manteni\u00e9ndola suave, flexible y juvenil, brindando el alivio que tanto necesita la piel seca. hidrataci\u00f3n natural, que disminuye con la edad.<\/p>\n"},{"title":"Mezclas Posibles","textarea":"<p><i>3.5% <\/i><i>hy<\/i><i>-ac low viscosity solution, 3.5% <\/i><i>hy<\/i><i>-ac Ultra low viscosity solution, <\/i><\/p>\n<p><i>2% <\/i><i>hy<\/i><i>-ac low viscosity solution, vitamin C,\u00a0 Miami Skin<\/i><\/p>\n"},{"title":"Protocolos de tratamientos","textarea":"<p><strong>Reglas generales<\/strong><\/p>\n<p>Paso 1: Lavar la piel con un gel limpiador transparente y secar. No utilice cremas, lociones o limpiadores nacarados, ya que pueden dejar residuos.<\/p>\n<p>Paso 2: Desinfectar la zona con clorhexidina o similar<\/p>\n<p>Paso 3: Aplique una peque\u00f1a cantidad del producto en una gasa y exti\u00e9ndala sobre el \u00e1rea deseada (o use un cepillo de abanico) si est\u00e1 usando mesoterapia virtual o llene la jeringa con el producto si est\u00e1 usando mesoterapia cl\u00e1sica.<\/p>\n<p>Paso 4: Recorrer la zona con el instrumento siguiendo las instrucciones del fabricante<\/p>\n<p>Paso 5: Vuelva a aplicar la soluci\u00f3n seg\u00fan sea necesario para cubrir toda el \u00e1rea hasta que la piel est\u00e9 ligeramente h\u00fameda (en caso de mesoterapia virtual)<\/p>\n<p>Paso 6: Repite el paso 4.<\/p>\n<p>Paso 7: Enjuague la soluci\u00f3n restante con agua fr\u00eda durante 30 segundos. Seque suavemente la piel y aplique el suero hialur\u00f3nico hidratante post-peeling\/24 para nutrir la piel con ingredientes antienvejecimiento.<\/p>\n<p>&nbsp;<\/p>\n<p><strong>PROTOCOLO MESO:<\/strong><\/p>\n<p><strong>Profundidad recomendada por \u00e1rea:<\/strong><br \/>\nFrente &#8230;&#8230;&#8230;&#8230;&#8230;&#8230;&#8230;&#8230;&#8230;&#8230;&#8230;&#8230;&#8230;&#8230;&#8230;&#8230;&#8230;&#8230;&#8230; 1-1,5 mm<br \/>\nMejillas &#8230;&#8230;&#8230;&#8230;&#8230;&#8230;&#8230;&#8230;&#8230;&#8230;&#8230;&#8230;&#8230;&#8230;&#8230;&#8230;&#8230;&#8230; 1,5-2,5 mm<br \/>\nL\u00ednea de la mand\u00edbula y el ment\u00f3n&#8230;&#8230;&#8230;&#8230;. 0,1-1,5 mm<br \/>\nManos &#8230;&#8230;&#8230;&#8230;&#8230;&#8230;&#8230;&#8230;&#8230;&#8230;&#8230;&#8230;&#8230;&#8230;&#8230;&#8230;&#8230;&#8230;.. 1-2 mm<\/p>\n<p><strong>Tiempo recomendado por \u00e1rea<\/strong> utilizando sistemas de administraci\u00f3n transd\u00e9rmica (electroporaci\u00f3n, iontoforesis, ultrasonido, corrientes galv\u00e1nicas, corrientes continuas, radiofrecuencia, termoterapia)<br \/>\nRostro, ment\u00f3n y escote &#8230;&#8230;&#8230;&#8230;&#8230;&#8230;. 5 minutos<br \/>\nManos &#8230;&#8230;&#8230;&#8230;&#8230;&#8230;&#8230;&#8230;&#8230;&#8230;&#8230;&#8230;&#8230;&#8230;&#8230;&#8230; 5 minutos<\/p>\n<p><strong>Tiempo recomendado entre sesiones<\/strong><br \/>\nUso de TDS &#8230;&#8230;&#8230;&#8230;&#8230;&#8230;&#8230;&#8230;&#8230;&#8230;&#8230;&#8230;&#8230;&#8230;&#8230;&#8230;&#8230;&#8230;&#8230;&#8230;&#8230; Intervalos de 6 a 7 d\u00edas<br \/>\nUsando meso-pen o meso-roller &#8230;&#8230;&#8230;&#8230;&#8230;&#8230;&#8230;&#8230;&#8230;.. Intervalo de 7 a 10 d\u00edas<br \/>\nTradicional &#8230;&#8230;&#8230;&#8230;&#8230;&#8230;&#8230;&#8230;&#8230;&#8230;&#8230;&#8230;&#8230;&#8230;&#8230;&#8230;&#8230;&#8230;&#8230;&#8230;&#8230; .intervalo de 7 a 10 d\u00edas<\/p>\n<p><strong>n\u00famero de sesiones<\/strong><br \/>\nInicio del tratamiento &#8230;&#8230;&#8230;&#8230;&#8230;&#8230;&#8230;&#8230;&#8230;&#8230; 4-5<br \/>\nMantenimiento &#8230;&#8230;&#8230;&#8230;&#8230;&#8230;&#8230;&#8230;&#8230;&#8230;&#8230;&#8230;&#8230; cada 3-4 meses<\/p>\n"}],"download_file":false}},"_links":{"self":[{"href":"https:\/\/www.therapmedic.com\/es\/wp-json\/wp\/v2\/product\/3359","targetHints":{"allow":["GET"]}}],"collection":[{"href":"https:\/\/www.therapmedic.com\/es\/wp-json\/wp\/v2\/product"}],"about":[{"href":"https:\/\/www.therapmedic.com\/es\/wp-json\/wp\/v2\/types\/product"}],"wp:featuredmedia":[{"embeddable":true,"href":"https:\/\/www.therapmedic.com\/es\/wp-json\/wp\/v2\/media\/8706"}],"wp:attachment":[{"href":"https:\/\/www.therapmedic.com\/es\/wp-json\/wp\/v2\/media?parent=3359"}],"wp:term":[{"taxonomy":"product_brand","embeddable":true,"href":"https:\/\/www.therapmedic.com\/es\/wp-json\/wp\/v2\/product_brand?post=3359"},{"taxonomy":"product_cat","embeddable":true,"href":"https:\/\/www.therapmedic.com\/es\/wp-json\/wp\/v2\/product_cat?post=3359"},{"taxonomy":"product_tag","embeddable":true,"href":"https:\/\/www.therapmedic.com\/es\/wp-json\/wp\/v2\/product_tag?post=3359"}],"curies":[{"name":"wp","href":"https:\/\/api.w.org\/{rel}","templated":true}]}}