{"id":3332,"date":"2022-11-28T17:44:36","date_gmt":"2022-11-28T17:44:36","guid":{"rendered":"https:\/\/www.therapmedic.com\/product\/new-face\/"},"modified":"2023-04-22T16:27:08","modified_gmt":"2023-04-22T16:27:08","slug":"new-face","status":"publish","type":"product","link":"https:\/\/www.therapmedic.com\/es\/producto\/new-face\/","title":{"rendered":"New Face"},"content":{"rendered":"<p id=\"tw-target-text\" class=\"tw-data-text tw-text-large tw-ta\" dir=\"ltr\" data-placeholder=\"Tradu\u00e7\u00e3o\"><span class=\"Y2IQFc\" lang=\"es\"><strong>New Face<\/strong> &#8211; Hidrataci\u00f3n intensa y rejuvenecimiento profundo<\/span><\/p>\n<p>El envejecimiento de la piel puede deberse a factores gen\u00e9ticos naturalmente intr\u00ednsecos, as\u00ed como al estilo de vida e incluso a factores ambientales que dan como resultado una piel seca, flacidez y poca elasticidad de la piel, adem\u00e1s de diferencias en el color de la piel, irregularidades en su superficie, formaci\u00f3n de marcas pronunciadas y arrugas de diferente intensidad. .<\/p>\n<p>El desarrollo del producto NEW FACE se centr\u00f3 en la identificaci\u00f3n de biomol\u00e9culas que pueden ayudar a la funci\u00f3n de los fibroblastos y mejorar la bios\u00edntesis de los componentes de la matriz extracelular.<\/p>\n<p>Presentaci\u00f3n: caja de 5 viales de 3,5ml cada uno, aplicando 1ml por sesi\u00f3n en las zonas de la piel que lo necesiten.<\/p>\n<p>El precio mostrado es por caja de 5 viales.<\/p>\n","protected":false},"excerpt":{"rendered":"<p>New Face &#8211; Hidrataci\u00f3n intensa y rejuvenecimiento profundo El envejecimiento de la piel puede deberse a factores gen\u00e9ticos naturalmente intr\u00ednsecos, as\u00ed como al estilo de vida e incluso a factores ambientales que dan como resultado una piel seca, flacidez y poca elasticidad de la piel, adem\u00e1s de diferencias en el color de la piel, irregularidades [&hellip;]<\/p>\n","protected":false},"featured_media":2610,"template":"","meta":[],"product_brand":[],"product_cat":[945,947,964,1025,1097,1108,1278],"product_tag":[],"class_list":{"0":"post-3332","1":"product","2":"type-product","3":"status-publish","4":"has-post-thumbnail","6":"product_cat-productos-de-mesoterapia","7":"product_cat-anti-envejecimiento","8":"product_cat-hidratantes-de-piel","9":"product_cat-areas-de-tratamientos-vs-produtos-tratamentos-con-equipos","10":"product_cat-rostro","11":"product_cat-rejuvenescimiento-facial-completo","12":"product_cat-general-productos-equipos","14":"first","15":"instock","16":"taxable","17":"shipping-taxable","18":"purchasable","19":"product-type-simple"},"acf":{"display":[],"short_name":"","display_equipment_products":[],"short_name_equipment_products":"","confidential_information":{"text_block":[{"title":"Ingredientes activos","textarea":"<p id=\"tw-target-text\" class=\"tw-data-text tw-text-large tw-ta\" dir=\"ltr\" data-placeholder=\"Tradu\u00e7\u00e3o\"><span class=\"Y2IQFc\" lang=\"es\">Un total de 19 amino\u00e1cidos, alanina, arginina, \u00e1cido asp\u00e1rtico, cistina, \u00e1cido glut\u00e1mico, glicina, histidina, isoleucina, lisina, metionina, fenilalanina, prolina, serina, taurina, treonina, tript\u00f3fano, tirosina, valina.<\/span><\/p>\n<p>El \u00e1cido hialur\u00f3nico hidrolizado de diferentes pesos moleculares rellena las l\u00edneas finas debajo de la superficie de la piel. Estimula la producci\u00f3n propia de la piel de \u00e1cido hialur\u00f3nico y provoca una hidrataci\u00f3n cut\u00e1nea durante 24 horas<\/p>\n<p>\u00c1cido asc\u00f3rbico, tiene una excelente actividad antioxidante de la piel.<\/p>\n<p>El glutati\u00f3n es un poderoso antioxidante cuyos principales beneficios son la restauraci\u00f3n, el blanqueamiento y la iluminaci\u00f3n de la piel.<\/p>\n"},{"title":"Mezclas posibles","textarea":"<p>Ninguna<\/p>\n"},{"title":"Protocolos de tratamientos","textarea":"<p><strong>PROTOCOLO MESO:<\/strong><\/p>\n<p><strong>Profundidad recomendada por \u00e1rea:<\/strong><br \/>\nFrente &#8230;&#8230;&#8230;&#8230;&#8230;&#8230;&#8230;&#8230;&#8230;&#8230;&#8230;&#8230;&#8230;&#8230;&#8230;&#8230;&#8230;&#8230;&#8230; 1-1,5 mm<br \/>\nMejillas &#8230;&#8230;&#8230;&#8230;&#8230;&#8230;&#8230;&#8230;&#8230;&#8230;&#8230;&#8230;&#8230;&#8230;&#8230;&#8230;&#8230;&#8230; 1,5-2,5 mm<br \/>\nL\u00ednea de la mand\u00edbula y el ment\u00f3n&#8230;&#8230;&#8230;.. 0,1-1,5 mm<br \/>\nManos &#8230;&#8230;&#8230;&#8230;&#8230;&#8230;&#8230;&#8230;&#8230;&#8230;&#8230;&#8230;&#8230;&#8230;&#8230;&#8230;&#8230;&#8230;.. 1-2 mm<\/p>\n<p><strong>Tiempo recomendado por \u00e1rea<\/strong> utilizando sistemas de administraci\u00f3n transd\u00e9rmica (electroporaci\u00f3n, iontoforesis, ultrasonido, corrientes galv\u00e1nicas, corrientes continuas, radiofrecuencia, termoterapia)<br \/>\nRostro, ment\u00f3n y escote &#8230;&#8230;&#8230;&#8230;&#8230;&#8230; 5 minutos<br \/>\nManos &#8230;&#8230;&#8230;&#8230;&#8230;&#8230;&#8230;&#8230;&#8230;&#8230;&#8230;&#8230;&#8230;&#8230;&#8230;&#8230; 5 minutos<\/p>\n<p><strong>Tiempo recomendado entre sesiones<\/strong><br \/>\nUso de TDS &#8230;&#8230;&#8230;&#8230;&#8230;&#8230;&#8230;&#8230;&#8230;&#8230;&#8230;&#8230;&#8230;&#8230;&#8230;&#8230;&#8230;&#8230;&#8230;&#8230;&#8230; Intervalos de 6 a 7 d\u00edas<br \/>\nUsando meso-pen o meso-roller &#8230;&#8230;&#8230;&#8230;&#8230;&#8230;&#8230;&#8230;&#8230;.. Intervalo de 7 a 10 d\u00edas<br \/>\nTradicional &#8230;&#8230;&#8230;&#8230;&#8230;&#8230;&#8230;&#8230;&#8230;&#8230;&#8230;&#8230;&#8230;&#8230;&#8230;&#8230;&#8230;&#8230;&#8230;&#8230;&#8230; .intervalo de 7 a 10 d\u00edas<\/p>\n<p><strong>n\u00famero de sesiones<\/strong><br \/>\nInicio del tratamiento &#8230;&#8230;&#8230;&#8230;&#8230;&#8230;&#8230;&#8230;. 2 sesiones con intervalo de 15 dias<br \/>\nMantenimiento &#8230;&#8230;&#8230;&#8230;&#8230;&#8230;&#8230;&#8230;&#8230;&#8230;&#8230;&#8230;.. sesi\u00f3n a cada 3-4 meses<\/p>\n"}],"download_file":false}},"_links":{"self":[{"href":"https:\/\/www.therapmedic.com\/es\/wp-json\/wp\/v2\/product\/3332","targetHints":{"allow":["GET"]}}],"collection":[{"href":"https:\/\/www.therapmedic.com\/es\/wp-json\/wp\/v2\/product"}],"about":[{"href":"https:\/\/www.therapmedic.com\/es\/wp-json\/wp\/v2\/types\/product"}],"wp:featuredmedia":[{"embeddable":true,"href":"https:\/\/www.therapmedic.com\/es\/wp-json\/wp\/v2\/media\/2610"}],"wp:attachment":[{"href":"https:\/\/www.therapmedic.com\/es\/wp-json\/wp\/v2\/media?parent=3332"}],"wp:term":[{"taxonomy":"product_brand","embeddable":true,"href":"https:\/\/www.therapmedic.com\/es\/wp-json\/wp\/v2\/product_brand?post=3332"},{"taxonomy":"product_cat","embeddable":true,"href":"https:\/\/www.therapmedic.com\/es\/wp-json\/wp\/v2\/product_cat?post=3332"},{"taxonomy":"product_tag","embeddable":true,"href":"https:\/\/www.therapmedic.com\/es\/wp-json\/wp\/v2\/product_tag?post=3332"}],"curies":[{"name":"wp","href":"https:\/\/api.w.org\/{rel}","templated":true}]}}