{"id":3329,"date":"2022-11-28T18:01:42","date_gmt":"2022-11-28T18:01:42","guid":{"rendered":"https:\/\/www.therapmedic.com\/product\/thefilgold-16\/"},"modified":"2023-04-22T16:23:36","modified_gmt":"2023-04-22T16:23:36","slug":"thefilgold-16","status":"publish","type":"product","link":"https:\/\/www.therapmedic.com\/es\/producto\/thefilgold-16\/","title":{"rendered":"ThefilGold 16%"},"content":{"rendered":"<p id=\"tw-target-text\" class=\"tw-data-text tw-text-large tw-ta\" dir=\"ltr\" data-placeholder=\"Tradu\u00e7\u00e3o\"><span class=\"Y2IQFc\" lang=\"es\"><strong>Hidrataci\u00f3n \u2013 Thefil Gold 16%<\/strong><\/span><\/p>\n<p>La biorevitalizaci\u00f3n con \u00e1cido hialur\u00f3nico es una t\u00e9cnica moderna dise\u00f1ada para eliminar los cambios en la piel relacionados con la edad, lograr hidrataci\u00f3n y rejuvenecimiento y ocultar el impacto de un entorno desfavorable. La biorevitalizaci\u00f3n es la revitalizaci\u00f3n de la piel con el principio activo del \u00e1cido hialur\u00f3nico de forma biol\u00f3gica dise\u00f1ada para eliminar los cambios propios de la edad y devolverle la vida a la piel. Es un proceso no quir\u00fargico y muy utilizado para combatir el envejecimiento cut\u00e1neo.<\/p>\n<p>Presentaci\u00f3n: 1 caja con jeringa precargada de 3ml<\/p>\n","protected":false},"excerpt":{"rendered":"<p>Hidrataci\u00f3n \u2013 Thefil Gold 16% La biorevitalizaci\u00f3n con \u00e1cido hialur\u00f3nico es una t\u00e9cnica moderna dise\u00f1ada para eliminar los cambios en la piel relacionados con la edad, lograr hidrataci\u00f3n y rejuvenecimiento y ocultar el impacto de un entorno desfavorable. La biorevitalizaci\u00f3n es la revitalizaci\u00f3n de la piel con el principio activo del \u00e1cido hialur\u00f3nico de forma [&hellip;]<\/p>\n","protected":false},"featured_media":8818,"template":"","meta":[],"product_brand":[],"product_cat":[1164,1168,1278,945,964,1025,1097,1112,1146,1148,1154,1156],"product_tag":[],"class_list":{"0":"post-3329","1":"product","2":"type-product","3":"status-publish","4":"has-post-thumbnail","6":"product_cat-manos-es","7":"product_cat-sequedad-piel-deshidratada-es-2","8":"product_cat-general-productos-equipos","9":"product_cat-productos-de-mesoterapia","10":"product_cat-hidratantes-de-piel","11":"product_cat-areas-de-tratamientos-vs-produtos-tratamentos-con-equipos","12":"product_cat-rostro","13":"product_cat-arrugas-profundas","14":"product_cat-ojos-hundidos","15":"product_cat-labios-delgados","16":"product_cat-labios-arrugados","17":"product_cat-arrugas-por-encima-del-labio-superior-codigo-de-barras","19":"first","20":"instock","21":"taxable","22":"shipping-taxable","23":"purchasable","24":"product-type-simple"},"acf":{"display":[],"short_name":"","display_equipment_products":[],"short_name_equipment_products":"","confidential_information":{"text_block":[{"title":"Ingredientes Activos","textarea":"<p id=\"tw-target-text\" class=\"tw-data-text tw-text-large tw-ta\" dir=\"ltr\" data-placeholder=\"Tradu\u00e7\u00e3o\"><span class=\"Y2IQFc\" lang=\"es\">Hialuronato de sodio de diferentes pesos moleculares al 16% de concentraci\u00f3n.<\/span><\/p>\n"},{"title":"Mezclas Posibles","textarea":"<p>Ninguna<\/p>\n"},{"title":"Protocolos de tratamientos","textarea":"<p id=\"tw-target-text\" class=\"tw-data-text tw-text-large tw-ta\" dir=\"ltr\" data-placeholder=\"Tradu\u00e7\u00e3o\"><span class=\"Y2IQFc\" lang=\"es\"><strong>PROTOCOLO:<\/strong><\/span><\/p>\n<p>Fase inicial\u2026\u2026\u2026\u2026\u2026\u2026\u2026\u2026\u2026\u2026\u2026\u2026\u2026\u2026. 2 sesiones con un intervalo de 15 d\u00edas<br \/>\nSesiones de mantenimiento\u2026\u2026\u2026\u2026\u2026\u2026. 1 sesi\u00f3n cada 3-4 meses<\/p>\n"}],"download_file":false}},"_links":{"self":[{"href":"https:\/\/www.therapmedic.com\/es\/wp-json\/wp\/v2\/product\/3329","targetHints":{"allow":["GET"]}}],"collection":[{"href":"https:\/\/www.therapmedic.com\/es\/wp-json\/wp\/v2\/product"}],"about":[{"href":"https:\/\/www.therapmedic.com\/es\/wp-json\/wp\/v2\/types\/product"}],"wp:featuredmedia":[{"embeddable":true,"href":"https:\/\/www.therapmedic.com\/es\/wp-json\/wp\/v2\/media\/8818"}],"wp:attachment":[{"href":"https:\/\/www.therapmedic.com\/es\/wp-json\/wp\/v2\/media?parent=3329"}],"wp:term":[{"taxonomy":"product_brand","embeddable":true,"href":"https:\/\/www.therapmedic.com\/es\/wp-json\/wp\/v2\/product_brand?post=3329"},{"taxonomy":"product_cat","embeddable":true,"href":"https:\/\/www.therapmedic.com\/es\/wp-json\/wp\/v2\/product_cat?post=3329"},{"taxonomy":"product_tag","embeddable":true,"href":"https:\/\/www.therapmedic.com\/es\/wp-json\/wp\/v2\/product_tag?post=3329"}],"curies":[{"name":"wp","href":"https:\/\/api.w.org\/{rel}","templated":true}]}}