{"id":3326,"date":"2022-12-01T11:37:27","date_gmt":"2022-12-01T11:37:27","guid":{"rendered":"https:\/\/www.therapmedic.com\/product\/soft-skin\/"},"modified":"2024-05-25T16:17:52","modified_gmt":"2024-05-25T16:17:52","slug":"soft-skin","status":"publish","type":"product","link":"https:\/\/www.therapmedic.com\/es\/producto\/soft-skin\/","title":{"rendered":"Soft Skin"},"content":{"rendered":"<p id=\"tw-target-text\" class=\"tw-data-text tw-text-large tw-ta\" dir=\"ltr\" data-placeholder=\"Tradu\u00e7\u00e3o\"><span class=\"Y2IQFc\" lang=\"es\">Atenuante de dolor &#8211; <strong>Soft Skin<\/strong> &#8211; para evitar tratamientos dolorosos con dermaroll y derma pen<\/span><\/p>\n<p dir=\"ltr\" data-placeholder=\"Tradu\u00e7\u00e3o\">\u00a1CONT\u00c1CTENOS PARA VERIFICAR SI ESTE PRODUCTO EST\u00c1 DISPONIBLE EN SU MERCADO!<\/p>\n<p>La novoca\u00edna no solo es un analg\u00e9sico, sino tambi\u00e9n un excelente veh\u00edculo de transporte de otras sustancias que pueden aplicarse por v\u00eda subcut\u00e1nea.<\/p>\n<p>La capacidad de soportar el dolor var\u00eda de persona a persona dependiendo de muchos factores. As\u00ed, hay personas que toleran con calma los tratamientos de mesoterapia, otras que solo necesitan tocar la piel con el dermaroll o dermapen para empezar a sentir dolor, que puede resultar sumamente inc\u00f3modo para el cliente\/paciente.<\/p>\n<p>Presentaci\u00f3n: caja con 5 Viales de 10ml<\/p>\n<p>El precio mostrado es por caja de 5 viales.<\/p>\n","protected":false},"excerpt":{"rendered":"<p>Atenuante de dolor &#8211; Soft Skin &#8211; para evitar tratamientos dolorosos con dermaroll y derma pen \u00a1CONT\u00c1CTENOS PARA VERIFICAR SI ESTE PRODUCTO EST\u00c1 DISPONIBLE EN SU MERCADO! La novoca\u00edna no solo es un analg\u00e9sico, sino tambi\u00e9n un excelente veh\u00edculo de transporte de otras sustancias que pueden aplicarse por v\u00eda subcut\u00e1nea. La capacidad de soportar el [&hellip;]<\/p>\n","protected":false},"featured_media":8870,"template":"","meta":[],"product_brand":[],"product_cat":[1025,1027,1041,1069,1097,1164,1180,1196,1214,1234,1250,1278,945,960],"product_tag":[],"class_list":{"0":"post-3326","1":"product","2":"type-product","3":"status-publish","4":"has-post-thumbnail","6":"product_cat-areas-de-tratamientos-vs-produtos-tratamentos-con-equipos","7":"product_cat-brazos","8":"product_cat-cuerpo","9":"product_cat-gluteos-es","10":"product_cat-rostro","11":"product_cat-manos-es","12":"product_cat-cabeza","13":"product_cat-areas-intimas-es-2","14":"product_cat-piernas","15":"product_cat-cuello","16":"product_cat-escote","17":"product_cat-general-productos-equipos","18":"product_cat-productos-de-mesoterapia","19":"product_cat-otros-productos","21":"first","22":"instock","23":"taxable","24":"shipping-taxable","25":"purchasable","26":"product-type-simple"},"acf":{"display":[],"short_name":"","display_equipment_products":[],"short_name_equipment_products":"","confidential_information":{"text_block":[{"title":"Ingredientes Activos","textarea":"<p>Soft Skin contiene 2% de novoca\u00edna<\/p>\n"},{"title":"Mezclas posibles","textarea":"<p id=\"tw-target-text\" class=\"tw-data-text tw-text-large tw-ta\" dir=\"ltr\" data-placeholder=\"Tradu\u00e7\u00e3o\"><span class=\"Y2IQFc\" lang=\"es\">No existen incompatibilidades con ninguno de nuestros productos, por lo que puede ser utilizado con cualquier persona siempre y cuando revises las condiciones de uso con nuestros especialistas y sigas sus recomendaciones de uso.<\/span><\/p>\n"},{"title":"Protocolos de tratamiento","textarea":"<p id=\"tw-target-text\" class=\"tw-data-text tw-text-large tw-ta\" dir=\"ltr\" data-placeholder=\"Tradu\u00e7\u00e3o\"><span class=\"Y2IQFc\" lang=\"es\">Al ser un atenuante de dolor, puede usarse antes de aplicar el otro producto, para aliviar el dolor de la picadura de la aguja Dermaroll o Dermapen o junto con \u00e9ste, por ejemplo en el uso de lipol\u00edticos.<\/span><\/p>\n"}],"download_file":false}},"_links":{"self":[{"href":"https:\/\/www.therapmedic.com\/es\/wp-json\/wp\/v2\/product\/3326","targetHints":{"allow":["GET"]}}],"collection":[{"href":"https:\/\/www.therapmedic.com\/es\/wp-json\/wp\/v2\/product"}],"about":[{"href":"https:\/\/www.therapmedic.com\/es\/wp-json\/wp\/v2\/types\/product"}],"wp:featuredmedia":[{"embeddable":true,"href":"https:\/\/www.therapmedic.com\/es\/wp-json\/wp\/v2\/media\/8870"}],"wp:attachment":[{"href":"https:\/\/www.therapmedic.com\/es\/wp-json\/wp\/v2\/media?parent=3326"}],"wp:term":[{"taxonomy":"product_brand","embeddable":true,"href":"https:\/\/www.therapmedic.com\/es\/wp-json\/wp\/v2\/product_brand?post=3326"},{"taxonomy":"product_cat","embeddable":true,"href":"https:\/\/www.therapmedic.com\/es\/wp-json\/wp\/v2\/product_cat?post=3326"},{"taxonomy":"product_tag","embeddable":true,"href":"https:\/\/www.therapmedic.com\/es\/wp-json\/wp\/v2\/product_tag?post=3326"}],"curies":[{"name":"wp","href":"https:\/\/api.w.org\/{rel}","templated":true}]}}