{"id":3323,"date":"2022-11-28T18:09:09","date_gmt":"2022-11-28T18:09:09","guid":{"rendered":"https:\/\/www.therapmedic.com\/product\/gorgeous-skin\/"},"modified":"2024-05-25T16:18:37","modified_gmt":"2024-05-25T16:18:37","slug":"gorgeous-skin","status":"publish","type":"product","link":"https:\/\/www.therapmedic.com\/es\/producto\/gorgeous-skin\/","title":{"rendered":"Gorgeous Skin"},"content":{"rendered":"<p id=\"tw-target-text\" class=\"tw-data-text tw-text-large tw-ta\" dir=\"ltr\" data-placeholder=\"Tradu\u00e7\u00e3o\"><span class=\"Y2IQFc\" lang=\"es\">Sclerosante \u2013 <strong>Gorgeous Skin<\/strong> \u2013 para el tratamiento de venas varicosas y ara\u00f1as vasculares<\/span><\/p>\n<p dir=\"ltr\" data-placeholder=\"Tradu\u00e7\u00e3o\">\u00a1CONT\u00c1CTENOS PARA VERIFICAR SI ESTE PRODUCTO EST\u00c1 DISPONIBLE EN SU MERCADO!<\/p>\n<p>La ecoescleroterapia con polidocanol se puede utilizar en grandes venas con \u00falceras por estasis, en hemangiomas y malformaciones venosas, en ancianos y en recurrencias complicadas de varices. Este horizonte ampliado representa una novedad expresiva y auspiciosa en angiolog\u00eda. Estas t\u00e9cnicas se realizan, por ejemplo, entre cinco y seis millones de sesiones al a\u00f1o en Francia.<\/p>\n<p>Presentaci\u00f3n: 1 vial de 10ml de 3% HPDD<\/p>\n<p>Precio mostrado por botella.<\/p>\n","protected":false},"excerpt":{"rendered":"<p>Sclerosante \u2013 Gorgeous Skin \u2013 para el tratamiento de venas varicosas y ara\u00f1as vasculares \u00a1CONT\u00c1CTENOS PARA VERIFICAR SI ESTE PRODUCTO EST\u00c1 DISPONIBLE EN SU MERCADO! La ecoescleroterapia con polidocanol se puede utilizar en grandes venas con \u00falceras por estasis, en hemangiomas y malformaciones venosas, en ancianos y en recurrencias complicadas de varices. Este horizonte ampliado [&hellip;]<\/p>\n","protected":false},"featured_media":8858,"template":"","meta":[],"product_brand":[],"product_cat":[1214,1224,1228,1278,1025],"product_tag":[],"class_list":{"0":"post-3323","1":"product","2":"type-product","3":"status-publish","4":"has-post-thumbnail","6":"product_cat-piernas","7":"product_cat-aranas-vasculares","8":"product_cat-venas-varicosas","9":"product_cat-general-productos-equipos","10":"product_cat-areas-de-tratamientos-vs-produtos-tratamentos-con-equipos","12":"first","13":"instock","14":"taxable","15":"shipping-taxable","16":"purchasable","17":"product-type-simple"},"acf":{"display":[],"short_name":"","display_equipment_products":[],"short_name_equipment_products":"","confidential_information":{"text_block":[{"title":"Ingredientes Activos","textarea":"<p>Polidocanol &#8211; HPDD al 3%<\/p>\n"},{"title":"Mezclas Posibles","textarea":"<p>Ninguna<\/p>\n"},{"title":"Protocolos de tratamientos","textarea":"<p><b>General rules<\/b><\/p>\n<p>&nbsp;<\/p>\n<p>Step 1: Wash the skin with a transparent gel cleanser and pat dry. Do not use a cream, lotion or pearlescent cleanser, which may leave residue.<\/p>\n<p>Step 2: Desinfect the area using chlorhexidine or similar<\/p>\n<p>Step 3: Apply a small amount of the product to a gauze pad and smooth it over the desired area (or use a fan brush) if you are using virtual mesotherapy or fill the syringe with the product if you are using clasical mesotherapy.<\/p>\n<p>Step 4: Go through the area with the instrument following the manufacturer&#8217;s instructions<\/p>\n<p>Step 5: Re-apply the solution as needed to cover the entire area until the skin is slightly damp (in case of virtual mesotherapy)<\/p>\n<p>Step 6: Repit step 4.<\/p>\n<p>Step 7:\u00a0 Rinse the remaining solution with cool water for 30 seconds. Gently pat the skin dry and apply the post-peel moisturizing hyaluronic serum\/24 to nourish the skin with anti-aging ingredients.<\/p>\n<p><b>\u00a0<\/b><\/p>\n<p id=\"tw-target-text\" class=\"tw-data-text tw-text-large tw-ta\" dir=\"ltr\" data-placeholder=\"Tradu\u00e7\u00e3o\"><span class=\"Y2IQFc\" lang=\"es\">Este producto es para uso exclusivo de m\u00e9dicos cardiovasculares capacitados en el uso de Polidocanol<\/span><\/p>\n"}],"download_file":false}},"_links":{"self":[{"href":"https:\/\/www.therapmedic.com\/es\/wp-json\/wp\/v2\/product\/3323","targetHints":{"allow":["GET"]}}],"collection":[{"href":"https:\/\/www.therapmedic.com\/es\/wp-json\/wp\/v2\/product"}],"about":[{"href":"https:\/\/www.therapmedic.com\/es\/wp-json\/wp\/v2\/types\/product"}],"wp:featuredmedia":[{"embeddable":true,"href":"https:\/\/www.therapmedic.com\/es\/wp-json\/wp\/v2\/media\/8858"}],"wp:attachment":[{"href":"https:\/\/www.therapmedic.com\/es\/wp-json\/wp\/v2\/media?parent=3323"}],"wp:term":[{"taxonomy":"product_brand","embeddable":true,"href":"https:\/\/www.therapmedic.com\/es\/wp-json\/wp\/v2\/product_brand?post=3323"},{"taxonomy":"product_cat","embeddable":true,"href":"https:\/\/www.therapmedic.com\/es\/wp-json\/wp\/v2\/product_cat?post=3323"},{"taxonomy":"product_tag","embeddable":true,"href":"https:\/\/www.therapmedic.com\/es\/wp-json\/wp\/v2\/product_tag?post=3323"}],"curies":[{"name":"wp","href":"https:\/\/api.w.org\/{rel}","templated":true}]}}