{"id":3320,"date":"2022-12-01T11:49:23","date_gmt":"2022-12-01T11:49:23","guid":{"rendered":"https:\/\/www.therapmedic.com\/product\/repaired-skin\/"},"modified":"2023-04-22T16:19:10","modified_gmt":"2023-04-22T16:19:10","slug":"repaired-skin","status":"publish","type":"product","link":"https:\/\/www.therapmedic.com\/es\/producto\/repaired-skin\/","title":{"rendered":"Repaired Skin"},"content":{"rendered":"<p id=\"tw-target-text\" class=\"tw-data-text tw-text-large tw-ta\" dir=\"ltr\" data-placeholder=\"Tradu\u00e7\u00e3o\"><span class=\"Y2IQFc\" lang=\"es\"><strong>Repaired Skin<\/strong> \u2013 para eliminar el exceso de colocaci\u00f3n de productos<\/span><\/p>\n<p>La hialuronidasa es una enzima que facilita la difusi\u00f3n de l\u00edquidos inyectables [enzima extra\u00edda de test\u00edculos bovinos].<\/p>\n<p>Aumenta la velocidad de absorci\u00f3n y disminuye las molestias de la inyecci\u00f3n subcut\u00e1nea o intramuscular de l\u00edquidos; para la reabsorci\u00f3n del exceso de l\u00edquido y sangre extravasada en los tejidos; para aumentar la eficacia de la anestesia local.<\/p>\n<p>La hialuronidasa puede administrarse junto con el l\u00edquido a inyectar o inyectarse en el sitio antes de que el l\u00edquido se administre por v\u00eda subcut\u00e1nea o intramuscular. No debe administrarse por V\u00eda Intravenosa.<\/p>\n<p>Presentaci\u00f3n: frasco con 150 UI de polvo para reconstituir con soluci\u00f3n salina al 0,9%<\/p>\n<p>El precio mostrado es por caja cada botella.<\/p>\n<p>&nbsp;<\/p>\n","protected":false},"excerpt":{"rendered":"<p>Repaired Skin \u2013 para eliminar el exceso de colocaci\u00f3n de productos La hialuronidasa es una enzima que facilita la difusi\u00f3n de l\u00edquidos inyectables [enzima extra\u00edda de test\u00edculos bovinos]. Aumenta la velocidad de absorci\u00f3n y disminuye las molestias de la inyecci\u00f3n subcut\u00e1nea o intramuscular de l\u00edquidos; para la reabsorci\u00f3n del exceso de l\u00edquido y sangre extravasada [&hellip;]<\/p>\n","protected":false},"featured_media":6073,"template":"","meta":[],"product_brand":[],"product_cat":[945,960,1025,1097,1104,1278],"product_tag":[],"class_list":{"0":"post-3320","1":"product","2":"type-product","3":"status-publish","4":"has-post-thumbnail","6":"product_cat-productos-de-mesoterapia","7":"product_cat-otros-productos","8":"product_cat-areas-de-tratamientos-vs-produtos-tratamentos-con-equipos","9":"product_cat-rostro","10":"product_cat-bolsas-en-los-ojos","11":"product_cat-general-productos-equipos","13":"first","14":"instock","15":"taxable","16":"shipping-taxable","17":"purchasable","18":"product-type-simple"},"acf":{"display":[],"short_name":"","display_equipment_products":[],"short_name_equipment_products":"","confidential_information":{"text_block":[{"title":"Ingredientes activos","textarea":"<p>Hialuronidasa p\u00f3 1500 UI<\/p>\n"},{"title":"Mezclas Posibles","textarea":"<p>Ninguna<\/p>\n"},{"title":"Protocolo de tratamiento","textarea":"<p><strong>Reglas generales<\/strong><\/p>\n<p>Paso 1: Lavar la piel con un gel limpiador transparente y secar. No utilice cremas, lociones o limpiadores nacarados, ya que pueden dejar residuos.<\/p>\n<p>Paso 2: Desinfectar la zona con clorhexidina o similar<\/p>\n<p>Paso 3: Aplique una peque\u00f1a cantidad del producto en una gasa y exti\u00e9ndala sobre el \u00e1rea deseada (o use un cepillo de abanico) si est\u00e1 usando mesoterapia virtual o llene la jeringa con el producto si est\u00e1 usando mesoterapia cl\u00e1sica.<\/p>\n<p>Paso 4: Recorrer la zona con el instrumento siguiendo las instrucciones del fabricante<\/p>\n<p>Paso 5: Vuelva a aplicar la soluci\u00f3n seg\u00fan sea necesario para cubrir toda el \u00e1rea hasta que la piel est\u00e9 ligeramente h\u00fameda (en caso de mesoterapia virtual)<\/p>\n<p>Paso 6: Repite el paso 4.<\/p>\n<p>Paso 7: Enjuague la soluci\u00f3n restante con agua fr\u00eda durante 30 segundos. Seque suavemente la piel y aplique el suero hialur\u00f3nico hidratante post-peeling\/24 para nutrir la piel con ingredientes antienvejecimiento.<\/p>\n<p id=\"tw-target-text\" class=\"tw-data-text tw-text-large tw-ta\" dir=\"ltr\" data-placeholder=\"Tradu\u00e7\u00e3o\"><span class=\"Y2IQFc\" lang=\"es\"><strong>Reconstituci\u00f3n:<\/strong> \u00a1Cada vial contiene 1500 UI de polvo de hialuronidasa! Coloque hasta 5 ml de soluci\u00f3n salina al 0,9% en la jeringa, reconstituya la hialuronidasa 1500 UI con 2 ml de la jeringa de 5 ml, gire el vial y aseg\u00farese de que el polvo se haya disuelto por completo, reemplace los 2 ml de hialuronidasa del vial con los 3 ml restantes que quedan en la jeringa dan una concentraci\u00f3n de 300 UI\/ml, por lo que cada 0,01 ml contendr\u00e1 3 UI de hialuronidasa diluida. La administraci\u00f3n debe ser extremadamente precisa y limitada al \u00e1rea afectada. Durante el procedimiento, masajee vigorosamente la zona para optimizar el resultado y ayudar al mecanismo de destrucci\u00f3n del exceso de producto.<\/span><\/p>\n<p>La cantidad de producto hidrolizado est\u00e1 directamente relacionada con la cantidad de hialuronidasa absorbida y la soluci\u00f3n completa del impacto de la hialuronidasa ocurre relativamente r\u00e1pido y debe resolverse por completo 48 horas despu\u00e9s del tratamiento.<\/p>\n"}],"download_file":false}},"_links":{"self":[{"href":"https:\/\/www.therapmedic.com\/es\/wp-json\/wp\/v2\/product\/3320","targetHints":{"allow":["GET"]}}],"collection":[{"href":"https:\/\/www.therapmedic.com\/es\/wp-json\/wp\/v2\/product"}],"about":[{"href":"https:\/\/www.therapmedic.com\/es\/wp-json\/wp\/v2\/types\/product"}],"wp:featuredmedia":[{"embeddable":true,"href":"https:\/\/www.therapmedic.com\/es\/wp-json\/wp\/v2\/media\/6073"}],"wp:attachment":[{"href":"https:\/\/www.therapmedic.com\/es\/wp-json\/wp\/v2\/media?parent=3320"}],"wp:term":[{"taxonomy":"product_brand","embeddable":true,"href":"https:\/\/www.therapmedic.com\/es\/wp-json\/wp\/v2\/product_brand?post=3320"},{"taxonomy":"product_cat","embeddable":true,"href":"https:\/\/www.therapmedic.com\/es\/wp-json\/wp\/v2\/product_cat?post=3320"},{"taxonomy":"product_tag","embeddable":true,"href":"https:\/\/www.therapmedic.com\/es\/wp-json\/wp\/v2\/product_tag?post=3320"}],"curies":[{"name":"wp","href":"https:\/\/api.w.org\/{rel}","templated":true}]}}