{"id":3311,"date":"2022-12-01T15:26:13","date_gmt":"2022-12-01T15:26:13","guid":{"rendered":"https:\/\/www.therapmedic.com\/product\/vitamin-b5\/"},"modified":"2023-04-22T16:14:47","modified_gmt":"2023-04-22T16:14:47","slug":"vitamin-b5","status":"publish","type":"product","link":"https:\/\/www.therapmedic.com\/es\/producto\/vitamin-b5\/","title":{"rendered":"Vitamina B5"},"content":{"rendered":"<p id=\"tw-target-text\" class=\"tw-data-text tw-text-large tw-ta\" dir=\"ltr\" data-placeholder=\"Tradu\u00e7\u00e3o\"><span class=\"Y2IQFc\" lang=\"es\"><strong>Vitamina B5-<\/strong> Tratamiento del acn\u00e9, p\u00e9rdida de cabello, piel grasa<\/span><\/p>\n<p>La vitamina B5 puede ayudar a tratar: el acn\u00e9, el fortalecimiento del cabello, el tratamiento de la piel grasa. Esta vitamina es esencial para el crecimiento y mantenimiento normal de la piel y el cabello. La vitamina B5 proporciona al cabello una hidrataci\u00f3n duradera, mejora la manejabilidad, protege la piel y repara los da\u00f1os.<\/p>\n<p>Presentaci\u00f3n: Caja de 5 viales de 5 mL<\/p>\n<p>El precio mostrado es por caja de 5 viales.<\/p>\n","protected":false},"excerpt":{"rendered":"<p>Vitamina B5- Tratamiento del acn\u00e9, p\u00e9rdida de cabello, piel grasa La vitamina B5 puede ayudar a tratar: el acn\u00e9, el fortalecimiento del cabello, el tratamiento de la piel grasa. Esta vitamina es esencial para el crecimiento y mantenimiento normal de la piel y el cabello. La vitamina B5 proporciona al cabello una hidrataci\u00f3n duradera, mejora [&hellip;]<\/p>\n","protected":false},"featured_media":2631,"template":"","meta":[],"product_brand":[],"product_cat":[945,956,1025,1180,1186,1194,1278],"product_tag":[],"class_list":{"0":"post-3311","1":"product","2":"type-product","3":"status-publish","4":"has-post-thumbnail","6":"product_cat-productos-de-mesoterapia","7":"product_cat-cabello","8":"product_cat-areas-de-tratamientos-vs-produtos-tratamentos-con-equipos","9":"product_cat-cabeza","10":"product_cat-cabello-grasoso","11":"product_cat-cabello-debil-y-delgado","12":"product_cat-general-productos-equipos","14":"first","15":"instock","16":"taxable","17":"shipping-taxable","18":"purchasable","19":"product-type-simple"},"acf":{"display":[],"short_name":"","display_equipment_products":[],"short_name_equipment_products":"","confidential_information":{"text_block":[{"title":"Ingredientes activos","textarea":"<p id=\"tw-target-text\" class=\"tw-data-text tw-text-large tw-ta\" dir=\"ltr\" data-placeholder=\"Tradu\u00e7\u00e3o\"><span class=\"Y2IQFc\" lang=\"es\"><strong>Pantenol, Pro-vitamina B5<\/strong> &#8211; Lubricante, emoliente y humectante. humectante Atrae y retiene la humedad. Proporciona cicatrizaci\u00f3n de heridas y tiene acci\u00f3n antiinflamatoria. <\/span><\/p>\n<p>Cloruro de sodio: ayuda a regular el pH de los mechones de cabello, ayuda con la hidrataci\u00f3n. Cuando se aplica en mechones, sella las cut\u00edculas, previene la sequedad y la p\u00e9rdida de humedad.<\/p>\n"},{"title":"Mezclas Posibles","textarea":"<p>General Alopecia, Revital Mix, 3.5% hy-ac low viscosity solution, 3.5% hy-ac ULTRA- low viscosity solution, Miami Skin<\/p>\n"},{"title":"Protocolos de tratamientos","textarea":"<p><strong>Reglas generales<\/strong><\/p>\n<p>Paso 1: Lavar la piel con un gel limpiador transparente y secar. No utilice cremas, lociones o limpiadores nacarados, ya que pueden dejar residuos.<\/p>\n<p>Paso 2: Desinfectar la zona con clorhexidina o similar<\/p>\n<p>Paso 3: Aplique una peque\u00f1a cantidad del producto en una gasa y exti\u00e9ndala sobre el \u00e1rea deseada (o use un cepillo de abanico) si est\u00e1 usando mesoterapia virtual o llene la jeringa con el producto si est\u00e1 usando mesoterapia cl\u00e1sica.<\/p>\n<p>Paso 4: Recorrer la zona con el instrumento siguiendo las instrucciones del fabricante<\/p>\n<p>Paso 5: Vuelva a aplicar la soluci\u00f3n seg\u00fan sea necesario para cubrir toda el \u00e1rea hasta que la piel est\u00e9 ligeramente h\u00fameda (en caso de mesoterapia virtual)<\/p>\n<p>Paso 6: Repite el paso 4.<\/p>\n<p>Paso 7: Enjuague la soluci\u00f3n restante con agua fr\u00eda durante 30 segundos. Seque suavemente la piel y aplique el suero hialur\u00f3nico hidratante post-peeling\/24 para nutrir la piel con ingredientes antienvejecimiento.<\/p>\n<p id=\"tw-target-text\" class=\"tw-data-text tw-text-large tw-ta\" dir=\"ltr\" data-placeholder=\"Tradu\u00e7\u00e3o\"><span class=\"Y2IQFc\" lang=\"es\"><strong>PROTOCOLO MESO:<\/strong><\/span><\/p>\n<p><strong>Profundidad recomendada por \u00e1rea:<\/strong><br \/>\nCuero cabelludo\u2026\u2026\u2026\u2026\u2026\u2026\u2026\u2026.0.5 \u2013 1.0 mm<br \/>\nTiempo recomendado por \u00e1rea utilizando sistemas de administraci\u00f3n transd\u00e9rmica (electroporaci\u00f3n, iontoforesis, ultrasonido, corrientes galv\u00e1nicas, corrientes continuas, radiofrecuencia, termoterapia)<br \/>\nScalping &#8230;&#8230;&#8230;.. 5 minutos<\/p>\n<p><strong>Tiempo recomendado entre sesiones<\/strong><br \/>\nUso de TDS &#8230;&#8230;&#8230;&#8230;&#8230;&#8230;&#8230;&#8230;&#8230;&#8230;&#8230;&#8230;&#8230;&#8230;&#8230;&#8230;.. &#8230;&#8230;&#8230;&#8230;&#8230;&#8230;&#8230; intervalos de 6 a 7 d\u00edas<br \/>\nUsando meso-pen o meso-roller &#8230;&#8230;&#8230;.. Intervalo de 6 a 7 d\u00edas<br \/>\nTradicional &#8230;&#8230;&#8230;&#8230;&#8230;&#8230;&#8230;&#8230;&#8230;&#8230;&#8230;&#8230;&#8230;&#8230;&#8230;&#8230;&#8230;&#8230;&#8230;&#8230;.. intervalo de 6 a 7 d\u00edas<\/p>\n<p><strong>n\u00famero de sesiones<\/strong><br \/>\nInicio del tratamiento &#8230;&#8230;&#8230;&#8230;&#8230;&#8230;&#8230;&#8230;. 6-8<br \/>\nMantenimiento &#8230;&#8230;&#8230;&#8230;&#8230;&#8230;&#8230;&#8230;&#8230;&#8230;&#8230;&#8230;&#8230; cada 2-3 meses<\/p>\n"}],"download_file":false}},"_links":{"self":[{"href":"https:\/\/www.therapmedic.com\/es\/wp-json\/wp\/v2\/product\/3311","targetHints":{"allow":["GET"]}}],"collection":[{"href":"https:\/\/www.therapmedic.com\/es\/wp-json\/wp\/v2\/product"}],"about":[{"href":"https:\/\/www.therapmedic.com\/es\/wp-json\/wp\/v2\/types\/product"}],"wp:featuredmedia":[{"embeddable":true,"href":"https:\/\/www.therapmedic.com\/es\/wp-json\/wp\/v2\/media\/2631"}],"wp:attachment":[{"href":"https:\/\/www.therapmedic.com\/es\/wp-json\/wp\/v2\/media?parent=3311"}],"wp:term":[{"taxonomy":"product_brand","embeddable":true,"href":"https:\/\/www.therapmedic.com\/es\/wp-json\/wp\/v2\/product_brand?post=3311"},{"taxonomy":"product_cat","embeddable":true,"href":"https:\/\/www.therapmedic.com\/es\/wp-json\/wp\/v2\/product_cat?post=3311"},{"taxonomy":"product_tag","embeddable":true,"href":"https:\/\/www.therapmedic.com\/es\/wp-json\/wp\/v2\/product_tag?post=3311"}],"curies":[{"name":"wp","href":"https:\/\/api.w.org\/{rel}","templated":true}]}}