{"id":3308,"date":"2022-12-01T15:34:17","date_gmt":"2022-12-01T15:34:17","guid":{"rendered":"https:\/\/www.therapmedic.com\/product\/thin-face\/"},"modified":"2023-04-22T16:12:17","modified_gmt":"2023-04-22T16:12:17","slug":"thin-face","status":"publish","type":"product","link":"https:\/\/www.therapmedic.com\/es\/producto\/thin-face\/","title":{"rendered":"Thin Face"},"content":{"rendered":"<p id=\"tw-target-text\" class=\"tw-data-text tw-text-large tw-ta\" dir=\"ltr\" data-placeholder=\"Tradu\u00e7\u00e3o\"><span class=\"Y2IQFc\" lang=\"es\"><strong>Thin Face<\/strong> &#8211; Soluci\u00f3n anticelul\u00edtica, remodela la silueta, reduce la papada<\/span><\/p>\n<p>La soluci\u00f3n anticelul\u00edtica de mesoterapia remodela la silueta. Soluciones a base de productos con conocida actividad lipol\u00edtica que act\u00faan sin\u00e9rgicamente. Thin Face es una f\u00f3rmula anticelul\u00edtica intensa dise\u00f1ada para tratar el cuerpo en \u00e1reas propensas a la acumulaci\u00f3n de c\u00e9lulas grasas y al desarrollo de celulitis. La acci\u00f3n sin\u00e9rgica del desoxicolato y la quillaia permite m\u00e1s efecto con menos concentraci\u00f3n. La &#8216;celulitis&#8217; o &#8216;lipodistrofia superficial&#8217; es un grupo de grasa hipod\u00e9rmica y afecta al 80-90 % de todas las mujeres.<\/p>\n<p>Presentaci\u00f3n: Caja de 5 viales de 5 mL<\/p>\n<p>El precio mostrado es por caja de 5 viales.<\/p>\n","protected":false},"excerpt":{"rendered":"<p>Thin Face &#8211; Soluci\u00f3n anticelul\u00edtica, remodela la silueta, reduce la papada La soluci\u00f3n anticelul\u00edtica de mesoterapia remodela la silueta. Soluciones a base de productos con conocida actividad lipol\u00edtica que act\u00faan sin\u00e9rgicamente. Thin Face es una f\u00f3rmula anticelul\u00edtica intensa dise\u00f1ada para tratar el cuerpo en \u00e1reas propensas a la acumulaci\u00f3n de c\u00e9lulas grasas y al desarrollo [&hellip;]<\/p>\n","protected":false},"featured_media":2634,"template":"","meta":[],"product_brand":[],"product_cat":[945,958,1025,1041,1059,1097,1116,1278],"product_tag":[],"class_list":{"0":"post-3308","1":"product","2":"type-product","3":"status-publish","4":"has-post-thumbnail","6":"product_cat-productos-de-mesoterapia","7":"product_cat-lipoliticos-anti-grasa","8":"product_cat-areas-de-tratamientos-vs-produtos-tratamentos-con-equipos","9":"product_cat-cuerpo","10":"product_cat-remodelacion-de-la-silueta","11":"product_cat-rostro","12":"product_cat-papada","13":"product_cat-general-productos-equipos","15":"first","16":"instock","17":"taxable","18":"shipping-taxable","19":"purchasable","20":"product-type-simple"},"acf":{"display":[],"short_name":"","display_equipment_products":[],"short_name_equipment_products":"","confidential_information":{"text_block":[{"title":"Ingredientes Activos","textarea":"<p id=\"tw-target-text\" class=\"tw-data-text tw-text-large tw-ta\" dir=\"ltr\" data-placeholder=\"Tradu\u00e7\u00e3o\"><span class=\"Y2IQFc\" lang=\"es\"><strong>L-Carnitina<\/strong> &#8211; L-Carnitina ayuda a convertir la grasa en energ\u00eda. Tiene propiedades antiinflamatorias y antioxidantes. Puede ayudar a reducir el exceso de sebo. Incluido en productos para el cuidado de la piel dise\u00f1ados para tratar la piel grasa. Control de celulitis. Para mejorar o curar afecciones de la piel, incluidas arrugas, piel seca o descamada y quemaduras (p. ej., quemaduras solares) y en la curaci\u00f3n y prevenci\u00f3n de cicatrices. <\/span><\/p>\n<p>Desoxicolato de sodio: el desoxicolato de sodio es la sal de sodio del \u00e1cido desoxic\u00f3lico, un ingrediente que se usa a menudo en las inyecciones de mesoterapia para descomponer las c\u00e9lulas grasas y tratar potencialmente la celulitis. El \u00e1cido desoxic\u00f3lico \u00abse dirige a las c\u00e9lulas grasas adiposas al inducir la lip\u00f3lisis, la descomposici\u00f3n y la muerte celular entre los adipocitos. El desoxicolato de sodio se encuentra como un emulsionante natural en el cuerpo,<\/p>\n<p>Acetato de tocoferilo, vitamina E &#8211; El acetato de tocoferilo es una forma de vitamina E. Antioxidante; Agente acondicionador de la piel. Protege las membranas celulares del da\u00f1o causado por los radicales libres de ox\u00edgeno.<\/p>\n<p>Urea &#8211; Mayor absorci\u00f3n de la piel. es uno de los ingredientes humectantes m\u00e1s efectivos en la qu\u00edmica cosm\u00e9tica. El papel de la urea en la piel es mantener un equilibrio saludable de humedad, manteni\u00e9ndola suave, flexible y juvenil, brindando el alivio que tanto necesita la piel seca. Es un componente natural de los tejidos de nuestra piel y constituye el 7% de nuestro factor de hidrataci\u00f3n natural. que disminuye con la edad.<\/p>\n"},{"title":"Mezclas Posibles","textarea":"<p id=\"tw-target-text\" class=\"tw-data-text tw-text-large tw-ta\" dir=\"ltr\" data-placeholder=\"Tradu\u00e7\u00e3o\"><span class=\"Y2IQFc\" lang=\"es\">Ninguna excepto Soft Skin o soluci\u00f3n salina para suavizar la agresividad del \u00e1cido desoxic\u00f3lico<\/span><\/p>\n"},{"title":"Protocolos de tratamientos","textarea":"<p id=\"tw-target-text\" class=\"tw-data-text tw-text-large tw-ta\" dir=\"ltr\" data-placeholder=\"Tradu\u00e7\u00e3o\"><span class=\"Y2IQFc\" lang=\"es\"><strong>Regras generales<\/strong><br \/>\nPaso 1: Lave a pele com um gel de limpeza transparente e seque. N\u00e3o use um creme, lo\u00e7\u00e3o ou limpador perolado, que pode deixar res\u00edduos.<\/span><\/p>\n<p class=\"tw-data-text tw-text-large tw-ta\" dir=\"ltr\" data-placeholder=\"Tradu\u00e7\u00e3o\"><span class=\"Y2IQFc\" lang=\"es\">Paso 2: Desinfectar un \u00e1rea con clorexidina o similar<\/span><\/p>\n<p class=\"tw-data-text tw-text-large tw-ta\" dir=\"ltr\" data-placeholder=\"Tradu\u00e7\u00e3o\"><span class=\"Y2IQFc\" lang=\"es\">Paso 3: Aplique una peque\u00f1a cantidad de producto con una compresa de mirada y espalhe sobre un \u00e1rea desejada (use un pincel leque) se estiver usando mesoterapia virtual o se encha a seringa com o se estiver usando mesoterapia cl\u00e1sica.<br \/>\n<\/span><\/p>\n<p class=\"tw-data-text tw-text-large tw-ta\" dir=\"ltr\" data-placeholder=\"Tradu\u00e7\u00e3o\"><span class=\"Y2IQFc\" lang=\"es\">Etapa 4: percorra a \u00e1rea com o instrumento siguiendo como instru\u00e7\u00f5es do fabricante<br \/>\n<\/span><\/p>\n<p class=\"tw-data-text tw-text-large tw-ta\" dir=\"ltr\" data-placeholder=\"Tradu\u00e7\u00e3o\"><span class=\"Y2IQFc\" lang=\"es\">Paso 5: Vuelva a aplicar una soluci\u00f3n conforme sea necesario para cubrir toda un \u00e1rea at\u00e9 que a pele esteja levemente \u00famida (no caso de mesoterapia virtual)<br \/>\n<\/span><\/p>\n<p class=\"tw-data-text tw-text-large tw-ta\" dir=\"ltr\" data-placeholder=\"Tradu\u00e7\u00e3o\"><span class=\"Y2IQFc\" lang=\"es\">Paso 6: Repita o paso 4.<br \/>\n<\/span><\/p>\n<p class=\"tw-data-text tw-text-large tw-ta\" dir=\"ltr\" data-placeholder=\"Tradu\u00e7\u00e3o\"><span class=\"Y2IQFc\" lang=\"es\">Etapa 7: enx\u00e1gue una soluci\u00f3n restante con agua fr\u00eda por 30 segundos. Seque suavemente a pele e aplique o soro hialur\u00f4nico hidratante p\u00f3s-peeling\/24 para nutrir a pele com ingredientes antienvelhecimento.<\/span><\/p>\n<p id=\"tw-target-text\" class=\"tw-data-text tw-text-large tw-ta\" dir=\"ltr\" data-placeholder=\"Tradu\u00e7\u00e3o\"><span class=\"Y2IQFc\" lang=\"es\"><strong>Protocolo Thin Face<\/strong> <\/span><\/p>\n<p class=\"tw-data-text tw-text-large tw-ta\" dir=\"ltr\" data-placeholder=\"Tradu\u00e7\u00e3o\"><span class=\"Y2IQFc\" lang=\"es\">Thin face contiene 10 mg de \u00e1cido deoxic\u00f3lico por ml, la misma Concentraci\u00f3n como competidor conocido. La diferencia es que nuestro rostro fino viene en viales de 5ml, caja de 5 viales. Otra gran diferencia es que el Thin Face contiene otros componentes que ayudar\u00e1n a potenciar los resultados y reducir dr\u00e1sticamente la hinchaz\u00f3n, el enrojecimiento y el dolor del ataque del \u00e1cido deoxic\u00f3lico cuando \u201cdisuelve\u201d la grasa subcut\u00e1nea. La grasa disuelta ser\u00e1 luego expulsada por el sistema linf\u00e1tico.<br \/>\nUn complemento con tratamientos de radiofrecuencia potenciar\u00e1 a\u00fan m\u00e1s los resultados.<br \/>\nEl protocolo es el siguiente:<br \/>\n0,5 ml de Thin Face con 1ml de soluci\u00f3n salina al 0,9%. Luego agregue 0,5 ml de lidoca\u00edna o proca\u00edna. La soluci\u00f3n final debe inyectarse con una jeringa de 30G 1\/2 perpendicular a la piel, aguja total de 6 a 8 mm de profundidad en el tejido, no en el tejido graso. Los puntos de inyecci\u00f3n deben estar separados 1 cm entre s\u00ed como una matriz en la papada. Puede inyectar 5 unidades de una jeringa de botox o insulina por punto de inyecci\u00f3n.<\/span><\/p>\n<p>No use nada m\u00e1s, ni lociones, cremas o cualquier otra cosa durante al menos 4 horas despu\u00e9s del tratamiento porque eso podr\u00eda influir en el resultado ya que los puntos de inyecci\u00f3n a\u00fan est\u00e1n abiertos.<\/p>\n<p>Vende el pack de 6 a 8 sesiones separadas de 8 a 10 d\u00edas pero debes evaluar la evoluci\u00f3n del tratamiento.<\/p>\n<p>Para tratar la grasa corporal como la grasa del bikini o la grasa del vientre, debe usar un Thin Body. Para debajo de las axilas debes usar Miami Body.<\/p>\n<p>Despu\u00e9s del tratamiento, si ves que la piel tiene demasiada flacidez entonces puedes hacer un tratamiento con Fitness corporal.<\/p>\n<p id=\"tw-target-text\" class=\"tw-data-text tw-text-large tw-ta\" dir=\"ltr\" data-placeholder=\"Tradu\u00e7\u00e3o\"><span class=\"Y2IQFc\" lang=\"es\"><strong>PROTOCOLO MESO:<\/strong> <\/span><\/p>\n<p class=\"tw-data-text tw-text-large tw-ta\" dir=\"ltr\" data-placeholder=\"Tradu\u00e7\u00e3o\"><span class=\"Y2IQFc\" lang=\"es\"><strong>Profundidad recomendada por \u00e1rea<\/strong><\/span><\/p>\n<p class=\"tw-data-text tw-text-large tw-ta\" dir=\"ltr\" data-placeholder=\"Tradu\u00e7\u00e3o\"><span class=\"Y2IQFc\" lang=\"es\"> M\u00e9todo: La t\u00e9cnica de aplicaci\u00f3n es la infiltraci\u00f3n subcut\u00e1nea y no la infiltraci\u00f3n intrad\u00e9rmica (mesoterapia), <\/span><\/p>\n<p class=\"tw-data-text tw-text-large tw-ta\" dir=\"ltr\" data-placeholder=\"Tradu\u00e7\u00e3o\"><span class=\"Y2IQFc\" lang=\"es\">Aguja: hipod\u00e9rmica 30 G o 30 1\/2 G 13 x 0,3 mm. <\/span><\/p>\n<p class=\"tw-data-text tw-text-large tw-ta\" dir=\"ltr\" data-placeholder=\"Tradu\u00e7\u00e3o\"><span class=\"Y2IQFc\" lang=\"es\">Inyecci\u00f3n: aguja perpendicular a la piel, Profundidad: de 5 a 8 mm <\/span><\/p>\n<p class=\"tw-data-text tw-text-large tw-ta\" dir=\"ltr\" data-placeholder=\"Tradu\u00e7\u00e3o\"><span class=\"Y2IQFc\" lang=\"es\">Cantidad a inyectar por punto: 0,1 a 0,2 ml por punto o un m\u00e1ximo de 5 unidades (de una jeringa de insulina de 1 ml), <\/span><\/p>\n<p class=\"tw-data-text tw-text-large tw-ta\" dir=\"ltr\" data-placeholder=\"Tradu\u00e7\u00e3o\"><span class=\"Y2IQFc\" lang=\"es\">Distancia entre puntos de inyecci\u00f3n: 1 cm entre cada punto (solo construya una matriz con 1 cm de distancia entre cada l\u00ednea). <\/span><\/p>\n<p class=\"tw-data-text tw-text-large tw-ta\" dir=\"ltr\" data-placeholder=\"Tradu\u00e7\u00e3o\"><span class=\"Y2IQFc\" lang=\"es\">Puntos m\u00e1ximos de inyecci\u00f3n en la cara: no utilizar m\u00e1s de 12 puntos, 5 unidades (de 1 jeringa de 1ml) por media cara, totalizando 24 puntos para toda la zona. <\/span><\/p>\n<p class=\"tw-data-text tw-text-large tw-ta\" dir=\"ltr\" data-placeholder=\"Tradu\u00e7\u00e3o\"><span class=\"Y2IQFc\" lang=\"es\"><strong>Tiempo recomendado entre sesiones:<\/strong> <\/span><\/p>\n<p class=\"tw-data-text tw-text-large tw-ta\" dir=\"ltr\" data-placeholder=\"Tradu\u00e7\u00e3o\"><span class=\"Y2IQFc\" lang=\"es\">Tradicional &#8230;&#8230;&#8230;&#8230;&#8230;&#8230;&#8230;&#8230;&#8230;&#8230;&#8230;&#8230;&#8230;&#8230;&#8230; Intervalo de 15 d\u00edas <\/span><\/p>\n<p class=\"tw-data-text tw-text-large tw-ta\" dir=\"ltr\" data-placeholder=\"Tradu\u00e7\u00e3o\"><span class=\"Y2IQFc\" lang=\"es\"><strong>n\u00famero de sesiones<\/strong> <\/span><\/p>\n<p class=\"tw-data-text tw-text-large tw-ta\" dir=\"ltr\" data-placeholder=\"Tradu\u00e7\u00e3o\"><span class=\"Y2IQFc\" lang=\"es\">Inicio del tratamiento &#8230;&#8230;&#8230;&#8230;&#8230;&#8230;&#8230;.. 6 separados por 3 semanas<\/span><\/p>\n<p class=\"tw-data-text tw-text-large tw-ta\" dir=\"ltr\" data-placeholder=\"Tradu\u00e7\u00e3o\"><span class=\"Y2IQFc\" lang=\"es\">Mantenimiento &#8230;&#8230;&#8230;.. cada 6-8 meses solo 2 sesiones<\/span><\/p>\n"}],"download_file":false}},"_links":{"self":[{"href":"https:\/\/www.therapmedic.com\/es\/wp-json\/wp\/v2\/product\/3308","targetHints":{"allow":["GET"]}}],"collection":[{"href":"https:\/\/www.therapmedic.com\/es\/wp-json\/wp\/v2\/product"}],"about":[{"href":"https:\/\/www.therapmedic.com\/es\/wp-json\/wp\/v2\/types\/product"}],"wp:featuredmedia":[{"embeddable":true,"href":"https:\/\/www.therapmedic.com\/es\/wp-json\/wp\/v2\/media\/2634"}],"wp:attachment":[{"href":"https:\/\/www.therapmedic.com\/es\/wp-json\/wp\/v2\/media?parent=3308"}],"wp:term":[{"taxonomy":"product_brand","embeddable":true,"href":"https:\/\/www.therapmedic.com\/es\/wp-json\/wp\/v2\/product_brand?post=3308"},{"taxonomy":"product_cat","embeddable":true,"href":"https:\/\/www.therapmedic.com\/es\/wp-json\/wp\/v2\/product_cat?post=3308"},{"taxonomy":"product_tag","embeddable":true,"href":"https:\/\/www.therapmedic.com\/es\/wp-json\/wp\/v2\/product_tag?post=3308"}],"curies":[{"name":"wp","href":"https:\/\/api.w.org\/{rel}","templated":true}]}}