{"id":3302,"date":"2022-12-01T15:49:09","date_gmt":"2022-12-01T15:49:09","guid":{"rendered":"https:\/\/www.therapmedic.com\/product\/miami-body\/"},"modified":"2023-04-22T16:06:37","modified_gmt":"2023-04-22T16:06:37","slug":"miami-body","status":"publish","type":"product","link":"https:\/\/www.therapmedic.com\/es\/producto\/miami-body\/","title":{"rendered":"Miami Body"},"content":{"rendered":"<p id=\"tw-target-text\" class=\"tw-data-text tw-text-large tw-ta\" dir=\"ltr\" data-placeholder=\"Tradu\u00e7\u00e3o\"><span class=\"Y2IQFc\" lang=\"es\"><strong>Miami Body<\/strong> &#8211; Soluci\u00f3n anticelul\u00edtica. En tratamientos adelgazantes. (\u00abquemador de grasa\u00bb)<\/span><\/p>\n<p>Esta mesoterapia es una soluci\u00f3n anticelul\u00edtica en tratamientos adelgazantes menos agresiva que Thin Body pero con un tiempo de tratamiento m\u00e1s prolongado.<\/p>\n<p>La &#8216;celulitis&#8217; o &#8216;lipodistrofia superficial&#8217; es un grupo de grasa hipod\u00e9rmica y afecta al 80-90 % de todas las mujeres. Su nombre cient\u00edfico es paniculopat\u00eda-fibroesclerosis edematosa. El PEFS es un aumento del grosor de la hipodermis combinado con un aumento del grosor del pan\u00edculo dermohipod\u00e9rmico y un excesivo engrosamiento local del tejido adiposo superficial.<\/p>\n<p>Presentaci\u00f3n: Caja de 5 viales de 5 mL<\/p>\n<p>El precio mostrado es por caja de 5 viales.<\/p>\n","protected":false},"excerpt":{"rendered":"<p>Miami Body &#8211; Soluci\u00f3n anticelul\u00edtica. En tratamientos adelgazantes. (\u00abquemador de grasa\u00bb) Esta mesoterapia es una soluci\u00f3n anticelul\u00edtica en tratamientos adelgazantes menos agresiva que Thin Body pero con un tiempo de tratamiento m\u00e1s prolongado. La &#8216;celulitis&#8217; o &#8216;lipodistrofia superficial&#8217; es un grupo de grasa hipod\u00e9rmica y afecta al 80-90 % de todas las mujeres. Su nombre [&hellip;]<\/p>\n","protected":false},"featured_media":8766,"template":"","meta":[],"product_brand":[],"product_cat":[1214,945,1216,958,1218,1025,1278,1027,1031,1033,1041,1043,1051,1059,1069,1071,1077,1097,1116],"product_tag":[],"class_list":{"0":"post-3302","1":"product","2":"type-product","3":"status-publish","4":"has-post-thumbnail","6":"product_cat-piernas","7":"product_cat-productos-de-mesoterapia","8":"product_cat-adiposidad-entre-las-piernas","9":"product_cat-lipoliticos-anti-grasa","10":"product_cat-celulite-es-2","11":"product_cat-areas-de-tratamientos-vs-produtos-tratamentos-con-equipos","12":"product_cat-general-productos-equipos","13":"product_cat-brazos","14":"product_cat-celulitis","15":"product_cat-diposidad-en-los-antebrazos","16":"product_cat-cuerpo","17":"product_cat-celulitis-es","18":"product_cat-adiposidad-localizada","19":"product_cat-remodelacion-de-la-silueta","20":"product_cat-gluteos-es","21":"product_cat-adiposidad-en-los-gluteos","22":"product_cat-celulite-es","23":"product_cat-rostro","24":"product_cat-papada","26":"first","27":"instock","28":"taxable","29":"shipping-taxable","30":"purchasable","31":"product-type-simple"},"acf":{"display":[],"short_name":"","display_equipment_products":[],"short_name_equipment_products":"","confidential_information":{"text_block":[{"title":"Ingredientes Activos","textarea":"<p id=\"tw-target-text\" class=\"tw-data-text tw-text-large tw-ta\" dir=\"ltr\" data-placeholder=\"Tradu\u00e7\u00e3o\"><span class=\"Y2IQFc\" lang=\"es\"><strong>Glicerina<\/strong> &#8211; Lubricante y humectante. Ayuda a las c\u00e9lulas de la piel a madurar correctamente. Una se\u00f1al para ayudar a dirigir las c\u00e9lulas de la piel a trav\u00e9s de sus cuatro etapas normales de madurez. <\/span><\/p>\n<p>\u00c1cido 1,2-ditiolano-3-pentanoico: es un antioxidante biol\u00f3gico comprobado que apaga los radicales hidroxilo, el \u00e1cido hipocloroso y el ox\u00edgeno singulete, aumenta los niveles de CoQ, que recicla la vitamina E. Antioxidante y antienvejecimiento.<\/p>\n<p>Biotina, Vitamina B7, Vitamina H &#8211; Agente acondicionador de la piel. Propiedades hidratantes y suavizantes. Es necesario para el metabolismo de carbohidratos, grasas y amino\u00e1cidos.<\/p>\n<p>Cafe\u00edna: los efectos estimulantes se pueden ver por v\u00eda t\u00f3pica. Propiedades antioxidantes. Aumenta la s\u00edntesis de Acuaporina-3, Col\u00e1geno (tipos I, III, IV, VII) Citoqueratina 1 Fibras el\u00e1sticas, Fibrilina, \u00c1cido Hialur\u00f3nico e Integrina. Activa la lip\u00f3lisis. Inhibe la lipog\u00e9nesis.<\/p>\n<p>EDTA dis\u00f3dico: agente quelante utilizado para secuestrar y disminuir la reactividad de los iones met\u00e1licos. Como conservante y estabilizador. Potenciador de la penetraci\u00f3n.<\/p>\n<p>Extracto de Ginkgo Biloba &#8211; Protecci\u00f3n antioxidante, efecto calmante de la piel y aumenta la hidrataci\u00f3n de la piel. Agente acondicionador de la piel. Arrugas m\u00e1s suaves, haciendo que la piel sea suave y radiante. Se utiliza como producto antienvejecimiento. El extracto tambi\u00e9n tiene un efecto de vitamina P, aumenta el metabolismo energ\u00e9tico de las c\u00e9lulas y activa la microcirculaci\u00f3n.<\/p>\n<p>Hydrocotyle asiatica &#8211; Propiedades antienvejecimiento. Estimula la s\u00edntesis de col\u00e1geno. Tiene propiedades hidratantes y antiinflamatorias. Efectos anticelul\u00edticos y estr\u00edas.<\/p>\n<p>L-carnitina: la L-carnitina ayuda a convertir la grasa en energ\u00eda. Tiene propiedades antiinflamatorias y antioxidantes. Puede ayudar a reducir el exceso de sebo. incluido en los productos para el cuidado de la piel dise\u00f1ados para tratar la piel grasa. Control de celulitis. Para mejorar o curar afecciones de la piel, incluidas arrugas, piel seca o descamada y quemaduras (p. ej., quemaduras solares) y en la curaci\u00f3n y prevenci\u00f3n de cicatrices.<\/p>\n<p>Manuronato de metilsilano: une la humedad a la epidermis, reafirmando y fortaleciendo la piel. Agente acondicionador de la piel. Ayuda a combatir el deterioro de las fibras de col\u00e1geno y elastina, otorgando a la piel propiedades reafirmantes; combate los radicales libres.<\/p>\n<p>Extracto de Ruscus aculeatus &#8211; Contiene esteroides y saponinas. Propiedades astringentes y fortificantes. Act\u00faa como vasoconstrictor<\/p>\n<p>Acetato de tocoferilo, vitamina E &#8211; El acetato de tocoferilo es una forma de vitamina E. Antioxidante; Agente acondicionador de la piel. Protege las membranas celulares del da\u00f1o de los radicales libres de ox\u00edgeno.<\/p>\n"},{"title":"Mezclas Posibles","textarea":"<p>Ninguna<\/p>\n"},{"title":"Protocolos de tratamientos","textarea":"<p><strong>Reglas generales<\/strong><\/p>\n<p>Paso 1: Lavar la piel con un gel limpiador transparente y secar. No utilice cremas, lociones o limpiadores nacarados, ya que pueden dejar residuos.<\/p>\n<p>Paso 2: Desinfectar la zona con clorhexidina o similar<\/p>\n<p>Paso 3: Aplique una peque\u00f1a cantidad del producto en una gasa y exti\u00e9ndala sobre el \u00e1rea deseada (o use un cepillo de abanico) si est\u00e1 usando mesoterapia virtual o llene la jeringa con el producto si est\u00e1 usando mesoterapia cl\u00e1sica.<\/p>\n<p>Paso 4: Recorrer la zona con el instrumento siguiendo las instrucciones del fabricante<\/p>\n<p>Paso 5: Vuelva a aplicar la soluci\u00f3n seg\u00fan sea necesario para cubrir toda el \u00e1rea hasta que la piel est\u00e9 ligeramente h\u00fameda (en caso de mesoterapia virtual)<\/p>\n<p>Paso 6: Repite el paso 4.<\/p>\n<p>Paso 7: Enjuague la soluci\u00f3n restante con agua fr\u00eda durante 30 segundos. Seque suavemente la piel y aplique el suero hialur\u00f3nico hidratante post-peeling\/24 para nutrir la piel con ingredientes antienvejecimiento.<\/p>\n<p id=\"tw-target-text\" class=\"tw-data-text tw-text-large tw-ta\" dir=\"ltr\" data-placeholder=\"Tradu\u00e7\u00e3o\"><span class=\"Y2IQFc\" lang=\"es\"><strong>PROTOCOLO MESO<\/strong>:<\/span><\/p>\n<p><strong>Profundidad recomendada por \u00e1rea<\/strong><br \/>\nest\u00f3mago &#8230;&#8230;&#8230;&#8230;&#8230;&#8230;&#8230;&#8230;&#8230;&#8230;&#8230;&#8230;&#8230;&#8230;&#8230;&#8230;. &#8230;&#8230;&#8230;&#8230;&#8230;&#8230;&#8230;&#8230;&#8230;&#8230;&#8230;&#8230;&#8230;&#8230;&#8230;&#8230;.. 2-2,5 mm<br \/>\nparte superior de los muslos, \u00e1reas internas de los muslos &#8230;&#8230;&#8230;&#8230;&#8230; 2-2.5 mm<br \/>\nrodillas internas &#8230;&#8230;&#8230;&#8230;&#8230;&#8230;&#8230;&#8230;&#8230;&#8230;&#8230;&#8230;&#8230;&#8230;&#8230;&#8230;.. &#8230;&#8230;&#8230;&#8230;&#8230;&#8230;&#8230; &#8230;&#8230;&#8230;&#8230;&#8230;&#8230;. 2-2,5 mm<br \/>\nnalgas &#8230;&#8230;&#8230;&#8230;&#8230;&#8230;&#8230;&#8230;&#8230;&#8230;&#8230;&#8230;&#8230;&#8230;&#8230;&#8230;.. &#8230;&#8230;&#8230;&#8230; &#8230;&#8230;&#8230;&#8230;&#8230;&#8230;&#8230;&#8230;&#8230;&#8230;&#8230;. 2-2,5 mm<\/p>\n<p><strong>Tiempo recomendado por zona<\/strong>:<br \/>\nmediante sistemas de administraci\u00f3n transd\u00e9rmica (electroporaci\u00f3n, iontoforesis, ultrasonido, corrientes galv\u00e1nicas, corrientes continuas, radiofrecuencia, termoterapia)<br \/>\nest\u00f3mago &#8230;&#8230;&#8230;&#8230;&#8230;&#8230;&#8230;&#8230;&#8230;&#8230;&#8230;&#8230;&#8230;&#8230;&#8230;&#8230;. &#8230;&#8230;&#8230;&#8230;&#8230;&#8230;&#8230;&#8230;&#8230;&#8230;&#8230;&#8230;&#8230;&#8230;&#8230;&#8230;.. &#8230;&#8230;.. 5-6 minutos<br \/>\nla parte superior de los muslos, la parte interna de los muslos &#8230;&#8230;&#8230;&#8230;&#8230; 6-7 minutos<br \/>\nrodillas internas &#8230;&#8230;&#8230;&#8230;&#8230;&#8230;&#8230;&#8230;&#8230;&#8230;&#8230;&#8230;&#8230;&#8230;&#8230;&#8230;.. &#8230;&#8230;&#8230;&#8230;&#8230;&#8230;&#8230; &#8230;&#8230;&#8230;&#8230;&#8230;&#8230;&#8230;&#8230;&#8230;.. &#8230;.. 6-7 minutos<br \/>\nnalgas &#8230;&#8230;&#8230;&#8230;&#8230;&#8230;&#8230;&#8230;&#8230;&#8230;&#8230;&#8230;&#8230;&#8230;&#8230;&#8230;.. &#8230;&#8230;&#8230;&#8230;&#8230;&#8230;&#8230;&#8230;&#8230;&#8230;&#8230;&#8230;&#8230;&#8230;&#8230;&#8230;&#8230;&#8230;&#8230;&#8230; &#8230; 6-7 minutos<\/p>\n<p><strong>Tiempo recomendado entre sesiones<\/strong><br \/>\nUso de TDS &#8230;&#8230;&#8230;&#8230;&#8230;&#8230;&#8230;&#8230;&#8230;&#8230;&#8230;&#8230;&#8230; Intervalos de 6 a 7 d\u00edas<br \/>\nUsando meso-pen o meso-roller &#8230;&#8230;&#8230;..intervalo de 8 a 10 d\u00edas<br \/>\nTradicional &#8230;&#8230;&#8230;&#8230;&#8230;&#8230;&#8230;&#8230;&#8230;&#8230;&#8230;&#8230;&#8230;&#8230;&#8230; Intervalo de 7 a 10 d\u00edas<\/p>\n<p>n\u00famero de sesiones<\/p>\n<p class=\"tw-data-text tw-text-large tw-ta\" dir=\"ltr\" data-placeholder=\"Tradu\u00e7\u00e3o\"><span class=\"Y2IQFc\" lang=\"es\">Inicio del tratamiento &#8230;&#8230;&#8230;&#8230;&#8230;&#8230;&#8230;&#8230;. 4-6 <\/span><\/p>\n<p class=\"tw-data-text tw-text-large tw-ta\" dir=\"ltr\" data-placeholder=\"Tradu\u00e7\u00e3o\"><span class=\"Y2IQFc\" lang=\"es\">Mantenimiento &#8230;&#8230;&#8230;&#8230;&#8230;&#8230;.. cada 3-4 meses 2 sesiones<\/span><\/p>\n"}],"download_file":false}},"_links":{"self":[{"href":"https:\/\/www.therapmedic.com\/es\/wp-json\/wp\/v2\/product\/3302","targetHints":{"allow":["GET"]}}],"collection":[{"href":"https:\/\/www.therapmedic.com\/es\/wp-json\/wp\/v2\/product"}],"about":[{"href":"https:\/\/www.therapmedic.com\/es\/wp-json\/wp\/v2\/types\/product"}],"wp:featuredmedia":[{"embeddable":true,"href":"https:\/\/www.therapmedic.com\/es\/wp-json\/wp\/v2\/media\/8766"}],"wp:attachment":[{"href":"https:\/\/www.therapmedic.com\/es\/wp-json\/wp\/v2\/media?parent=3302"}],"wp:term":[{"taxonomy":"product_brand","embeddable":true,"href":"https:\/\/www.therapmedic.com\/es\/wp-json\/wp\/v2\/product_brand?post=3302"},{"taxonomy":"product_cat","embeddable":true,"href":"https:\/\/www.therapmedic.com\/es\/wp-json\/wp\/v2\/product_cat?post=3302"},{"taxonomy":"product_tag","embeddable":true,"href":"https:\/\/www.therapmedic.com\/es\/wp-json\/wp\/v2\/product_tag?post=3302"}],"curies":[{"name":"wp","href":"https:\/\/api.w.org\/{rel}","templated":true}]}}