{"id":3296,"date":"2022-12-01T17:31:08","date_gmt":"2022-12-01T17:31:08","guid":{"rendered":"https:\/\/www.therapmedic.com\/product\/stay-young\/"},"modified":"2026-03-16T17:26:36","modified_gmt":"2026-03-16T17:26:36","slug":"stay-young","status":"publish","type":"product","link":"https:\/\/www.therapmedic.com\/es\/producto\/stay-young\/","title":{"rendered":"Stay Young"},"content":{"rendered":"<p><b><i>Stay<\/i><\/b> <b><i>young<\/i><\/b><b><i> <\/i><\/b><span class=\"Y2IQFc\" lang=\"es\">: paquete de rejuvenecimiento profundo <\/span><\/p>\n<p><span class=\"Y2IQFc\" lang=\"es\">En base a los componentes de los productos: Forever young, Mesolifting, Miami Skin, Hyaluronic acid Nutrition y DMAE, la secuencia de estas ampollas puede ser \u00fatil en tratamientos anti-edad, reestructurantes cut\u00e1neos, tonificantes, antioxidantes y anti-radicales libres. <\/span><\/p>\n<p><span class=\"Y2IQFc\" lang=\"es\">Mejora las peque\u00f1as hiperpigmentaciones y ayuda a unificar la luminosidad de la piel. <\/span><\/p>\n<p><span class=\"Y2IQFc\" lang=\"es\">Presentaci\u00f3n: caja con viales numerados del 1 al 5 para aplicar semanalmente en secuencia <\/span><\/p>\n<p><span class=\"Y2IQFc\" lang=\"es\">El precio que se muestra es por caja con 5 botellas secuenciales de tratamiento.<\/span><\/p>\n","protected":false},"excerpt":{"rendered":"<p>Stay young : paquete de rejuvenecimiento profundo En base a los componentes de los productos: Forever young, Mesolifting, Miami Skin, Hyaluronic acid Nutrition y DMAE, la secuencia de estas ampollas puede ser \u00fatil en tratamientos anti-edad, reestructurantes cut\u00e1neos, tonificantes, antioxidantes y anti-radicales libres. Mejora las peque\u00f1as hiperpigmentaciones y ayuda a unificar la luminosidad de la [&hellip;]<\/p>\n","protected":false},"featured_media":8926,"template":"","meta":[],"product_brand":[],"product_cat":[1097,1102,1108,1164,1166,1234,1236,1240,945,1244,962,1250,1025,1252,1027,1256,1029,1258,1039,1278,1041,1047],"product_tag":[],"class_list":{"0":"post-3296","1":"product","2":"type-product","3":"status-publish","4":"has-post-thumbnail","6":"product_cat-rostro","7":"product_cat-piel-enviejecida","8":"product_cat-rejuvenescimiento-facial-completo","9":"product_cat-manos-es","10":"product_cat-piel-enviejecida-es","11":"product_cat-cuello","12":"product_cat-piel-enviejecida-es-2","13":"product_cat-poca-elasticidad-es-4","14":"product_cat-productos-de-mesoterapia","15":"product_cat-peil-flacida","16":"product_cat-paquetes-progresivos","17":"product_cat-escote","18":"product_cat-areas-de-tratamientos-vs-produtos-tratamentos-con-equipos","19":"product_cat-piel-enviejecida-es-3","20":"product_cat-brazos","21":"product_cat-poca-elasticidad-es-5","22":"product_cat-pele-envelhecida-es","23":"product_cat-melasmas-manchas-castanhas-es-2","24":"product_cat-piel-flacida","25":"product_cat-general-productos-equipos","26":"product_cat-cuerpo","27":"product_cat-sequedad-piel-deshidratada","29":"first","30":"instock","31":"taxable","32":"shipping-taxable","33":"purchasable","34":"product-type-simple"},"acf":{"display":[],"short_name":"","display_equipment_products":[],"short_name_equipment_products":"","confidential_information":{"text_block":[{"title":"Ingredientes Activos","textarea":"<p>Stay Young es un tratamiento secuencial que debe usarse seg\u00fan se indique:<\/p>\n<p>Semana 1 &#8211; Vial #1 &#8211; Agua, Acetato de Tocoferilo, Aceite de ricino PEG35, Urea, Pantenol, Palmitato de Retinol, Cloruro de Tiamina<br \/>\nSemana 2 &#8211; Vial #2 &#8211; Agua, DMAE, Col\u00e1geno, Elastina, \u00c1cido Asc\u00f3rbico<br \/>\nSemana 3 &#8211; Vial #3 &#8211; \u00c1cido Asc\u00f3rbico, Niacinamida, Pantenol, Piridoxina, Acetato de Tocoferilo, Aceite de ricino PEG35, Cloruro de Tiamina, Palmitato de Retinol<br \/>\nSemana 4 &#8211; Vial #4 &#8211; Agua, DMAE, Col\u00e1geno, Elastina, \u00c1cido Asc\u00f3rbico<br \/>\nSemana 5 &#8211; Vial #5 &#8211; Agua, Hialuronato de Sodio, DMAE<\/p>\n<p>Resumen del tratamiento:<br \/>\nSemana 1: Preparar la piel<br \/>\nSemana 2: Construir estructura<br \/>\nSemana 3: Regenerar c\u00e9lulas<br \/>\nSemana 4: Fortalecer col\u00e1geno<br \/>\nSemana 5: Hidratar y levantar<\/p>\n<p>1\ufe0f\u20e3 Efecto de cada ingrediente<br \/>\n2\ufe0f\u20e3 Efecto de cada vial (sinergia de la f\u00f3rmula)<br \/>\n3\ufe0f\u20e3 Resultado biol\u00f3gico general del protocolo de 5 semanas<\/p>\n<p>Esta es b\u00e1sicamente la l\u00f3gica biol\u00f3gica del protocolo Stay Young.<\/p>\n<ol>\n<li>Efecto de Cada Ingrediente\n<p>Hidrataci\u00f3n y Barrera Cut\u00e1nea<\/p>\n<p>Aqua (Agua)<br \/>\nBase disolvente que permite que los ingredientes activos penetren en la piel.<\/p>\n<p>Urea<br \/>\nFuerte humectante<br \/>\n\u2022 Aumenta la hidrataci\u00f3n de la piel<br \/>\n\u2022 Mejora la penetraci\u00f3n de otros ingredientes<\/p>\n<p>Pantenol (Pro-Vitamina B5)<br \/>\n\u2022 Hidrataci\u00f3n profunda<br \/>\n\u2022 Antiinflamatorio<br \/>\n\u2022 Estimula la reparaci\u00f3n de la piel<\/p>\n<p>Hialuronato de Sodio (\u00c1cido Hialur\u00f3nico)<br \/>\n\u2022 Retiene hasta 1000 veces su peso en agua<br \/>\n\u2022 Hidrataci\u00f3n d\u00e9rmica profunda<br \/>\n\u2022 Efecto relleno que reduce las arrugas<\/p>\n<p>Antioxidantes \/ Antienvejecimiento<\/p>\n<p>\u00c1cido Asc\u00f3rbico (Vitamina C)<br \/>\n\u2022 Potente antioxidante<br \/>\n\u2022 Estimula la s\u00edntesis de col\u00e1geno<br \/>\n\u2022 Aclara el tono de la piel<br \/>\n\u2022 Reduce la pigmentaci\u00f3n<\/p>\n<p>Acetato de Tocoferilo (Vitamina E)<br \/>\n\u2022 Protege las membranas celulares del da\u00f1o oxidativo<br \/>\n\u2022 Trabaja en sinergia con la Vitamina C<br \/>\n\u2022 Mejora la elasticidad de la piel<\/li>\n<\/ol>\n<p>&nbsp;<\/p>\n<p>Renovaci\u00f3n Celular \/ Regeneraci\u00f3n de la Piel<\/p>\n<p>Palmitato de Retinilo (derivado de la Vitamina A)<br \/>\n\u2022 Estimula la renovaci\u00f3n celular<br \/>\n\u2022 Mejora la producci\u00f3n de col\u00e1geno<br \/>\n\u2022 Reduce las l\u00edneas finas<\/p>\n<p>Prote\u00ednas Estructurales<\/p>\n<p>Col\u00e1geno<br \/>\n\u2022 Mejora la densidad d\u00e9rmica<br \/>\n\u2022 Aumenta la firmeza de la piel<\/p>\n<p>Elastina<br \/>\n\u2022 Restaura la elasticidad de la piel<br \/>\n\u2022 Ayuda a que la piel recupere su forma despu\u00e9s de estirarse<\/p>\n<p>Reafirmaci\u00f3n \/ Lifting de la Piel<\/p>\n<p>DMAE (Dimetilaminoetanol)<br \/>\n\u2022 Efecto inmediato de tensado de la piel<br \/>\n\u2022 Mejora el tono muscular bajo la piel<br \/>\n\u2022 Proporciona efecto lifting<\/p>\n<p>Vitaminas para el Metabolismo de la Piel<\/p>\n<p>Cloruro de Tiamina (Vitamina B1)<br \/>\n\u2022 Apoya el metabolismo celular<br \/>\n\u2022 Mejora la reparaci\u00f3n de tejidos<\/p>\n<p>Piridoxina (Vitamina B6)<br \/>\n\u2022 Regula el metabolismo de la piel<br \/>\n\u2022 Reduce la inflamaci\u00f3n<\/p>\n<p>Niacinamida (Vitamina B3)<br \/>\n\u2022 Mejora la barrera de la piel<br \/>\n\u2022 Reduce la pigmentaci\u00f3n<br \/>\n\u2022 Estimula la producci\u00f3n de col\u00e1geno<\/p>\n<p>Potenciador de Penetraci\u00f3n<\/p>\n<p>PEG-35 Aceite de Ricino<br \/>\n\u2022 Ayuda a disolver y entregar los ingredientes activos en la piel.<\/p>\n<p>&nbsp;<\/p>\n<ol start=\"2\">\n<li>Efecto de Cada Vial (Sinergia de F\u00f3rmulas)\n<p>Vial #1 \u2013 Preparaci\u00f3n de la Piel y Activaci\u00f3n de la Regeneraci\u00f3n<\/p>\n<p>Ingredientes<br \/>\nVitamina A + Vitamina E + Pantenol + Urea + Vitaminas del grupo B<\/p>\n<p>Efecto<br \/>\nHidrataci\u00f3n profunda<br \/>\n\u2022 Inicio de la renovaci\u00f3n celular<br \/>\n\u2022 Reparaci\u00f3n de la barrera cut\u00e1nea<br \/>\n\u2022 Preparaci\u00f3n de la dermis para la regeneraci\u00f3n<\/p>\n<p>Rol biol\u00f3gico<\/p>\n<p>\ud83d\udc49 Prepara la piel para responder al tratamiento<\/p>\n<p>Vial #2 \u2013 Reconstrucci\u00f3n Estructural<\/p>\n<p>Ingredientes<br \/>\nDMAE + Col\u00e1geno + Elastina + Vitamina C<\/p>\n<p>Efecto<br \/>\n\u2022 Estimula la producci\u00f3n de col\u00e1geno<br \/>\n\u2022 Mejora la estructura d\u00e9rmica<br \/>\n\u2022 Efecto reafirmante y tensor<\/p>\n<p>Rol biol\u00f3gico<\/p>\n<p>\ud83d\udc49 Reconstruye la matriz estructural de la piel<\/p>\n<p>Vial #3 \u2013 Impulso de Regeneraci\u00f3n Celular<\/p>\n<p>Ingredientes<br \/>\nVitamina C + B3 + B5 + B6 + Vitamina A + Vitamina E<\/p>\n<p>Efecto<br \/>\n\u2022 Fuerte protecci\u00f3n antioxidante<br \/>\n\u2022 Aceleraci\u00f3n de la renovaci\u00f3n celular<br \/>\n\u2022 Mejora del tono y luminosidad de la piel<\/li>\n<\/ol>\n<p>Rol biol\u00f3gico<\/p>\n<p>\ud83d\udc49 Aumenta la regeneraci\u00f3n y protege el nuevo col\u00e1geno<\/p>\n<p>Vial #4 \u2013 Refuerzo Estructural<\/p>\n<p>Ingredientes<br \/>\nDMAE + Col\u00e1geno + Elastina + Vitamina C<\/p>\n<p>Efecto<br \/>\n\u2022 Segunda estimulaci\u00f3n de col\u00e1geno<br \/>\n\u2022 Refuerzo de las fibras d\u00e9rmicas<br \/>\n\u2022 Aumento de la firmeza<\/p>\n<p>Rol biol\u00f3gico<\/p>\n<p>\ud83d\udc49 Fija la mejora estructural<\/p>\n<p>Vial #5 \u2013 Hidrataci\u00f3n y Lifting Final<\/p>\n<p>Ingredientes<br \/>\n\u00c1cido Hialur\u00f3nico + DMAE<\/p>\n<p>Efecto<br \/>\n\u2022 Hidrataci\u00f3n d\u00e9rmica intensa<br \/>\n\u2022 Relleno inmediato de la piel<br \/>\n\u2022 Efecto de tensado final<\/p>\n<p>Rol biol\u00f3gico<\/p>\n<p>\ud83d\udc49 Finaliza el tratamiento con hidrataci\u00f3n y lifting<\/p>\n<p>3. L\u00f3gica Biol\u00f3gica del Protocolo de 5 Semanas<\/p>\n<p>El protocolo sigue un ciclo cl\u00e1sico de dermatolog\u00eda regenerativa.<\/p>\n<p>Semana 1<\/p>\n<p>Preparaci\u00f3n de la piel + activaci\u00f3n celular<\/p>\n<p>La piel se vuelve hidratada y metab\u00f3licamente activa.<\/p>\n<p>Semana 2<\/p>\n<p>Reconstrucci\u00f3n estructural<\/p>\n<p>Comienza la s\u00edntesis de col\u00e1geno y elastina.<\/p>\n<p>Semana 3<\/p>\n<p>Aceleraci\u00f3n de la regeneraci\u00f3n<\/p>\n<p>Se incrementa la renovaci\u00f3n celular y la protecci\u00f3n antioxidante.<\/p>\n<p>&nbsp;<\/p>\n<p>Semana 4<\/p>\n<p>Refuerzo estructural<\/p>\n<p>Las fibras de col\u00e1geno se fortalecen y la piel se tensa.<\/p>\n<p>Semana 5<\/p>\n<p>Hidrataci\u00f3n + lifting<\/p>\n<p>La piel parece m\u00e1s llena, suave y juvenil.<\/p>\n<p>4. Resultado final del Protocolo Completo Stay Young<\/p>\n<p>Despu\u00e9s de 5 sesiones:<\/p>\n<p>Efectos visibles<\/p>\n<p>\u2714 Reducci\u00f3n de l\u00edneas finas<br \/>\n\u2714 Mejora de la firmeza de la piel<br \/>\n\u2714 Mejor hidrataci\u00f3n<br \/>\n\u2714 Cutis m\u00e1s luminoso<br \/>\n\u2714 Mejora de la elasticidad<br \/>\n\u2714 Tensi\u00f3n de la piel<\/p>\n<p>Efectos biol\u00f3gicos<\/p>\n<p>\u2022 Aumento de la s\u00edntesis de col\u00e1geno<br \/>\n\u2022 Mejora de la densidad d\u00e9rmica<br \/>\n\u2022 Reducci\u00f3n del da\u00f1o oxidativo<br \/>\n\u2022 Mejor funci\u00f3n de la barrera cut\u00e1nea<br \/>\n\u2022 Aumento de la renovaci\u00f3n celular<\/p>\n"},{"title":"Mezclas Posibles","textarea":"<pre id=\"tw-target-text\" class=\"tw-data-text tw-text-large tw-ta\" dir=\"ltr\" data-placeholder=\"Tradu\u00e7\u00e3o\"><span class=\"Y2IQFc\" lang=\"es\">Ningun. Siga el orden dado:\r\n\r\n\r\n\r\nSemana 1 - Frasco #1\r\n\r\n\r\n\r\nSemana 2 - Frasco #2\r\n\r\n\r\n\r\nSemana 3 - Frasco #3\r\n\r\n\r\n\r\nSemana 4 - Frasco #4\r\n\r\n\r\n\r\nSemana 5 - Frasco #5<\/span><\/pre>\n"},{"title":"Protocolos de tratamiento","textarea":"<p><strong>Reglas generales<\/strong><\/p>\n<p>Paso 1: Lavar la piel con un gel limpiador transparente y secar. No utilice cremas, lociones o limpiadores nacarados, ya que pueden dejar residuos.<\/p>\n<p>Paso 2: Desinfectar la zona con clorhexidina o similar<\/p>\n<p>Paso 3: Aplique una peque\u00f1a cantidad del producto en una gasa y exti\u00e9ndala sobre el \u00e1rea deseada (o use un cepillo de abanico) si est\u00e1 usando mesoterapia virtual o llene la jeringa con el producto si est\u00e1 usando mesoterapia cl\u00e1sica.<\/p>\n<p>Paso 4: Recorrer la zona con el instrumento siguiendo las instrucciones del fabricante<\/p>\n<p>Paso 5: Vuelva a aplicar la soluci\u00f3n seg\u00fan sea necesario para cubrir toda el \u00e1rea hasta que la piel est\u00e9 ligeramente h\u00fameda (en caso de mesoterapia virtual)<\/p>\n<p>Paso 6: Repite el paso 4.<\/p>\n<p>Paso 7: Enjuague la soluci\u00f3n restante con agua fr\u00eda durante 30 segundos. Seque suavemente la piel y aplique el suero hialur\u00f3nico hidratante post-peeling\/24 para nutrir la piel con ingredientes antienvejecimiento.<\/p>\n<p id=\"tw-target-text\" class=\"tw-data-text tw-text-large tw-ta\" dir=\"ltr\" data-placeholder=\"Tradu\u00e7\u00e3o\"><span class=\"Y2IQFc\" lang=\"es\"><strong>Profundidad recomendada por \u00e1rea<\/strong><br \/>\nFrente &#8230;&#8230;&#8230;&#8230;&#8230;&#8230;&#8230;&#8230;. 0,75-1 mm<br \/>\nMejillas &#8230;&#8230;&#8230;&#8230;&#8230;&#8230;&#8230;&#8230;.. 1-1,5 mm<br \/>\nMand\u00edbula y ment\u00f3n &#8230;&#8230;&#8230;.1,5-2 mm<br \/>\nManos &#8230;&#8230;&#8230;&#8230;&#8230;&#8230;&#8230;&#8230;&#8230;1-1,5 mm<br \/>\nCuero cabelludo &#8230;&#8230;&#8230;&#8230;&#8230;&#8230;&#8230;&#8230;&#8230;0,5-1,5 mm<\/span><\/p>\n<p><strong>Tiempo recomendado entre sesiones<\/strong>&#8230;&#8230;. intervalo de 10-15 d\u00edas <strong> N\u00famero de sesiones<\/strong><br \/>\nInicio del tratamiento&#8230;&#8230;&#8230;&#8230;&#8230;&#8230;4-6 sesiones.<br \/>\nSeguimiento &#8230;&#8230;&#8230;&#8230;&#8230;&#8230;&#8230;&#8230;&#8230;&#8230;&#8230;&#8230;&#8230;&#8230;&#8230;&#8230;..cada 4-6 meses<\/p>\n<p id=\"tw-target-text\" class=\"tw-data-text tw-text-large tw-ta\" dir=\"ltr\" data-placeholder=\"Tradu\u00e7\u00e3o\"><span class=\"Y2IQFc\" lang=\"es\"><strong>Protocolos de tratamiento:<\/strong> <\/span><\/p>\n<p class=\"tw-data-text tw-text-large tw-ta\" dir=\"ltr\" data-placeholder=\"Tradu\u00e7\u00e3o\"><span class=\"Y2IQFc\" lang=\"es\">Tratamiento inicial 5 sesiones Intervalos entre sesiones 7-10 d\u00edas <\/span><\/p>\n<p class=\"tw-data-text tw-text-large tw-ta\" dir=\"ltr\" data-placeholder=\"Tradu\u00e7\u00e3o\"><span class=\"Y2IQFc\" lang=\"es\">Sesi\u00f3n de mantenimiento 6-8 meses despu\u00e9s de finalizar el tratamiento inicial <\/span><\/p>\n<p class=\"tw-data-text tw-text-large tw-ta\" dir=\"ltr\" data-placeholder=\"Tradu\u00e7\u00e3o\"><span class=\"Y2IQFc\" lang=\"es\">N\u00famero de sesiones de mantenimiento 1-2 <\/span><\/p>\n<p class=\"tw-data-text tw-text-large tw-ta\" dir=\"ltr\" data-placeholder=\"Tradu\u00e7\u00e3o\"><span class=\"Y2IQFc\" lang=\"es\">Productos recomendados para sesiones de mantenimiento: Forever young, Mesolifting<\/span><\/p>\n"}],"download_file":false}},"_links":{"self":[{"href":"https:\/\/www.therapmedic.com\/es\/wp-json\/wp\/v2\/product\/3296","targetHints":{"allow":["GET"]}}],"collection":[{"href":"https:\/\/www.therapmedic.com\/es\/wp-json\/wp\/v2\/product"}],"about":[{"href":"https:\/\/www.therapmedic.com\/es\/wp-json\/wp\/v2\/types\/product"}],"wp:featuredmedia":[{"embeddable":true,"href":"https:\/\/www.therapmedic.com\/es\/wp-json\/wp\/v2\/media\/8926"}],"wp:attachment":[{"href":"https:\/\/www.therapmedic.com\/es\/wp-json\/wp\/v2\/media?parent=3296"}],"wp:term":[{"taxonomy":"product_brand","embeddable":true,"href":"https:\/\/www.therapmedic.com\/es\/wp-json\/wp\/v2\/product_brand?post=3296"},{"taxonomy":"product_cat","embeddable":true,"href":"https:\/\/www.therapmedic.com\/es\/wp-json\/wp\/v2\/product_cat?post=3296"},{"taxonomy":"product_tag","embeddable":true,"href":"https:\/\/www.therapmedic.com\/es\/wp-json\/wp\/v2\/product_tag?post=3296"}],"curies":[{"name":"wp","href":"https:\/\/api.w.org\/{rel}","templated":true}]}}