{"id":3293,"date":"2022-12-01T17:45:50","date_gmt":"2022-12-01T17:45:50","guid":{"rendered":"https:\/\/www.therapmedic.com\/product\/skin-flash\/"},"modified":"2023-04-21T17:25:46","modified_gmt":"2023-04-21T17:25:46","slug":"skin-flash","status":"publish","type":"product","link":"https:\/\/www.therapmedic.com\/es\/producto\/skin-flash\/","title":{"rendered":"Skin Flash"},"content":{"rendered":"<p id=\"tw-target-text\" class=\"tw-data-text tw-text-large tw-ta\" dir=\"ltr\" data-placeholder=\"Tradu\u00e7\u00e3o\"><span class=\"Y2IQFc\" lang=\"es\"><strong>Skin Flash<\/strong>\u2013 paquete de hidrataci\u00f3n profunda<\/span><\/p>\n<p>A base de los activos de Miami Skin, Fitness body, Vitamina C, Productos antiedad con Vitamina C y \u00e1cido hialur\u00f3nico nutritivo, este c\u00f3ctel de vitaminas A, B, C y E es el complemento ideal para el tratamiento contra el envejecimiento, la pigmentaci\u00f3n y la piel. blanqueo. Previene el da\u00f1o de los radicales libres.<\/p>\n<p>Presentaci\u00f3n: caja con viales numerados del 1 al 5 para aplicar semanalmente en secuencia<\/p>\n<p>El precio que se muestra es por caja con 5 botellas secuenciales de tratamiento.<\/p>\n","protected":false},"excerpt":{"rendered":"<p>Skin Flash\u2013 paquete de hidrataci\u00f3n profunda A base de los activos de Miami Skin, Fitness body, Vitamina C, Productos antiedad con Vitamina C y \u00e1cido hialur\u00f3nico nutritivo, este c\u00f3ctel de vitaminas A, B, C y E es el complemento ideal para el tratamiento contra el envejecimiento, la pigmentaci\u00f3n y la piel. blanqueo. Previene el da\u00f1o [&hellip;]<\/p>\n","protected":false},"featured_media":2649,"template":"","meta":[],"product_brand":[],"product_cat":[1168,1234,1236,1240,1250,1252,1256,1258,945,1278,962,1025,1097,1120,1128,1164,1166],"product_tag":[],"class_list":{"0":"post-3293","1":"product","2":"type-product","3":"status-publish","4":"has-post-thumbnail","6":"product_cat-sequedad-piel-deshidratada-es-2","7":"product_cat-cuello","8":"product_cat-piel-enviejecida-es-2","9":"product_cat-poca-elasticidad-es-4","10":"product_cat-escote","11":"product_cat-piel-enviejecida-es-3","12":"product_cat-poca-elasticidad-es-5","13":"product_cat-melasmas-manchas-castanhas-es-2","14":"product_cat-productos-de-mesoterapia","15":"product_cat-general-productos-equipos","16":"product_cat-paquetes-progresivos","17":"product_cat-areas-de-tratamientos-vs-produtos-tratamentos-con-equipos","18":"product_cat-rostro","19":"product_cat-piel-opaca-sin-brillo","20":"product_cat-mejora-del-contorno-facial","21":"product_cat-manos-es","22":"product_cat-piel-enviejecida-es","24":"first","25":"instock","26":"taxable","27":"shipping-taxable","28":"purchasable","29":"product-type-simple"},"acf":{"display":[],"short_name":"","display_equipment_products":[],"short_name_equipment_products":"","confidential_information":{"text_block":[{"title":"Ingredienets activos","textarea":"<p id=\"tw-target-text\" class=\"tw-data-text tw-text-large tw-ta\" dir=\"ltr\" data-placeholder=\"Tradu\u00e7\u00e3o\"><span class=\"Y2IQFc\" lang=\"es\">Vial n.\u00b0 1: agua, \u00e1cido asc\u00f3rbico, niacinamida, pantenol, piridoxina, acetato de tocoferilo, aceite de ricino PEG 35, cloruro de tiamina, palmitato de retinilo<\/span><\/p>\n<p>Vial n.\u00ba 2: agua, \u00e1cido asc\u00f3rbico, glutati\u00f3n, acetato de tocoferilo, aceite de ricino PEG 35<\/p>\n<p>Vial n.\u00b0 3: agua, \u00e1cido asc\u00f3rbico, niacinamida, pantenol, piridoxina, acetato de tocoferilo, aceite de ricino PEG 35, cloruro de tiamina, palmitato de retinilo<\/p>\n<p>Vial #4 &#8211; Aqua, \u00e1cido asc\u00f3rbico, hialuronato de sodio<\/p>\n<p>Vial n.\u00b0 5: agua, \u00e1cido asc\u00f3rbico, niacinamida, pantenol, piridoxina, cloruro de tiamina, palmitato de retinilo<\/p>\n"},{"title":"Mazclas Posibles","textarea":"<pre id=\"tw-target-text\" class=\"tw-data-text tw-text-large tw-ta\" dir=\"ltr\" data-placeholder=\"Tradu\u00e7\u00e3o\"><span class=\"Y2IQFc\" lang=\"es\">Ninguna. Siga el orden dado:\r\n\r\n\r\n\r\nSemana 1 - Frasco #1\r\n\r\n\r\n\r\nSemana 2 - Frasco #2\r\n\r\n\r\n\r\nSemana 3 - Frasco #3\r\n\r\n\r\n\r\nSemana 4 - Frasco #4\r\n\r\n\r\n\r\nSemana 5 - Frasco #5<\/span><\/pre>\n"},{"title":"Protocolos de tratamientos","textarea":"<p><strong>Reglas generales<\/strong><\/p>\n<p>Paso 1: Lavar la piel con un gel limpiador transparente y secar. No utilice cremas, lociones o limpiadores nacarados, ya que pueden dejar residuos.<\/p>\n<p>Paso 2: Desinfectar la zona con clorhexidina o similar<\/p>\n<p>Paso 3: Aplique una peque\u00f1a cantidad del producto en una gasa y exti\u00e9ndala sobre el \u00e1rea deseada (o use un cepillo de abanico) si est\u00e1 usando mesoterapia virtual o llene la jeringa con el producto si est\u00e1 usando mesoterapia cl\u00e1sica.<\/p>\n<p>Paso 4: Recorrer la zona con el instrumento siguiendo las instrucciones del fabricante<\/p>\n<p>Paso 5: Vuelva a aplicar la soluci\u00f3n seg\u00fan sea necesario para cubrir toda el \u00e1rea hasta que la piel est\u00e9 ligeramente h\u00fameda (en caso de mesoterapia virtual)<\/p>\n<p>Paso 6: Repite el paso 4.<\/p>\n<p>Paso 7: Enjuague la soluci\u00f3n restante con agua fr\u00eda durante 30 segundos. Seque suavemente la piel y aplique el suero hialur\u00f3nico hidratante post-peeling\/24 para nutrir la piel con ingredientes antienvejecimiento.<\/p>\n<p>&nbsp;<\/p>\n<p id=\"tw-target-text\" class=\"tw-data-text tw-text-large tw-ta\" dir=\"ltr\" data-placeholder=\"Tradu\u00e7\u00e3o\"><span class=\"Y2IQFc\" lang=\"es\"><strong>Profundidad recomendada por zona<\/strong><\/span><\/p>\n<p>Frente &#8230;&#8230;&#8230;&#8230;&#8230;&#8230;&#8230;&#8230;. 0,75-1 mm<br \/>\nMejillas &#8230;&#8230;&#8230;&#8230;&#8230;&#8230;&#8230;&#8230;.. 1-1,5 mm<br \/>\nMand\u00edbula y ment\u00f3n &#8230;&#8230;&#8230;.1,5-2 mm<br \/>\nManos &#8230;&#8230;&#8230;&#8230;&#8230;&#8230;&#8230;&#8230;&#8230;1-1,5 mm<br \/>\nCuero cabelludo &#8230;&#8230;&#8230;&#8230;&#8230;&#8230;&#8230;&#8230;&#8230;0,5-1,5 mm<\/p>\n<p><strong>Tiempo recomendado entre sesiones<\/strong>&#8230;&#8230;. intervalo de 10-15 d\u00edas<\/p>\n<p><strong> N\u00famero de sesiones<\/strong><br \/>\nInicio del tratamiento&#8230;&#8230;&#8230;&#8230;&#8230;&#8230;4-6 sesiones.<br \/>\nSeguimiento &#8230;&#8230;&#8230;&#8230;&#8230;&#8230;&#8230;&#8230;&#8230;&#8230;&#8230;&#8230;&#8230;&#8230;&#8230;&#8230;..cada 4-6 meses<\/p>\n<p><span class=\"Y2IQFc\" lang=\"es\"><strong>Protocolos de tratamiento:<\/strong><br \/>\nTratamiento inicial 5 sesiones<br \/>\nIntervalos entre sesiones 7-10 d\u00edas<br \/>\nSesi\u00f3n de mantenimiento 6-8 meses despu\u00e9s de finalizar el tratamiento inicial<br \/>\nN\u00famero de sesiones de mantenimiento 1-2<br \/>\nProductos recomendados para sesiones de mantenimiento: Revital Mix<\/span><\/p>\n"}],"download_file":false}},"_links":{"self":[{"href":"https:\/\/www.therapmedic.com\/es\/wp-json\/wp\/v2\/product\/3293","targetHints":{"allow":["GET"]}}],"collection":[{"href":"https:\/\/www.therapmedic.com\/es\/wp-json\/wp\/v2\/product"}],"about":[{"href":"https:\/\/www.therapmedic.com\/es\/wp-json\/wp\/v2\/types\/product"}],"wp:featuredmedia":[{"embeddable":true,"href":"https:\/\/www.therapmedic.com\/es\/wp-json\/wp\/v2\/media\/2649"}],"wp:attachment":[{"href":"https:\/\/www.therapmedic.com\/es\/wp-json\/wp\/v2\/media?parent=3293"}],"wp:term":[{"taxonomy":"product_brand","embeddable":true,"href":"https:\/\/www.therapmedic.com\/es\/wp-json\/wp\/v2\/product_brand?post=3293"},{"taxonomy":"product_cat","embeddable":true,"href":"https:\/\/www.therapmedic.com\/es\/wp-json\/wp\/v2\/product_cat?post=3293"},{"taxonomy":"product_tag","embeddable":true,"href":"https:\/\/www.therapmedic.com\/es\/wp-json\/wp\/v2\/product_tag?post=3293"}],"curies":[{"name":"wp","href":"https:\/\/api.w.org\/{rel}","templated":true}]}}