{"id":3290,"date":"2022-12-01T18:12:36","date_gmt":"2022-12-01T18:12:36","guid":{"rendered":"https:\/\/www.therapmedic.com\/product\/full-skin\/"},"modified":"2023-04-21T17:24:45","modified_gmt":"2023-04-21T17:24:45","slug":"full-skin","status":"publish","type":"product","link":"https:\/\/www.therapmedic.com\/es\/producto\/full-skin\/","title":{"rendered":"Full Skin"},"content":{"rendered":"<p id=\"tw-target-text\" class=\"tw-data-text tw-text-large tw-ta\" dir=\"ltr\" data-placeholder=\"Tradu\u00e7\u00e3o\"><span class=\"Y2IQFc\" lang=\"es\"><strong>Full Skin<\/strong> \u2013 pack de tratamiento para las manchas marrones en la piel<\/span><\/p>\n<p>La formulaci\u00f3n de este producto se basa en los componentes de Revital Mix, Fitness Body, Vitamina C Nutricional y \u00c1cido Hialur\u00f3nico, que contiene 5 ampollas que, cuando se usan secuencialmente, tienen un efecto sin\u00e9rgico que ayuda a limitar la propagaci\u00f3n de manchas negras o marrones irregulares. Tambi\u00e9n ayudar\u00e1 a reducir la apariencia de otros signos de envejecimiento e igualar\u00e1 el tono de la piel.<\/p>\n<p>Presentaci\u00f3n: caja con viales numerados del 1 al 5 para aplicar semanalmente en secuencia<\/p>\n<p>El precio que se muestra es por caja con 5 botellas secuenciales de tratamiento.<\/p>\n","protected":false},"excerpt":{"rendered":"<p>Full Skin \u2013 pack de tratamiento para las manchas marrones en la piel La formulaci\u00f3n de este producto se basa en los componentes de Revital Mix, Fitness Body, Vitamina C Nutricional y \u00c1cido Hialur\u00f3nico, que contiene 5 ampollas que, cuando se usan secuencialmente, tienen un efecto sin\u00e9rgico que ayuda a limitar la propagaci\u00f3n de manchas [&hellip;]<\/p>\n","protected":false},"featured_media":2652,"template":"","meta":[],"product_brand":[],"product_cat":[962,1174,1025,1214,1027,1220,1037,1234,1041,1240,1045,1242,1055,1250,1069,1252,1085,1256,1097,1278,1114,1132,1136,1144,1164,945,1172],"product_tag":[],"class_list":{"0":"post-3290","1":"product","2":"type-product","3":"status-publish","4":"has-post-thumbnail","6":"product_cat-paquetes-progresivos","7":"product_cat-piel-flacida-es-4","8":"product_cat-areas-de-tratamientos-vs-produtos-tratamentos-con-equipos","9":"product_cat-piernas","10":"product_cat-brazos","11":"product_cat-melasmas-manchas-marrones-es-3","12":"product_cat-melasmas-manchas-marrones","13":"product_cat-cuello","14":"product_cat-cuerpo","15":"product_cat-poca-elasticidad-es-4","16":"product_cat-diferentes-tonos-de-piel","17":"product_cat-melasmas-manchas-marrones-es-4","18":"product_cat-melasmas-manchas-marrones-es","19":"product_cat-escote","20":"product_cat-gluteos-es","21":"product_cat-piel-enviejecida-es-3","22":"product_cat-melasmas-manchas-castanhas-es","23":"product_cat-poca-elasticidad-es-5","24":"product_cat-rostro","25":"product_cat-general-productos-equipos","26":"product_cat-diferentes-tonos-de-piel-es","27":"product_cat-melasmas-manchas-marrones-hiperpigmentacion","28":"product_cat-poros-abiertos","29":"product_cat-blanquamiento-de-la-piel","30":"product_cat-manos-es","31":"product_cat-productos-de-mesoterapia","32":"product_cat-melasmas-manchas-marrones-es-2","34":"first","35":"instock","36":"taxable","37":"shipping-taxable","38":"purchasable","39":"product-type-simple"},"acf":{"display":[],"short_name":"","display_equipment_products":[],"short_name_equipment_products":"","confidential_information":{"text_block":[{"title":"Ingredientes activos","textarea":"<p id=\"tw-target-text\" class=\"tw-data-text tw-text-large tw-ta\" dir=\"ltr\" data-placeholder=\"Tradu\u00e7\u00e3o\"><span class=\"Y2IQFc\" lang=\"es\">Vial n.\u00b0 1: agua, urea, \u00e1cido asc\u00f3rbico, arbutina, \u00e1cido azelaico, \u00e1cido k\u00f3jico, acetato de tocoferilo, aceite de ricino PEG 35<\/span><\/p>\n<p>Vial n.\u00ba 2: agua, \u00e1cido asc\u00f3rbico, glutati\u00f3n, acetato de tocoferilo, aceite de ricino PEG 35<\/p>\n<p>Vial#3 &#8211; Aqua, urea, \u00e1cido asc\u00f3rbico, arbutina, \u00e1cido azelaico, \u00e1cido k\u00f3jico, acetato de tocoferilo, aceite de ricino PEG 35<\/p>\n<p>Vial #4 &#8211; Aqua, \u00e1cido asc\u00f3rbico, hialuronato de sodio<\/p>\n<p>Vial n.\u00ba 5: agua, urea, \u00e1cido asc\u00f3rbico, arbutina, \u00e1cido azelaico, \u00e1cido k\u00f3jico, acetato de tocoferilo, aceite de ricino PEG 35<\/p>\n"},{"title":"Protocolo de tratamientos","textarea":"<p><strong>Reglas generales<\/strong><\/p>\n<p>Paso 1: Lavar la piel con un gel limpiador transparente y secar. No utilice cremas, lociones o limpiadores nacarados, ya que pueden dejar residuos.<\/p>\n<p>Paso 2: Desinfectar la zona con clorhexidina o similar<\/p>\n<p>Paso 3: Aplique una peque\u00f1a cantidad del producto en una gasa y exti\u00e9ndala sobre el \u00e1rea deseada (o use un cepillo de abanico) si est\u00e1 usando mesoterapia virtual o llene la jeringa con el producto si est\u00e1 usando mesoterapia cl\u00e1sica.<\/p>\n<p>Paso 4: Recorrer la zona con el instrumento siguiendo las instrucciones del fabricante<\/p>\n<p>Paso 5: Vuelva a aplicar la soluci\u00f3n seg\u00fan sea necesario para cubrir toda el \u00e1rea hasta que la piel est\u00e9 ligeramente h\u00fameda (en caso de mesoterapia virtual)<\/p>\n<p>Paso 6: Repite el paso 4.<\/p>\n<p>Paso 7: Enjuague la soluci\u00f3n restante con agua fr\u00eda durante 30 segundos. Seque suavemente la piel y aplique el suero hialur\u00f3nico hidratante post-peeling\/24 para nutrir la piel con ingredientes antienvejecimiento.<\/p>\n<p>&nbsp;<\/p>\n<p>&nbsp;<\/p>\n<p><strong>PROTOCOLO MESO<\/strong><\/p>\n<p data-placeholder=\"Tradu\u00e7\u00e3o\"><strong>Profundidad recomendada<\/strong>&#8230;&#8230;&#8230;&#8230;&#8230; 0,25-1,5 mm dependiendo de la zona<\/p>\n<p data-placeholder=\"Tradu\u00e7\u00e3o\"><strong>Tiempo recomendado por \u00e1rea<\/strong> utilizando Sistemas de Entrega Transd\u00e9rmicos (Electroporaci\u00f3n, Iontoforesis, Ultrasonidos,&#8230;&#8230;&#8230;&#8230;&#8230;&#8230;. 5 minutos<\/p>\n<p data-placeholder=\"Tradu\u00e7\u00e3o\">\u00a0<strong>Tiempo recomendado entre sesiones<\/strong> &#8230;&#8230;&#8230;&#8230;&#8230;&#8230;&#8230;. Intervalo de 10-15 d\u00edas<\/p>\n<p>N<strong>\u00famero de sesiones<\/strong><\/p>\n<p data-placeholder=\"Tradu\u00e7\u00e3o\">Inicio del tratamiento &#8230;&#8230;&#8230;&#8230;&#8230;&#8230;&#8230;.. 4-6<\/p>\n<p data-placeholder=\"Tradu\u00e7\u00e3o\">Mantenimiento &#8230;&#8230;&#8230;&#8230;&#8230;&#8230;&#8230;&#8230;&#8230;&#8230;&#8230;. cada 4-5 meses<\/p>\n<p>&nbsp;<\/p>\n<p id=\"tw-target-text\" class=\"tw-data-text tw-text-large tw-ta\" dir=\"ltr\" data-placeholder=\"Tradu\u00e7\u00e3o\"><span class=\"Y2IQFc\" lang=\"es\"><strong>Protocolos de tratamiento:<\/strong><br \/>\nTratamiento inicial 5 sesiones<br \/>\nIntervalos entre sesiones 7-10 d\u00edas<br \/>\nSesi\u00f3n de mantenimiento 6-8 meses despu\u00e9s de finalizar el tratamiento inicial<br \/>\nN\u00famero de sesiones de mantenimiento 1-2<br \/>\nProductos recomendados para sesiones de mantenimiento: Revital Mix<\/span><\/p>\n"}],"download_file":false}},"_links":{"self":[{"href":"https:\/\/www.therapmedic.com\/es\/wp-json\/wp\/v2\/product\/3290","targetHints":{"allow":["GET"]}}],"collection":[{"href":"https:\/\/www.therapmedic.com\/es\/wp-json\/wp\/v2\/product"}],"about":[{"href":"https:\/\/www.therapmedic.com\/es\/wp-json\/wp\/v2\/types\/product"}],"wp:featuredmedia":[{"embeddable":true,"href":"https:\/\/www.therapmedic.com\/es\/wp-json\/wp\/v2\/media\/2652"}],"wp:attachment":[{"href":"https:\/\/www.therapmedic.com\/es\/wp-json\/wp\/v2\/media?parent=3290"}],"wp:term":[{"taxonomy":"product_brand","embeddable":true,"href":"https:\/\/www.therapmedic.com\/es\/wp-json\/wp\/v2\/product_brand?post=3290"},{"taxonomy":"product_cat","embeddable":true,"href":"https:\/\/www.therapmedic.com\/es\/wp-json\/wp\/v2\/product_cat?post=3290"},{"taxonomy":"product_tag","embeddable":true,"href":"https:\/\/www.therapmedic.com\/es\/wp-json\/wp\/v2\/product_tag?post=3290"}],"curies":[{"name":"wp","href":"https:\/\/api.w.org\/{rel}","templated":true}]}}