{"id":3287,"date":"2022-12-01T18:27:03","date_gmt":"2022-12-01T18:27:03","guid":{"rendered":"https:\/\/www.therapmedic.com\/product\/passion-lips\/"},"modified":"2023-04-21T17:23:19","modified_gmt":"2023-04-21T17:23:19","slug":"passion-lips","status":"publish","type":"product","link":"https:\/\/www.therapmedic.com\/es\/producto\/passion-lips\/","title":{"rendered":"Passion lips"},"content":{"rendered":"<p id=\"tw-target-text\" class=\"tw-data-text tw-text-large tw-ta\" dir=\"ltr\" data-placeholder=\"Tradu\u00e7\u00e3o\"><span class=\"Y2IQFc\" lang=\"es\"><strong>Passion Lips<\/strong> \u2013 pack de tratamiento para unos labios bonitos y perfectos<\/span><\/p>\n<p>La formulaci\u00f3n de este producto se basa en Lovely Lips y componentes nutritivos de \u00e1cido hialur\u00f3nico. Como resultado, ayuda a aumentar la hidrataci\u00f3n y el volumen natural de los labios, a reformar la estructura de la piel y a corregir el aspecto por la p\u00e9rdida de elastina. Evita los labios agrietados.<\/p>\n<p>Presentaci\u00f3n: caja con viales numerados del 1 al 5 para aplicar semanalmente en secuencia<\/p>\n<p>El precio que se muestra es por caja con 5 botellas secuenciales de tratamiento.<\/p>\n","protected":false},"excerpt":{"rendered":"<p>Passion Lips \u2013 pack de tratamiento para unos labios bonitos y perfectos La formulaci\u00f3n de este producto se basa en Lovely Lips y componentes nutritivos de \u00e1cido hialur\u00f3nico. Como resultado, ayuda a aumentar la hidrataci\u00f3n y el volumen natural de los labios, a reformar la estructura de la piel y a corregir el aspecto por [&hellip;]<\/p>\n","protected":false},"featured_media":2655,"template":"","meta":[],"product_brand":[],"product_cat":[962,1025,1097,1148,1154,1278,945],"product_tag":[],"class_list":{"0":"post-3287","1":"product","2":"type-product","3":"status-publish","4":"has-post-thumbnail","6":"product_cat-paquetes-progresivos","7":"product_cat-areas-de-tratamientos-vs-produtos-tratamentos-con-equipos","8":"product_cat-rostro","9":"product_cat-labios-delgados","10":"product_cat-labios-arrugados","11":"product_cat-general-productos-equipos","12":"product_cat-productos-de-mesoterapia","14":"first","15":"instock","16":"taxable","17":"shipping-taxable","18":"purchasable","19":"product-type-simple"},"acf":{"display":[],"short_name":"","display_equipment_products":[],"short_name_equipment_products":"","confidential_information":{"text_block":[{"title":"Ingredientes Activos","textarea":"<p id=\"tw-target-text\" class=\"tw-data-text tw-text-large tw-ta\" dir=\"ltr\" data-placeholder=\"Tradu\u00e7\u00e3o\"><span class=\"Y2IQFc\" lang=\"es\">Vial n.\u00b0 1: agua, elastina, cafe\u00edna, \u00e1cido asc\u00f3rbico, extracto de ginkgo biloba, hialuronato de sodio, acetato de tocoferilo, aceite de ricino PEG 3 5, extracto de \u00f3vulo de Piscum, DMAE<\/span><\/p>\n<p>Vial n.\u00b0 2: agua, hialuronato de sodio, elastina, cafe\u00edna, \u00e1cido asc\u00f3rbico, extracto de ginkgo biloba, acetato de tocoferilo, aceite de ricino PEG 3 5, extracto de \u00f3vulo de Piscum<\/p>\n<p>Vial n.\u00b0 3: agua, elastina, cafe\u00edna, \u00e1cido asc\u00f3rbico, extracto de Ginkogo biloba, hialuronato de sodio, acetato de tocoferilo, aceite de ricino PEG 3 5, extracto de \u00f3vulo de Piscum, DMAE<\/p>\n<p>Vial n.\u00ba 4: hialuronato de sodio, agua, elastina, cafe\u00edna, \u00e1cido asc\u00f3rbico, extracto de ginkgo biloba, hialuronato de sodio, acetato de tocoferilo, aceite de ricino PEG 3 5, extracto de \u00f3vulo de Piscum, DMAE<\/p>\n<p>Vial n.\u00b0 5: agua, elastina, cafe\u00edna, \u00e1cido asc\u00f3rbico, extracto de ginkgo biloba, hialuronato de sodio, acetato de tocoferilo, aceite de ricino PEG 3 5, extracto de \u00f3vulo de Piscum, DMAE<\/p>\n"},{"title":"MEzclas Posibles","textarea":"<p id=\"tw-target-text\" class=\"tw-data-text tw-text-large tw-ta\" dir=\"ltr\" data-placeholder=\"Tradu\u00e7\u00e3o\"><span class=\"Y2IQFc\" lang=\"es\">Ninguno. Siga el orden dado:<\/span><\/p>\n<p>Semana 1 &#8211; Frasco #1<\/p>\n<p>Semana 2 &#8211; Frasco #2<\/p>\n<p>Semana 3 &#8211; Frasco #3<\/p>\n<p>Semana 4 &#8211; Frasco #4<\/p>\n<p>Semana 5 &#8211; Frasco #5<\/p>\n"},{"title":"Protocolos de tratamentos","textarea":"<div id=\"tw-container\" class=\"\" data-cp=\"1\" data-is-ver=\"false\" data-nnttsvi=\"1\" data-sbsl=\"ru,uk\" data-sm=\"1\" data-ssbp=\"true\" data-sugg-time=\"500\" data-sugg-url=\"https:\/\/clients1.google.com\/complete\/search\" data-uilc=\"pt-PT\" data-vil=\",af,af-ZA,am,am-ET,ar-EG,ar-AE,ar-KW,ar-QA,ar,ar-IL,ar-JO,ar-LB,ar-PS,az,az-AZ,bg,bg-BG,bn,bn-BD,bn-IN,ca,ca-es,cs,cs-CZ,de,de-DE,de-CH,de-AT,de-LI,en,en-US,en-CA,en-AU,en-NZ,en-GB,en-IN,en-KE,en-TZ,en-NG,en-GH,en-PH,en-ZA,es,es-ES,es-AR,es-UY,es-419,es-BO,es-CL,es-CR,es-CO,es-DO,es-EC,es-GT,es-HN,es-NI,es-PA,es-PE,es-PR,es-PY,es-SV,es-VE,es-MX,es-US,eu,eu-ES,fi,fi-FI,fr,fr-FR,fr-CH,fr-BE,gl,gl-ES,gu,gu-IN,he,he-IL,iw,iw-IL,hu,hu-HU,hy,hy-AM,id,id-ID,is,is-IS,it,it-IT,it-CH,ja,ja-JP,jv,jv-ID,ka,ka-GE,km,km-KH,kn,kn-IN,ko,ko-KR,la,lo,lo-LA,lv,lv-LV,ml,ml-IN,mr,mr-IN,ms,ms-MY,nl,nl-NL,nb,nb-NO,ne,ne-NP,pl,pl-PL,pt,pt-BR,pt-PT,ro,ro-RO,ru,ru-RU,si-LK,sk,sk-SK,sr,sr-RS,su,su-ID,sv,sv-SE,sw,sw-TZ,sw-KE,ta,ta-IN,ta-SG,ta-LK,ta-MY,te,te-IN,tr,tr-TR,ur,ur-PK,ur-IN,yue,yue-HK,yue-Hant-HK,zh-HK,zh,zh-CN,zh-cmn,zh-cmn-CN,zh-Hans,zh-Hans-CN,zh-cmn-Hans,zh-cmn-Hans-CN,cmn-CN,cmn-Hans,cmn-Hans-CN,zh-TW,zh-Hant-TW,cmn-TW,cmn-Hant-TW,zh-cmn-TW,zh-cmn-Hant-TW,zu,zu-ZA\">\n<div id=\"tw-ob\" class=\"tw-src-ltr\">\n<div class=\"oSioSc\">\n<div id=\"tw-target\">\n<div id=\"kAz1tf\" class=\"g9WsWb\">\n<div id=\"tw-target-text-container\" class=\"tw-ta-container F0azHf tw-nfl\" tabindex=\"0\">\n<p><strong>Reglas generales<\/strong><\/p>\n<p>Paso 1: Lavar la piel con un gel limpiador transparente y secar. No utilice cremas, lociones o limpiadores nacarados, ya que pueden dejar residuos.<\/p>\n<p>Paso 2: Desinfectar la zona con clorhexidina o similar<\/p>\n<p>Paso 3: Aplique una peque\u00f1a cantidad del producto en una gasa y exti\u00e9ndala sobre el \u00e1rea deseada (o use un cepillo de abanico) si est\u00e1 usando mesoterapia virtual o llene la jeringa con el producto si est\u00e1 usando mesoterapia cl\u00e1sica.<\/p>\n<p>Paso 4: Recorrer la zona con el instrumento siguiendo las instrucciones del fabricante<\/p>\n<p>Paso 5: Vuelva a aplicar la soluci\u00f3n seg\u00fan sea necesario para cubrir toda el \u00e1rea hasta que la piel est\u00e9 ligeramente h\u00fameda (en caso de mesoterapia virtual)<\/p>\n<p>Paso 6: Repite el paso 4.<\/p>\n<p>Paso 7: Enjuague la soluci\u00f3n restante con agua fr\u00eda durante 30 segundos. Seque suavemente la piel y aplique el suero hialur\u00f3nico hidratante post-peeling\/24 para nutrir la piel con ingredientes antienvejecimiento.<\/p>\n<\/div>\n<\/div>\n<p id=\"tw-target-text\" class=\"tw-data-text tw-text-large tw-ta\" dir=\"ltr\" data-placeholder=\"Tradu\u00e7\u00e3o\">\n<p><strong>Profundidad recomendada por zona<\/strong> (otras zonas adem\u00e1s de labios)<br \/>\nFrente &#8230;&#8230;&#8230;&#8230;&#8230;&#8230;&#8230;&#8230;. 0,75-1 mm<br \/>\nMejillas &#8230;&#8230;&#8230;&#8230;&#8230;&#8230;&#8230;&#8230;.. 1-1,5 mm<br \/>\nMand\u00edbula y ment\u00f3n &#8230;&#8230;&#8230;.1,5-2 mm<br \/>\nManos &#8230;&#8230;&#8230;&#8230;&#8230;&#8230;&#8230;&#8230;&#8230;1-1,5 mm<br \/>\nCuero cabelludo &#8230;&#8230;&#8230;&#8230;&#8230;&#8230;&#8230;&#8230;&#8230;0,5-1,5 mm<\/p>\n<p><strong>Tiempo recomendado entre sesiones.<\/strong>&#8230;&#8230; intervalo de 10-15 d\u00edas <strong> N\u00famero de sesiones<\/strong><br \/>\nInicio del tratamiento&#8230;&#8230;&#8230;&#8230;&#8230;&#8230;4-6 sesiones.<br \/>\nSeguimiento &#8230;&#8230;&#8230;&#8230;&#8230;&#8230;&#8230;&#8230;&#8230;&#8230;&#8230;&#8230;&#8230;&#8230;&#8230;&#8230;..cada 4-6 meses<\/p>\n<p><strong>Resultados previstos<\/strong><br \/>\nDespu\u00e9s &#8230;&#8230;&#8230;&#8230;&#8230;&#8230;&#8230;&#8230;&#8230;&#8230;&#8230;&#8230;&#8230;&#8230;&#8230;&#8230;.. 2- 3 meses<\/p>\n<div id=\"kAz1tf\" class=\"g9WsWb\">\n<div id=\"tw-target-text-container\" class=\"tw-ta-container F0azHf tw-nfl\" tabindex=\"0\">\n<p id=\"tw-target-text\" class=\"tw-data-text tw-text-large tw-ta\" dir=\"ltr\" data-placeholder=\"Tradu\u00e7\u00e3o\"><strong><span class=\"Y2IQFc\" lang=\"es\">PROTOCOLOS DE TRATAMIENTO<\/span><\/strong><\/p>\n<p>Tratamiento inicial 5 sesiones<\/p>\n<p>Intervalos entre sesiones 18-21 d\u00edas<\/p>\n<p>Sesi\u00f3n de mantenimiento 6 meses despu\u00e9s de finalizar el tratamiento inicial<\/p>\n<p>N\u00famero de sesiones de mantenimiento 1-2<\/p>\n<p>Productos recomendados Lovable Lips<\/p>\n<\/div>\n<\/div>\n<\/div>\n<\/div>\n<\/div>\n<\/div>\n"}],"download_file":false}},"_links":{"self":[{"href":"https:\/\/www.therapmedic.com\/es\/wp-json\/wp\/v2\/product\/3287","targetHints":{"allow":["GET"]}}],"collection":[{"href":"https:\/\/www.therapmedic.com\/es\/wp-json\/wp\/v2\/product"}],"about":[{"href":"https:\/\/www.therapmedic.com\/es\/wp-json\/wp\/v2\/types\/product"}],"wp:featuredmedia":[{"embeddable":true,"href":"https:\/\/www.therapmedic.com\/es\/wp-json\/wp\/v2\/media\/2655"}],"wp:attachment":[{"href":"https:\/\/www.therapmedic.com\/es\/wp-json\/wp\/v2\/media?parent=3287"}],"wp:term":[{"taxonomy":"product_brand","embeddable":true,"href":"https:\/\/www.therapmedic.com\/es\/wp-json\/wp\/v2\/product_brand?post=3287"},{"taxonomy":"product_cat","embeddable":true,"href":"https:\/\/www.therapmedic.com\/es\/wp-json\/wp\/v2\/product_cat?post=3287"},{"taxonomy":"product_tag","embeddable":true,"href":"https:\/\/www.therapmedic.com\/es\/wp-json\/wp\/v2\/product_tag?post=3287"}],"curies":[{"name":"wp","href":"https:\/\/api.w.org\/{rel}","templated":true}]}}