{"id":3284,"date":"2022-12-01T18:51:05","date_gmt":"2022-12-01T18:51:05","guid":{"rendered":"https:\/\/www.therapmedic.com\/product\/more-hair\/"},"modified":"2023-04-21T17:21:26","modified_gmt":"2023-04-21T17:21:26","slug":"more-hair","status":"publish","type":"product","link":"https:\/\/www.therapmedic.com\/es\/producto\/more-hair\/","title":{"rendered":"More Hair"},"content":{"rendered":"<p id=\"tw-target-text\" class=\"tw-data-text tw-text-large tw-ta\" dir=\"ltr\" data-placeholder=\"Tradu\u00e7\u00e3o\"><span class=\"Y2IQFc\" lang=\"es\"><strong>More Hair<\/strong> \u2013 pack de tratamiento para hacer crecer m\u00e1s cabello y m\u00e1s sano<\/span><\/p>\n<p>Este Kit especial se basa en nuestra experiencia utilizando el producto Alopecia General en tratamientos antica\u00edda. Los diferentes activos formulados secuencialmente deben ser utilizados para combatir la ca\u00edda del cabello que a\u00fan no ha llegado al estadio irreversible de la alopecia, es decir, cuando a\u00fan quedan las ra\u00edces del cabello a revitalizar.<\/p>\n<p>Presentaci\u00f3n: caja con viales numerados del 1 al 5 para aplicar semanalmente en secuencia<\/p>\n<p>El precio que se muestra es por caja con 5 botellas secuenciales de tratamiento.<\/p>\n","protected":false},"excerpt":{"rendered":"<p>More Hair \u2013 pack de tratamiento para hacer crecer m\u00e1s cabello y m\u00e1s sano Este Kit especial se basa en nuestra experiencia utilizando el producto Alopecia General en tratamientos antica\u00edda. Los diferentes activos formulados secuencialmente deben ser utilizados para combatir la ca\u00edda del cabello que a\u00fan no ha llegado al estadio irreversible de la alopecia, [&hellip;]<\/p>\n","protected":false},"featured_media":2658,"template":"","meta":[],"product_brand":[],"product_cat":[962,1180,1186,1192,1194,1278,945],"product_tag":[],"class_list":{"0":"post-3284","1":"product","2":"type-product","3":"status-publish","4":"has-post-thumbnail","6":"product_cat-paquetes-progresivos","7":"product_cat-cabeza","8":"product_cat-cabello-grasoso","9":"product_cat-fortalecimiento-del-foliculo-piloso","10":"product_cat-cabello-debil-y-delgado","11":"product_cat-general-productos-equipos","12":"product_cat-productos-de-mesoterapia","14":"first","15":"instock","16":"taxable","17":"shipping-taxable","18":"purchasable","19":"product-type-simple"},"acf":{"display":[],"short_name":"","display_equipment_products":[],"short_name_equipment_products":"","confidential_information":{"text_block":[{"title":"Ingredientes activos","textarea":"<p id=\"tw-target-text\" class=\"tw-data-text tw-text-large tw-ta\" dir=\"ltr\" data-placeholder=\"Tradu\u00e7\u00e3o\"><span class=\"Y2IQFc\" lang=\"es\">Vial n.\u00ba 1: agua, extracto de \u00f3vulo de piscum, glutati\u00f3n, pantenol, piridoxina, biotina, acetato de tocoferilo, aceite de ricino PEG 35, cloruro de tiamina, metionina, ciste\u00edna<\/span><\/p>\n<p>Vial n.\u00b0 2: hialuronato de sodio, agua, extracto de Piscum Ovim, glutati\u00f3n, pantenol, piridoxina, biotina, acetato de tocoferilo, aceite de ricino PEG 35, cloruro de tiamina, metionina, ciste\u00edna<\/p>\n<p>Vial #3. hialuronato de sodio, biotina<\/p>\n<p>Vial n.\u00b0 4: agua, extracto de \u00f3vulo de Piscum, glutati\u00f3n, pantenol, piridoxina, biotina, acetato de tocoferilo, aceite de ricino PEG 35, cloruro de tiamina, metionina, ciste\u00edna<\/p>\n<p>Vial n.\u00b0 5: hialuronato de sodio, aguamarina, extracto de \u00f3vulo de Piscum, glutati\u00f3n, pantenol, piridoxina, biotina, acetato de tocoferilo, aceite de ricino PEG35, cloruro de tiamina, metionina, ciste\u00edna<\/p>\n"},{"title":"Mezclas posibles","textarea":"<pre id=\"tw-target-text\" class=\"tw-data-text tw-text-large tw-ta\" dir=\"ltr\" data-placeholder=\"Tradu\u00e7\u00e3o\"><span class=\"Y2IQFc\" lang=\"es\">Ninguna. Siga el orden dado:\r\n\r\n\r\n\r\nSemana 1 - Frasco #1\r\n\r\n\r\n\r\nSemana 2 - Frasco #2\r\n\r\n\r\n\r\nSemana 3 - Frasco #3\r\n\r\n\r\n\r\nSemana 4 - Frasco #4\r\n\r\n\r\n\r\nSemana 5 - Frasco #5<\/span><\/pre>\n"},{"title":"Protocolo de tratamientos","textarea":"<p><strong>Reglas generales<\/strong><\/p>\n<p>Paso 1: Lavar la piel con un gel limpiador transparente y secar. No utilice cremas, lociones o limpiadores nacarados, ya que pueden dejar residuos.<\/p>\n<p>Paso 2: Desinfectar la zona con clorhexidina o similar<\/p>\n<p>Paso 3: Aplique una peque\u00f1a cantidad del producto en una gasa y exti\u00e9ndala sobre el \u00e1rea deseada (o use un cepillo de abanico) si est\u00e1 usando mesoterapia virtual o llene la jeringa con el producto si est\u00e1 usando mesoterapia cl\u00e1sica.<\/p>\n<p>Paso 4: Recorrer la zona con el instrumento siguiendo las instrucciones del fabricante<\/p>\n<p>Paso 5: Vuelva a aplicar la soluci\u00f3n seg\u00fan sea necesario para cubrir toda el \u00e1rea hasta que la piel est\u00e9 ligeramente h\u00fameda (en caso de mesoterapia virtual)<\/p>\n<p>Paso 6: Repite el paso 4.<\/p>\n<p>Paso 7: Enjuague la soluci\u00f3n restante con agua fr\u00eda durante 30 segundos. Seque suavemente la piel y aplique el suero hialur\u00f3nico hidratante post-peeling\/24 para nutrir la piel con ingredientes antienvejecimiento.<\/p>\n<p id=\"tw-target-text\" class=\"tw-data-text tw-text-large tw-ta\" dir=\"ltr\" data-placeholder=\"Tradu\u00e7\u00e3o\"><span class=\"Y2IQFc\" lang=\"es\"><strong>PROTOCOLO MESO<\/strong><br \/>\n<strong>Profundidad recomendada por \u00e1rea<\/strong><br \/>\nCuero cabelludo &#8230;&#8230;&#8230;&#8230;&#8230;&#8230;&#8230;&#8230;&#8230;0,7-2,0 mm <strong>Tiempo recomendado por \u00e1rea<\/strong> usando Sistemas de Entrega Transd\u00e9rmica (Electroporaci\u00f3n)<br \/>\nCuero cabelludo &#8230;&#8230;&#8230;. 5 minutos<\/span><\/p>\n<p><strong>Tiempo recomendado entre sesiones&#8230;&#8230;&#8230;&#8230;<\/strong>.. Intervalo de 10 a 15 d\u00edas<\/p>\n<p><strong>N\u00famero de sesiones<\/strong><br \/>\nInicio del tratamiento &#8230;&#8230;&#8230;&#8230;&#8230;&#8230;&#8230;.. 5<br \/>\nMantenimiento &#8230;&#8230;&#8230;&#8230;&#8230;&#8230;&#8230;&#8230;&#8230;&#8230;&#8230;. cada 4-5 meses<\/p>\n<p>Resultados despu\u00e9s de 2 a 3 meses<\/p>\n<p>&nbsp;<\/p>\n<p id=\"tw-target-text\" class=\"tw-data-text tw-text-large tw-ta\" dir=\"ltr\" data-placeholder=\"Tradu\u00e7\u00e3o\"><span class=\"Y2IQFc\" lang=\"es\"><strong>PROTOCOLOS DE TRATAMIENTO <\/strong><\/span><\/p>\n<p class=\"tw-data-text tw-text-large tw-ta\" dir=\"ltr\" data-placeholder=\"Tradu\u00e7\u00e3o\"><span class=\"Y2IQFc\" lang=\"es\"> Tratamiento inicial 5 sesiones Intervalos entre sesiones 15-20 d\u00edas <\/span><\/p>\n<p class=\"tw-data-text tw-text-large tw-ta\" dir=\"ltr\" data-placeholder=\"Tradu\u00e7\u00e3o\"><span class=\"Y2IQFc\" lang=\"es\">Sesi\u00f3n de mantenimiento 6 meses despu\u00e9s de finalizar el tratamiento inicial <\/span><\/p>\n<p class=\"tw-data-text tw-text-large tw-ta\" dir=\"ltr\" data-placeholder=\"Tradu\u00e7\u00e3o\"><span class=\"Y2IQFc\" lang=\"es\">N\u00famero de sesiones de mantenimiento 1-2 <\/span><\/p>\n<p class=\"tw-data-text tw-text-large tw-ta\" dir=\"ltr\" data-placeholder=\"Tradu\u00e7\u00e3o\"><span class=\"Y2IQFc\" lang=\"es\">Productos recomendados: Alopecia General<\/span><\/p>\n"}],"download_file":false}},"_links":{"self":[{"href":"https:\/\/www.therapmedic.com\/es\/wp-json\/wp\/v2\/product\/3284","targetHints":{"allow":["GET"]}}],"collection":[{"href":"https:\/\/www.therapmedic.com\/es\/wp-json\/wp\/v2\/product"}],"about":[{"href":"https:\/\/www.therapmedic.com\/es\/wp-json\/wp\/v2\/types\/product"}],"wp:featuredmedia":[{"embeddable":true,"href":"https:\/\/www.therapmedic.com\/es\/wp-json\/wp\/v2\/media\/2658"}],"wp:attachment":[{"href":"https:\/\/www.therapmedic.com\/es\/wp-json\/wp\/v2\/media?parent=3284"}],"wp:term":[{"taxonomy":"product_brand","embeddable":true,"href":"https:\/\/www.therapmedic.com\/es\/wp-json\/wp\/v2\/product_brand?post=3284"},{"taxonomy":"product_cat","embeddable":true,"href":"https:\/\/www.therapmedic.com\/es\/wp-json\/wp\/v2\/product_cat?post=3284"},{"taxonomy":"product_tag","embeddable":true,"href":"https:\/\/www.therapmedic.com\/es\/wp-json\/wp\/v2\/product_tag?post=3284"}],"curies":[{"name":"wp","href":"https:\/\/api.w.org\/{rel}","templated":true}]}}