{"id":3281,"date":"2022-12-01T19:11:15","date_gmt":"2022-12-01T19:11:15","guid":{"rendered":"https:\/\/www.therapmedic.com\/product\/california-look\/"},"modified":"2023-04-21T17:20:23","modified_gmt":"2023-04-21T17:20:23","slug":"california-look","status":"publish","type":"product","link":"https:\/\/www.therapmedic.com\/es\/producto\/california-look\/","title":{"rendered":"California look"},"content":{"rendered":"<p id=\"tw-target-text\" class=\"tw-data-text tw-text-large tw-ta\" dir=\"ltr\" data-placeholder=\"Tradu\u00e7\u00e3o\"><span class=\"Y2IQFc\" lang=\"es\"><strong>California Look<\/strong> \u2013 pack de tratamiento para eliminar la celulitis<\/span><\/p>\n<p>Esta f\u00f3rmula puede ayudar en la lucha contra las m\u00faltiples causas de la piel de naranja: reduciendo el tejido adiposo y reactivando la microcirculaci\u00f3n, al tiempo que reestructura el tejido conectivo, mejorando el tono de la piel.<\/p>\n<p>Puede ayudar a combatir las m\u00faltiples causas de la piel de naranja: reducir el tejido adiposo y reactivar la microcirculaci\u00f3n. Reestructura el tejido conectivo, mejorando el tono de la piel.<\/p>\n<p>Presentaci\u00f3n: caja con viales numerados del 1 al 5 para aplicar semanalmente en secuencia<\/p>\n<p>El precio que se muestra es por caja con 5 botellas secuenciales de tratamiento.<\/p>\n","protected":false},"excerpt":{"rendered":"<p>California Look \u2013 pack de tratamiento para eliminar la celulitis Esta f\u00f3rmula puede ayudar en la lucha contra las m\u00faltiples causas de la piel de naranja: reduciendo el tejido adiposo y reactivando la microcirculaci\u00f3n, al tiempo que reestructura el tejido conectivo, mejorando el tono de la piel. Puede ayudar a combatir las m\u00faltiples causas de [&hellip;]<\/p>\n","protected":false},"featured_media":2661,"template":"","meta":[],"product_brand":[],"product_cat":[945,962,1025,1027,1031,1041,1043,1069,1077,1214,1218,1278],"product_tag":[],"class_list":{"0":"post-3281","1":"product","2":"type-product","3":"status-publish","4":"has-post-thumbnail","6":"product_cat-productos-de-mesoterapia","7":"product_cat-paquetes-progresivos","8":"product_cat-areas-de-tratamientos-vs-produtos-tratamentos-con-equipos","9":"product_cat-brazos","10":"product_cat-celulitis","11":"product_cat-cuerpo","12":"product_cat-celulitis-es","13":"product_cat-gluteos-es","14":"product_cat-celulite-es","15":"product_cat-piernas","16":"product_cat-celulite-es-2","17":"product_cat-general-productos-equipos","19":"first","20":"instock","21":"taxable","22":"shipping-taxable","23":"purchasable","24":"product-type-simple"},"acf":{"display":[],"short_name":"","display_equipment_products":[],"short_name_equipment_products":"","confidential_information":{"text_block":[{"title":"Ingredientes Activos","textarea":"<pre id=\"tw-target-text\" class=\"tw-data-text tw-text-large tw-ta\" dir=\"ltr\" data-placeholder=\"Tradu\u00e7\u00e3o\"><span class=\"Y2IQFc\" lang=\"es\">Vial #1 - Manitol, hialuronidasa, colagenasa, EDTA\r\n\r\n\r\n\r\nVial n.\u00b0 2: agua, glicerina, acetato de tocoferilo, aceite de ricino PEG 35, urea, desoxicolato de sodio, metilsilanotriol, carnitina, cafe\u00edna, extracto de hamamelis, EDTA, hidrocolita asi\u00e1tica, extracto de ruscus, extracto de ginkgo biloba, quilliaja saponaria\r\n\r\n\r\n\r\nVial n.\u00ba 3: manitol, colagenasa, hialoronidasa, EDTA\r\n\r\n\r\n\r\nVial n.\u00b0 4: agua, glicerina, acetato de tocoferilo, aceite de ricino PEG 35, urea, desoxicolato de sodio, metilsilanotriol, carnitina, cafe\u00edna, extracto de hamamelis, EDTA, hidrocolita asi\u00e1tica, extracto de ruscus, ginkgo biloba, biotina, quilliaja saponaria\r\n\r\n\r\n\r\nVial n.\u00ba 5: agua, glicerina, acetato de tocoferilo, aceite de ricino PEG 35, urea, desoxicolato de sodio, metilsilanotriol, carnitina, cafe\u00edna, extracto de hamamelis, EDTA, hidrocolita asi\u00e1tica, extracto de ruscus, ginkgo biloba, biotina, extracto de quilliaja saponaria, extracto de cynarascolimus<\/span><\/pre>\n"},{"title":"Mezclas Posibles","textarea":"<p id=\"tw-target-text\" class=\"tw-data-text tw-text-large tw-ta\" dir=\"ltr\" data-placeholder=\"Tradu\u00e7\u00e3o\"><span class=\"Y2IQFc\" lang=\"es\">Ninguna. Siga el orden dado:<\/span><\/p>\n<p>Semana 1 &#8211; Frasco #1<\/p>\n<p>Semana 2 &#8211; Frasco #2<\/p>\n<p>Semana 3 &#8211; Frasco #3<\/p>\n<p>Semana 4 &#8211; Frasco #4<\/p>\n<p>Semana 5 &#8211; Frasco #5<\/p>\n"},{"title":"Protocolos de tratamientos","textarea":"<p><strong>Reglas generales<\/strong><\/p>\n<p>Paso 1: Lavar la piel con un gel limpiador transparente y secar. No utilice cremas, lociones o limpiadores nacarados, ya que pueden dejar residuos.<\/p>\n<p>Paso 2: Desinfectar la zona con clorhexidina o similar<\/p>\n<p>Paso 3: Aplique una peque\u00f1a cantidad del producto en una gasa y exti\u00e9ndala sobre el \u00e1rea deseada (o use un cepillo de abanico) si est\u00e1 usando mesoterapia virtual o llene la jeringa con el producto si est\u00e1 usando mesoterapia cl\u00e1sica.<\/p>\n<p>Paso 4: Recorrer la zona con el instrumento siguiendo las instrucciones del fabricante<\/p>\n<p>Paso 5: Vuelva a aplicar la soluci\u00f3n seg\u00fan sea necesario para cubrir toda el \u00e1rea hasta que la piel est\u00e9 ligeramente h\u00fameda (en caso de mesoterapia virtual)<\/p>\n<p>Paso 6: Repite el paso 4.<\/p>\n<p>Paso 7: Enjuague la soluci\u00f3n restante con agua fr\u00eda durante 30 segundos. Seque suavemente la piel y aplique el suero hialur\u00f3nico hidratante post-peeling\/24 para nutrir la piel con ingredientes antienvejecimiento.<\/p>\n<p>&nbsp;<\/p>\n<p>&nbsp;<\/p>\n<p><strong>PROTOCOLO MESO<\/strong><\/p>\n<p data-placeholder=\"Tradu\u00e7\u00e3o\"><strong>Profundidad recomendada<\/strong>&#8230;&#8230;&#8230;&#8230;&#8230; 0,25-1,5 mm dependiendo de la zona<\/p>\n<p data-placeholder=\"Tradu\u00e7\u00e3o\"><strong>Tiempo recomendado por \u00e1rea<\/strong> utilizando Sistemas de Entrega Transd\u00e9rmicos (Electroporaci\u00f3n, Iontoforesis, Ultrasonidos,&#8230;&#8230;&#8230;&#8230;&#8230;&#8230;. 5 minutos<\/p>\n<p data-placeholder=\"Tradu\u00e7\u00e3o\">\u00a0<strong>Tiempo recomendado entre sesiones<\/strong> &#8230;&#8230;&#8230;&#8230;&#8230;&#8230;&#8230;. Intervalo de 10-15 d\u00edas<\/p>\n<p>N<strong>\u00famero de sesiones<\/strong><\/p>\n<p data-placeholder=\"Tradu\u00e7\u00e3o\">Inicio del tratamiento &#8230;&#8230;&#8230;&#8230;&#8230;&#8230;&#8230;.. 4-6<\/p>\n<p data-placeholder=\"Tradu\u00e7\u00e3o\">Mantenimiento &#8230;&#8230;&#8230;&#8230;&#8230;&#8230;&#8230;&#8230;&#8230;&#8230;&#8230;. cada 4-5 meses<\/p>\n<p id=\"tw-target-text\" class=\"tw-data-text tw-text-large tw-ta\" dir=\"ltr\" data-placeholder=\"Tradu\u00e7\u00e3o\">\n<p>PROTOCOLOS DE TRATAMIENTO ratamiento inicial 5 sesiones Intervalos entre sesiones 15 d\u00edas Sesi\u00f3n de mantenimiento 4-5 meses despu\u00e9s de finalizar el tratamiento inicial N\u00famero de sesiones de mantenimiento 2-3 Productos recomendados por Miami Body<\/p>\n"}],"download_file":false}},"_links":{"self":[{"href":"https:\/\/www.therapmedic.com\/es\/wp-json\/wp\/v2\/product\/3281","targetHints":{"allow":["GET"]}}],"collection":[{"href":"https:\/\/www.therapmedic.com\/es\/wp-json\/wp\/v2\/product"}],"about":[{"href":"https:\/\/www.therapmedic.com\/es\/wp-json\/wp\/v2\/types\/product"}],"wp:featuredmedia":[{"embeddable":true,"href":"https:\/\/www.therapmedic.com\/es\/wp-json\/wp\/v2\/media\/2661"}],"wp:attachment":[{"href":"https:\/\/www.therapmedic.com\/es\/wp-json\/wp\/v2\/media?parent=3281"}],"wp:term":[{"taxonomy":"product_brand","embeddable":true,"href":"https:\/\/www.therapmedic.com\/es\/wp-json\/wp\/v2\/product_brand?post=3281"},{"taxonomy":"product_cat","embeddable":true,"href":"https:\/\/www.therapmedic.com\/es\/wp-json\/wp\/v2\/product_cat?post=3281"},{"taxonomy":"product_tag","embeddable":true,"href":"https:\/\/www.therapmedic.com\/es\/wp-json\/wp\/v2\/product_tag?post=3281"}],"curies":[{"name":"wp","href":"https:\/\/api.w.org\/{rel}","templated":true}]}}