{"id":3278,"date":"2022-12-01T19:20:59","date_gmt":"2022-12-01T19:20:59","guid":{"rendered":"https:\/\/www.therapmedic.com\/product\/scar-free\/"},"modified":"2023-04-21T17:18:17","modified_gmt":"2023-04-21T17:18:17","slug":"scar-free","status":"publish","type":"product","link":"https:\/\/www.therapmedic.com\/es\/producto\/scar-free\/","title":{"rendered":"Scar Free"},"content":{"rendered":"<div class=\"ULSxyf\">\n<div class=\"MjjYud\">\n<div class=\"Ww4FFb vt6azd obcontainer wDYxhc\" data-md=\"77\" data-hveid=\"CAUQAA\" data-ved=\"2ahUKEwig9MPt3p_-AhXfUaQEHZY0AyEQkCl6BAgFEAA\">\n<div id=\"tw-main\" data-hveid=\"CAUQAQ\">\n<div id=\"tw-container\" class=\"\" data-cp=\"1\" data-is-ver=\"false\" data-nnttsvi=\"1\" data-sbsl=\"ru,uk\" data-sm=\"1\" data-ssbp=\"true\" data-sugg-time=\"500\" data-sugg-url=\"https:\/\/clients1.google.com\/complete\/search\" data-uilc=\"pt-PT\" data-vil=\",af,af-ZA,am,am-ET,ar-EG,ar-AE,ar-KW,ar-QA,ar,ar-IL,ar-JO,ar-LB,ar-PS,az,az-AZ,bg,bg-BG,bn,bn-BD,bn-IN,ca,ca-es,cs,cs-CZ,de,de-DE,de-CH,de-AT,de-LI,en,en-US,en-CA,en-AU,en-NZ,en-GB,en-IN,en-KE,en-TZ,en-NG,en-GH,en-PH,en-ZA,es,es-ES,es-AR,es-UY,es-419,es-BO,es-CL,es-CR,es-CO,es-DO,es-EC,es-GT,es-HN,es-NI,es-PA,es-PE,es-PR,es-PY,es-SV,es-VE,es-MX,es-US,eu,eu-ES,fi,fi-FI,fr,fr-FR,fr-CH,fr-BE,gl,gl-ES,gu,gu-IN,he,he-IL,iw,iw-IL,hu,hu-HU,hy,hy-AM,id,id-ID,is,is-IS,it,it-IT,it-CH,ja,ja-JP,jv,jv-ID,ka,ka-GE,km,km-KH,kn,kn-IN,ko,ko-KR,la,lo,lo-LA,lv,lv-LV,ml,ml-IN,mr,mr-IN,ms,ms-MY,nl,nl-NL,nb,nb-NO,ne,ne-NP,pl,pl-PL,pt,pt-BR,pt-PT,ro,ro-RO,ru,ru-RU,si-LK,sk,sk-SK,sr,sr-RS,su,su-ID,sv,sv-SE,sw,sw-TZ,sw-KE,ta,ta-IN,ta-SG,ta-LK,ta-MY,te,te-IN,tr,tr-TR,ur,ur-PK,ur-IN,yue,yue-HK,yue-Hant-HK,zh-HK,zh,zh-CN,zh-cmn,zh-cmn-CN,zh-Hans,zh-Hans-CN,zh-cmn-Hans,zh-cmn-Hans-CN,cmn-CN,cmn-Hans,cmn-Hans-CN,zh-TW,zh-Hant-TW,cmn-TW,cmn-Hant-TW,zh-cmn-TW,zh-cmn-Hant-TW,zu,zu-ZA\">\n<div>\n<div>\n<div id=\"tw-ob\" class=\"tw-src-ltr\">\n<div class=\"oSioSc\">\n<div id=\"tw-target\">\n<div id=\"kAz1tf\" class=\"g9WsWb\">\n<div id=\"tw-target-text-container\" class=\"tw-ta-container F0azHf tw-nfl\" tabindex=\"0\">\n<p id=\"tw-target-text\" class=\"tw-data-text tw-text-large tw-ta\" dir=\"ltr\" data-placeholder=\"Tradu\u00e7\u00e3o\"><span class=\"Y2IQFc\" lang=\"es\"><strong>Scar Free<\/strong>: paquete de tratamiento para la fibrosis posquir\u00fargica, especialmente despu\u00e9s de la liposucci\u00f3n<\/span><\/p>\n<p>F\u00f3rmula preparada para ayudar a suavizar y reducir la apariencia de las cicatrices. La colagenasa presente ayuda a romper los enlaces pept\u00eddicos del col\u00e1geno, descomponi\u00e9ndolo y facilitando su reabsorci\u00f3n.<\/p>\n<p>F\u00f3rmula preparada para ayudar a suavizar y reducir la apariencia de las cicatrices. La presencia de colagenasa ayuda a romper los enlaces pept\u00eddicos del col\u00e1geno, descomponi\u00e9ndolo y facilitando su reabsorci\u00f3n.<\/p>\n<p>Presentaci\u00f3n: caja con viales numerados del 1 al 5 para aplicar semanalmente en secuencia<\/p>\n<p>El precio que se muestra es por caja con 5 botellas secuenciales de tratamiento.<\/p>\n<\/div>\n<div id=\"tw-target-rmn-container\" class=\"tw-target-rmn tw-ta-container F0azHf tw-nfl\">\n<pre id=\"tw-target-rmn\" class=\"tw-data-placeholder tw-text-small tw-ta\" dir=\"ltr\" data-placeholder=\"\"><\/pre>\n<\/div>\n<div class=\"iYB33c\">\n<div class=\"dlJLJe\">\n<div data-cviv=\"false\" data-ved=\"2ahUKEwig9MPt3p_-AhXfUaQEHZY0AyEQz_AEegQIBRAP\"><\/div>\n<\/div>\n<\/div>\n<\/div>\n<\/div>\n<\/div>\n<\/div>\n<\/div>\n<\/div>\n<\/div>\n<div class=\"KFFQ0c xKf9F\">\n<div class=\"YfftMc\">\n<div class=\"RPXObe\" data-async-context=\"async_id:duf3-32;authority:0;card_id:;entry_point:0;feature_id:;ftoe:0;header:0;is_jobs_spam_form:0;open:0;preselect_answer_index:-1;suggestions:;suggestions_subtypes:;suggestions_types:;surface:0;title:;type:32\">\n<p>&nbsp;<\/p>\n<\/div>\n<\/div>\n<\/div>\n<\/div>\n<\/div>\n<p>&nbsp;<\/p>\n<\/div>\n<\/div>\n<div>\n<div class=\"ULSxyf\">\n<div class=\"MjjYud\">\n<p>&nbsp;<\/p>\n<div class=\"g Ww4FFb vt6azd tF2Cxc asEBEc\" lang=\"pt\" data-hveid=\"CCsQAA\" data-ved=\"2ahUKEwig9MPt3p_-AhXfUaQEHZY0AyEQFSgAegQIKxAA\">\n<div class=\"kvH3mc BToiNc UK95Uc\" data-snc=\"ih6Jnb_rZTO9e\">\n<div class=\"Z26q7c UK95Uc jGGQ5e\" data-snf=\"x5WNvb\" data-snhf=\"0\"><\/div>\n<\/div>\n<\/div>\n<\/div>\n<\/div>\n<\/div>\n","protected":false},"excerpt":{"rendered":"<p>Scar Free: paquete de tratamiento para la fibrosis posquir\u00fargica, especialmente despu\u00e9s de la liposucci\u00f3n F\u00f3rmula preparada para ayudar a suavizar y reducir la apariencia de las cicatrices. La colagenasa presente ayuda a romper los enlaces pept\u00eddicos del col\u00e1geno, descomponi\u00e9ndolo y facilitando su reabsorci\u00f3n. F\u00f3rmula preparada para ayudar a suavizar y reducir la apariencia de las [&hellip;]<\/p>\n","protected":false},"featured_media":2664,"template":"","meta":[],"product_brand":[],"product_cat":[945,962,1025,1041,1057,1069,1079,1097,1138,1278],"product_tag":[],"class_list":{"0":"post-3278","1":"product","2":"type-product","3":"status-publish","4":"has-post-thumbnail","6":"product_cat-productos-de-mesoterapia","7":"product_cat-paquetes-progresivos","8":"product_cat-areas-de-tratamientos-vs-produtos-tratamentos-con-equipos","9":"product_cat-cuerpo","10":"product_cat-fibrosis-post-lipo","11":"product_cat-gluteos-es","12":"product_cat-fibrosis-en-los-gluteos","13":"product_cat-rostro","14":"product_cat-fibrosis-post-lipo-es","15":"product_cat-general-productos-equipos","17":"first","18":"instock","19":"taxable","20":"shipping-taxable","21":"purchasable","22":"product-type-simple"},"acf":{"display":[],"short_name":"","display_equipment_products":[],"short_name_equipment_products":"","confidential_information":{"text_block":[{"title":"Ingredientes Activos","textarea":"<pre id=\"tw-target-text\" class=\"tw-data-text tw-text-large tw-ta\" dir=\"ltr\" data-placeholder=\"Tradu\u00e7\u00e3o\"><span class=\"Y2IQFc\" lang=\"es\">Vial n.\u00ba 1: manitol, hialuronidasa, colagenasa, EDTA, EDTA\r\n\r\n\r\n\r\nVial n.\u00b0 2: agua, cafe\u00edna, EDTA, miristato de retinol, extracto de Hypericum perforatum, metilsilanetriol, \u00e1cido asc\u00f3rbico\r\n\r\n\r\n\r\nVial n.\u00b0 3: manitol, colagenasa, hialuronidasa, EDTA\r\n\r\n\r\n\r\nVial n.\u00b0 4: agua, cafe\u00edna, EDTA, miristato de retinol, extracto de Hypericum perforatum, metilsilanetrilo, \u00e1cido asc\u00f3rbico\r\n\r\n\r\n\r\nVial #5 - Aqua, \u00e1cido hialur\u00ednico, DMAE, col\u00e1geno, \u00e1cido asc\u00f3rbico, elastina<\/span><\/pre>\n"},{"title":"Mezclas Posibles","textarea":"<pre id=\"tw-target-text\" class=\"tw-data-text tw-text-large tw-ta\" dir=\"ltr\" data-placeholder=\"Tradu\u00e7\u00e3o\"><span class=\"Y2IQFc\" lang=\"es\">Ninguna. Siga el orden dado:\r\n\r\nSemana 1 - Frasco #1\r\n\r\nSemana 2 - Frasco #2\r\n\r\nSemana 3 - Frasco #3\r\n\r\nSemana 4 - Frasco #4\r\n\r\nSemana 5 - Frasco #5<\/span><\/pre>\n"},{"title":"Protocolo de tratamientos","textarea":"<p><strong>Reglas generales<\/strong><\/p>\n<p>Paso 1: Lavar la piel con un gel limpiador transparente y secar. No utilice cremas, lociones o limpiadores nacarados, ya que pueden dejar residuos.<\/p>\n<p>Paso 2: Desinfectar la zona con clorhexidina o similar<\/p>\n<p>Paso 3: Aplique una peque\u00f1a cantidad del producto en una gasa y exti\u00e9ndala sobre el \u00e1rea deseada (o use un cepillo de abanico) si est\u00e1 usando mesoterapia virtual o llene la jeringa con el producto si est\u00e1 usando mesoterapia cl\u00e1sica.<\/p>\n<p>Paso 4: Recorrer la zona con el instrumento siguiendo las instrucciones del fabricante<\/p>\n<p>Paso 5: Vuelva a aplicar la soluci\u00f3n seg\u00fan sea necesario para cubrir toda el \u00e1rea hasta que la piel est\u00e9 ligeramente h\u00fameda (en caso de mesoterapia virtual)<\/p>\n<p>Paso 6: Repite el paso 4.<\/p>\n<p>Paso 7: Enjuague la soluci\u00f3n restante con agua fr\u00eda durante 30 segundos. Seque suavemente la piel y aplique el suero hialur\u00f3nico hidratante post-peeling\/24 para nutrir la piel con ingredientes antienvejecimiento.<\/p>\n<p>&nbsp;<\/p>\n<p>&nbsp;<\/p>\n<p><strong>PROTOCOLO MESO<\/strong><\/p>\n<p data-placeholder=\"Tradu\u00e7\u00e3o\"><strong>Profundidad recomendada<\/strong>&#8230;&#8230;&#8230;&#8230;&#8230; 0,25-1,5 mm dependiendo de la zona<\/p>\n<p data-placeholder=\"Tradu\u00e7\u00e3o\"><strong>Tiempo recomendado por \u00e1rea<\/strong> utilizando Sistemas de Entrega Transd\u00e9rmicos (Electroporaci\u00f3n, Iontoforesis, Ultrasonidos,&#8230;&#8230;&#8230;&#8230;&#8230;&#8230;. 5 minutos<\/p>\n<p data-placeholder=\"Tradu\u00e7\u00e3o\">\u00a0<strong>Tiempo recomendado entre sesiones<\/strong> &#8230;&#8230;&#8230;&#8230;&#8230;&#8230;&#8230;. Intervalo de 10-15 d\u00edas<\/p>\n<p>N<strong>\u00famero de sesiones<\/strong><\/p>\n<p data-placeholder=\"Tradu\u00e7\u00e3o\">Inicio del tratamiento &#8230;&#8230;&#8230;&#8230;&#8230;&#8230;&#8230;.. 4-6<\/p>\n<p data-placeholder=\"Tradu\u00e7\u00e3o\">Mantenimiento &#8230;&#8230;&#8230;&#8230;&#8230;&#8230;&#8230;&#8230;&#8230;&#8230;&#8230;. cada 4-5 meses<\/p>\n<p id=\"tw-target-text\" class=\"tw-data-text tw-text-large tw-ta\" dir=\"ltr\" data-placeholder=\"Tradu\u00e7\u00e3o\"><strong><span class=\"Y2IQFc\" lang=\"es\">Protocolo de tratamientos<\/span><\/strong><\/p>\n<p>Tratamiento inicial 5 sesiones<\/p>\n<p>Intervalos entre sesiones 10-15 d\u00edas<\/p>\n<p>Sesi\u00f3n de mantenimiento 4 meses despu\u00e9s de finalizar el tratamiento inicial<\/p>\n<p>N\u00famero de sesiones de mantenimiento 2-3<\/p>\n<p>Productos recomendados Colagenasa<\/p>\n"}],"download_file":false}},"_links":{"self":[{"href":"https:\/\/www.therapmedic.com\/es\/wp-json\/wp\/v2\/product\/3278","targetHints":{"allow":["GET"]}}],"collection":[{"href":"https:\/\/www.therapmedic.com\/es\/wp-json\/wp\/v2\/product"}],"about":[{"href":"https:\/\/www.therapmedic.com\/es\/wp-json\/wp\/v2\/types\/product"}],"wp:featuredmedia":[{"embeddable":true,"href":"https:\/\/www.therapmedic.com\/es\/wp-json\/wp\/v2\/media\/2664"}],"wp:attachment":[{"href":"https:\/\/www.therapmedic.com\/es\/wp-json\/wp\/v2\/media?parent=3278"}],"wp:term":[{"taxonomy":"product_brand","embeddable":true,"href":"https:\/\/www.therapmedic.com\/es\/wp-json\/wp\/v2\/product_brand?post=3278"},{"taxonomy":"product_cat","embeddable":true,"href":"https:\/\/www.therapmedic.com\/es\/wp-json\/wp\/v2\/product_cat?post=3278"},{"taxonomy":"product_tag","embeddable":true,"href":"https:\/\/www.therapmedic.com\/es\/wp-json\/wp\/v2\/product_tag?post=3278"}],"curies":[{"name":"wp","href":"https:\/\/api.w.org\/{rel}","templated":true}]}}