{"id":3275,"date":"2022-12-01T19:44:17","date_gmt":"2022-12-01T19:44:17","guid":{"rendered":"https:\/\/www.therapmedic.com\/product\/muraxin-gold\/"},"modified":"2023-04-21T17:17:44","modified_gmt":"2023-04-21T17:17:44","slug":"muraxin-gold","status":"publish","type":"product","link":"https:\/\/www.therapmedic.com\/es\/producto\/muraxin-gold\/","title":{"rendered":"Muraxin Gold"},"content":{"rendered":"<p id=\"tw-target-text\" class=\"tw-data-text tw-text-large tw-ta\" dir=\"ltr\" data-placeholder=\"Tradu\u00e7\u00e3o\"><span class=\"Y2IQFc\" lang=\"es\"><strong>Muraxin Gold<\/strong> &#8211; Sustituto de la Toxina Botul\u00ednica y tambi\u00e9n puede ser aplicado por profesionales con Dermapen o Dermaroll, por ejemplo<\/span><\/p>\n<p>Inspirado en el tratamiento con toxina botul\u00ednica, Muraxin Gold combina ingredientes para lograr un efecto no t\u00f3xico de la toxina botul\u00ednica (por ejemplo, Botox). Reducir\u00e1 y prevendr\u00e1 las l\u00edneas emocionales al inhibir las contracciones musculares (a trav\u00e9s de SNAP-25, un sustrato de la toxina botul\u00ednica y el competidor syn-AKE de los receptores de acteilcolina) y al mismo tiempo inducir\u00e1 la s\u00edntesis y aumentar\u00e1 la actividad de las enzimas involucradas en la cicatrizaci\u00f3n, lo que conduce a una mayor s\u00edntesis de col\u00e1geno y otras mol\u00e9culas de la piel (imitando a las matrikinas).<\/p>\n<p>El poder de los P\u00e9ptidos en la prevenci\u00f3n y reparaci\u00f3n de las arrugas del rostro, cuello y escote.<\/p>\n<p>Presentaci\u00f3n: Caja de 5 sets (vial de polvo y respectivo solvente)<\/p>\n<p>El precio mostrado es por juego de botella de polvo + disolvente espec\u00edfico.<\/p>\n","protected":false},"excerpt":{"rendered":"<p>Muraxin Gold &#8211; Sustituto de la Toxina Botul\u00ednica y tambi\u00e9n puede ser aplicado por profesionales con Dermapen o Dermaroll, por ejemplo Inspirado en el tratamiento con toxina botul\u00ednica, Muraxin Gold combina ingredientes para lograr un efecto no t\u00f3xico de la toxina botul\u00ednica (por ejemplo, Botox). Reducir\u00e1 y prevendr\u00e1 las l\u00edneas emocionales al inhibir las contracciones [&hellip;]<\/p>\n","protected":false},"featured_media":8710,"template":"","meta":[],"product_brand":[],"product_cat":[945,951,1025,1097,1112,1124,1234,1248,1250,1264,1278],"product_tag":[],"class_list":{"0":"post-3275","1":"product","2":"type-product","3":"status-publish","4":"has-post-thumbnail","6":"product_cat-productos-de-mesoterapia","7":"product_cat-productos-biomimeticos","8":"product_cat-areas-de-tratamientos-vs-produtos-tratamentos-con-equipos","9":"product_cat-rostro","10":"product_cat-arrugas-profundas","11":"product_cat-arrugas-en-la-frente","12":"product_cat-cuello","13":"product_cat-arrugas-es","14":"product_cat-escote","15":"product_cat-arrugas-es-2","16":"product_cat-general-productos-equipos","18":"first","19":"instock","20":"taxable","21":"shipping-taxable","22":"purchasable","23":"product-type-simple"},"acf":{"display":[],"short_name":"","display_equipment_products":[],"short_name_equipment_products":"","confidential_information":{"text_block":[{"title":"Ingredientes Activos","textarea":"<p id=\"tw-target-text\" class=\"tw-data-text tw-text-large tw-ta\" dir=\"ltr\" data-placeholder=\"Tradu\u00e7\u00e3o\"><span class=\"Y2IQFc\" lang=\"es\">Muraxin Gold es un producto que se presenta en dos viales, uno con el polvo y otro con el disolvente espec\u00edfico. Mezcle los dos para reconstituir el producto y \u00faselo dentro de las 4 horas. Despu\u00e9s de eso, los p\u00e9ptidos mueren y el producto deja de funcionar. <\/span><\/p>\n<p>Vial liofilizado: manitol, trip\u00e9ptido de cobre, trifluorocetil trip\u00e9ptido-2, n-acetil carnosina, acetil hexap\u00e9ptido 3, palmitoil pentap\u00e9ptido-4, syn-AKE.<\/p>\n<p>Disolvente espec\u00edfico: Niacinamida, Extracto de huevo de piscum (caviar), Urea, Pantenol, DMAE, \u00c1cido hialur\u00f3nico.<\/p>\n<p>&nbsp;<\/p>\n<p id=\"tw-target-text\" class=\"tw-data-text tw-text-large tw-ta\" dir=\"ltr\" data-placeholder=\"Tradu\u00e7\u00e3o\"><span class=\"Y2IQFc\" lang=\"es\"><strong>Acetil hexap\u00e9ptido-3<\/strong><br \/>\nEl acetilhexap\u00e9ptido-3 es un p\u00e9ptido neurotransmisor que inhibe la liberaci\u00f3n de neurotransmisores, seguido de efectos antiarrugas e hidratantes.<\/span><\/p>\n<p>Es una copia de la prote\u00edna asociada a sinaptosomas 25, que compite por una posici\u00f3n en el complejo SNARE y desestabiliza su formaci\u00f3n sin romper ninguna de sus partes constituyentes. Adem\u00e1s, inhibe la secreci\u00f3n de catecolaminas.<\/p>\n<p>Est\u00e1 destinado a ser otra opci\u00f3n para aquellos que no quieren someterse a inyecciones de Botox, estiramientos faciales u otros procedimientos m\u00e1s invasivos. Adem\u00e1s, reduce el grado de las arrugas faciales existentes. Se ha demostrado que inhibe la formaci\u00f3n del complejo SNARE (un n\u00facleo de prote\u00ednas de membrana que interviene en la exocitosis neuronal), as\u00ed como la liberaci\u00f3n de catecolaminas. Estas inhibiciones confieren actividad antienvejecimiento estrechamente relacionadas con los mecanismos bioqu\u00edmicos b\u00e1sicos de formaci\u00f3n de arrugas.<\/p>\n<p id=\"tw-target-text\" class=\"tw-data-text tw-text-large tw-ta\" dir=\"ltr\" data-placeholder=\"Tradu\u00e7\u00e3o\">\n<p>sin-AKE<\/p>\n<p>SYN-AKE o trip\u00e9ptido-3 es un compuesto activo antiarrugas basado en un trip\u00e9ptido sint\u00e9tico que imita el efecto de Waglerin 1, que se encuentra en el veneno de Temple Viper. La actividad biol\u00f3gica de SYN-AKE reduce la frecuencia de contracci\u00f3n de las c\u00e9lulas musculares del rostro, disminuyendo as\u00ed las l\u00edneas de expresi\u00f3n. Previene la fijaci\u00f3n (act\u00faa en la membrana postsin\u00e1ptica y es un antagonista reversible del receptor de acetilcolina) de la acetilcolina, el \u00abmensajero de contracci\u00f3n\u00bb de los m\u00fasculos faciales que calma las contracciones musculares que aumentar\u00edan las arrugas. La frecuencia de contracci\u00f3n muscular se reduce solo despu\u00e9s de 2 minutos de tratamiento. <strong>Cobre trip\u00e9ptido-1<\/strong><br \/>\nDesempe\u00f1a un papel en la matriz extracelular. Act\u00faa como p\u00e9ptido se\u00f1al y transportador, promueve la s\u00edntesis regular de col\u00e1geno, elastina, proteoglicanos y glicosaminoglicanos, y proporciona respuestas antiinflamatorias y antioxidantes.<\/p>\n<p>Cu-GHK puede estimular el crecimiento del cabello. El complejo trip\u00e9ptido de cobre asegura el agrandamiento folicular y ayuda a cubrir el fol\u00edculo con un vello suave; el efecto es comparable con el de Minoxidil.<\/p>\n<p>Mejorar la microcirculaci\u00f3n de los vasos sangu\u00edneos de la piel.<\/p>\n<p>Producir energ\u00eda bioqu\u00edmica a partir de nutrientes en el suministro de sangre del cuerpo.<\/p>\n<p>Aumentar el mecanismo de defensa natural contra el da\u00f1o oxidativo,<\/p>\n<p>Estimular la s\u00edntesis de col\u00e1geno. <strong>n-acetil carnosina<\/strong><br \/>\nLa carnosina es una especie de ox\u00edgeno reactivo depurador, as\u00ed como un aldeh\u00eddo insaturado alfa-beta formado a partir de la peroxidaci\u00f3n de los \u00e1cidos grasos de la membrana celular durante el estr\u00e9s oxidativo. <strong> Palmitoil pentap\u00e9ptido-4<\/strong><br \/>\nEl palmitoil pentap\u00e9ptido-4 imita una matrikina natural. Es un matricida. Las matrikinas, peque\u00f1os p\u00e9ptidos que se forman cuando las prote\u00ednas de la dermis se da\u00f1an y degradan, son p\u00e9ptidos mensajeros capaces de regular las actividades celulares al interactuar con sus receptores espec\u00edficos. Activan determinados genes implicados en el proceso de renovaci\u00f3n de la matriz extracelular y proliferaci\u00f3n celular activando la neos\u00edntesis de macromol\u00e9culas de la matriz extracelular (s\u00edntesis de col\u00e1geno y elastina).<\/p>\n<p>Se ha informado que estimula la producci\u00f3n de elastina, fibronectina, glucosaminoglicano y col\u00e1genos (espec\u00edficamente los tipos I, III y IV). Tambi\u00e9n est\u00e1 relacionado con el precursor del col\u00e1geno Tipo I (o procol\u00e1geno Tipo I)<\/p>\n<p>El palmitoil pentap\u00e9ptido-4 proporciona un efecto antiarrugas.<\/p>\n<p id=\"tw-target-text\" class=\"tw-data-text tw-text-large tw-ta\" dir=\"ltr\" data-placeholder=\"Tradu\u00e7\u00e3o\"><span class=\"Y2IQFc\" lang=\"es\"><strong>Trifluoroactil-trip\u00e9ptido-2<\/strong><\/span><\/p>\n<p>P\u00e9ptido se\u00f1al. Trifluoroacetyl Tripeptide-2 es un P\u00e9ptido Biomim\u00e9tico de Elafin, un inhibidor enzim\u00e1tico que regula la integridad de la Matriz Extracelular. Reduce la s\u00edntesis de progerina (un biomarcador involucrado en la senescencia celular de la piel), el inhibidor de MMP y elastasa, aumenta el sindecano, contrae el col\u00e1geno para reducir los signos del envejecimiento, incluida la flacidez y las arrugas. Se ha demostrado que estimula la producci\u00f3n de Sirtuina-1 y Sirtuina-3 que son responsables. para la longevidad celular y la vida \u00fatil. Adem\u00e1s, es capaz de revertir los signos del envejecimiento al aumentar la s\u00edntesis de Procol\u00e1geno I al mismo nivel de las c\u00e9lulas j\u00f3venes. Proporciona un efecto lifting antigravedad para reconfigurar la l\u00ednea de la mand\u00edbula. Aumenta la producci\u00f3n de col\u00e1geno e inhibe la actividad de las enzimas de degradaci\u00f3n (colagenasa, elastasa, MMP-1, MMP-3, MMP-9).<\/p>\n<p>El trifluoroacetil-trip\u00e9ptido-2 tiene efectos progresivos sobre las arrugas, la firmeza, la elasticidad y la flacidez<\/p>\n<p dir=\"ltr\" data-placeholder=\"Tradu\u00e7\u00e3o\">\n"},{"title":"Mezclas posibles","textarea":"<p>Procaina o Lidocaina<\/p>\n"},{"title":"Protocolos de tratamientos","textarea":"<p><strong>Reglas generales<\/strong><\/p>\n<p>Paso 1: Lavar la piel con un gel limpiador transparente y secar. No utilice cremas, lociones o limpiadores nacarados, ya que pueden dejar residuos.<\/p>\n<p>Paso 2: Desinfectar la zona con clorhexidina o similar<\/p>\n<p>Paso 3: Aplique una peque\u00f1a cantidad del producto en una gasa y exti\u00e9ndala sobre el \u00e1rea deseada (o use un cepillo de abanico) si est\u00e1 usando mesoterapia virtual o llene la jeringa con el producto si est\u00e1 usando mesoterapia cl\u00e1sica.<\/p>\n<p>Paso 4: Recorrer la zona con el instrumento siguiendo las instrucciones del fabricante<\/p>\n<p>Paso 5: Vuelva a aplicar la soluci\u00f3n seg\u00fan sea necesario para cubrir toda el \u00e1rea hasta que la piel est\u00e9 ligeramente h\u00fameda (en caso de mesoterapia virtual)<\/p>\n<p>Paso 6: Repite el paso 4.<\/p>\n<p>Paso 7: Enjuague la soluci\u00f3n restante con agua fr\u00eda durante 30 segundos. Seque suavemente la piel y aplique el suero hialur\u00f3nico hidratante post-peeling\/24 para nutrir la piel con ingredientes antienvejecimiento.<\/p>\n<p>&nbsp;<\/p>\n<p>&nbsp;<\/p>\n<p><strong>PROTOCOLO MESO<\/strong><\/p>\n<p data-placeholder=\"Tradu\u00e7\u00e3o\"><strong>Profundidad recomendada<\/strong>&#8230;&#8230;&#8230;&#8230;&#8230; 0,25-1,5 mm dependiendo de la zona<\/p>\n<p data-placeholder=\"Tradu\u00e7\u00e3o\"><strong>Tiempo recomendado por \u00e1rea<\/strong> utilizando Sistemas de Entrega Transd\u00e9rmicos (Electroporaci\u00f3n, Iontoforesis, Ultrasonidos,&#8230;&#8230;&#8230;&#8230;&#8230;&#8230;. 5 minutos<\/p>\n<p data-placeholder=\"Tradu\u00e7\u00e3o\">\u00a0<strong>Tiempo recomendado entre sesiones<\/strong> &#8230;&#8230;&#8230;&#8230;&#8230;&#8230;&#8230;. Intervalo de 10-15 d\u00edas<\/p>\n<p>N<strong>\u00famero de sesiones<\/strong><\/p>\n<p data-placeholder=\"Tradu\u00e7\u00e3o\">Inicio del tratamiento &#8230;&#8230;&#8230;&#8230;&#8230;&#8230;&#8230;.. 4-6<\/p>\n<p data-placeholder=\"Tradu\u00e7\u00e3o\">Mantenimiento &#8230;&#8230;&#8230;&#8230;&#8230;&#8230;&#8230;&#8230;&#8230;&#8230;&#8230;. cada 4-5 meses<\/p>\n<p id=\"tw-target-text\" class=\"tw-data-text tw-text-large tw-ta\" dir=\"ltr\" data-placeholder=\"Tradu\u00e7\u00e3o\"><span class=\"Y2IQFc\" lang=\"es\">Protocolo: al inicio 3 sesiones separadas por 10 d\u00edas y luego 2 sesiones una cada 15 d\u00edas. Despu\u00e9s de los primeros 15 d\u00edas, los resultados ya son visibles. Se recomienda una sesi\u00f3n cada 4 meses para mantener los resultados deseados.<\/span><\/p>\n<p dir=\"ltr\" data-placeholder=\"Tradu\u00e7\u00e3o\">Se puede usar en cara total, cuello y escote.<\/p>\n"}],"download_file":false}},"_links":{"self":[{"href":"https:\/\/www.therapmedic.com\/es\/wp-json\/wp\/v2\/product\/3275","targetHints":{"allow":["GET"]}}],"collection":[{"href":"https:\/\/www.therapmedic.com\/es\/wp-json\/wp\/v2\/product"}],"about":[{"href":"https:\/\/www.therapmedic.com\/es\/wp-json\/wp\/v2\/types\/product"}],"wp:featuredmedia":[{"embeddable":true,"href":"https:\/\/www.therapmedic.com\/es\/wp-json\/wp\/v2\/media\/8710"}],"wp:attachment":[{"href":"https:\/\/www.therapmedic.com\/es\/wp-json\/wp\/v2\/media?parent=3275"}],"wp:term":[{"taxonomy":"product_brand","embeddable":true,"href":"https:\/\/www.therapmedic.com\/es\/wp-json\/wp\/v2\/product_brand?post=3275"},{"taxonomy":"product_cat","embeddable":true,"href":"https:\/\/www.therapmedic.com\/es\/wp-json\/wp\/v2\/product_cat?post=3275"},{"taxonomy":"product_tag","embeddable":true,"href":"https:\/\/www.therapmedic.com\/es\/wp-json\/wp\/v2\/product_tag?post=3275"}],"curies":[{"name":"wp","href":"https:\/\/api.w.org\/{rel}","templated":true}]}}