{"id":3271,"date":"2022-12-01T19:50:31","date_gmt":"2022-12-01T19:50:31","guid":{"rendered":"https:\/\/www.therapmedic.com\/product\/golden-hair\/"},"modified":"2023-04-21T17:14:56","modified_gmt":"2023-04-21T17:14:56","slug":"golden-hair","status":"publish","type":"product","link":"https:\/\/www.therapmedic.com\/es\/producto\/golden-hair\/","title":{"rendered":"Golden Hair"},"content":{"rendered":"<p id=\"tw-target-text\" class=\"tw-data-text tw-text-large tw-ta\" dir=\"ltr\" data-placeholder=\"Tradu\u00e7\u00e3o\"><span class=\"Y2IQFc\" lang=\"es\"><strong>Golden Hair<\/strong> &#8211; tratamiento para la ca\u00edda del cabello y la calvicie<\/span><\/p>\n<p>La ca\u00edda del cabello es un proceso natural que forma parte del ciclo de crecimiento del cabello y, por tanto, es normal que las personas no noten que pierden entre 60 y 100 cabellos al d\u00eda. Sin embargo, la ca\u00edda del cabello puede ser preocupante cuando es excesiva, es decir, cuando se pierden m\u00e1s de 100 cabellos por d\u00eda, ya que puede ser causada por cambios hormonales en la menopausia o la andropausia, el estr\u00e9s, una dieta pobre en nutrientes y vitaminas o anemia. Por ejemplo.<\/p>\n<p>Presentaci\u00f3n: Caja de 5 sets (vial de polvo y respectivo solvente)<\/p>\n<p>El precio mostrado es por juego de botella de polvo + disolvente espec\u00edfico.<\/p>\n","protected":false},"excerpt":{"rendered":"<p>Golden Hair &#8211; tratamiento para la ca\u00edda del cabello y la calvicie La ca\u00edda del cabello es un proceso natural que forma parte del ciclo de crecimiento del cabello y, por tanto, es normal que las personas no noten que pierden entre 60 y 100 cabellos al d\u00eda. Sin embargo, la ca\u00edda del cabello puede [&hellip;]<\/p>\n","protected":false},"featured_media":8726,"template":"","meta":[],"product_brand":[],"product_cat":[1278,945,951,1025,1180,1182],"product_tag":[],"class_list":{"0":"post-3271","1":"product","2":"type-product","3":"status-publish","4":"has-post-thumbnail","6":"product_cat-general-productos-equipos","7":"product_cat-productos-de-mesoterapia","8":"product_cat-productos-biomimeticos","9":"product_cat-areas-de-tratamientos-vs-produtos-tratamentos-con-equipos","10":"product_cat-cabeza","11":"product_cat-calvicie-o-cabello-muy-debil","13":"first","14":"instock","15":"taxable","16":"shipping-taxable","17":"purchasable","18":"product-type-simple"},"acf":{"display":[],"short_name":"","display_equipment_products":[],"short_name_equipment_products":"","confidential_information":{"text_block":[{"title":"Ingredientes activos","textarea":"<p id=\"tw-target-text\" class=\"tw-data-text tw-text-large tw-ta\" dir=\"ltr\" data-placeholder=\"Tradu\u00e7\u00e3o\"><span class=\"Y2IQFc\" lang=\"es\"><strong>Golden Hair<\/strong> es un producto que se presenta en dos viales, uno con el polvo y otro con el disolvente espec\u00edfico. Mezcle los dos para reconstituir el producto y \u00faselo dentro de las 4 horas. Despu\u00e9s de eso, los p\u00e9ptidos mueren y el producto deja de funcionar.<\/span><\/p>\n<p><strong>Vial liofilizado<\/strong>: manitol, octap\u00e9ptido-2, sh-polip\u00e9ptido-9, acetil tetrap\u00e9ptido-3, n-acetil carnosina, trip\u00e9ptido de cobre, acetil decap\u00e9ptido-3.<\/p>\n<p><strong>Disolvente espec\u00edfico<\/strong>: pantenol, biotina, cloruro de tiamina, extracto de huevo de piscum (caviar), zinc, cloruro de arginina, metionina, ciste\u00edna<\/p>\n<p class=\"tw-data-text tw-text-large tw-ta\" dir=\"ltr\" data-placeholder=\"Tradu\u00e7\u00e3o\"><span class=\"Y2IQFc\" lang=\"es\"><strong>Acetil decap\u00e9ptido-3<\/strong><br \/>\nReduce y previene las l\u00edneas y arrugas al generar activamente nuevas c\u00e9lulas de la piel. Participa en el crecimiento normal de la piel, la cicatrizaci\u00f3n y la reparaci\u00f3n de heridas. Act\u00faa reforzar la elasticidad de la piel induciendo la s\u00edntesis de col\u00e1geno y elastina. <\/span><\/p>\n<p>Acetil tetrap\u00e9ptido-3<br \/>\nDise\u00f1ado para prevenir y detener el proceso de ca\u00edda del cabello, estimular el crecimiento del cabello y reducir la inflamaci\u00f3n en el cuero cabelludo. Es un p\u00e9ptido de se\u00f1al biomim\u00e9tico (acetil tetrap\u00e9ptido-3). Estimula las prote\u00ednas de la matriz extracelular de la papila d\u00e9rmica y, por lo tanto, tiene un efecto directo sobre el tama\u00f1o y el anclaje del fol\u00edculo piloso.<br \/>\nUno de los efectos secundarios de la hormona DTH es la p\u00e9rdida de la integridad del tejido conectivo que rodea el fol\u00edculo piloso, adem\u00e1s hay un aumento de la inflamaci\u00f3n y el estr\u00e9s oxidativo en el cuero cabelludo. Acetil tetrap\u00e9ptido-3 estimula las prote\u00ednas de la matriz extracelular reforzando las estructuras que rodean los fol\u00edculos pilosos, esto proporciona al cabello un anclaje m\u00e1s firme y reduce el da\u00f1o.<br \/>\nAcetil tetrap\u00e9ptido-3 aumenta la s\u00edntesis de col\u00e1geno tipo III, as\u00ed como el col\u00e1geno VII, un componente importante de las fibrillas de anclaje ubicadas en la membrana basal (DEJ) alrededor de la papila pilosa. Se supone que el acetil tetrap\u00e9ptido-3 alarga el tallo del cabello y aumenta la longitud del fol\u00edculo en un 35 % despu\u00e9s de solo ocho d\u00edas de tratamiento.<\/p>\n<p>&nbsp;<\/p>\n<p id=\"tw-target-text\" class=\"tw-data-text tw-text-large tw-ta\" dir=\"ltr\" data-placeholder=\"Tradu\u00e7\u00e3o\"><span class=\"Y2IQFc\" lang=\"es\"><strong>Cobre trip\u00e9ptido-1<br \/>\n<\/strong> Desempe\u00f1a un papel en la matriz extracelular. Act\u00faa como p\u00e9ptido se\u00f1al y transportador, promueve la s\u00edntesis regular de col\u00e1geno, elastina, proteoglicanos y glicosaminoglicanos, y proporciona respuestas antiinflamatorias y antioxidantes.<br \/>\nCu-GHK puede estimular el crecimiento del cabello. El complejo trip\u00e9ptido de cobre asegura el agrandamiento folicular y ayuda a cubrir el fol\u00edculo con un vello suave; el efecto es comparable con el de Minoxidil.<br \/>\nMejorar la microcirculaci\u00f3n de los vasos sangu\u00edneos de la piel.<br \/>\nProducir energ\u00eda bioqu\u00edmica a partir de nutrientes en el suministro de sangre del cuerpo.<br \/>\nAumentar el mecanismo de defensa natural contra el da\u00f1o oxidativo,<br \/>\nEstimular la s\u00edntesis de col\u00e1geno.<\/span><\/p>\n<p><strong>n-acetil carnosina<\/strong><br \/>\nLa carnosina es una especie de ox\u00edgeno reactivo depurador, as\u00ed como un aldeh\u00eddo insaturado alfa-beta formado a partir de la peroxidaci\u00f3n de los \u00e1cidos grasos de la membrana celular durante el estr\u00e9s oxidativo.<\/p>\n<p><strong>Octap\u00e9ptido-2<\/strong><br \/>\nCadena de 8 amino\u00e1cidos, activa las c\u00e9lulas madre del fol\u00edculo piloso para promover el crecimiento del cabello.<br \/>\nDespu\u00e9s de 5 d\u00edas de tratamiento, el cabello es notablemente m\u00e1s largo y grueso en comparaci\u00f3n con el control. promueve el crecimiento dentro de las c\u00e9lulas madre del fol\u00edculo.<\/p>\n<p id=\"tw-target-text\" class=\"tw-data-text tw-text-large tw-ta\" dir=\"ltr\" data-placeholder=\"Tradu\u00e7\u00e3o\"><span class=\"Y2IQFc\" lang=\"es\">\u00a0<\/span><\/p>\n"},{"title":"Mezclas posibles","textarea":"<p>Ninguna<\/p>\n"},{"title":"Protocolos de tratamientos","textarea":"<p><strong>Reglas generales<\/strong><\/p>\n<p>Paso 1: Lavar la piel con un gel limpiador transparente y secar. No utilice cremas, lociones o limpiadores nacarados, ya que pueden dejar residuos.<\/p>\n<p>Paso 2: Desinfectar la zona con clorhexidina o similar<\/p>\n<p>Paso 3: Aplique una peque\u00f1a cantidad del producto en una gasa y exti\u00e9ndala sobre el \u00e1rea deseada (o use un cepillo de abanico) si est\u00e1 usando mesoterapia virtual o llene la jeringa con el producto si est\u00e1 usando mesoterapia cl\u00e1sica.<\/p>\n<p>Paso 4: Recorrer la zona con el instrumento siguiendo las instrucciones del fabricante<\/p>\n<p>Paso 5: Vuelva a aplicar la soluci\u00f3n seg\u00fan sea necesario para cubrir toda el \u00e1rea hasta que la piel est\u00e9 ligeramente h\u00fameda (en caso de mesoterapia virtual)<\/p>\n<p>Paso 6: Repite el paso 4.<\/p>\n<p>Paso 7: Enjuague la soluci\u00f3n restante con agua fr\u00eda durante 30 segundos. Seque suavemente la piel y aplique el suero hialur\u00f3nico hidratante post-peeling\/24 para nutrir la piel con ingredientes antienvejecimiento.<\/p>\n<p id=\"tw-target-text\" class=\"tw-data-text tw-text-large tw-ta\" dir=\"ltr\" data-placeholder=\"Tradu\u00e7\u00e3o\"><span class=\"Y2IQFc\" lang=\"es\">Protocolo: al inicio 3 sesiones separadas por 10 d\u00edas y luego una sesi\u00f3n cada 15 d\u00edas. Despu\u00e9s de 2 meses de tratamiento, comenzar\u00e1 a ver resultados sorprendentes, incluso en cabezas completamente audaces. Se aconseja una sesi\u00f3n a los 4 meses para mantener los resultados.<\/span><\/p>\n<pre id=\"tw-target-text\" class=\"tw-data-text tw-text-large tw-ta\" dir=\"ltr\" data-placeholder=\"Tradu\u00e7\u00e3o\"><span class=\"Y2IQFc\" lang=\"es\"><strong>PROTOCOLO MESO<\/strong>\r\n\r\n<strong>Profundidad recomendada por \u00e1rea<\/strong>\r\n\r\nCuero cabelludo ...........................0,7-2,0 mm\r\n\r\n\r\n<strong>Tiempo recomendado por \u00e1rea<\/strong> usando Sistemas de Entrega Transd\u00e9rmica (Electroporaci\u00f3n)\r\n\r\nCuero cabelludo .......... 5 minutos\r\n\r\n\r\n<strong>Tiempo recomendado entre sesiones<\/strong>................... Intervalo de 10 a 15 d\u00edas\r\n\r\n\r\n\r\n<strong>N\u00famero de sesiones\r\n<\/strong>\r\nInicio del tratamiento ....................... 5\r\n\r\nMantenimiento ............................... cada 4-5 meses<\/span><\/pre>\n"}],"download_file":false}},"_links":{"self":[{"href":"https:\/\/www.therapmedic.com\/es\/wp-json\/wp\/v2\/product\/3271","targetHints":{"allow":["GET"]}}],"collection":[{"href":"https:\/\/www.therapmedic.com\/es\/wp-json\/wp\/v2\/product"}],"about":[{"href":"https:\/\/www.therapmedic.com\/es\/wp-json\/wp\/v2\/types\/product"}],"wp:featuredmedia":[{"embeddable":true,"href":"https:\/\/www.therapmedic.com\/es\/wp-json\/wp\/v2\/media\/8726"}],"wp:attachment":[{"href":"https:\/\/www.therapmedic.com\/es\/wp-json\/wp\/v2\/media?parent=3271"}],"wp:term":[{"taxonomy":"product_brand","embeddable":true,"href":"https:\/\/www.therapmedic.com\/es\/wp-json\/wp\/v2\/product_brand?post=3271"},{"taxonomy":"product_cat","embeddable":true,"href":"https:\/\/www.therapmedic.com\/es\/wp-json\/wp\/v2\/product_cat?post=3271"},{"taxonomy":"product_tag","embeddable":true,"href":"https:\/\/www.therapmedic.com\/es\/wp-json\/wp\/v2\/product_tag?post=3271"}],"curies":[{"name":"wp","href":"https:\/\/api.w.org\/{rel}","templated":true}]}}