{"id":3268,"date":"2022-12-01T19:58:13","date_gmt":"2022-12-01T19:58:13","guid":{"rendered":"https:\/\/www.therapmedic.com\/product\/golden-fitness\/"},"modified":"2023-04-21T17:13:21","modified_gmt":"2023-04-21T17:13:21","slug":"golden-fitness","status":"publish","type":"product","link":"https:\/\/www.therapmedic.com\/es\/producto\/golden-fitness\/","title":{"rendered":"Golden Fitness"},"content":{"rendered":"<p id=\"tw-target-text\" class=\"tw-data-text tw-text-large tw-ta\" dir=\"ltr\" data-placeholder=\"Tradu\u00e7\u00e3o\"><span class=\"Y2IQFc\" lang=\"es\"><strong>Golden Fitness<\/strong> &#8211; tratamiento contra la oxidaci\u00f3n celular<\/span><\/p>\n<p>Para pacientes con piel gris por poluci\u00f3n, humo y poluci\u00f3n. Golden Fitness contiene poderosos antioxidantes que iluminan la piel al desintoxicarla. La piel recupera su tono natural y aspecto saludable. Tambi\u00e9n para personas con alta actividad f\u00edsica que producen demasiados oxidantes envejeciendo prematuramente.<\/p>\n<p>El poder de los p\u00e9ptidos en la desintoxicaci\u00f3n de las c\u00e9lulas (Para que las c\u00e9lulas se reproduzcan no debe haber oxidaci\u00f3n de las mismas).<\/p>\n<p>Presentaci\u00f3n: Caja de 5 sets (vial de polvo y respectivo solvente)<\/p>\n<p>El precio mostrado es por juego de botella de polvo + disolvente espec\u00edfico.<\/p>\n","protected":false},"excerpt":{"rendered":"<p>Golden Fitness &#8211; tratamiento contra la oxidaci\u00f3n celular Para pacientes con piel gris por poluci\u00f3n, humo y poluci\u00f3n. Golden Fitness contiene poderosos antioxidantes que iluminan la piel al desintoxicarla. La piel recupera su tono natural y aspecto saludable. Tambi\u00e9n para personas con alta actividad f\u00edsica que producen demasiados oxidantes envejeciendo prematuramente. El poder de los [&hellip;]<\/p>\n","protected":false},"featured_media":2673,"template":"","meta":[],"product_brand":[],"product_cat":[945,1089,951,1097,1025,1114,1027,1128,1037,1132,1041,1164,1045,1172,1055,1174,1063,1214,1065,1220,1069,1234,1073,1242,1075,1278,1081,1085,1087],"product_tag":[],"class_list":{"0":"post-3268","1":"product","2":"type-product","3":"status-publish","4":"has-post-thumbnail","6":"product_cat-productos-de-mesoterapia","7":"product_cat-estrias-en-los-gluteos","8":"product_cat-productos-biomimeticos","9":"product_cat-rostro","10":"product_cat-areas-de-tratamientos-vs-produtos-tratamentos-con-equipos","11":"product_cat-diferentes-tonos-de-piel-es","12":"product_cat-brazos","13":"product_cat-mejora-del-contorno-facial","14":"product_cat-melasmas-manchas-marrones","15":"product_cat-melasmas-manchas-marrones-hiperpigmentacion","16":"product_cat-cuerpo","17":"product_cat-manos-es","18":"product_cat-diferentes-tonos-de-piel","19":"product_cat-melasmas-manchas-marrones-es-2","20":"product_cat-melasmas-manchas-marrones-es","21":"product_cat-piel-flacida-es-4","22":"product_cat-piel-flacida-es","23":"product_cat-piernas","24":"product_cat-estrias-es","25":"product_cat-melasmas-manchas-marrones-es-3","26":"product_cat-gluteos-es","27":"product_cat-cuello","28":"product_cat-aumento-de-gluteos-es","29":"product_cat-melasmas-manchas-marrones-es-4","30":"product_cat-tonificacion-de-los-gluteos","31":"product_cat-general-productos-equipos","32":"product_cat-gluteos-flacidos-y-caidos","33":"product_cat-melasmas-manchas-castanhas-es","34":"product_cat-piel-flacida-es-2","36":"first","37":"instock","38":"taxable","39":"shipping-taxable","40":"purchasable","41":"product-type-simple"},"acf":{"display":[],"short_name":"","display_equipment_products":[],"short_name_equipment_products":"","confidential_information":{"text_block":[{"title":"Ingredientes Activos","textarea":"<p id=\"tw-target-text\" class=\"tw-data-text tw-text-large tw-ta\" dir=\"ltr\" data-placeholder=\"Tradu\u00e7\u00e3o\"><span class=\"Y2IQFc\" lang=\"es\">Golden Fitness es un producto que se presenta en dos viales, uno con el polvo y otro con el disolvente espec\u00edfico. Mezcle los dos para reconstituir el producto y \u00faselo dentro de las 4 horas. Despu\u00e9s de eso, los p\u00e9ptidos mueren y el producto deja de funcionar. <\/span><\/p>\n<p>Vial liofilizado: Manitol, dip\u00e9ptido-4, trip\u00e9ptido de cobre, trifluoroacetil trip\u00e9ptido-2, n-acetil carnosina, palmitoil pentap\u00e9ptido-4.<\/p>\n<p>Disolvente espec\u00edfico: DMAE, niacinamida, extracto de huevo de Piscum (caviar), pantenol, taurina, glutati\u00f3n<\/p>\n"},{"title":"Mezclas Posibles","textarea":"<p>Ninguna<\/p>\n"},{"title":"Protocolos de tratamientos","textarea":"<p><strong>Reglas generales<\/strong><\/p>\n<p>Paso 1: Lavar la piel con un gel limpiador transparente y secar. No utilice cremas, lociones o limpiadores nacarados, ya que pueden dejar residuos.<\/p>\n<p>Paso 2: Desinfectar la zona con clorhexidina o similar<\/p>\n<p>Paso 3: Aplique una peque\u00f1a cantidad del producto en una gasa y exti\u00e9ndala sobre el \u00e1rea deseada (o use un cepillo de abanico) si est\u00e1 usando mesoterapia virtual o llene la jeringa con el producto si est\u00e1 usando mesoterapia cl\u00e1sica.<\/p>\n<p>Paso 4: Recorrer la zona con el instrumento siguiendo las instrucciones del fabricante<\/p>\n<p>Paso 5: Vuelva a aplicar la soluci\u00f3n seg\u00fan sea necesario para cubrir toda el \u00e1rea hasta que la piel est\u00e9 ligeramente h\u00fameda (en caso de mesoterapia virtual)<\/p>\n<p>Paso 6: Repite el paso 4.<\/p>\n<p>Paso 7: Enjuague la soluci\u00f3n restante con agua fr\u00eda durante 30 segundos. Seque suavemente la piel y aplique el suero hialur\u00f3nico hidratante post-peeling\/24 para nutrir la piel con ingredientes antienvejecimiento.<\/p>\n<p>&nbsp;<\/p>\n<p id=\"tw-target-text\" class=\"tw-data-text tw-text-large tw-ta\" dir=\"ltr\" data-placeholder=\"Tradu\u00e7\u00e3o\"><span class=\"Y2IQFc\" lang=\"es\"><strong>PROTOCOLO MESO<\/strong> <\/span><\/p>\n<p class=\"tw-data-text tw-text-large tw-ta\" dir=\"ltr\" data-placeholder=\"Tradu\u00e7\u00e3o\"><span class=\"Y2IQFc\" lang=\"es\"><strong>Profundidad recomendada<\/strong>&#8230;&#8230;&#8230;&#8230;&#8230; 0,25-1,5 mm dependiendo de la zona <\/span><\/p>\n<p class=\"tw-data-text tw-text-large tw-ta\" dir=\"ltr\" data-placeholder=\"Tradu\u00e7\u00e3o\"><span class=\"Y2IQFc\" lang=\"es\"><strong>Tiempo recomendado por \u00e1rea<\/strong> utilizando Sistemas de Entrega Transd\u00e9rmicos (Electroporaci\u00f3n, Iontoforesis, Ultrasonidos,&#8230;&#8230;&#8230;&#8230;&#8230;&#8230;. 5 minutos<\/span><\/p>\n<p class=\"tw-data-text tw-text-large tw-ta\" dir=\"ltr\" data-placeholder=\"Tradu\u00e7\u00e3o\"><span class=\"Y2IQFc\" lang=\"es\"><strong>Tiempo recomendado entre sesiones<\/strong> &#8230;&#8230;&#8230;&#8230;&#8230;&#8230;&#8230;. Intervalo de 10-15 d\u00edas <\/span><\/p>\n<p class=\"tw-data-text tw-text-large tw-ta\" dir=\"ltr\" data-placeholder=\"Tradu\u00e7\u00e3o\"><span class=\"Y2IQFc\" lang=\"es\"><strong>N\u00famero de sesiones<\/strong><\/span><\/p>\n<p class=\"tw-data-text tw-text-large tw-ta\" dir=\"ltr\" data-placeholder=\"Tradu\u00e7\u00e3o\"><span class=\"Y2IQFc\" lang=\"es\"> Inicio del tratamiento &#8230;&#8230;&#8230;&#8230;&#8230;&#8230;&#8230;.. 4-6 <\/span><\/p>\n<p class=\"tw-data-text tw-text-large tw-ta\" dir=\"ltr\" data-placeholder=\"Tradu\u00e7\u00e3o\"><span class=\"Y2IQFc\" lang=\"es\">Mantenimiento &#8230;&#8230;&#8230;&#8230;&#8230;&#8230;&#8230;&#8230;&#8230;&#8230;&#8230;. cada 4-5 meses<\/span><\/p>\n<p id=\"tw-target-text\" class=\"tw-data-text tw-text-large tw-ta\" dir=\"ltr\" data-placeholder=\"Tradu\u00e7\u00e3o\"><span class=\"Y2IQFc\" lang=\"es\"><strong>Protocolo:<\/strong> al inicio 3 sesiones separadas por 10 d\u00edas y luego 2 sesiones una cada 15 d\u00edas. Despu\u00e9s de los primeros 15 d\u00edas, los resultados ya son visibles. Se aconseja una sesi\u00f3n a los 4 meses para mantener los resultados.<\/span><\/p>\n"}],"download_file":false}},"_links":{"self":[{"href":"https:\/\/www.therapmedic.com\/es\/wp-json\/wp\/v2\/product\/3268","targetHints":{"allow":["GET"]}}],"collection":[{"href":"https:\/\/www.therapmedic.com\/es\/wp-json\/wp\/v2\/product"}],"about":[{"href":"https:\/\/www.therapmedic.com\/es\/wp-json\/wp\/v2\/types\/product"}],"wp:featuredmedia":[{"embeddable":true,"href":"https:\/\/www.therapmedic.com\/es\/wp-json\/wp\/v2\/media\/2673"}],"wp:attachment":[{"href":"https:\/\/www.therapmedic.com\/es\/wp-json\/wp\/v2\/media?parent=3268"}],"wp:term":[{"taxonomy":"product_brand","embeddable":true,"href":"https:\/\/www.therapmedic.com\/es\/wp-json\/wp\/v2\/product_brand?post=3268"},{"taxonomy":"product_cat","embeddable":true,"href":"https:\/\/www.therapmedic.com\/es\/wp-json\/wp\/v2\/product_cat?post=3268"},{"taxonomy":"product_tag","embeddable":true,"href":"https:\/\/www.therapmedic.com\/es\/wp-json\/wp\/v2\/product_tag?post=3268"}],"curies":[{"name":"wp","href":"https:\/\/api.w.org\/{rel}","templated":true}]}}