{"id":3264,"date":"2022-12-07T17:24:24","date_gmt":"2022-12-07T17:24:24","guid":{"rendered":"https:\/\/www.therapmedic.com\/product\/golden-skin\/"},"modified":"2023-04-21T17:12:30","modified_gmt":"2023-04-21T17:12:30","slug":"golden-skin","status":"publish","type":"product","link":"https:\/\/www.therapmedic.com\/es\/producto\/golden-skin\/","title":{"rendered":"Golden Skin"},"content":{"rendered":"<p id=\"tw-target-text\" class=\"tw-data-text tw-text-large tw-ta\" dir=\"ltr\" data-placeholder=\"Tradu\u00e7\u00e3o\"><span class=\"Y2IQFc\" lang=\"es\"><strong>Golden Skin<\/strong> &#8211; para blanquear la piel y eliminar las manchas marrones en la piel<\/span><\/p>\n<p>Las manchas marrones ya no son un problema. Golden Skin contiene un diluyente que inhibe la producci\u00f3n de Melanina a trav\u00e9s de la Tirasinasa. Contiene un poderoso antioxidante que inhibe el funcionamiento de la hormona que produce la melanina. \u00daselo para igualar el tono de la piel, las manchas secas del sol o las manchas de la edad.<\/p>\n<p>El poder de los p\u00e9ptidos para restaurar la salud de la piel despu\u00e9s de a\u00f1os de da\u00f1o solar y contaminaci\u00f3n.<\/p>\n<p>Presentaci\u00f3n: Caja de 5 sets (vial de polvo y respectivo solvente)<\/p>\n<p>El precio mostrado es por juego de botella de polvo + disolvente espec\u00edfico.<\/p>\n","protected":false},"excerpt":{"rendered":"<p>Golden Skin &#8211; para blanquear la piel y eliminar las manchas marrones en la piel Las manchas marrones ya no son un problema. Golden Skin contiene un diluyente que inhibe la producci\u00f3n de Melanina a trav\u00e9s de la Tirasinasa. Contiene un poderoso antioxidante que inhibe el funcionamiento de la hormona que produce la melanina. \u00daselo [&hellip;]<\/p>\n","protected":false},"featured_media":8730,"template":"","meta":[],"product_brand":[],"product_cat":[945,1164,951,1172,1025,1174,1027,1214,1037,1220,1041,1234,1045,1242,1055,1278,1065,1069,1085,1089,1097,1128,1132,1140],"product_tag":[],"class_list":{"0":"post-3264","1":"product","2":"type-product","3":"status-publish","4":"has-post-thumbnail","6":"product_cat-productos-de-mesoterapia","7":"product_cat-manos-es","8":"product_cat-productos-biomimeticos","9":"product_cat-melasmas-manchas-marrones-es-2","10":"product_cat-areas-de-tratamientos-vs-produtos-tratamentos-con-equipos","11":"product_cat-piel-flacida-es-4","12":"product_cat-brazos","13":"product_cat-piernas","14":"product_cat-melasmas-manchas-marrones","15":"product_cat-melasmas-manchas-marrones-es-3","16":"product_cat-cuerpo","17":"product_cat-cuello","18":"product_cat-diferentes-tonos-de-piel","19":"product_cat-melasmas-manchas-marrones-es-4","20":"product_cat-melasmas-manchas-marrones-es","21":"product_cat-general-productos-equipos","22":"product_cat-estrias-es","23":"product_cat-gluteos-es","24":"product_cat-melasmas-manchas-castanhas-es","25":"product_cat-estrias-en-los-gluteos","26":"product_cat-rostro","27":"product_cat-mejora-del-contorno-facial","28":"product_cat-melasmas-manchas-marrones-hiperpigmentacion","29":"product_cat-piel-aspera-es","31":"first","32":"instock","33":"taxable","34":"shipping-taxable","35":"purchasable","36":"product-type-simple"},"acf":{"display":[],"short_name":"","display_equipment_products":[],"short_name_equipment_products":"","confidential_information":{"text_block":[{"title":"Ingredientes Activos","textarea":"<p id=\"tw-target-text\" class=\"tw-data-text tw-text-large tw-ta\" dir=\"ltr\" data-placeholder=\"Tradu\u00e7\u00e3o\"><span class=\"Y2IQFc\" lang=\"es\">Golden Skin es un producto que se presenta en dos viales, uno con el polvo y otro con el disolvente espec\u00edfico. Mezcle los dos para reconstituir el producto y \u00faselo dentro de las 4 horas. Despu\u00e9s de eso, los p\u00e9ptidos mueren y el producto deja de funcionar. <\/span><\/p>\n<p>Vial liofilizado: Manitol, Oligiop\u00e9ptido-34, Trip\u00e9ptido de Cobre, n-acetilcarnosina, Decap\u00e9ptido-12.<\/p>\n<p>Disolvente espec\u00edfico: arbutina, niacinamida, extracto de huevo de piscum (caviar), pantenol, \u00e1cido van\u00edlico.<\/p>\n"},{"title":"Mezclas Posibles","textarea":"<p>Ninguna<\/p>\n"},{"title":"Protocolos de Tratamientos","textarea":"<p><strong>Reglas generales<\/strong><\/p>\n<p>Paso 1: Lavar la piel con un gel limpiador transparente y secar. No utilice cremas, lociones o limpiadores nacarados, ya que pueden dejar residuos.<\/p>\n<p>Paso 2: Desinfectar la zona con clorhexidina o similar<\/p>\n<p>Paso 3: Aplique una peque\u00f1a cantidad del producto en una gasa y exti\u00e9ndala sobre el \u00e1rea deseada (o use un cepillo de abanico) si est\u00e1 usando mesoterapia virtual o llene la jeringa con el producto si est\u00e1 usando mesoterapia cl\u00e1sica.<\/p>\n<p>Paso 4: Recorrer la zona con el instrumento siguiendo las instrucciones del fabricante<\/p>\n<p>Paso 5: Vuelva a aplicar la soluci\u00f3n seg\u00fan sea necesario para cubrir toda el \u00e1rea hasta que la piel est\u00e9 ligeramente h\u00fameda (en caso de mesoterapia virtual)<\/p>\n<p>Paso 6: Repite el paso 4.<\/p>\n<p>Paso 7: Enjuague la soluci\u00f3n restante con agua fr\u00eda durante 30 segundos. Seque suavemente la piel y aplique el suero hialur\u00f3nico hidratante post-peeling\/24 para nutrir la piel con ingredientes antienvejecimiento.<\/p>\n<p><strong>PROTOCOLO MESO<\/strong><\/p>\n<p><strong>Profundidad recomendada<\/strong>&#8230;&#8230;&#8230;&#8230;&#8230; 0,25-1,5 mm dependiendo de la zona<\/p>\n<p>Tiempo recomendado por \u00e1rea utilizando Sistemas de Entrega Transd\u00e9rmicos (Electroporaci\u00f3n, Iontoforesis, Ultrasonidos,&#8230;&#8230;&#8230;&#8230;&#8230;&#8230;. 5 minutos<\/p>\n<p><strong>Tiempo recomendado entre sesiones<\/strong> &#8230;&#8230;&#8230;&#8230;&#8230;&#8230;&#8230;. Intervalo de 10-15 d\u00edas<\/p>\n<p>&nbsp;<\/p>\n<p>N\u00famero de sesiones<\/p>\n<p>Inicio del tratamiento &#8230;&#8230;&#8230;&#8230;&#8230;&#8230;&#8230;.. 4-6<\/p>\n<p>Mantenimiento &#8230;&#8230;&#8230;&#8230;&#8230;&#8230;&#8230;&#8230;&#8230;&#8230;&#8230;. cada 4-5 meses<\/p>\n<p>&nbsp;<\/p>\n<p>Al principio 3 sesiones separadas por 10 d\u00edas y luego 2 sesiones una cada 15 d\u00edas. Despu\u00e9s de los primeros 15 d\u00edas, los resultados ya son visibles. Se aconseja una sesi\u00f3n a los 4 meses para mantener los resultados.<\/p>\n"}],"download_file":false}},"_links":{"self":[{"href":"https:\/\/www.therapmedic.com\/es\/wp-json\/wp\/v2\/product\/3264","targetHints":{"allow":["GET"]}}],"collection":[{"href":"https:\/\/www.therapmedic.com\/es\/wp-json\/wp\/v2\/product"}],"about":[{"href":"https:\/\/www.therapmedic.com\/es\/wp-json\/wp\/v2\/types\/product"}],"wp:featuredmedia":[{"embeddable":true,"href":"https:\/\/www.therapmedic.com\/es\/wp-json\/wp\/v2\/media\/8730"}],"wp:attachment":[{"href":"https:\/\/www.therapmedic.com\/es\/wp-json\/wp\/v2\/media?parent=3264"}],"wp:term":[{"taxonomy":"product_brand","embeddable":true,"href":"https:\/\/www.therapmedic.com\/es\/wp-json\/wp\/v2\/product_brand?post=3264"},{"taxonomy":"product_cat","embeddable":true,"href":"https:\/\/www.therapmedic.com\/es\/wp-json\/wp\/v2\/product_cat?post=3264"},{"taxonomy":"product_tag","embeddable":true,"href":"https:\/\/www.therapmedic.com\/es\/wp-json\/wp\/v2\/product_tag?post=3264"}],"curies":[{"name":"wp","href":"https:\/\/api.w.org\/{rel}","templated":true}]}}