{"id":3261,"date":"2022-12-07T17:31:16","date_gmt":"2022-12-07T17:31:16","guid":{"rendered":"https:\/\/www.therapmedic.com\/product\/golden-youth\/"},"modified":"2023-04-21T17:11:02","modified_gmt":"2023-04-21T17:11:02","slug":"golden-youth","status":"publish","type":"product","link":"https:\/\/www.therapmedic.com\/es\/producto\/golden-youth\/","title":{"rendered":"Golden Youth"},"content":{"rendered":"<div id=\"tw-container\" class=\"\" data-cp=\"1\" data-is-ver=\"false\" data-nnttsvi=\"1\" data-sbsl=\"ru,uk\" data-sm=\"1\" data-ssbp=\"true\" data-sugg-time=\"500\" data-sugg-url=\"https:\/\/clients1.google.com\/complete\/search\" data-uilc=\"pt-PT\" data-vil=\",af,af-ZA,am,am-ET,ar-EG,ar-AE,ar-KW,ar-QA,ar,ar-IL,ar-JO,ar-LB,ar-PS,az,az-AZ,bg,bg-BG,bn,bn-BD,bn-IN,ca,ca-es,cs,cs-CZ,de,de-DE,de-CH,de-AT,de-LI,en,en-US,en-CA,en-AU,en-NZ,en-GB,en-IN,en-KE,en-TZ,en-NG,en-GH,en-PH,en-ZA,es,es-ES,es-AR,es-UY,es-419,es-BO,es-CL,es-CR,es-CO,es-DO,es-EC,es-GT,es-HN,es-NI,es-PA,es-PE,es-PR,es-PY,es-SV,es-VE,es-MX,es-US,eu,eu-ES,fi,fi-FI,fr,fr-FR,fr-CH,fr-BE,gl,gl-ES,gu,gu-IN,he,he-IL,iw,iw-IL,hu,hu-HU,hy,hy-AM,id,id-ID,is,is-IS,it,it-IT,it-CH,ja,ja-JP,jv,jv-ID,ka,ka-GE,km,km-KH,kn,kn-IN,ko,ko-KR,la,lo,lo-LA,lv,lv-LV,ml,ml-IN,mr,mr-IN,ms,ms-MY,nl,nl-NL,nb,nb-NO,ne,ne-NP,pl,pl-PL,pt,pt-BR,pt-PT,ro,ro-RO,ru,ru-RU,si-LK,sk,sk-SK,sr,sr-RS,su,su-ID,sv,sv-SE,sw,sw-TZ,sw-KE,ta,ta-IN,ta-SG,ta-LK,ta-MY,te,te-IN,tr,tr-TR,ur,ur-PK,ur-IN,yue,yue-HK,yue-Hant-HK,zh-HK,zh,zh-CN,zh-cmn,zh-cmn-CN,zh-Hans,zh-Hans-CN,zh-cmn-Hans,zh-cmn-Hans-CN,cmn-CN,cmn-Hans,cmn-Hans-CN,zh-TW,zh-Hant-TW,cmn-TW,cmn-Hant-TW,zh-cmn-TW,zh-cmn-Hant-TW,zu,zu-ZA\">\n<div id=\"tw-ob\" class=\"tw-src-ltr\">\n<div class=\"oSioSc\">\n<div id=\"tw-target\">\n<div id=\"kAz1tf\" class=\"g9WsWb\">\n<div id=\"tw-target-text-container\" class=\"tw-ta-container F0azHf tw-nfl\" tabindex=\"0\">\n<p id=\"tw-target-text\" class=\"tw-data-text tw-text-large tw-ta\" dir=\"ltr\" data-placeholder=\"Tradu\u00e7\u00e3o\"><span class=\"Y2IQFc\" lang=\"es\"><strong>Golden Youth<\/strong> &#8211; para el rejuvenecimiento completo de la piel<\/span><\/p>\n<p>Presentamos Golden Youth el producto P\u00e9ptido que estimula las c\u00e9lulas madre para producir Col\u00e1geno. Activa la microcirculaci\u00f3n que facilita que los fibroblastos estimulen la producci\u00f3n de otros tipos de Col\u00e1geno. Contiene un p\u00e9ptido antioxidante que equilibra la piel y promueve la recuperaci\u00f3n celular y, en \u00faltima instancia, el blanqueamiento de la piel.<\/p>\n<p>El poder de los p\u00e9ptidos en el rejuvenecimiento facial m\u00e1s radical.<\/p>\n<p>Presentaci\u00f3n: Caja de 5 sets (vial de polvo y respectivo solvente)<\/p>\n<p>El precio mostrado es por juego de botella de polvo + disolvente espec\u00edfico.<\/p>\n<\/div>\n<div id=\"tw-target-rmn-container\" class=\"tw-target-rmn tw-ta-container F0azHf tw-nfl\">\n<pre id=\"tw-target-rmn\" class=\"tw-data-placeholder tw-text-small tw-ta\" dir=\"ltr\" data-placeholder=\"\"><\/pre>\n<\/div>\n<div class=\"iYB33c\">\n<div id=\"tw-tmenu\" class=\"tw-menu\">\n<p>&nbsp;<\/p>\n<div class=\"U4KnXc QlcHMc\" data-cgi-param=\"tob_sbp\" data-direction=\"1\" data-fp-cid=\"\" data-id=\"translate_search_button\" data-spor=\"false\" data-ved=\"2ahUKEwiHk6-Q8Zz-AhX7bKQEHXoIDW0Qj4QJegQIBRAV\"><\/div>\n<\/div>\n<\/div>\n<\/div>\n<\/div>\n<\/div>\n<\/div>\n<div id=\"tw-images\"><\/div>\n<div class=\"dURPtb\"><\/div>\n<div>\n<div><\/div>\n<\/div>\n<\/div>\n<div class=\"KFFQ0c xKf9F\">\n<div class=\"akqY6\"><\/div>\n<div class=\"YfftMc\">\n<div class=\"RPXObe\" data-async-context=\"async_id:duf3-32;authority:0;card_id:;entry_point:0;feature_id:;ftoe:0;header:0;is_jobs_spam_form:0;open:0;preselect_answer_index:-1;suggestions:;suggestions_subtypes:;suggestions_types:;surface:0;title:;type:32\">\n<p>&nbsp;<\/p>\n<\/div>\n<\/div>\n<\/div>\n","protected":false},"excerpt":{"rendered":"<p>Golden Youth &#8211; para el rejuvenecimiento completo de la piel Presentamos Golden Youth el producto P\u00e9ptido que estimula las c\u00e9lulas madre para producir Col\u00e1geno. Activa la microcirculaci\u00f3n que facilita que los fibroblastos estimulen la producci\u00f3n de otros tipos de Col\u00e1geno. Contiene un p\u00e9ptido antioxidante que equilibra la piel y promueve la recuperaci\u00f3n celular y, en [&hellip;]<\/p>\n","protected":false},"featured_media":2679,"template":"","meta":[],"product_brand":[],"product_cat":[1097,1102,1108,1118,1122,1130,1142,1234,1236,945,1248,947,1250,951,1252,1025,1260,1041,1278,1047,1063],"product_tag":[],"class_list":{"0":"post-3261","1":"product","2":"type-product","3":"status-publish","4":"has-post-thumbnail","6":"product_cat-rostro","7":"product_cat-piel-enviejecida","8":"product_cat-rejuvenescimiento-facial-completo","9":"product_cat-sequedad-piel-deshidratada-es","10":"product_cat-estiramiento-de-la-piel-del-rostro-lifting-facial","11":"product_cat-poca-elasticidad-es-2","12":"product_cat-piel-flacida-es-3","13":"product_cat-cuello","14":"product_cat-piel-enviejecida-es-2","15":"product_cat-productos-de-mesoterapia","16":"product_cat-arrugas-es","17":"product_cat-anti-envejecimiento","18":"product_cat-escote","19":"product_cat-productos-biomimeticos","20":"product_cat-piel-enviejecida-es-3","21":"product_cat-areas-de-tratamientos-vs-produtos-tratamentos-con-equipos","22":"product_cat-piel-flacida-es-6","23":"product_cat-cuerpo","24":"product_cat-general-productos-equipos","25":"product_cat-sequedad-piel-deshidratada","26":"product_cat-piel-flacida-es","28":"first","29":"instock","30":"taxable","31":"shipping-taxable","32":"purchasable","33":"product-type-simple"},"acf":{"display":[],"short_name":"","display_equipment_products":[],"short_name_equipment_products":"","confidential_information":{"text_block":[{"title":"Ingredientes Activos","textarea":"<p id=\"tw-target-text\" class=\"tw-data-text tw-text-large tw-ta\" dir=\"ltr\" data-placeholder=\"Tradu\u00e7\u00e3o\"><span class=\"Y2IQFc\" lang=\"es\">Golden Youth es un producto que se presenta en dos viales, uno con el polvo y otro con el disolvente espec\u00edfico. Mezcle los dos para reconstituir el producto y \u00faselo dentro de las 4 horas. Despu\u00e9s de eso, los p\u00e9ptidos mueren y el producto deja de funcionar.<\/span><\/p>\n<p><strong>Vial liofilizado:<\/strong> manitol, acetil decap\u00e9ptido-3, trip\u00e9ptido de cobre-1, trifluoroacetil trip\u00e9ptido-2, decap\u00e9ptido-4, n-acetilcarnosina.<\/p>\n<p><strong>Disolvente espec\u00edfico<\/strong>: DMAE, \u00e1cido hialur\u00f3nico U-low m.w, niacinamida, extracto de huevo de piscum (caviar), pantenol.<\/p>\n"},{"title":"Mezclas Posibles","textarea":"<p>Ninguna<\/p>\n"},{"title":"Protocolos de tratamientos","textarea":"<p dir=\"ltr\" data-placeholder=\"Tradu\u00e7\u00e3o\"><span class=\"Y2IQFc\" lang=\"es\"><strong>Reglas generales<\/strong><\/span><\/p>\n<p>Paso 1: Lavar la piel con un gel limpiador transparente y secar. No utilice cremas, lociones o limpiadores nacarados, ya que pueden dejar residuos.<\/p>\n<p>Paso 2: Desinfectar la zona con clorhexidina o similar<\/p>\n<p>Paso 3: Aplique una peque\u00f1a cantidad del producto en una gasa y exti\u00e9ndala sobre el \u00e1rea deseada (o use un cepillo de abanico) si est\u00e1 usando mesoterapia virtual o llene la jeringa con el producto si est\u00e1 usando mesoterapia cl\u00e1sica.<\/p>\n<p>Paso 4: Recorrer la zona con el instrumento siguiendo las instrucciones del fabricante<\/p>\n<p>Paso 5: Vuelva a aplicar la soluci\u00f3n seg\u00fan sea necesario para cubrir toda el \u00e1rea hasta que la piel est\u00e9 ligeramente h\u00fameda (en caso de mesoterapia virtual)<\/p>\n<p>Paso 6: Repite el paso 4.<\/p>\n<p>Paso 7: Enjuague la soluci\u00f3n restante con agua fr\u00eda durante 30 segundos. Seque suavemente la piel y aplique el suero hialur\u00f3nico hidratante post-peeling\/24 para nutrir la piel con ingredientes antienvejecimiento.<\/p>\n<p id=\"tw-target-text\" class=\"tw-data-text tw-text-large tw-ta\" dir=\"ltr\" data-placeholder=\"Tradu\u00e7\u00e3o\"><span class=\"Y2IQFc\" lang=\"es\"><strong>PROTOCOLO MESO<\/strong> <strong><br \/>\nProfundidad recomendada<\/strong>&#8230;&#8230;&#8230;&#8230;&#8230; 0,25-1,5 mm dependiendo de la zona <\/span><\/p>\n<p class=\"tw-data-text tw-text-large tw-ta\" dir=\"ltr\" data-placeholder=\"Tradu\u00e7\u00e3o\"><span class=\"Y2IQFc\" lang=\"es\"><strong>Tiempo recomendado por \u00e1rea<\/strong> utilizando Sistemas de Entrega Transd\u00e9rmicos (Electroporaci\u00f3n, Iontoforesis, Ultrasonidos,&#8230;&#8230;&#8230;&#8230;&#8230;&#8230;. 5 minutos<\/span><\/p>\n<p><strong>Tiempo recomendado entre sesiones<\/strong> &#8230;&#8230;&#8230;&#8230;&#8230;&#8230;&#8230;. Intervalo de 10-15 d\u00edas<\/p>\n<p class=\"tw-data-text tw-text-large tw-ta\" dir=\"ltr\" data-placeholder=\"Tradu\u00e7\u00e3o\"><span class=\"Y2IQFc\" lang=\"es\"><strong>N\u00famero de sesiones<\/strong><br \/>\nInicio del tratamiento &#8230;&#8230;&#8230;&#8230;&#8230;&#8230;&#8230;.. 4-6<br \/>\nMantenimiento &#8230;&#8230;&#8230;&#8230;&#8230;&#8230;&#8230;&#8230;&#8230;&#8230;&#8230;. cada 4-5 meses<\/span><\/p>\n<p id=\"tw-target-text\" class=\"tw-data-text tw-text-large tw-ta\" dir=\"ltr\" data-placeholder=\"Tradu\u00e7\u00e3o\"><span class=\"Y2IQFc\" lang=\"es\">Al principio 3 sesiones separadas por 10 d\u00edas y luego 2 sesiones una cada 15 d\u00edas. Despu\u00e9s de los primeros 15 d\u00edas, los resultados ya son visibles. Se aconseja una sesi\u00f3n a los 4 meses para mantener los resultados.<\/span><\/p>\n"}],"download_file":false}},"_links":{"self":[{"href":"https:\/\/www.therapmedic.com\/es\/wp-json\/wp\/v2\/product\/3261","targetHints":{"allow":["GET"]}}],"collection":[{"href":"https:\/\/www.therapmedic.com\/es\/wp-json\/wp\/v2\/product"}],"about":[{"href":"https:\/\/www.therapmedic.com\/es\/wp-json\/wp\/v2\/types\/product"}],"wp:featuredmedia":[{"embeddable":true,"href":"https:\/\/www.therapmedic.com\/es\/wp-json\/wp\/v2\/media\/2679"}],"wp:attachment":[{"href":"https:\/\/www.therapmedic.com\/es\/wp-json\/wp\/v2\/media?parent=3261"}],"wp:term":[{"taxonomy":"product_brand","embeddable":true,"href":"https:\/\/www.therapmedic.com\/es\/wp-json\/wp\/v2\/product_brand?post=3261"},{"taxonomy":"product_cat","embeddable":true,"href":"https:\/\/www.therapmedic.com\/es\/wp-json\/wp\/v2\/product_cat?post=3261"},{"taxonomy":"product_tag","embeddable":true,"href":"https:\/\/www.therapmedic.com\/es\/wp-json\/wp\/v2\/product_tag?post=3261"}],"curies":[{"name":"wp","href":"https:\/\/api.w.org\/{rel}","templated":true}]}}