{"id":3254,"date":"2022-12-16T11:25:07","date_gmt":"2022-12-16T11:25:07","guid":{"rendered":"https:\/\/www.therapmedic.com\/product\/ipl-active-extra-818-portatil\/"},"modified":"2024-01-01T00:00:32","modified_gmt":"2024-01-01T00:00:32","slug":"ipl-active-extra-818-portatil","status":"publish","type":"product","link":"https:\/\/www.therapmedic.com\/es\/producto\/ipl-active-extra-818-portatil\/","title":{"rendered":"IPL Active Extra 818 Port\u00e1til"},"content":{"rendered":"<p id=\"tw-target-text\" class=\"tw-data-text tw-text-large tw-ta\" dir=\"ltr\" data-placeholder=\"Tradu\u00e7\u00e3o\"><span class=\"Y2IQFc\" lang=\"es\"><strong>Active Extra 818<\/strong>: la soluci\u00f3n compacta todo en uno<\/span><\/p>\n<p>Extra &#8211; 818 &#8211; es una unidad de sobremesa port\u00e1til y ligera adecuada para un f\u00e1cil transporte entre cl\u00ednicas. Es muy adecuado para tratamientos est\u00e9ticos d\u00e9rmicos como acn\u00e9, rejuvenecimiento de la piel, depilaci\u00f3n y m\u00e1s.<\/p>\n<p>Extra-618 es el resultado de m\u00e1s de una d\u00e9cada de tratamientos y miles de dispositivos operados en todo el mundo. Basado en la tecnolog\u00eda GEM-PL de Active, establece un patr\u00f3n de pulso espec\u00edfico seg\u00fan el tipo de tratamiento seleccionado, el color de la piel, la fotosensibilidad de la piel y la profundidad del tratamiento. Contiene caracter\u00edsticas \u00fanicas:<\/p>\n<p>Control de pantalla t\u00e1ctil contempor\u00e1neo.<\/p>\n<p>Procedimiento de prueba de parche incorporado para examinar el nivel de potencia \u00f3ptimo.<\/p>\n<p>Impresionantes 450.000 flashes<\/p>\n<p>La pieza de mano grande tiene un bot\u00f3n pulsador adem\u00e1s del pedal, lo que facilita y agiliza el trabajo del terapeuta.<\/p>\n<p>El Extra-818 es muy similar al 618, pero la diferencia es que se controla a trav\u00e9s de una pantalla t\u00e1ctil y no de botones.<\/p>\n","protected":false},"excerpt":{"rendered":"<p>Active Extra 818: la soluci\u00f3n compacta todo en uno Extra &#8211; 818 &#8211; es una unidad de sobremesa port\u00e1til y ligera adecuada para un f\u00e1cil transporte entre cl\u00ednicas. Es muy adecuado para tratamientos est\u00e9ticos d\u00e9rmicos como acn\u00e9, rejuvenecimiento de la piel, depilaci\u00f3n y m\u00e1s. Extra-618 es el resultado de m\u00e1s de una d\u00e9cada de tratamientos [&hellip;]<\/p>\n","protected":false},"featured_media":8509,"template":"","meta":[],"product_brand":[],"product_cat":[1083,1170,1250,1087,1172,1252,1097,1174,1256,1098,1196,1258,926,1102,1202,1278,931,1108,1214,1380,1025,1122,1220,1027,1130,1222,1029,1132,1224,1035,1136,1226,1037,1142,1228,1039,1152,1230,1041,1160,1232,1055,1162,1234,1063,1164,1236,1069,1166,1240],"product_tag":[],"class_list":{"0":"post-3254","1":"product","2":"type-product","3":"status-publish","4":"has-post-thumbnail","6":"product_cat-poca-elasticidad-es","7":"product_cat-poca-elasticidad-es-3","8":"product_cat-escote","9":"product_cat-piel-flacida-es-2","10":"product_cat-melasmas-manchas-marrones-es-2","11":"product_cat-piel-enviejecida-es-3","12":"product_cat-rostro","13":"product_cat-piel-flacida-es-4","14":"product_cat-poca-elasticidad-es-5","15":"product_cat-acne-es","16":"product_cat-areas-intimas-es-2","17":"product_cat-melasmas-manchas-castanhas-es-2","18":"product_cat-equipos","19":"product_cat-piel-enviejecida","20":"product_cat-hiper-pigmentacion","21":"product_cat-general-productos-equipos","22":"product_cat-ipl-es","23":"product_cat-rejuvenescimiento-facial-completo","24":"product_cat-piernas","25":"product_cat-tatuajes","26":"product_cat-areas-de-tratamientos-vs-produtos-tratamentos-con-equipos","27":"product_cat-estiramiento-de-la-piel-del-rostro-lifting-facial","28":"product_cat-melasmas-manchas-marrones-es-3","29":"product_cat-brazos","30":"product_cat-poca-elasticidad-es-2","31":"product_cat-piel-flacida-es-5","32":"product_cat-pele-envelhecida-es","33":"product_cat-melasmas-manchas-marrones-hiperpigmentacion","34":"product_cat-aranas-vasculares","35":"product_cat-poca-elasticidad","36":"product_cat-poros-abiertos","37":"product_cat-cabello-no-deseado","38":"product_cat-melasmas-manchas-marrones","39":"product_cat-piel-flacida-es-3","40":"product_cat-venas-varicosas","41":"product_cat-piel-flacida","42":"product_cat-depilacion-de-pelos-no-deseados","43":"product_cat-unas","44":"product_cat-cuerpo","45":"product_cat-pies","46":"product_cat-hongos-es","47":"product_cat-melasmas-manchas-marrones-es","48":"product_cat-hongos","49":"product_cat-cuello","50":"product_cat-piel-flacida-es","51":"product_cat-manos-es","52":"product_cat-piel-enviejecida-es-2","53":"product_cat-gluteos-es","54":"product_cat-piel-enviejecida-es","55":"product_cat-poca-elasticidad-es-4","57":"first","58":"instock","59":"taxable","60":"shipping-taxable","61":"purchasable","62":"product-type-simple"},"acf":{"display":[],"short_name":"","display_equipment_products":[],"short_name_equipment_products":"","confidential_information":{"text_block":false,"download_file":false}},"_links":{"self":[{"href":"https:\/\/www.therapmedic.com\/es\/wp-json\/wp\/v2\/product\/3254","targetHints":{"allow":["GET"]}}],"collection":[{"href":"https:\/\/www.therapmedic.com\/es\/wp-json\/wp\/v2\/product"}],"about":[{"href":"https:\/\/www.therapmedic.com\/es\/wp-json\/wp\/v2\/types\/product"}],"wp:featuredmedia":[{"embeddable":true,"href":"https:\/\/www.therapmedic.com\/es\/wp-json\/wp\/v2\/media\/8509"}],"wp:attachment":[{"href":"https:\/\/www.therapmedic.com\/es\/wp-json\/wp\/v2\/media?parent=3254"}],"wp:term":[{"taxonomy":"product_brand","embeddable":true,"href":"https:\/\/www.therapmedic.com\/es\/wp-json\/wp\/v2\/product_brand?post=3254"},{"taxonomy":"product_cat","embeddable":true,"href":"https:\/\/www.therapmedic.com\/es\/wp-json\/wp\/v2\/product_cat?post=3254"},{"taxonomy":"product_tag","embeddable":true,"href":"https:\/\/www.therapmedic.com\/es\/wp-json\/wp\/v2\/product_tag?post=3254"}],"curies":[{"name":"wp","href":"https:\/\/api.w.org\/{rel}","templated":true}]}}