{"id":3248,"date":"2022-12-16T13:53:43","date_gmt":"2022-12-16T13:53:43","guid":{"rendered":"https:\/\/www.therapmedic.com\/product\/super-diode-laser-active-spirit-918\/"},"modified":"2024-01-01T00:00:29","modified_gmt":"2024-01-01T00:00:29","slug":"super-diode-laser-active-spirit-918","status":"publish","type":"product","link":"https:\/\/www.therapmedic.com\/es\/producto\/super-diode-laser-active-spirit-918\/","title":{"rendered":"Super Diode Laser &#8211; Active Spirit 918"},"content":{"rendered":"<p id=\"tw-target-text\" class=\"tw-data-text tw-text-large tw-ta\" dir=\"ltr\" data-placeholder=\"Tradu\u00e7\u00e3o\"><span class=\"Y2IQFc\" lang=\"es\"><strong>Active Spirit 918:<\/strong> la innovadora m\u00e1quina l\u00e1ser de diodo para la depilaci\u00f3n y mucho m\u00e1s<\/span><\/p>\n<p>El diodo l\u00e1ser Active Spirit 918 es el primer producto que utiliza el m\u00e9todo ACS-Laser, un protocolo de tratamiento \u00fanico desarrollado por Active Optical Systems (AOS) que ofrece un gran avance en la seguridad y eficiencia de la depilaci\u00f3n. Con los protocolos adecuados, tambi\u00e9n puede realizar todos los dem\u00e1s tratamientos que realizan las IPL.<\/p>\n<p><strong>La tecnolog\u00eda<\/strong> El SPT-L\u00e1ser, tecnolog\u00eda desarrollada por Active, controla el patr\u00f3n de pulso, seg\u00fan par\u00e1metros cl\u00ednicos preseleccionados como color de piel, tratamiento seleccionado, fotosensibilidad, di\u00e1metro promedio de fibra capilar y densidad capilar.<\/p>\n<p>El protocolo de tratamiento y el patr\u00f3n de pulso tienen en cuenta el TRT (Tiempo de relajaci\u00f3n t\u00e9rmica), que es el tiempo que se tarda en dispersar el calor excesivo del tejido, los resultados de miles de tratamientos realizados a lo largo de los a\u00f1os y los resultados acumulados de la investigaci\u00f3n cl\u00ednica realizada. para verificar los resultados.<\/p>\n<p>En comparaci\u00f3n con otros l\u00e1seres, Active&#8217;s Spirit &#8211; 918 utiliza diodos l\u00e1ser mejorados capaces de producir un haz potente con alta intensidad debido a la concentraci\u00f3n de energ\u00eda en pulsos cortos.<\/p>\n","protected":false},"excerpt":{"rendered":"<p>Active Spirit 918: la innovadora m\u00e1quina l\u00e1ser de diodo para la depilaci\u00f3n y mucho m\u00e1s El diodo l\u00e1ser Active Spirit 918 es el primer producto que utiliza el m\u00e9todo ACS-Laser, un protocolo de tratamiento \u00fanico desarrollado por Active Optical Systems (AOS) que ofrece un gran avance en la seguridad y eficiencia de la depilaci\u00f3n. Con [&hellip;]<\/p>\n","protected":false},"featured_media":8501,"template":"","meta":[],"product_brand":[],"product_cat":[1025,1108,1178,1244,1027,1112,1196,1248,1029,1122,1202,1250,1035,1124,1204,1252,1037,1130,1214,1256,1039,1132,1220,1258,1041,1136,1222,1260,1055,1142,1224,1264,1063,1152,1226,1278,1069,1160,1228,1380,1083,1162,1230,1085,1164,1232,1087,1166,1234,1097,1170,1236,926,1098,1172,1240,929,1102,1174,1242],"product_tag":[],"class_list":{"0":"post-3248","1":"product","2":"type-product","3":"status-publish","4":"has-post-thumbnail","6":"product_cat-areas-de-tratamientos-vs-produtos-tratamentos-con-equipos","7":"product_cat-rejuvenescimiento-facial-completo","8":"product_cat-arrugas","9":"product_cat-peil-flacida","10":"product_cat-brazos","11":"product_cat-arrugas-profundas","12":"product_cat-areas-intimas-es-2","13":"product_cat-arrugas-es","14":"product_cat-pele-envelhecida-es","15":"product_cat-estiramiento-de-la-piel-del-rostro-lifting-facial","16":"product_cat-hiper-pigmentacion","17":"product_cat-escote","18":"product_cat-poca-elasticidad","19":"product_cat-arrugas-en-la-frente","20":"product_cat-rejuvenescimiento-y-blanqueamiento-de-lapiel-en-zonas-delicadas","21":"product_cat-piel-enviejecida-es-3","22":"product_cat-melasmas-manchas-marrones","23":"product_cat-poca-elasticidad-es-2","24":"product_cat-piernas","25":"product_cat-poca-elasticidad-es-5","26":"product_cat-piel-flacida","27":"product_cat-melasmas-manchas-marrones-hiperpigmentacion","28":"product_cat-melasmas-manchas-marrones-es-3","29":"product_cat-melasmas-manchas-castanhas-es-2","30":"product_cat-cuerpo","31":"product_cat-poros-abiertos","32":"product_cat-piel-flacida-es-5","33":"product_cat-piel-flacida-es-6","34":"product_cat-melasmas-manchas-marrones-es","35":"product_cat-piel-flacida-es-3","36":"product_cat-aranas-vasculares","37":"product_cat-arrugas-es-2","38":"product_cat-piel-flacida-es","39":"product_cat-depilacion-de-pelos-no-deseados","40":"product_cat-cabello-no-deseado","41":"product_cat-general-productos-equipos","42":"product_cat-gluteos-es","43":"product_cat-pies","44":"product_cat-venas-varicosas","45":"product_cat-tatuajes","46":"product_cat-poca-elasticidad-es","47":"product_cat-hongos","48":"product_cat-unas","49":"product_cat-melasmas-manchas-castanhas-es","50":"product_cat-manos-es","51":"product_cat-hongos-es","52":"product_cat-piel-flacida-es-2","53":"product_cat-piel-enviejecida-es","54":"product_cat-cuello","55":"product_cat-rostro","56":"product_cat-poca-elasticidad-es-3","57":"product_cat-piel-enviejecida-es-2","58":"product_cat-equipos","59":"product_cat-acne-es","60":"product_cat-melasmas-manchas-marrones-es-2","61":"product_cat-poca-elasticidad-es-4","62":"product_cat-diode-laser-es","63":"product_cat-piel-enviejecida","64":"product_cat-piel-flacida-es-4","65":"product_cat-melasmas-manchas-marrones-es-4","67":"first","68":"instock","69":"taxable","70":"shipping-taxable","71":"purchasable","72":"product-type-simple"},"acf":{"display":[],"short_name":"","display_equipment_products":[],"short_name_equipment_products":"","confidential_information":{"text_block":false,"download_file":false}},"_links":{"self":[{"href":"https:\/\/www.therapmedic.com\/es\/wp-json\/wp\/v2\/product\/3248","targetHints":{"allow":["GET"]}}],"collection":[{"href":"https:\/\/www.therapmedic.com\/es\/wp-json\/wp\/v2\/product"}],"about":[{"href":"https:\/\/www.therapmedic.com\/es\/wp-json\/wp\/v2\/types\/product"}],"wp:featuredmedia":[{"embeddable":true,"href":"https:\/\/www.therapmedic.com\/es\/wp-json\/wp\/v2\/media\/8501"}],"wp:attachment":[{"href":"https:\/\/www.therapmedic.com\/es\/wp-json\/wp\/v2\/media?parent=3248"}],"wp:term":[{"taxonomy":"product_brand","embeddable":true,"href":"https:\/\/www.therapmedic.com\/es\/wp-json\/wp\/v2\/product_brand?post=3248"},{"taxonomy":"product_cat","embeddable":true,"href":"https:\/\/www.therapmedic.com\/es\/wp-json\/wp\/v2\/product_cat?post=3248"},{"taxonomy":"product_tag","embeddable":true,"href":"https:\/\/www.therapmedic.com\/es\/wp-json\/wp\/v2\/product_tag?post=3248"}],"curies":[{"name":"wp","href":"https:\/\/api.w.org\/{rel}","templated":true}]}}