{"id":3245,"date":"2022-12-16T14:41:42","date_gmt":"2022-12-16T14:41:42","guid":{"rendered":"https:\/\/www.therapmedic.com\/product\/phoenix-mini-diode-laser-com-nano-tecnologia\/"},"modified":"2024-05-01T00:00:37","modified_gmt":"2024-05-01T00:00:37","slug":"phoenix-mini-diode-laser-com-nano-tecnologia","status":"publish","type":"product","link":"https:\/\/www.therapmedic.com\/es\/producto\/phoenix-mini-diode-laser-com-nano-tecnologia\/","title":{"rendered":"Phoenix &#8211; Diodo Laser con Nano tecnologia"},"content":{"rendered":"<p id=\"tw-target-text\" class=\"tw-data-text tw-text-large tw-ta\" dir=\"ltr\" data-placeholder=\"Tradu\u00e7\u00e3o\"><span class=\"Y2IQFc\" lang=\"es\"><strong>L\u00e1ser de diodo TherapDerma Phoenix<\/strong><\/span><\/p>\n<p>La nanotecnolog\u00eda es el uso de la materia a escalas at\u00f3micas moleculares y supramoleculares con fines industriales. Esto significa que la electr\u00f3nica, por ejemplo, se puede producir en componentes muy peque\u00f1os, dando lugar a equipos de dimensiones muy reducidas pero con prestaciones equivalentes a las conocidas grandes m\u00e1quinas. Esto significa, por ejemplo, que este equipo de l\u00e1ser de diodo, en lugar de los 120 cm de alto x 50 cm de ancho x 50 de profundidad normales, en realidad es tan peque\u00f1o como 25 cm x 25,3 cm x 8,2 cm, pero tiene tan buenas o mejores equipos, porque esta es la tecnolog\u00eda m\u00e1s avanzada del mundo.<\/p>\n<p>Eso significa m\u00e1s portabilidad, menos consumo de energ\u00eda, m\u00e1s funcionalidad, m\u00e1s conveniencia, menos espacio para obtener excelentes resultados. Con esto podr\u00e1s tener m\u00e1s espacio en tu cabina y mover mejor el equipo en tus tratamientos.<\/p>\n","protected":false},"excerpt":{"rendered":"<p>L\u00e1ser de diodo TherapDerma Phoenix La nanotecnolog\u00eda es el uso de la materia a escalas at\u00f3micas moleculares y supramoleculares con fines industriales. Esto significa que la electr\u00f3nica, por ejemplo, se puede producir en componentes muy peque\u00f1os, dando lugar a equipos de dimensiones muy reducidas pero con prestaciones equivalentes a las conocidas grandes m\u00e1quinas. Esto significa, [&hellip;]<\/p>\n","protected":false},"featured_media":9156,"template":"","meta":[],"product_brand":[],"product_cat":[1085,1164,1232,1087,1166,1234,929,1097,1170,1236,1025,1098,1172,1242,1027,1102,1178,1244,1029,1108,1196,1250,1035,1112,1202,1252,1037,1122,1204,1256,1039,1124,1206,1258,1041,1130,1214,1260,1045,1132,1220,1278,1051,1142,1222,1380,1063,1144,1224,1069,1152,1226,1075,1160,1228,1083,1162,1230],"product_tag":[],"class_list":{"0":"post-3245","1":"product","2":"type-product","3":"status-publish","4":"has-post-thumbnail","6":"product_cat-melasmas-manchas-castanhas-es","7":"product_cat-manos-es","8":"product_cat-hongos-es","9":"product_cat-piel-flacida-es-2","10":"product_cat-piel-enviejecida-es","11":"product_cat-cuello","12":"product_cat-diode-laser-es","13":"product_cat-rostro","14":"product_cat-poca-elasticidad-es-3","15":"product_cat-piel-enviejecida-es-2","16":"product_cat-areas-de-tratamientos-vs-produtos-tratamentos-con-equipos","17":"product_cat-acne-es","18":"product_cat-melasmas-manchas-marrones-es-2","19":"product_cat-melasmas-manchas-marrones-es-4","20":"product_cat-brazos","21":"product_cat-piel-enviejecida","22":"product_cat-arrugas","23":"product_cat-peil-flacida","24":"product_cat-pele-envelhecida-es","25":"product_cat-rejuvenescimiento-facial-completo","26":"product_cat-areas-intimas-es-2","27":"product_cat-escote","28":"product_cat-poca-elasticidad","29":"product_cat-arrugas-profundas","30":"product_cat-hiper-pigmentacion","31":"product_cat-piel-enviejecida-es-3","32":"product_cat-melasmas-manchas-marrones","33":"product_cat-estiramiento-de-la-piel-del-rostro-lifting-facial","34":"product_cat-rejuvenescimiento-y-blanqueamiento-de-lapiel-en-zonas-delicadas","35":"product_cat-poca-elasticidad-es-5","36":"product_cat-piel-flacida","37":"product_cat-arrugas-en-la-frente","38":"product_cat-blanqueamiento-es","39":"product_cat-melasmas-manchas-castanhas-es-2","40":"product_cat-cuerpo","41":"product_cat-poca-elasticidad-es-2","42":"product_cat-piernas","43":"product_cat-piel-flacida-es-6","44":"product_cat-diferentes-tonos-de-piel","45":"product_cat-melasmas-manchas-marrones-hiperpigmentacion","46":"product_cat-melasmas-manchas-marrones-es-3","47":"product_cat-general-productos-equipos","48":"product_cat-adiposidad-localizada","49":"product_cat-piel-flacida-es-3","50":"product_cat-piel-flacida-es-5","51":"product_cat-tatuajes","52":"product_cat-piel-flacida-es","53":"product_cat-blanquamiento-de-la-piel","54":"product_cat-aranas-vasculares","55":"product_cat-gluteos-es","56":"product_cat-depilacion-de-pelos-no-deseados","57":"product_cat-cabello-no-deseado","58":"product_cat-tonificacion-de-los-gluteos","59":"product_cat-pies","60":"product_cat-venas-varicosas","61":"product_cat-poca-elasticidad-es","62":"product_cat-hongos","63":"product_cat-unas","65":"first","66":"instock","67":"taxable","68":"shipping-taxable","69":"purchasable","70":"product-type-simple"},"acf":{"display":[],"short_name":"","display_equipment_products":[],"short_name_equipment_products":"","confidential_information":{"text_block":false,"download_file":false}},"_links":{"self":[{"href":"https:\/\/www.therapmedic.com\/es\/wp-json\/wp\/v2\/product\/3245","targetHints":{"allow":["GET"]}}],"collection":[{"href":"https:\/\/www.therapmedic.com\/es\/wp-json\/wp\/v2\/product"}],"about":[{"href":"https:\/\/www.therapmedic.com\/es\/wp-json\/wp\/v2\/types\/product"}],"wp:featuredmedia":[{"embeddable":true,"href":"https:\/\/www.therapmedic.com\/es\/wp-json\/wp\/v2\/media\/9156"}],"wp:attachment":[{"href":"https:\/\/www.therapmedic.com\/es\/wp-json\/wp\/v2\/media?parent=3245"}],"wp:term":[{"taxonomy":"product_brand","embeddable":true,"href":"https:\/\/www.therapmedic.com\/es\/wp-json\/wp\/v2\/product_brand?post=3245"},{"taxonomy":"product_cat","embeddable":true,"href":"https:\/\/www.therapmedic.com\/es\/wp-json\/wp\/v2\/product_cat?post=3245"},{"taxonomy":"product_tag","embeddable":true,"href":"https:\/\/www.therapmedic.com\/es\/wp-json\/wp\/v2\/product_tag?post=3245"}],"curies":[{"name":"wp","href":"https:\/\/api.w.org\/{rel}","templated":true}]}}