{"id":3242,"date":"2022-12-17T11:31:47","date_gmt":"2022-12-17T11:31:47","guid":{"rendered":"https:\/\/www.therapmedic.com\/product\/eleganza-multifuncional-com-cavitacao-radio-frequencia-lipo-laser-e-vacuo-para-cara-e-corpo\/"},"modified":"2024-05-01T00:00:34","modified_gmt":"2024-05-01T00:00:34","slug":"eleganza-multifuncional-com-cavitacao-radio-frequencia-lipo-laser-e-vacuo-para-cara-e-corpo","status":"publish","type":"product","link":"https:\/\/www.therapmedic.com\/es\/producto\/eleganza-multifuncional-com-cavitacao-radio-frequencia-lipo-laser-e-vacuo-para-cara-e-corpo\/","title":{"rendered":"Eleganza &#8211; Multifuncional con Cavitaci\u00f3n, Radiofrecuencia, Lipo L\u00e1ser y Vacuum para Rostro y Cuerpo"},"content":{"rendered":"<p id=\"tw-target-text\" class=\"tw-data-text tw-text-large tw-ta\" dir=\"ltr\" data-placeholder=\"Tradu\u00e7\u00e3o\"><span class=\"Y2IQFc\" lang=\"es\"><strong>TherapDerma Eleganza Multifuncional<\/strong><\/span><\/p>\n<p>TherapDerma Eleganza es un dispositivo Multifuncional con tecnolog\u00eda electr\u00f3nica com\u00fan pero pronto tendremos un modelo exclusivo en Nano Tecnolog\u00eda.<\/p>\n<p>Es un dispositivo port\u00e1til que viene en una funda protectora capaz de soportar fuertes impactos. Una pantalla t\u00e1ctil a color f\u00e1cil de leer y f\u00e1cil de programar facilita el aprendizaje de su funcionamiento y la obtenci\u00f3n de los mejores resultados en muchos tipos de tratamientos muy rentables para su SPA\/Oficina.<\/p>\n<p>Garant\u00eda de 3 a\u00f1os.<\/p>\n<p>Servicio t\u00e9cnico propio<\/p>\n","protected":false},"excerpt":{"rendered":"<p>TherapDerma Eleganza Multifuncional TherapDerma Eleganza es un dispositivo Multifuncional con tecnolog\u00eda electr\u00f3nica com\u00fan pero pronto tendremos un modelo exclusivo en Nano Tecnolog\u00eda. Es un dispositivo port\u00e1til que viene en una funda protectora capaz de soportar fuertes impactos. Una pantalla t\u00e1ctil a color f\u00e1cil de leer y f\u00e1cil de programar facilita el aprendizaje de su funcionamiento [&hellip;]<\/p>\n","protected":false},"featured_media":2850,"template":"","meta":[],"product_brand":[],"product_cat":[1041,1116,1244,1043,1122,1248,1051,1128,1250,1053,1142,1252,1059,1158,1256,1063,1164,1260,1069,1166,1264,926,1071,1170,1278,939,1075,1174,1025,1077,1214,1027,1081,1216,1029,1083,1218,1031,1087,1222,1033,1097,1234,1035,1102,1236,1039,1108,1240],"product_tag":[],"class_list":{"0":"post-3242","1":"product","2":"type-product","3":"status-publish","4":"has-post-thumbnail","6":"product_cat-cuerpo","7":"product_cat-papada","8":"product_cat-peil-flacida","9":"product_cat-celulitis-es","10":"product_cat-estiramiento-de-la-piel-del-rostro-lifting-facial","11":"product_cat-arrugas-es","12":"product_cat-adiposidad-localizada","13":"product_cat-mejora-del-contorno-facial","14":"product_cat-escote","15":"product_cat-drenaje-por-el-sistema-linfatico","16":"product_cat-piel-flacida-es-3","17":"product_cat-piel-enviejecida-es-3","18":"product_cat-remodelacion-de-la-silueta","19":"product_cat-arrugas-al-redor-de-los-ojos","20":"product_cat-poca-elasticidad-es-5","21":"product_cat-piel-flacida-es","22":"product_cat-manos-es","23":"product_cat-piel-flacida-es-6","24":"product_cat-gluteos-es","25":"product_cat-piel-enviejecida-es","26":"product_cat-arrugas-es-2","27":"product_cat-equipos","28":"product_cat-adiposidad-en-los-gluteos","29":"product_cat-poca-elasticidad-es-3","30":"product_cat-general-productos-equipos","31":"product_cat-multifuncional-es","32":"product_cat-tonificacion-de-los-gluteos","33":"product_cat-piel-flacida-es-4","34":"product_cat-areas-de-tratamientos-vs-produtos-tratamentos-con-equipos","35":"product_cat-celulite-es","36":"product_cat-piernas","37":"product_cat-brazos","38":"product_cat-gluteos-flacidos-y-caidos","39":"product_cat-adiposidad-entre-las-piernas","40":"product_cat-pele-envelhecida-es","41":"product_cat-poca-elasticidad-es","42":"product_cat-celulite-es-2","43":"product_cat-celulitis","44":"product_cat-piel-flacida-es-2","45":"product_cat-piel-flacida-es-5","46":"product_cat-diposidad-en-los-antebrazos","47":"product_cat-rostro","48":"product_cat-cuello","49":"product_cat-poca-elasticidad","50":"product_cat-piel-enviejecida","51":"product_cat-piel-enviejecida-es-2","52":"product_cat-piel-flacida","53":"product_cat-rejuvenescimiento-facial-completo","54":"product_cat-poca-elasticidad-es-4","56":"first","57":"instock","58":"taxable","59":"shipping-taxable","60":"purchasable","61":"product-type-simple"},"acf":{"display":[],"short_name":"","display_equipment_products":[],"short_name_equipment_products":"","confidential_information":{"text_block":false,"download_file":false}},"_links":{"self":[{"href":"https:\/\/www.therapmedic.com\/es\/wp-json\/wp\/v2\/product\/3242","targetHints":{"allow":["GET"]}}],"collection":[{"href":"https:\/\/www.therapmedic.com\/es\/wp-json\/wp\/v2\/product"}],"about":[{"href":"https:\/\/www.therapmedic.com\/es\/wp-json\/wp\/v2\/types\/product"}],"wp:featuredmedia":[{"embeddable":true,"href":"https:\/\/www.therapmedic.com\/es\/wp-json\/wp\/v2\/media\/2850"}],"wp:attachment":[{"href":"https:\/\/www.therapmedic.com\/es\/wp-json\/wp\/v2\/media?parent=3242"}],"wp:term":[{"taxonomy":"product_brand","embeddable":true,"href":"https:\/\/www.therapmedic.com\/es\/wp-json\/wp\/v2\/product_brand?post=3242"},{"taxonomy":"product_cat","embeddable":true,"href":"https:\/\/www.therapmedic.com\/es\/wp-json\/wp\/v2\/product_cat?post=3242"},{"taxonomy":"product_tag","embeddable":true,"href":"https:\/\/www.therapmedic.com\/es\/wp-json\/wp\/v2\/product_tag?post=3242"}],"curies":[{"name":"wp","href":"https:\/\/api.w.org\/{rel}","templated":true}]}}