{"id":3239,"date":"2022-12-17T11:40:45","date_gmt":"2022-12-17T11:40:45","guid":{"rendered":"https:\/\/www.therapmedic.com\/product\/clairs-eliminacao-de-pontos-negros\/"},"modified":"2024-01-01T00:00:26","modified_gmt":"2024-01-01T00:00:26","slug":"clairs-eliminacao-de-pontos-negros","status":"publish","type":"product","link":"https:\/\/www.therapmedic.com\/es\/producto\/clairs-eliminacao-de-pontos-negros\/","title":{"rendered":"Clairs &#8211; Eliminaci\u00f3n de puntos negros"},"content":{"rendered":"<pre id=\"tw-target-text\" class=\"tw-data-text tw-text-large tw-ta\" dir=\"ltr\" data-placeholder=\"Tradu\u00e7\u00e3o\"><span class=\"Y2IQFc\" lang=\"es\"><strong>TherapDerma Clairs<\/strong> para una eliminaci\u00f3n f\u00e1cil y segura de los puntos negros<\/span><\/pre>\n<p id=\"tw-target-text\" class=\"tw-data-text tw-text-large tw-ta\" dir=\"ltr\" data-placeholder=\"Tradu\u00e7\u00e3o\"><span class=\"Y2IQFc\" lang=\"es\"><br \/>\nS\u00faper port\u00e1til TherapDerma Clairs es un peque\u00f1o dispositivo que funciona sin cables y se carga a trav\u00e9s de mini USB y ayuda en el tratamiento de:<br \/>\npuntos negros en la piel<br \/>\ngrasa de la piel<br \/>\nAcn\u00e9<\/span><\/p>\n<p>Resultados impecables para cualquier persona que quiera tener una piel de porcelana, hidratada y sin imperfecciones.<\/p>\n","protected":false},"excerpt":{"rendered":"<p>TherapDerma Clairs para una eliminaci\u00f3n f\u00e1cil y segura de los puntos negros S\u00faper port\u00e1til TherapDerma Clairs es un peque\u00f1o dispositivo que funciona sin cables y se carga a trav\u00e9s de mini USB y ayuda en el tratamiento de: puntos negros en la piel grasa de la piel Acn\u00e9 Resultados impecables para cualquier persona que quiera [&hellip;]<\/p>\n","protected":false},"featured_media":2862,"template":"","meta":[],"product_brand":[],"product_cat":[926,943,1025,1097,1098,1106,1136,1278],"product_tag":[],"class_list":{"0":"post-3239","1":"product","2":"type-product","3":"status-publish","4":"has-post-thumbnail","6":"product_cat-equipos","7":"product_cat-cuidados-de-la-piel","8":"product_cat-areas-de-tratamientos-vs-produtos-tratamentos-con-equipos","9":"product_cat-rostro","10":"product_cat-acne-es","11":"product_cat-puntos-negros","12":"product_cat-poros-abiertos","13":"product_cat-general-productos-equipos","15":"first","16":"instock","17":"taxable","18":"shipping-taxable","19":"purchasable","20":"product-type-simple"},"acf":{"display":[],"short_name":"","display_equipment_products":[],"short_name_equipment_products":"","confidential_information":{"text_block":false,"download_file":false}},"_links":{"self":[{"href":"https:\/\/www.therapmedic.com\/es\/wp-json\/wp\/v2\/product\/3239","targetHints":{"allow":["GET"]}}],"collection":[{"href":"https:\/\/www.therapmedic.com\/es\/wp-json\/wp\/v2\/product"}],"about":[{"href":"https:\/\/www.therapmedic.com\/es\/wp-json\/wp\/v2\/types\/product"}],"wp:featuredmedia":[{"embeddable":true,"href":"https:\/\/www.therapmedic.com\/es\/wp-json\/wp\/v2\/media\/2862"}],"wp:attachment":[{"href":"https:\/\/www.therapmedic.com\/es\/wp-json\/wp\/v2\/media?parent=3239"}],"wp:term":[{"taxonomy":"product_brand","embeddable":true,"href":"https:\/\/www.therapmedic.com\/es\/wp-json\/wp\/v2\/product_brand?post=3239"},{"taxonomy":"product_cat","embeddable":true,"href":"https:\/\/www.therapmedic.com\/es\/wp-json\/wp\/v2\/product_cat?post=3239"},{"taxonomy":"product_tag","embeddable":true,"href":"https:\/\/www.therapmedic.com\/es\/wp-json\/wp\/v2\/product_tag?post=3239"}],"curies":[{"name":"wp","href":"https:\/\/api.w.org\/{rel}","templated":true}]}}