{"id":3236,"date":"2022-12-17T11:56:40","date_gmt":"2022-12-17T11:56:40","guid":{"rendered":"https:\/\/www.therapmedic.com\/product\/silk-hidrafacial-com-radio-frequencia\/"},"modified":"2024-05-01T00:00:39","modified_gmt":"2024-05-01T00:00:39","slug":"silk-hidrafacial-com-radio-frequencia","status":"publish","type":"product","link":"https:\/\/www.therapmedic.com\/es\/producto\/silk-hidrafacial-com-radio-frequencia\/","title":{"rendered":"Silk &#8211; Microdermo Abrasi\u00f3n Hidrafacial con Radio Frecuencia"},"content":{"rendered":"<p id=\"tw-target-text\" class=\"tw-data-text tw-text-large tw-ta\" dir=\"ltr\" data-placeholder=\"Tradu\u00e7\u00e3o\"><span class=\"Y2IQFc\" lang=\"es\"><strong>TherapDerma Seda Hidrafacial<\/strong><\/span><\/p>\n<p>TherapDerma Silk Hydrafacial hace que los tratamientos sean indoloros. La parte del embudo del fol\u00edculo piloso se abre y mediante succi\u00f3n elimina los desechos metab\u00f3licos cut\u00e1neos de la piel, al tiempo que proporciona nutrientes adecuados y duraderos a la piel. Es un procedimiento de mantenimiento de la piel.<\/p>\n<p>TherapDerma Silk Hydrafacial puede hacer que los \u00e1tomos en las mol\u00e9culas de agua sean m\u00e1s peque\u00f1os y que el ox\u00edgeno se disuelva m\u00e1s f\u00e1cilmente en el espacio entre los \u00e1tomos. El bucle de vac\u00edo est\u00e1 formado por una presi\u00f3n de vac\u00edo negativa. El cabezal de succi\u00f3n en espiral especialmente dise\u00f1ado act\u00faa directamente sobre la piel y promueve el efecto peeling.<\/p>\n","protected":false},"excerpt":{"rendered":"<p>TherapDerma Seda Hidrafacial TherapDerma Silk Hydrafacial hace que los tratamientos sean indoloros. La parte del embudo del fol\u00edculo piloso se abre y mediante succi\u00f3n elimina los desechos metab\u00f3licos cut\u00e1neos de la piel, al tiempo que proporciona nutrientes adecuados y duraderos a la piel. Es un procedimiento de mantenimiento de la piel. TherapDerma Silk Hydrafacial puede [&hellip;]<\/p>\n","protected":false},"featured_media":2889,"template":"","meta":[],"product_brand":[],"product_cat":[926,1142,939,1156,941,1234,943,1236,1025,1240,1097,1244,1102,1248,1106,1250,1108,1252,1116,1256,1118,1260,1122,1264,1124,1278,1128,1130,1140],"product_tag":[],"class_list":{"0":"post-3236","1":"product","2":"type-product","3":"status-publish","4":"has-post-thumbnail","6":"product_cat-equipos","7":"product_cat-piel-flacida-es-3","8":"product_cat-multifuncional-es","9":"product_cat-arrugas-por-encima-del-labio-superior-codigo-de-barras","10":"product_cat-radiofrecuencia","11":"product_cat-cuello","12":"product_cat-cuidados-de-la-piel","13":"product_cat-piel-enviejecida-es-2","14":"product_cat-areas-de-tratamientos-vs-produtos-tratamentos-con-equipos","15":"product_cat-poca-elasticidad-es-4","16":"product_cat-rostro","17":"product_cat-peil-flacida","18":"product_cat-piel-enviejecida","19":"product_cat-arrugas-es","20":"product_cat-puntos-negros","21":"product_cat-escote","22":"product_cat-rejuvenescimiento-facial-completo","23":"product_cat-piel-enviejecida-es-3","24":"product_cat-papada","25":"product_cat-poca-elasticidad-es-5","26":"product_cat-sequedad-piel-deshidratada-es","27":"product_cat-piel-flacida-es-6","28":"product_cat-estiramiento-de-la-piel-del-rostro-lifting-facial","29":"product_cat-arrugas-es-2","30":"product_cat-arrugas-en-la-frente","31":"product_cat-general-productos-equipos","32":"product_cat-mejora-del-contorno-facial","33":"product_cat-poca-elasticidad-es-2","34":"product_cat-piel-aspera-es","36":"first","37":"instock","38":"taxable","39":"shipping-taxable","40":"purchasable","41":"product-type-simple"},"acf":{"display":[],"short_name":"","display_equipment_products":[],"short_name_equipment_products":"","confidential_information":{"text_block":false,"download_file":false}},"_links":{"self":[{"href":"https:\/\/www.therapmedic.com\/es\/wp-json\/wp\/v2\/product\/3236","targetHints":{"allow":["GET"]}}],"collection":[{"href":"https:\/\/www.therapmedic.com\/es\/wp-json\/wp\/v2\/product"}],"about":[{"href":"https:\/\/www.therapmedic.com\/es\/wp-json\/wp\/v2\/types\/product"}],"wp:featuredmedia":[{"embeddable":true,"href":"https:\/\/www.therapmedic.com\/es\/wp-json\/wp\/v2\/media\/2889"}],"wp:attachment":[{"href":"https:\/\/www.therapmedic.com\/es\/wp-json\/wp\/v2\/media?parent=3236"}],"wp:term":[{"taxonomy":"product_brand","embeddable":true,"href":"https:\/\/www.therapmedic.com\/es\/wp-json\/wp\/v2\/product_brand?post=3236"},{"taxonomy":"product_cat","embeddable":true,"href":"https:\/\/www.therapmedic.com\/es\/wp-json\/wp\/v2\/product_cat?post=3236"},{"taxonomy":"product_tag","embeddable":true,"href":"https:\/\/www.therapmedic.com\/es\/wp-json\/wp\/v2\/product_tag?post=3236"}],"curies":[{"name":"wp","href":"https:\/\/api.w.org\/{rel}","templated":true}]}}