{"id":3233,"date":"2022-12-19T10:08:04","date_gmt":"2022-12-19T10:08:04","guid":{"rendered":"https:\/\/www.therapmedic.com\/product\/flexus-ginastica-passiva-com-ondas-de-choque-electromagneticas-de-alto-impacto-ems\/"},"modified":"2024-01-01T00:00:25","modified_gmt":"2024-01-01T00:00:25","slug":"flexus-ginastica-passiva-com-ondas-de-choque-electromagneticas-de-alto-impacto-ems","status":"publish","type":"product","link":"https:\/\/www.therapmedic.com\/es\/producto\/flexus-ginastica-passiva-com-ondas-de-choque-electromagneticas-de-alto-impacto-ems\/","title":{"rendered":"Flexus &#8211; Gimnasia pasiva con ondas de choque electromagn\u00e9ticas (EMS) de alto impacto"},"content":{"rendered":"<p id=\"tw-target-text\" class=\"tw-data-text tw-text-large tw-ta\" dir=\"ltr\" data-placeholder=\"Tradu\u00e7\u00e3o\"><span class=\"Y2IQFc\" lang=\"es\"><strong>TherapDerma Flexus<\/strong> &#8211;\u00a0Gimnasia pasiva con ondas de choque electromagn\u00e9ticas de alto impacto<\/p>\n<p>TherapDerma Flexus es un equipo Electromagn\u00e9tico de Alta Intensidad que sirve para estimular los m\u00fasculos del abdomen, brazos, gl\u00fateos y muslos. Al estimular los m\u00fasculos, el cuerpo consume la grasa acumulada. Tan solo 30 minutos de estimulaci\u00f3n equivalen a 5,5 horas de ejercicio f\u00edsico.<\/p>\n<p>Para sus clientes que no tienen mucho tiempo para ir al gimnasio, Flexus puede moldear y tonificar los m\u00fasculos y darle al cuerpo el aspecto atl\u00e9tico que todos so\u00f1amos tener.<\/span><\/p>\n","protected":false},"excerpt":{"rendered":"<p>TherapDerma Flexus &#8211;\u00a0Gimnasia pasiva con ondas de choque electromagn\u00e9ticas de alto impacto TherapDerma Flexus es un equipo Electromagn\u00e9tico de Alta Intensidad que sirve para estimular los m\u00fasculos del abdomen, brazos, gl\u00fateos y muslos. Al estimular los m\u00fasculos, el cuerpo consume la grasa acumulada. Tan solo 30 minutos de estimulaci\u00f3n equivalen a 5,5 horas de ejercicio [&hellip;]<\/p>\n","protected":false},"featured_media":2961,"template":"","meta":[],"product_brand":[],"product_cat":[926,935,1025,1027,1033,1041,1051,1059,1069,1075,1081,1214,1216,1218],"product_tag":[],"class_list":{"0":"post-3233","1":"product","2":"type-product","3":"status-publish","4":"has-post-thumbnail","6":"product_cat-equipos","7":"product_cat-gimnastica-pasiva","8":"product_cat-areas-de-tratamientos-vs-produtos-tratamentos-con-equipos","9":"product_cat-brazos","10":"product_cat-diposidad-en-los-antebrazos","11":"product_cat-cuerpo","12":"product_cat-adiposidad-localizada","13":"product_cat-remodelacion-de-la-silueta","14":"product_cat-gluteos-es","15":"product_cat-tonificacion-de-los-gluteos","16":"product_cat-gluteos-flacidos-y-caidos","17":"product_cat-piernas","18":"product_cat-adiposidad-entre-las-piernas","19":"product_cat-celulite-es-2","21":"first","22":"instock","23":"taxable","24":"shipping-taxable","25":"purchasable","26":"product-type-simple"},"acf":{"display":[],"short_name":"","display_equipment_products":[],"short_name_equipment_products":"","confidential_information":{"text_block":false,"download_file":false}},"_links":{"self":[{"href":"https:\/\/www.therapmedic.com\/es\/wp-json\/wp\/v2\/product\/3233","targetHints":{"allow":["GET"]}}],"collection":[{"href":"https:\/\/www.therapmedic.com\/es\/wp-json\/wp\/v2\/product"}],"about":[{"href":"https:\/\/www.therapmedic.com\/es\/wp-json\/wp\/v2\/types\/product"}],"wp:featuredmedia":[{"embeddable":true,"href":"https:\/\/www.therapmedic.com\/es\/wp-json\/wp\/v2\/media\/2961"}],"wp:attachment":[{"href":"https:\/\/www.therapmedic.com\/es\/wp-json\/wp\/v2\/media?parent=3233"}],"wp:term":[{"taxonomy":"product_brand","embeddable":true,"href":"https:\/\/www.therapmedic.com\/es\/wp-json\/wp\/v2\/product_brand?post=3233"},{"taxonomy":"product_cat","embeddable":true,"href":"https:\/\/www.therapmedic.com\/es\/wp-json\/wp\/v2\/product_cat?post=3233"},{"taxonomy":"product_tag","embeddable":true,"href":"https:\/\/www.therapmedic.com\/es\/wp-json\/wp\/v2\/product_tag?post=3233"}],"curies":[{"name":"wp","href":"https:\/\/api.w.org\/{rel}","templated":true}]}}