{"id":3224,"date":"2022-12-27T16:09:56","date_gmt":"2022-12-27T16:09:56","guid":{"rendered":"https:\/\/www.therapmedic.com\/product\/glicolic-acid-peeling-at-50\/"},"modified":"2024-01-01T00:00:22","modified_gmt":"2024-01-01T00:00:22","slug":"glicolic-acid-peeling-at-50","status":"publish","type":"product","link":"https:\/\/www.therapmedic.com\/es\/producto\/glicolic-acid-peeling-at-50\/","title":{"rendered":"Peeling de Acido Glic\u00f3lico al 50%"},"content":{"rendered":"<p id=\"tw-target-text\" class=\"tw-data-text tw-text-large tw-ta\" dir=\"ltr\" data-placeholder=\"Tradu\u00e7\u00e3o\"><span class=\"Y2IQFc\" lang=\"es\"><strong>Peeling AHA 50% Glic\u00f3lico<\/strong> \u2013 Peeling Medio<\/span><\/p>\n<p>Cuanto m\u00e1s bajo es el pH, m\u00e1s profundo es el peeling.<\/p>\n<p>El \u00e1cido glic\u00f3lico (de la ca\u00f1a de az\u00facar) es el agente exfoliante m\u00e1s com\u00fan. Se puede usar para tratar l\u00edneas finas y arrugas, da\u00f1o solar, mejorar la textura de la piel, iluminar la piel. No usar en verano.<\/p>\n<p>El \u00e1cido glic\u00f3lico (AG) obtenido de la ca\u00f1a de az\u00facar se utiliza en la corteza del \u00e1cido alfa hidroxi m\u00e1s com\u00fan. GA tiene el peso molecular m\u00e1s bajo entre todos los \u00e1cidos alfa hidroxi. Penetra f\u00e1cilmente en la piel, lo que lo convierte en un popular agente exfoliante. Los peelings GA tienen efectos antiinflamatorios, queratol\u00edticos y antioxidantes. GA se dirige al corneosoma al aumentar la degradaci\u00f3n y disminuir la cohesi\u00f3n, lo que provoca la descamaci\u00f3n.<\/p>\n<p>Presentaci\u00f3n: Botella con 50 mL (1.76 fl.oz)<\/p>\n<p>El precio mostrado es por botella.<\/p>\n","protected":false},"excerpt":{"rendered":"<p>Peeling AHA 50% Glic\u00f3lico \u2013 Peeling Medio Cuanto m\u00e1s bajo es el pH, m\u00e1s profundo es el peeling. El \u00e1cido glic\u00f3lico (de la ca\u00f1a de az\u00facar) es el agente exfoliante m\u00e1s com\u00fan. Se puede usar para tratar l\u00edneas finas y arrugas, da\u00f1o solar, mejorar la textura de la piel, iluminar la piel. No usar en [&hellip;]<\/p>\n","protected":false},"featured_media":2979,"template":"","meta":[],"product_brand":[],"product_cat":[970,1234,972,1240,1025,1250,1041,1252,1045,1256,1067,1278,1069,1083,1097,1114,1122,1130,1150,1164,1170,967,1176],"product_tag":[],"class_list":{"0":"post-3224","1":"product","2":"type-product","3":"status-publish","4":"has-post-thumbnail","6":"product_cat-aha-es","7":"product_cat-cuello","8":"product_cat-peelings-de-acido-glicolico-es","9":"product_cat-poca-elasticidad-es-4","10":"product_cat-areas-de-tratamientos-vs-produtos-tratamentos-con-equipos","11":"product_cat-escote","12":"product_cat-cuerpo","13":"product_cat-piel-enviejecida-es-3","14":"product_cat-diferentes-tonos-de-piel","15":"product_cat-poca-elasticidad-es-5","16":"product_cat-piel-cansada-toxificada","17":"product_cat-general-productos-equipos","18":"product_cat-gluteos-es","19":"product_cat-poca-elasticidad-es","20":"product_cat-rostro","21":"product_cat-diferentes-tonos-de-piel-es","22":"product_cat-estiramiento-de-la-piel-del-rostro-lifting-facial","23":"product_cat-poca-elasticidad-es-2","24":"product_cat-piel-cansada-entoxicada","25":"product_cat-manos-es","26":"product_cat-poca-elasticidad-es-3","27":"product_cat-peelings-es","28":"product_cat-piel-cansada-entoxicada-es","30":"first","31":"instock","32":"taxable","33":"shipping-taxable","34":"purchasable","35":"product-type-simple"},"acf":{"display":[],"short_name":"","display_equipment_products":[],"short_name_equipment_products":"","confidential_information":{"text_block":false,"download_file":false}},"_links":{"self":[{"href":"https:\/\/www.therapmedic.com\/es\/wp-json\/wp\/v2\/product\/3224","targetHints":{"allow":["GET"]}}],"collection":[{"href":"https:\/\/www.therapmedic.com\/es\/wp-json\/wp\/v2\/product"}],"about":[{"href":"https:\/\/www.therapmedic.com\/es\/wp-json\/wp\/v2\/types\/product"}],"wp:featuredmedia":[{"embeddable":true,"href":"https:\/\/www.therapmedic.com\/es\/wp-json\/wp\/v2\/media\/2979"}],"wp:attachment":[{"href":"https:\/\/www.therapmedic.com\/es\/wp-json\/wp\/v2\/media?parent=3224"}],"wp:term":[{"taxonomy":"product_brand","embeddable":true,"href":"https:\/\/www.therapmedic.com\/es\/wp-json\/wp\/v2\/product_brand?post=3224"},{"taxonomy":"product_cat","embeddable":true,"href":"https:\/\/www.therapmedic.com\/es\/wp-json\/wp\/v2\/product_cat?post=3224"},{"taxonomy":"product_tag","embeddable":true,"href":"https:\/\/www.therapmedic.com\/es\/wp-json\/wp\/v2\/product_tag?post=3224"}],"curies":[{"name":"wp","href":"https:\/\/api.w.org\/{rel}","templated":true}]}}