{"id":3218,"date":"2022-12-28T11:00:10","date_gmt":"2022-12-28T11:00:10","guid":{"rendered":"https:\/\/www.therapmedic.com\/product\/lactic-acid-peeling-at-40\/"},"modified":"2024-01-01T00:00:21","modified_gmt":"2024-01-01T00:00:21","slug":"lactic-acid-peeling-at-40","status":"publish","type":"product","link":"https:\/\/www.therapmedic.com\/es\/producto\/lactic-acid-peeling-at-40\/","title":{"rendered":"Peeling de Acido L\u00e1tico al 40%"},"content":{"rendered":"<p id=\"tw-target-text\" class=\"tw-data-text tw-text-large tw-ta\" dir=\"ltr\" data-placeholder=\"Tradu\u00e7\u00e3o\"><span class=\"Y2IQFc\" lang=\"es\"><strong>Peeling l\u00e1ctico AHA 40 %<\/strong> \u2013 Peeling medio para combatir el envejecimiento, los brotes y los puntos negros<\/span><\/p>\n<p>El \u00e1cido l\u00e1ctico (de la leche agria) es uno de los \u00e1cidos utilizados en las exfoliaciones modernas con AHA. Es menos irritante que otros AHA. Se puede utilizar para tratar pigmentaciones, pieles secas o deshidratadas, pieles sensibles. No usar en verano.<\/p>\n<p>Presentaci\u00f3n: Botella con 50 mL (1.76 fl.oz)<\/p>\n<p>El precio mostrado es por botella.<\/p>\n","protected":false},"excerpt":{"rendered":"<p>Peeling l\u00e1ctico AHA 40 % \u2013 Peeling medio para combatir el envejecimiento, los brotes y los puntos negros El \u00e1cido l\u00e1ctico (de la leche agria) es uno de los \u00e1cidos utilizados en las exfoliaciones modernas con AHA. Es menos irritante que otros AHA. Se puede utilizar para tratar pigmentaciones, pieles secas o deshidratadas, pieles sensibles. [&hellip;]<\/p>\n","protected":false},"featured_media":2985,"template":"","meta":[],"product_brand":[],"product_cat":[1098,1112,1114,1134,1164,1178,1234,1248,1250,967,1260,970,1278,974,1025,1041,1045,1097],"product_tag":[],"class_list":{"0":"post-3218","1":"product","2":"type-product","3":"status-publish","4":"has-post-thumbnail","6":"product_cat-acne-es","7":"product_cat-arrugas-profundas","8":"product_cat-diferentes-tonos-de-piel-es","9":"product_cat-p","10":"product_cat-manos-es","11":"product_cat-arrugas","12":"product_cat-cuello","13":"product_cat-arrugas-es","14":"product_cat-escote","15":"product_cat-peelings-es","16":"product_cat-piel-flacida-es-6","17":"product_cat-aha-es","18":"product_cat-general-productos-equipos","19":"product_cat-peelings-de-acido-lactico","20":"product_cat-areas-de-tratamientos-vs-produtos-tratamentos-con-equipos","21":"product_cat-cuerpo","22":"product_cat-diferentes-tonos-de-piel","23":"product_cat-rostro","25":"first","26":"instock","27":"taxable","28":"shipping-taxable","29":"purchasable","30":"product-type-simple"},"acf":{"display":[],"short_name":"","display_equipment_products":[],"short_name_equipment_products":"","confidential_information":{"text_block":false,"download_file":false}},"_links":{"self":[{"href":"https:\/\/www.therapmedic.com\/es\/wp-json\/wp\/v2\/product\/3218","targetHints":{"allow":["GET"]}}],"collection":[{"href":"https:\/\/www.therapmedic.com\/es\/wp-json\/wp\/v2\/product"}],"about":[{"href":"https:\/\/www.therapmedic.com\/es\/wp-json\/wp\/v2\/types\/product"}],"wp:featuredmedia":[{"embeddable":true,"href":"https:\/\/www.therapmedic.com\/es\/wp-json\/wp\/v2\/media\/2985"}],"wp:attachment":[{"href":"https:\/\/www.therapmedic.com\/es\/wp-json\/wp\/v2\/media?parent=3218"}],"wp:term":[{"taxonomy":"product_brand","embeddable":true,"href":"https:\/\/www.therapmedic.com\/es\/wp-json\/wp\/v2\/product_brand?post=3218"},{"taxonomy":"product_cat","embeddable":true,"href":"https:\/\/www.therapmedic.com\/es\/wp-json\/wp\/v2\/product_cat?post=3218"},{"taxonomy":"product_tag","embeddable":true,"href":"https:\/\/www.therapmedic.com\/es\/wp-json\/wp\/v2\/product_tag?post=3218"}],"curies":[{"name":"wp","href":"https:\/\/api.w.org\/{rel}","templated":true}]}}