{"id":3213,"date":"2022-12-28T11:38:06","date_gmt":"2022-12-28T11:38:06","guid":{"rendered":"https:\/\/www.therapmedic.com\/product\/malic-acid-peeling\/"},"modified":"2026-05-11T16:23:03","modified_gmt":"2026-05-11T16:23:03","slug":"malic-acid-peeling","status":"publish","type":"product","link":"https:\/\/www.therapmedic.com\/es\/producto\/malic-acid-peeling\/","title":{"rendered":"Peeling de Acido M\u00e1lico (Manzana)"},"content":{"rendered":"<p id=\"tw-target-text\" class=\"tw-data-text tw-text-large tw-ta\" dir=\"ltr\" data-placeholder=\"Tradu\u00e7\u00e3o\"><span class=\"Y2IQFc\" lang=\"es\"><strong>AHA Malic Peel (Apple Peel)<\/strong> &#8211; aumenta la producci\u00f3n de col\u00e1geno, restaura la vitalidad de la piel<\/span><\/p>\n<p>El \u00e1cido m\u00e1lico es una sustancia que se encuentra naturalmente en las manzanas y las peras. Esta c\u00e1scara es el mismo tipo de c\u00e1scara levemente invasiva derivada de extractos de manzana. Puede abrir los poros, permitir que los poros expulsen el sebo y reducir el acn\u00e9. \u00a1Este peeling qu\u00edmico se puede utilizar en verano!<\/p>\n<p>Presentaci\u00f3n: botella de 50ml<\/p>\n<p>El precio mostrado es por botella.<\/p>\n","protected":false},"excerpt":{"rendered":"<p>AHA Malic Peel (Apple Peel) &#8211; aumenta la producci\u00f3n de col\u00e1geno, restaura la vitalidad de la piel El \u00e1cido m\u00e1lico es una sustancia que se encuentra naturalmente en las manzanas y las peras. Esta c\u00e1scara es el mismo tipo de c\u00e1scara levemente invasiva derivada de extractos de manzana. Puede abrir los poros, permitir que los [&hellip;]<\/p>\n","protected":false},"featured_media":9003,"template":"","meta":[],"product_brand":[],"product_cat":[1061,1097,1102,1112,1140,1164,1166,1234,1236,967,1250,970,1258,976,1260,1025,1278,1027,1029,1041],"product_tag":[],"class_list":{"0":"post-3213","1":"product","2":"type-product","3":"status-publish","4":"has-post-thumbnail","6":"product_cat-piel-aspera","7":"product_cat-rostro","8":"product_cat-piel-enviejecida","9":"product_cat-arrugas-profundas","10":"product_cat-piel-aspera-es","11":"product_cat-manos-es","12":"product_cat-piel-enviejecida-es","13":"product_cat-cuello","14":"product_cat-piel-enviejecida-es-2","15":"product_cat-peelings-es","16":"product_cat-escote","17":"product_cat-aha-es","18":"product_cat-melasmas-manchas-castanhas-es-2","19":"product_cat-peelings-de-acido-malico-es","20":"product_cat-piel-flacida-es-6","21":"product_cat-areas-de-tratamientos-vs-produtos-tratamentos-con-equipos","22":"product_cat-general-productos-equipos","23":"product_cat-brazos","24":"product_cat-pele-envelhecida-es","25":"product_cat-cuerpo","27":"first","28":"instock","29":"taxable","30":"shipping-taxable","31":"purchasable","32":"product-type-simple"},"acf":{"display":[],"short_name":"","display_equipment_products":[],"short_name_equipment_products":"","confidential_information":{"text_block":false,"download_file":false}},"_links":{"self":[{"href":"https:\/\/www.therapmedic.com\/es\/wp-json\/wp\/v2\/product\/3213","targetHints":{"allow":["GET"]}}],"collection":[{"href":"https:\/\/www.therapmedic.com\/es\/wp-json\/wp\/v2\/product"}],"about":[{"href":"https:\/\/www.therapmedic.com\/es\/wp-json\/wp\/v2\/types\/product"}],"wp:featuredmedia":[{"embeddable":true,"href":"https:\/\/www.therapmedic.com\/es\/wp-json\/wp\/v2\/media\/9003"}],"wp:attachment":[{"href":"https:\/\/www.therapmedic.com\/es\/wp-json\/wp\/v2\/media?parent=3213"}],"wp:term":[{"taxonomy":"product_brand","embeddable":true,"href":"https:\/\/www.therapmedic.com\/es\/wp-json\/wp\/v2\/product_brand?post=3213"},{"taxonomy":"product_cat","embeddable":true,"href":"https:\/\/www.therapmedic.com\/es\/wp-json\/wp\/v2\/product_cat?post=3213"},{"taxonomy":"product_tag","embeddable":true,"href":"https:\/\/www.therapmedic.com\/es\/wp-json\/wp\/v2\/product_tag?post=3213"}],"curies":[{"name":"wp","href":"https:\/\/api.w.org\/{rel}","templated":true}]}}