{"id":3210,"date":"2022-12-28T11:19:37","date_gmt":"2022-12-28T11:19:37","guid":{"rendered":"https:\/\/www.therapmedic.com\/product\/mandelic-acid-peeling-at-40\/"},"modified":"2024-01-01T00:00:19","modified_gmt":"2024-01-01T00:00:19","slug":"mandelic-acid-peeling-at-40","status":"publish","type":"product","link":"https:\/\/www.therapmedic.com\/es\/producto\/mandelic-acid-peeling-at-40\/","title":{"rendered":"Peeling de \u00c1cido Mand\u00e9lico al 40%"},"content":{"rendered":"<p id=\"tw-target-text\" class=\"tw-data-text tw-text-large tw-ta\" dir=\"ltr\" data-placeholder=\"Tradu\u00e7\u00e3o\"><span class=\"Y2IQFc\" lang=\"es\"><strong>AHA 40% Mandelic Peel<\/strong> \u2013 Peeling suave para pieles propensas al acn\u00e9, con hiperpigmentaci\u00f3n y post-acn\u00e9<\/span><\/p>\n<p>El \u00e1cido mand\u00e9lico (de las almendras) es un AHA m\u00e1s d\u00e9bil que el \u00e1cido glic\u00f3lico. Se puede usar para tratar las l\u00edneas finas y las arrugas, las cicatrices del acn\u00e9 y el control de la grasa.<\/p>\n<p>Este peeling qu\u00edmico se puede utilizar en verano!!!<\/p>\n<p>Presentaci\u00f3n: Botella con 50 mL (1.76 fl.oz)<\/p>\n<p>El precio mostrado es por botella.<\/p>\n","protected":false},"excerpt":{"rendered":"<p>AHA 40% Mandelic Peel \u2013 Peeling suave para pieles propensas al acn\u00e9, con hiperpigmentaci\u00f3n y post-acn\u00e9 El \u00e1cido mand\u00e9lico (de las almendras) es un AHA m\u00e1s d\u00e9bil que el \u00e1cido glic\u00f3lico. Se puede usar para tratar las l\u00edneas finas y las arrugas, las cicatrices del acn\u00e9 y el control de la grasa. Este peeling qu\u00edmico [&hellip;]<\/p>\n","protected":false},"featured_media":2991,"template":"","meta":[],"product_brand":[],"product_cat":[1045,1214,1055,1220,1067,1234,1069,1236,1085,1242,1097,1250,1102,1258,1114,1278,967,1132,970,1144,978,1150,1025,1164,1027,1166,1029,1172,1037,1174,1041,1176],"product_tag":[],"class_list":{"0":"post-3210","1":"product","2":"type-product","3":"status-publish","4":"has-post-thumbnail","6":"product_cat-diferentes-tonos-de-piel","7":"product_cat-piernas","8":"product_cat-melasmas-manchas-marrones-es","9":"product_cat-melasmas-manchas-marrones-es-3","10":"product_cat-piel-cansada-toxificada","11":"product_cat-cuello","12":"product_cat-gluteos-es","13":"product_cat-piel-enviejecida-es-2","14":"product_cat-melasmas-manchas-castanhas-es","15":"product_cat-melasmas-manchas-marrones-es-4","16":"product_cat-rostro","17":"product_cat-escote","18":"product_cat-piel-enviejecida","19":"product_cat-melasmas-manchas-castanhas-es-2","20":"product_cat-diferentes-tonos-de-piel-es","21":"product_cat-general-productos-equipos","22":"product_cat-peelings-es","23":"product_cat-melasmas-manchas-marrones-hiperpigmentacion","24":"product_cat-aha-es","25":"product_cat-blanquamiento-de-la-piel","26":"product_cat-peelings-de-acido-mandelico-es","27":"product_cat-piel-cansada-entoxicada","28":"product_cat-areas-de-tratamientos-vs-produtos-tratamentos-con-equipos","29":"product_cat-manos-es","30":"product_cat-brazos","31":"product_cat-piel-enviejecida-es","32":"product_cat-pele-envelhecida-es","33":"product_cat-melasmas-manchas-marrones-es-2","34":"product_cat-melasmas-manchas-marrones","35":"product_cat-piel-flacida-es-4","36":"product_cat-cuerpo","37":"product_cat-piel-cansada-entoxicada-es","39":"first","40":"instock","41":"taxable","42":"shipping-taxable","43":"purchasable","44":"product-type-simple"},"acf":{"display":[],"short_name":"","display_equipment_products":[],"short_name_equipment_products":"","confidential_information":{"text_block":false,"download_file":false}},"_links":{"self":[{"href":"https:\/\/www.therapmedic.com\/es\/wp-json\/wp\/v2\/product\/3210","targetHints":{"allow":["GET"]}}],"collection":[{"href":"https:\/\/www.therapmedic.com\/es\/wp-json\/wp\/v2\/product"}],"about":[{"href":"https:\/\/www.therapmedic.com\/es\/wp-json\/wp\/v2\/types\/product"}],"wp:featuredmedia":[{"embeddable":true,"href":"https:\/\/www.therapmedic.com\/es\/wp-json\/wp\/v2\/media\/2991"}],"wp:attachment":[{"href":"https:\/\/www.therapmedic.com\/es\/wp-json\/wp\/v2\/media?parent=3210"}],"wp:term":[{"taxonomy":"product_brand","embeddable":true,"href":"https:\/\/www.therapmedic.com\/es\/wp-json\/wp\/v2\/product_brand?post=3210"},{"taxonomy":"product_cat","embeddable":true,"href":"https:\/\/www.therapmedic.com\/es\/wp-json\/wp\/v2\/product_cat?post=3210"},{"taxonomy":"product_tag","embeddable":true,"href":"https:\/\/www.therapmedic.com\/es\/wp-json\/wp\/v2\/product_tag?post=3210"}],"curies":[{"name":"wp","href":"https:\/\/api.w.org\/{rel}","templated":true}]}}